{"id":49445,"date":"2021-04-16T08:19:59","date_gmt":"2021-07-08T08:29:23","guid":{"rendered":"https:\/\/www.laserpoint.eu\/kategorilenmemis\/hsm-1000\/"},"modified":"2021-07-08T10:29:37","modified_gmt":"2021-07-08T08:29:37","slug":"hsm-1000","status":"publish","type":"product","link":"https:\/\/new.laserpoint.eu\/tr\/\u00fcr\u00fcn\/sensor-metreler\/hsm-1000\/","title":{"rendered":"HSM-1000"},"content":{"rendered":"<section class=\"wpb-content-wrapper\"><p>[vc_row][vc_column width=&#8221;2\/3&#8243;][vc_column_text]<strong>Y\u00fcksek H\u0131zl\u0131 \u00d6l\u00e7\u00fcm Cihaz\u0131 (HSM)<\/strong><\/p>\n<p>HSM; Y\u00fcksek H\u0131zl\u0131 Sens\u00f6r Blink HS&#8217;yi Ethernet \u00fczerinden PC&#8217;ye ba\u011flayarak lazer at\u0131m\u0131 dizilerinin al\u0131nmas\u0131n\u0131 ve g\u00f6r\u00fcnt\u00fclenmesini, enerji, g\u00fc\u00e7, tekrarlama oran\u0131, tepe enerji de\u011feri gibi pek \u00e7ok lazer parametresi \u00fczerinde istatistik i\u015flemlerinin yap\u0131lmas\u0131n\u0131 sa\u011flamak i\u00e7in \u00f6zel olarak geli\u015ftirilmi\u015f Y\u00fcksek H\u0131zl\u0131 \u00d6l\u00e7\u00fcm Cihaz\u0131d\u0131r.<\/p>\n<p>HSM, 1 MHz tekrarlama oran\u0131na kadar olan her bir tekil ultra k\u0131sa at\u0131m\u0131n kesin enerji \u00f6l\u00e7\u00fcm\u00fcn\u00fc sa\u011flamak i\u00e7in 500 M\u00f6rnek\/sn de\u011ferlerine \u00e7\u0131kabilen bir \u00f6rnekleme oran\u0131yla veri \u00f6rneklemesi yapabilmektedir. Femtosaniye at\u0131m s\u00fcresine kadar inen ultra k\u0131sa at\u0131ml\u0131 lazerler i\u00e7in uygundur.<\/p>\n<p>HSM iki farkl\u0131 moda g\u00f6re \u00e7al\u0131\u015fabilir; \u201cOsiloskop modunda\u201d al\u0131nan lazer at\u0131m dizisinin PC \u00fczerinde g\u00f6r\u00fcnt\u00fclenmesine olanak tan\u0131rken, \u201cZaman \u0130\u00e7i Parametreler\u201d modunda her at\u0131m\u0131n enerjisi, g\u00fc\u00e7, tekrarlama oran\u0131 ve tepe g\u00fc\u00e7 de\u011feri gibi al\u0131nan lazer at\u0131m\u0131 dizisinin \u00e7ok \u00e7e\u015fitli parametrelerinin davran\u0131\u015f\u0131 kullan\u0131c\u0131 taraf\u0131ndan izlenebilir. Kullan\u0131c\u0131 dostu Grafikli Kullan\u0131c\u0131 Aray\u00fcz\u00fc (Blink-HS-GUI) HSM ile birlikte temin edilerek her iki mod kullan\u0131ld\u0131\u011f\u0131nda da PC\u2019de verilerin kolay g\u00f6r\u00fcnt\u00fclenmesini sa\u011flar. HSM i\u00e7in harici g\u00fc\u00e7 2 A maksimum ak\u0131mla 12 V \u015feklindedir. BlinkHS sens\u00f6r\u00fc HSM\u2019ye, sens\u00f6rle birlikte temin edilen \u00f6zel bir mikro dalga kablosuyla ba\u011flan\u0131r. HSM\u2019nin \u00f6l\u00e7\u00fcm \u00e7\u00f6z\u00fcn\u00fcrl\u00fc\u011f\u00fc (%, tam \u00f6l\u00e7ek) +- %1 \u00f6l\u00e7\u00fcm kesinli\u011fiyle %0,1 \u015feklindedir. Trigger IN ve trigger OUT SMA konekt\u00f6rleri, HSM \u00f6l\u00e7\u00fcmlerinin s\u0131ras\u0131yla harici bir tetikleme kayna\u011f\u0131ndan tetiklenmesini sa\u011flamak veya dahili tetikleme sinyali vermek i\u00e7in HSM \u00f6n panelinde kullan\u0131labilir.[\/vc_column_text][\/vc_column][vc_column width=&#8221;1\/3&#8243;][vc_single_image image=&#8221;6992&#8243; img_size=&#8221;large&#8221;][vc_empty_space][vc_single_image image=&#8221;6494&#8243; img_size=&#8221;large&#8221; onclick=&#8221;link_image&#8221;][\/vc_column][\/vc_row][vc_row][vc_column width=&#8221;1\/3&#8243;][vc_single_image image=&#8221;7004&#8243; img_size=&#8221;large&#8221; onclick=&#8221;link_image&#8221;][\/vc_column][vc_column width=&#8221;1\/3&#8243;][vc_single_image image=&#8221;7010&#8243; img_size=&#8221;large&#8221; onclick=&#8221;link_image&#8221;][\/vc_column][vc_column width=&#8221;1\/3&#8243;][vc_single_image image=&#8221;7052&#8243; img_size=&#8221;large&#8221; onclick=&#8221;link_image&#8221;][\/vc_column][\/vc_row][vc_row][vc_column][vc_empty_space][vc_single_image image=&#8221;17941&#8243; img_size=&#8221;large&#8221;][\/vc_column][\/vc_row]<\/p>\n<\/section>","protected":false},"excerpt":{"rendered":"<p>[vc_row][vc_column width=&#8221;2\/3&#8243;][vc_column_text]Y\u00fcksek H\u0131zl\u0131 \u00d6l\u00e7\u00fcm Cihaz\u0131 (HSM) HSM; Y\u00fcksek H\u0131zl\u0131 Sens\u00f6r Blink HS&#8217;yi Ethernet \u00fczerinden PC&#8217;ye ba\u011flayarak lazer at\u0131m\u0131 dizilerinin al\u0131nmas\u0131n\u0131 ve g\u00f6r\u00fcnt\u00fclenmesini, enerji, g\u00fc\u00e7, tekrarlama oran\u0131, tepe enerji de\u011feri gibi pek \u00e7ok lazer parametresi \u00fczerinde istatistik i\u015flemlerinin yap\u0131lmas\u0131n\u0131 sa\u011flamak i\u00e7in \u00f6zel olarak geli\u015ftirilmi\u015f Y\u00fcksek H\u0131zl\u0131 \u00d6l\u00e7\u00fcm Cihaz\u0131d\u0131r. HSM, 1 MHz tekrarlama oran\u0131na kadar olan her&hellip;<\/p>\n","protected":false},"featured_media":6992,"menu_order":0,"template":"","meta":[],"product_cat":[665],"product_tag":[],"acf":[],"yoast_head":"<!-- This site is optimized with the Yoast SEO plugin v21.3 - https:\/\/yoast.com\/wordpress\/plugins\/seo\/ -->\n<title>HSM-1000 - Laserpoint<\/title>\n<meta name=\"robots\" content=\"noindex, follow, max-snippet:-1, max-image-preview:large, max-video-preview:-1\" \/>\n<meta property=\"og:locale\" content=\"tr_TR\" \/>\n<meta property=\"og:type\" content=\"article\" \/>\n<meta property=\"og:title\" content=\"HSM-1000 - Laserpoint\" \/>\n<meta property=\"og:description\" content=\"[vc_row][vc_column width=&#8221;2\/3&#8243;][vc_column_text]Y\u00fcksek H\u0131zl\u0131 \u00d6l\u00e7\u00fcm Cihaz\u0131 (HSM) HSM; Y\u00fcksek H\u0131zl\u0131 Sens\u00f6r Blink HS&#8217;yi Ethernet \u00fczerinden PC&#8217;ye ba\u011flayarak lazer at\u0131m\u0131 dizilerinin al\u0131nmas\u0131n\u0131 ve g\u00f6r\u00fcnt\u00fclenmesini, enerji, g\u00fc\u00e7, tekrarlama oran\u0131, tepe enerji de\u011feri gibi pek \u00e7ok lazer parametresi \u00fczerinde istatistik i\u015flemlerinin yap\u0131lmas\u0131n\u0131 sa\u011flamak i\u00e7in \u00f6zel olarak geli\u015ftirilmi\u015f Y\u00fcksek H\u0131zl\u0131 \u00d6l\u00e7\u00fcm Cihaz\u0131d\u0131r. HSM, 1 MHz tekrarlama oran\u0131na kadar olan her&hellip;\" \/>\n<meta property=\"og:url\" content=\"https:\/\/new.laserpoint.eu\/tr\/\u00fcr\u00fcn\/sensor-metreler\/hsm-1000\/\" \/>\n<meta property=\"og:site_name\" content=\"Laserpoint\" \/>\n<meta property=\"article:modified_time\" content=\"2021-07-08T08:29:37+00:00\" \/>\n<meta property=\"og:image\" content=\"https:\/\/new.laserpoint.eu\/wp-content\/uploads\/HSM_Immagine_sfondo-bianco.jpg\" \/>\n\t<meta property=\"og:image:width\" content=\"646\" \/>\n\t<meta property=\"og:image:height\" content=\"329\" \/>\n\t<meta property=\"og:image:type\" content=\"image\/jpeg\" \/>\n<meta name=\"twitter:card\" content=\"summary_large_image\" \/>\n<meta name=\"twitter:label1\" content=\"Tahmini okuma s\u00fcresi\" \/>\n\t<meta name=\"twitter:data1\" content=\"2 dakika\" \/>\n<script type=\"application\/ld+json\" class=\"yoast-schema-graph\">{\"@context\":\"https:\/\/schema.org\",\"@graph\":[{\"@type\":\"WebPage\",\"@id\":\"https:\/\/new.laserpoint.eu\/tr\/\u00fcr\u00fcn\/sensor-metreler\/hsm-1000\/\",\"url\":\"https:\/\/new.laserpoint.eu\/tr\/\u00fcr\u00fcn\/sensor-metreler\/hsm-1000\/\",\"name\":\"HSM-1000 - Laserpoint\",\"isPartOf\":{\"@id\":\"https:\/\/new.laserpoint.eu\/tr\/#website\"},\"datePublished\":\"2021-07-08T08:29:23+00:00\",\"dateModified\":\"2021-07-08T08:29:37+00:00\",\"breadcrumb\":{\"@id\":\"https:\/\/new.laserpoint.eu\/tr\/\u00fcr\u00fcn\/sensor-metreler\/hsm-1000\/#breadcrumb\"},\"inLanguage\":\"tr\",\"potentialAction\":[{\"@type\":\"ReadAction\",\"target\":[\"https:\/\/new.laserpoint.eu\/tr\/\u00fcr\u00fcn\/sensor-metreler\/hsm-1000\/\"]}]},{\"@type\":\"BreadcrumbList\",\"@id\":\"https:\/\/new.laserpoint.eu\/tr\/\u00fcr\u00fcn\/sensor-metreler\/hsm-1000\/#breadcrumb\",\"itemListElement\":[{\"@type\":\"ListItem\",\"position\":1,\"name\":\"Home\",\"item\":\"https:\/\/new.laserpoint.eu\/tr\/\"},{\"@type\":\"ListItem\",\"position\":2,\"name\":\"\u00dcr\u00fcnleri bul\",\"item\":\"https:\/\/new.laserpoint.eu\/find-products\/\"},{\"@type\":\"ListItem\",\"position\":3,\"name\":\"HSM-1000\"}]},{\"@type\":\"WebSite\",\"@id\":\"https:\/\/new.laserpoint.eu\/tr\/#website\",\"url\":\"https:\/\/new.laserpoint.eu\/tr\/\",\"name\":\"Laserpoint\",\"description\":\"Development and manufacturing of laser measurement instruments\",\"publisher\":{\"@id\":\"https:\/\/new.laserpoint.eu\/tr\/#organization\"},\"potentialAction\":[{\"@type\":\"SearchAction\",\"target\":{\"@type\":\"EntryPoint\",\"urlTemplate\":\"https:\/\/new.laserpoint.eu\/tr\/?s={search_term_string}\"},\"query-input\":\"required name=search_term_string\"}],\"inLanguage\":\"tr\"},{\"@type\":\"Organization\",\"@id\":\"https:\/\/new.laserpoint.eu\/tr\/#organization\",\"name\":\"Laserpoint\",\"url\":\"https:\/\/new.laserpoint.eu\/tr\/\",\"logo\":{\"@type\":\"ImageObject\",\"inLanguage\":\"tr\",\"@id\":\"https:\/\/new.laserpoint.eu\/tr\/#\/schema\/logo\/image\/\",\"url\":\"https:\/\/www.laserpoint.eu\/wp-content\/uploads\/laserpoint-logo.png\",\"contentUrl\":\"https:\/\/www.laserpoint.eu\/wp-content\/uploads\/laserpoint-logo.png\",\"width\":520,\"height\":84,\"caption\":\"Laserpoint\"},\"image\":{\"@id\":\"https:\/\/new.laserpoint.eu\/tr\/#\/schema\/logo\/image\/\"}}]}<\/script>\n<!-- \/ Yoast SEO plugin. -->","yoast_head_json":{"title":"HSM-1000 - Laserpoint","robots":{"index":"noindex","follow":"follow","max-snippet":"max-snippet:-1","max-image-preview":"max-image-preview:large","max-video-preview":"max-video-preview:-1"},"og_locale":"tr_TR","og_type":"article","og_title":"HSM-1000 - Laserpoint","og_description":"[vc_row][vc_column width=&#8221;2\/3&#8243;][vc_column_text]Y\u00fcksek H\u0131zl\u0131 \u00d6l\u00e7\u00fcm Cihaz\u0131 (HSM) HSM; Y\u00fcksek H\u0131zl\u0131 Sens\u00f6r Blink HS&#8217;yi Ethernet \u00fczerinden PC&#8217;ye ba\u011flayarak lazer at\u0131m\u0131 dizilerinin al\u0131nmas\u0131n\u0131 ve g\u00f6r\u00fcnt\u00fclenmesini, enerji, g\u00fc\u00e7, tekrarlama oran\u0131, tepe enerji de\u011feri gibi pek \u00e7ok lazer parametresi \u00fczerinde istatistik i\u015flemlerinin yap\u0131lmas\u0131n\u0131 sa\u011flamak i\u00e7in \u00f6zel olarak geli\u015ftirilmi\u015f Y\u00fcksek H\u0131zl\u0131 \u00d6l\u00e7\u00fcm Cihaz\u0131d\u0131r. HSM, 1 MHz tekrarlama oran\u0131na kadar olan her&hellip;","og_url":"https:\/\/new.laserpoint.eu\/tr\/\u00fcr\u00fcn\/sensor-metreler\/hsm-1000\/","og_site_name":"Laserpoint","article_modified_time":"2021-07-08T08:29:37+00:00","og_image":[{"width":646,"height":329,"url":"https:\/\/new.laserpoint.eu\/wp-content\/uploads\/HSM_Immagine_sfondo-bianco.jpg","type":"image\/jpeg"}],"twitter_card":"summary_large_image","twitter_misc":{"Tahmini okuma s\u00fcresi":"2 dakika"},"schema":{"@context":"https:\/\/schema.org","@graph":[{"@type":"WebPage","@id":"https:\/\/new.laserpoint.eu\/tr\/\u00fcr\u00fcn\/sensor-metreler\/hsm-1000\/","url":"https:\/\/new.laserpoint.eu\/tr\/\u00fcr\u00fcn\/sensor-metreler\/hsm-1000\/","name":"HSM-1000 - Laserpoint","isPartOf":{"@id":"https:\/\/new.laserpoint.eu\/tr\/#website"},"datePublished":"2021-07-08T08:29:23+00:00","dateModified":"2021-07-08T08:29:37+00:00","breadcrumb":{"@id":"https:\/\/new.laserpoint.eu\/tr\/\u00fcr\u00fcn\/sensor-metreler\/hsm-1000\/#breadcrumb"},"inLanguage":"tr","potentialAction":[{"@type":"ReadAction","target":["https:\/\/new.laserpoint.eu\/tr\/\u00fcr\u00fcn\/sensor-metreler\/hsm-1000\/"]}]},{"@type":"BreadcrumbList","@id":"https:\/\/new.laserpoint.eu\/tr\/\u00fcr\u00fcn\/sensor-metreler\/hsm-1000\/#breadcrumb","itemListElement":[{"@type":"ListItem","position":1,"name":"Home","item":"https:\/\/new.laserpoint.eu\/tr\/"},{"@type":"ListItem","position":2,"name":"\u00dcr\u00fcnleri bul","item":"https:\/\/new.laserpoint.eu\/find-products\/"},{"@type":"ListItem","position":3,"name":"HSM-1000"}]},{"@type":"WebSite","@id":"https:\/\/new.laserpoint.eu\/tr\/#website","url":"https:\/\/new.laserpoint.eu\/tr\/","name":"Laserpoint","description":"Development and manufacturing of laser measurement instruments","publisher":{"@id":"https:\/\/new.laserpoint.eu\/tr\/#organization"},"potentialAction":[{"@type":"SearchAction","target":{"@type":"EntryPoint","urlTemplate":"https:\/\/new.laserpoint.eu\/tr\/?s={search_term_string}"},"query-input":"required name=search_term_string"}],"inLanguage":"tr"},{"@type":"Organization","@id":"https:\/\/new.laserpoint.eu\/tr\/#organization","name":"Laserpoint","url":"https:\/\/new.laserpoint.eu\/tr\/","logo":{"@type":"ImageObject","inLanguage":"tr","@id":"https:\/\/new.laserpoint.eu\/tr\/#\/schema\/logo\/image\/","url":"https:\/\/www.laserpoint.eu\/wp-content\/uploads\/laserpoint-logo.png","contentUrl":"https:\/\/www.laserpoint.eu\/wp-content\/uploads\/laserpoint-logo.png","width":520,"height":84,"caption":"Laserpoint"},"image":{"@id":"https:\/\/new.laserpoint.eu\/tr\/#\/schema\/logo\/image\/"}}]}},"_links":{"self":[{"href":"https:\/\/new.laserpoint.eu\/tr\/wp-json\/wp\/v2\/product\/49445"}],"collection":[{"href":"https:\/\/new.laserpoint.eu\/tr\/wp-json\/wp\/v2\/product"}],"about":[{"href":"https:\/\/new.laserpoint.eu\/tr\/wp-json\/wp\/v2\/types\/product"}],"wp:featuredmedia":[{"embeddable":true,"href":"https:\/\/new.laserpoint.eu\/tr\/wp-json\/wp\/v2\/media\/6992"}],"wp:attachment":[{"href":"https:\/\/new.laserpoint.eu\/tr\/wp-json\/wp\/v2\/media?parent=49445"}],"wp:term":[{"taxonomy":"product_cat","embeddable":true,"href":"https:\/\/new.laserpoint.eu\/tr\/wp-json\/wp\/v2\/product_cat?post=49445"},{"taxonomy":"product_tag","embeddable":true,"href":"https:\/\/new.laserpoint.eu\/tr\/wp-json\/wp\/v2\/product_tag?post=49445"}],"curies":[{"name":"wp","href":"https:\/\/api.w.org\/{rel}","templated":true}]}}