{"id":14425,"date":"2020-09-21T12:17:49","date_gmt":"2020-09-21T10:17:49","guid":{"rendered":"https:\/\/www.laserpoint.eu\/termopiller\/yuksek-enerji-yogunlugu-icin-odaksiz-optik\/"},"modified":"2020-09-21T12:18:03","modified_gmt":"2020-09-21T10:18:03","slug":"yuksek-enerji-yogunlugu-icin-odaksiz-optik","status":"publish","type":"page","link":"https:\/\/new.laserpoint.eu\/tr\/teknolojiler\/termopiller\/yuksek-enerji-yogunlugu-icin-odaksiz-optik\/","title":{"rendered":"Y\u00fcksek Enerji Yo\u011funlu\u011fu i\u00e7in Odaks\u0131z Optik"},"content":{"rendered":"<section class=\"wpb-content-wrapper\"><p>[vc_row][vc_column][vc_custom_heading text=&#8221;Y\u00fcksek Enerji Yo\u011funlu\u011fu Lazer i\u00e7in So\u011furma ve Hasar E\u015fik E\u011frileri&#8221; use_theme_fonts=&#8221;yes&#8221;][vc_single_image image=&#8221;600&#8243; img_size=&#8221;large&#8221; alignment=&#8221;center&#8221;][vc_single_image image=&#8221;596&#8243; img_size=&#8221;large&#8221; alignment=&#8221;center&#8221;][vc_single_image image=&#8221;597&#8243; img_size=&#8221;large&#8221; alignment=&#8221;center&#8221;][\/vc_column][\/vc_row]<\/p>\n<\/section>","protected":false},"excerpt":{"rendered":"<p>[vc_row][vc_column][vc_custom_heading text=&#8221;Y\u00fcksek Enerji Yo\u011funlu\u011fu Lazer i\u00e7in So\u011furma ve Hasar E\u015fik E\u011frileri&#8221; use_theme_fonts=&#8221;yes&#8221;][vc_single_image image=&#8221;600&#8243; img_size=&#8221;large&#8221; alignment=&#8221;center&#8221;][vc_single_image image=&#8221;596&#8243; img_size=&#8221;large&#8221; alignment=&#8221;center&#8221;][vc_single_image image=&#8221;597&#8243; img_size=&#8221;large&#8221; alignment=&#8221;center&#8221;][\/vc_column][\/vc_row]<\/p>\n","protected":false},"author":1,"featured_media":0,"parent":14284,"menu_order":0,"comment_status":"closed","ping_status":"closed","template":"","meta":{"footnotes":""},"acf":[],"yoast_head":"<!-- This site is optimized with the Yoast SEO plugin v21.3 - https:\/\/yoast.com\/wordpress\/plugins\/seo\/ -->\n<title>Y\u00fcksek Enerji Yo\u011funlu\u011fu i\u00e7in Odaks\u0131z Optik - Laserpoint<\/title>\n<meta name=\"robots\" content=\"noindex, follow, max-snippet:-1, max-image-preview:large, max-video-preview:-1\" \/>\n<meta property=\"og:locale\" content=\"tr_TR\" \/>\n<meta property=\"og:type\" content=\"article\" \/>\n<meta property=\"og:title\" content=\"Y\u00fcksek Enerji Yo\u011funlu\u011fu i\u00e7in Odaks\u0131z Optik - Laserpoint\" \/>\n<meta property=\"og:description\" content=\"[vc_row][vc_column][vc_custom_heading text=&#8221;Y\u00fcksek Enerji Yo\u011funlu\u011fu Lazer i\u00e7in So\u011furma ve Hasar E\u015fik E\u011frileri&#8221; use_theme_fonts=&#8221;yes&#8221;][vc_single_image image=&#8221;600&#8243; img_size=&#8221;large&#8221; alignment=&#8221;center&#8221;][vc_single_image image=&#8221;596&#8243; img_size=&#8221;large&#8221; alignment=&#8221;center&#8221;][vc_single_image image=&#8221;597&#8243; img_size=&#8221;large&#8221; alignment=&#8221;center&#8221;][\/vc_column][\/vc_row]\" \/>\n<meta property=\"og:url\" content=\"https:\/\/new.laserpoint.eu\/tr\/teknolojiler\/termopiller\/yuksek-enerji-yogunlugu-icin-odaksiz-optik\/\" \/>\n<meta property=\"og:site_name\" content=\"Laserpoint\" \/>\n<meta property=\"article:modified_time\" content=\"2020-09-21T10:18:03+00:00\" \/>\n<meta name=\"twitter:card\" content=\"summary_large_image\" \/>\n<script type=\"application\/ld+json\" class=\"yoast-schema-graph\">{\"@context\":\"https:\/\/schema.org\",\"@graph\":[{\"@type\":\"WebPage\",\"@id\":\"https:\/\/new.laserpoint.eu\/tr\/teknolojiler\/termopiller\/yuksek-enerji-yogunlugu-icin-odaksiz-optik\/\",\"url\":\"https:\/\/new.laserpoint.eu\/tr\/teknolojiler\/termopiller\/yuksek-enerji-yogunlugu-icin-odaksiz-optik\/\",\"name\":\"Y\u00fcksek Enerji Yo\u011funlu\u011fu i\u00e7in Odaks\u0131z Optik - Laserpoint\",\"isPartOf\":{\"@id\":\"https:\/\/new.laserpoint.eu\/tr\/#website\"},\"datePublished\":\"2020-09-21T10:17:49+00:00\",\"dateModified\":\"2020-09-21T10:18:03+00:00\",\"breadcrumb\":{\"@id\":\"https:\/\/new.laserpoint.eu\/tr\/teknolojiler\/termopiller\/yuksek-enerji-yogunlugu-icin-odaksiz-optik\/#breadcrumb\"},\"inLanguage\":\"tr\",\"potentialAction\":[{\"@type\":\"ReadAction\",\"target\":[\"https:\/\/new.laserpoint.eu\/tr\/teknolojiler\/termopiller\/yuksek-enerji-yogunlugu-icin-odaksiz-optik\/\"]}]},{\"@type\":\"BreadcrumbList\",\"@id\":\"https:\/\/new.laserpoint.eu\/tr\/teknolojiler\/termopiller\/yuksek-enerji-yogunlugu-icin-odaksiz-optik\/#breadcrumb\",\"itemListElement\":[{\"@type\":\"ListItem\",\"position\":1,\"name\":\"Home\",\"item\":\"https:\/\/new.laserpoint.eu\/tr\/\"},{\"@type\":\"ListItem\",\"position\":2,\"name\":\"Teknolojiler\",\"item\":\"https:\/\/new.laserpoint.eu\/tr\/technologies\/\"},{\"@type\":\"ListItem\",\"position\":3,\"name\":\"Termopiller\",\"item\":\"https:\/\/new.laserpoint.eu\/tr\/technologies\/thermopiles\/\"},{\"@type\":\"ListItem\",\"position\":4,\"name\":\"Y\u00fcksek Enerji Yo\u011funlu\u011fu i\u00e7in Odaks\u0131z Optik\"}]},{\"@type\":\"WebSite\",\"@id\":\"https:\/\/new.laserpoint.eu\/tr\/#website\",\"url\":\"https:\/\/new.laserpoint.eu\/tr\/\",\"name\":\"Laserpoint\",\"description\":\"Development and manufacturing of laser measurement instruments\",\"publisher\":{\"@id\":\"https:\/\/new.laserpoint.eu\/tr\/#organization\"},\"potentialAction\":[{\"@type\":\"SearchAction\",\"target\":{\"@type\":\"EntryPoint\",\"urlTemplate\":\"https:\/\/new.laserpoint.eu\/tr\/?s={search_term_string}\"},\"query-input\":\"required name=search_term_string\"}],\"inLanguage\":\"tr\"},{\"@type\":\"Organization\",\"@id\":\"https:\/\/new.laserpoint.eu\/tr\/#organization\",\"name\":\"Laserpoint\",\"url\":\"https:\/\/new.laserpoint.eu\/tr\/\",\"logo\":{\"@type\":\"ImageObject\",\"inLanguage\":\"tr\",\"@id\":\"https:\/\/new.laserpoint.eu\/tr\/#\/schema\/logo\/image\/\",\"url\":\"https:\/\/www.laserpoint.eu\/wp-content\/uploads\/laserpoint-logo.png\",\"contentUrl\":\"https:\/\/www.laserpoint.eu\/wp-content\/uploads\/laserpoint-logo.png\",\"width\":520,\"height\":84,\"caption\":\"Laserpoint\"},\"image\":{\"@id\":\"https:\/\/new.laserpoint.eu\/tr\/#\/schema\/logo\/image\/\"}}]}<\/script>\n<!-- \/ Yoast SEO plugin. -->","yoast_head_json":{"title":"Y\u00fcksek Enerji Yo\u011funlu\u011fu i\u00e7in Odaks\u0131z Optik - Laserpoint","robots":{"index":"noindex","follow":"follow","max-snippet":"max-snippet:-1","max-image-preview":"max-image-preview:large","max-video-preview":"max-video-preview:-1"},"og_locale":"tr_TR","og_type":"article","og_title":"Y\u00fcksek Enerji Yo\u011funlu\u011fu i\u00e7in Odaks\u0131z Optik - Laserpoint","og_description":"[vc_row][vc_column][vc_custom_heading text=&#8221;Y\u00fcksek Enerji Yo\u011funlu\u011fu Lazer i\u00e7in So\u011furma ve Hasar E\u015fik E\u011frileri&#8221; use_theme_fonts=&#8221;yes&#8221;][vc_single_image image=&#8221;600&#8243; img_size=&#8221;large&#8221; alignment=&#8221;center&#8221;][vc_single_image image=&#8221;596&#8243; img_size=&#8221;large&#8221; alignment=&#8221;center&#8221;][vc_single_image image=&#8221;597&#8243; img_size=&#8221;large&#8221; alignment=&#8221;center&#8221;][\/vc_column][\/vc_row]","og_url":"https:\/\/new.laserpoint.eu\/tr\/teknolojiler\/termopiller\/yuksek-enerji-yogunlugu-icin-odaksiz-optik\/","og_site_name":"Laserpoint","article_modified_time":"2020-09-21T10:18:03+00:00","twitter_card":"summary_large_image","schema":{"@context":"https:\/\/schema.org","@graph":[{"@type":"WebPage","@id":"https:\/\/new.laserpoint.eu\/tr\/teknolojiler\/termopiller\/yuksek-enerji-yogunlugu-icin-odaksiz-optik\/","url":"https:\/\/new.laserpoint.eu\/tr\/teknolojiler\/termopiller\/yuksek-enerji-yogunlugu-icin-odaksiz-optik\/","name":"Y\u00fcksek Enerji Yo\u011funlu\u011fu i\u00e7in Odaks\u0131z Optik - Laserpoint","isPartOf":{"@id":"https:\/\/new.laserpoint.eu\/tr\/#website"},"datePublished":"2020-09-21T10:17:49+00:00","dateModified":"2020-09-21T10:18:03+00:00","breadcrumb":{"@id":"https:\/\/new.laserpoint.eu\/tr\/teknolojiler\/termopiller\/yuksek-enerji-yogunlugu-icin-odaksiz-optik\/#breadcrumb"},"inLanguage":"tr","potentialAction":[{"@type":"ReadAction","target":["https:\/\/new.laserpoint.eu\/tr\/teknolojiler\/termopiller\/yuksek-enerji-yogunlugu-icin-odaksiz-optik\/"]}]},{"@type":"BreadcrumbList","@id":"https:\/\/new.laserpoint.eu\/tr\/teknolojiler\/termopiller\/yuksek-enerji-yogunlugu-icin-odaksiz-optik\/#breadcrumb","itemListElement":[{"@type":"ListItem","position":1,"name":"Home","item":"https:\/\/new.laserpoint.eu\/tr\/"},{"@type":"ListItem","position":2,"name":"Teknolojiler","item":"https:\/\/new.laserpoint.eu\/tr\/technologies\/"},{"@type":"ListItem","position":3,"name":"Termopiller","item":"https:\/\/new.laserpoint.eu\/tr\/technologies\/thermopiles\/"},{"@type":"ListItem","position":4,"name":"Y\u00fcksek Enerji Yo\u011funlu\u011fu i\u00e7in Odaks\u0131z Optik"}]},{"@type":"WebSite","@id":"https:\/\/new.laserpoint.eu\/tr\/#website","url":"https:\/\/new.laserpoint.eu\/tr\/","name":"Laserpoint","description":"Development and manufacturing of laser measurement instruments","publisher":{"@id":"https:\/\/new.laserpoint.eu\/tr\/#organization"},"potentialAction":[{"@type":"SearchAction","target":{"@type":"EntryPoint","urlTemplate":"https:\/\/new.laserpoint.eu\/tr\/?s={search_term_string}"},"query-input":"required name=search_term_string"}],"inLanguage":"tr"},{"@type":"Organization","@id":"https:\/\/new.laserpoint.eu\/tr\/#organization","name":"Laserpoint","url":"https:\/\/new.laserpoint.eu\/tr\/","logo":{"@type":"ImageObject","inLanguage":"tr","@id":"https:\/\/new.laserpoint.eu\/tr\/#\/schema\/logo\/image\/","url":"https:\/\/www.laserpoint.eu\/wp-content\/uploads\/laserpoint-logo.png","contentUrl":"https:\/\/www.laserpoint.eu\/wp-content\/uploads\/laserpoint-logo.png","width":520,"height":84,"caption":"Laserpoint"},"image":{"@id":"https:\/\/new.laserpoint.eu\/tr\/#\/schema\/logo\/image\/"}}]}},"_links":{"self":[{"href":"https:\/\/new.laserpoint.eu\/tr\/wp-json\/wp\/v2\/pages\/14425"}],"collection":[{"href":"https:\/\/new.laserpoint.eu\/tr\/wp-json\/wp\/v2\/pages"}],"about":[{"href":"https:\/\/new.laserpoint.eu\/tr\/wp-json\/wp\/v2\/types\/page"}],"author":[{"embeddable":true,"href":"https:\/\/new.laserpoint.eu\/tr\/wp-json\/wp\/v2\/users\/1"}],"replies":[{"embeddable":true,"href":"https:\/\/new.laserpoint.eu\/tr\/wp-json\/wp\/v2\/comments?post=14425"}],"version-history":[{"count":7,"href":"https:\/\/new.laserpoint.eu\/tr\/wp-json\/wp\/v2\/pages\/14425\/revisions"}],"predecessor-version":[{"id":14436,"href":"https:\/\/new.laserpoint.eu\/tr\/wp-json\/wp\/v2\/pages\/14425\/revisions\/14436"}],"up":[{"embeddable":true,"href":"https:\/\/new.laserpoint.eu\/tr\/wp-json\/wp\/v2\/pages\/14284"}],"wp:attachment":[{"href":"https:\/\/new.laserpoint.eu\/tr\/wp-json\/wp\/v2\/media?parent=14425"}],"curies":[{"name":"wp","href":"https:\/\/api.w.org\/{rel}","templated":true}]}}