{"id":14415,"date":"2020-04-06T17:06:06","date_gmt":"2020-04-06T15:06:06","guid":{"rendered":"https:\/\/www.laserpoint.eu\/kisiler\/"},"modified":"2023-06-29T12:24:44","modified_gmt":"2023-06-29T10:24:44","slug":"kisiler","status":"publish","type":"page","link":"https:\/\/new.laserpoint.eu\/tr\/hakkimizda\/kisiler\/","title":{"rendered":"Ki\u015filer"},"content":{"rendered":"<section class=\"wpb-content-wrapper\"><p>[vc_row][vc_column]<div id=\"ultimate-heading-628169f2725f7d959\" class=\"uvc-heading ult-adjust-bottom-margin ultimate-heading-628169f2725f7d959 uvc-5206 titolo-doppio\" data-hspacer=\"no_spacer\"  data-halign=\"center\" style=\"text-align:center\"><div class=\"uvc-heading-spacer no_spacer\" style=\"top\"><\/div><div class=\"uvc-main-heading ult-responsive\"  data-ultimate-target='.uvc-heading.ultimate-heading-628169f2725f7d959 h2'  data-responsive-json-new='{\"font-size\":\"desktop:80px;\",\"line-height\":\"\"}' ><h2 style=\"--font-weight:theme;color:#777777;margin-top:50px;\">LASER POINT EK\u0130B\u0130<\/h2><\/div><div class=\"uvc-sub-heading ult-responsive\"  data-ultimate-target='.uvc-heading.ultimate-heading-628169f2725f7d959 .uvc-sub-heading '  data-responsive-json-new='{\"font-size\":\"desktop:80px;\",\"line-height\":\"\"}'  style=\"font-weight:bold;color:#e9312b;margin-bottom:50px;\"><\/p>\n<h2><strong>SEKT\u00d6R\u00dcN<\/strong> <strong>UZMANLARI<\/strong>.<\/h2>\n<p><\/div><\/div>[\/vc_column][\/vc_row][vc_row type=&#8221;vc_default&#8221; full_width=&#8221;stretch_row&#8221; full_width_row=&#8221;true&#8221;][vc_column width=&#8221;1\/6&#8243;][\/vc_column][vc_column width=&#8221;1\/3&#8243;][vc_single_image image=&#8221;6056&#8243; img_size=&#8221;large&#8221; alignment=&#8221;center&#8221;][vc_column_text css=&#8221;.vc_custom_1583919006409{padding-right: 30px !important;padding-bottom: 30px !important;padding-left: 30px !important;}&#8221;]<\/p>\n<h4 style=\"text-align: center;\">Sergio Pellegrino<\/h4>\n<p style=\"text-align: center;\">Partner \/ R&amp;D Manager. 25 Years in R&amp;D, PhD in Phisical &#8211; chemistry, MBA in Engineering, 70 Journal Papers, 8 Patents.<\/p>\n<p>[\/vc_column_text][\/vc_column][vc_column width=&#8221;1\/3&#8243;][vc_single_image image=&#8221;6044&#8243; img_size=&#8221;large&#8221; alignment=&#8221;center&#8221;][vc_column_text css=&#8221;.vc_custom_1583919012440{padding-right: 30px !important;padding-bottom: 30px !important;padding-left: 30px !important;}&#8221;]<\/p>\n<h4 style=\"text-align: center;\">Andrea Brinciotti<\/h4>\n<p style=\"text-align: center;\">Partner \/ Managing director MS in Physics, 25 Years in R&amp;D, 20 Journal Papers.<\/p>\n<p>[\/vc_column_text][\/vc_column][vc_column width=&#8221;1\/6&#8243;][\/vc_column][\/vc_row][vc_row type=&#8221;vc_default&#8221; full_width=&#8221;stretch_row&#8221; bg_type=&#8221;bg_color&#8221; bg_override=&#8221;full&#8221; css=&#8221;.vc_custom_1587057888644{background-color: #f7f7f7 !important;}&#8221;][vc_column css=&#8221;.vc_custom_1586851323286{background-color: #f7f7f7 !important;}&#8221;][vc_column_text css=&#8221;.vc_custom_1586852592747{padding-top: 100px !important;padding-right: 30px !important;padding-bottom: 100px !important;padding-left: 30px !important;}&#8221;]<\/p>\n<p style=\"text-align: center; font-size: 30px; line-height: 40px;\">Y\u00f6netici ortaklar g\u00fcndelik faaliyetlere tam olarak kat\u0131larak, \u015firkete ve \u00e7ekirdek ekibe yeterliklerin ve deneyimlerin benzersiz bir bile\u015fimini sunmaktad\u0131r. \u00c7al\u0131\u015fmam\u0131z i\u015fte bu \u015fekildedir: nitelikli ki\u015filer, esnek organizasyon, \u015firket i\u00e7i strateji ve teknoloji kabiliyetleri.<\/p>\n<p>[\/vc_column_text][vc_empty_space height=&#8221;50&#8243;][\/vc_column][\/vc_row][vc_row type=&#8221;vc_default&#8221; full_width=&#8221;stretch_row_content&#8221; bg_type=&#8221;bg_color&#8221;][vc_column][vc_cta h2=&#8221;Laser Point ile ba\u011flant\u0131 kurun&#8221; h4=&#8221;Uygulaman\u0131z\u0131 g\u00f6r\u00fc\u015fmek i\u00e7in bize ula\u015f\u0131n&#8221; style=&#8221;flat&#8221; color=&#8221;juicy-pink&#8221; add_icon=&#8221;left&#8221; i_icon_fontawesome=&#8221;fas fa-long-arrow-alt-right&#8221; i_color=&#8221;custom&#8221; i_background_style=&#8221;rounded-less&#8221; i_background_color=&#8221;custom&#8221; i_size=&#8221;lg&#8221; css_animation=&#8221;bounceInUp&#8221; i_custom_color=&#8221;#ffffff&#8221; i_custom_background_color=&#8221;#333333&#8243; css=&#8221;.vc_custom_1591773379545{padding-top: 20px !important;padding-bottom: 20px !important;}&#8221; i_link=&#8221;url:https%3A%2F%2Fwww.laserpoint.eu%2Ftr%2Fbize-ulasin%2Filetisim-formu%2F|title:%C4%B0leti%C5%9Fim%20Formu|&#8221;][\/vc_cta][\/vc_column][\/vc_row]<\/p>\n<\/section>","protected":false},"excerpt":{"rendered":"<p>[vc_row][vc_column][\/vc_column][\/vc_row][vc_row type=&#8221;vc_default&#8221; full_width=&#8221;stretch_row&#8221; full_width_row=&#8221;true&#8221;][vc_column width=&#8221;1\/6&#8243;][\/vc_column][vc_column width=&#8221;1\/3&#8243;][vc_single_image image=&#8221;6056&#8243; img_size=&#8221;large&#8221; alignment=&#8221;center&#8221;][vc_column_text css=&#8221;.vc_custom_1583919006409{padding-right: 30px !important;padding-bottom: 30px !important;padding-left: 30px !important;}&#8221;] Sergio Pellegrino Partner \/ R&amp;D Manager. 25 Years in R&amp;D, PhD in Phisical &#8211; chemistry, MBA in Engineering, 70 Journal Papers, 8 Patents. [\/vc_column_text][\/vc_column][vc_column width=&#8221;1\/3&#8243;][vc_single_image image=&#8221;6044&#8243; img_size=&#8221;large&#8221; alignment=&#8221;center&#8221;][vc_column_text css=&#8221;.vc_custom_1583919012440{padding-right: 30px !important;padding-bottom: 30px !important;padding-left: 30px !important;}&#8221;] Andrea Brinciotti Partner \/&hellip;<\/p>\n","protected":false},"author":1,"featured_media":0,"parent":14546,"menu_order":2,"comment_status":"closed","ping_status":"closed","template":"","meta":{"footnotes":""},"acf":[],"yoast_head":"<!-- This site is optimized with the Yoast SEO plugin v21.3 - https:\/\/yoast.com\/wordpress\/plugins\/seo\/ -->\n<title>Ki\u015filer - Laserpoint<\/title>\n<meta name=\"robots\" content=\"noindex, follow, max-snippet:-1, max-image-preview:large, max-video-preview:-1\" \/>\n<meta property=\"og:locale\" content=\"tr_TR\" \/>\n<meta property=\"og:type\" content=\"article\" \/>\n<meta property=\"og:title\" content=\"Ki\u015filer - Laserpoint\" \/>\n<meta property=\"og:description\" content=\"[vc_row][vc_column][\/vc_column][\/vc_row][vc_row type=&#8221;vc_default&#8221; full_width=&#8221;stretch_row&#8221; full_width_row=&#8221;true&#8221;][vc_column width=&#8221;1\/6&#8243;][\/vc_column][vc_column width=&#8221;1\/3&#8243;][vc_single_image image=&#8221;6056&#8243; img_size=&#8221;large&#8221; alignment=&#8221;center&#8221;][vc_column_text css=&#8221;.vc_custom_1583919006409{padding-right: 30px !important;padding-bottom: 30px !important;padding-left: 30px !important;}&#8221;] Sergio Pellegrino Partner \/ R&amp;D Manager. 25 Years in R&amp;D, PhD in Phisical &#8211; chemistry, MBA in Engineering, 70 Journal Papers, 8 Patents. [\/vc_column_text][\/vc_column][vc_column width=&#8221;1\/3&#8243;][vc_single_image image=&#8221;6044&#8243; img_size=&#8221;large&#8221; alignment=&#8221;center&#8221;][vc_column_text css=&#8221;.vc_custom_1583919012440{padding-right: 30px !important;padding-bottom: 30px !important;padding-left: 30px !important;}&#8221;] Andrea Brinciotti Partner \/&hellip;\" \/>\n<meta property=\"og:url\" content=\"https:\/\/new.laserpoint.eu\/tr\/hakkimizda\/kisiler\/\" \/>\n<meta property=\"og:site_name\" content=\"Laserpoint\" \/>\n<meta property=\"article:modified_time\" content=\"2023-06-29T10:24:44+00:00\" \/>\n<meta name=\"twitter:card\" content=\"summary_large_image\" \/>\n<meta name=\"twitter:label1\" content=\"Tahmini okuma s\u00fcresi\" \/>\n\t<meta name=\"twitter:data1\" content=\"1 dakika\" \/>\n<script type=\"application\/ld+json\" class=\"yoast-schema-graph\">{\"@context\":\"https:\/\/schema.org\",\"@graph\":[{\"@type\":\"WebPage\",\"@id\":\"https:\/\/new.laserpoint.eu\/tr\/hakkimizda\/kisiler\/\",\"url\":\"https:\/\/new.laserpoint.eu\/tr\/hakkimizda\/kisiler\/\",\"name\":\"Ki\u015filer - Laserpoint\",\"isPartOf\":{\"@id\":\"https:\/\/new.laserpoint.eu\/tr\/#website\"},\"datePublished\":\"2020-04-06T15:06:06+00:00\",\"dateModified\":\"2023-06-29T10:24:44+00:00\",\"breadcrumb\":{\"@id\":\"https:\/\/new.laserpoint.eu\/tr\/hakkimizda\/kisiler\/#breadcrumb\"},\"inLanguage\":\"tr\",\"potentialAction\":[{\"@type\":\"ReadAction\",\"target\":[\"https:\/\/new.laserpoint.eu\/tr\/hakkimizda\/kisiler\/\"]}]},{\"@type\":\"BreadcrumbList\",\"@id\":\"https:\/\/new.laserpoint.eu\/tr\/hakkimizda\/kisiler\/#breadcrumb\",\"itemListElement\":[{\"@type\":\"ListItem\",\"position\":1,\"name\":\"Home\",\"item\":\"https:\/\/new.laserpoint.eu\/tr\/\"},{\"@type\":\"ListItem\",\"position\":2,\"name\":\"Hakk\u0131m\u0131zda\",\"item\":\"https:\/\/new.laserpoint.eu\/tr\/about-us\/\"},{\"@type\":\"ListItem\",\"position\":3,\"name\":\"Ki\u015filer\"}]},{\"@type\":\"WebSite\",\"@id\":\"https:\/\/new.laserpoint.eu\/tr\/#website\",\"url\":\"https:\/\/new.laserpoint.eu\/tr\/\",\"name\":\"Laserpoint\",\"description\":\"Development and manufacturing of laser measurement instruments\",\"publisher\":{\"@id\":\"https:\/\/new.laserpoint.eu\/tr\/#organization\"},\"potentialAction\":[{\"@type\":\"SearchAction\",\"target\":{\"@type\":\"EntryPoint\",\"urlTemplate\":\"https:\/\/new.laserpoint.eu\/tr\/?s={search_term_string}\"},\"query-input\":\"required name=search_term_string\"}],\"inLanguage\":\"tr\"},{\"@type\":\"Organization\",\"@id\":\"https:\/\/new.laserpoint.eu\/tr\/#organization\",\"name\":\"Laserpoint\",\"url\":\"https:\/\/new.laserpoint.eu\/tr\/\",\"logo\":{\"@type\":\"ImageObject\",\"inLanguage\":\"tr\",\"@id\":\"https:\/\/new.laserpoint.eu\/tr\/#\/schema\/logo\/image\/\",\"url\":\"https:\/\/www.laserpoint.eu\/wp-content\/uploads\/laserpoint-logo.png\",\"contentUrl\":\"https:\/\/www.laserpoint.eu\/wp-content\/uploads\/laserpoint-logo.png\",\"width\":520,\"height\":84,\"caption\":\"Laserpoint\"},\"image\":{\"@id\":\"https:\/\/new.laserpoint.eu\/tr\/#\/schema\/logo\/image\/\"}}]}<\/script>\n<!-- \/ Yoast SEO plugin. -->","yoast_head_json":{"title":"Ki\u015filer - Laserpoint","robots":{"index":"noindex","follow":"follow","max-snippet":"max-snippet:-1","max-image-preview":"max-image-preview:large","max-video-preview":"max-video-preview:-1"},"og_locale":"tr_TR","og_type":"article","og_title":"Ki\u015filer - Laserpoint","og_description":"[vc_row][vc_column][\/vc_column][\/vc_row][vc_row type=&#8221;vc_default&#8221; full_width=&#8221;stretch_row&#8221; full_width_row=&#8221;true&#8221;][vc_column width=&#8221;1\/6&#8243;][\/vc_column][vc_column width=&#8221;1\/3&#8243;][vc_single_image image=&#8221;6056&#8243; img_size=&#8221;large&#8221; alignment=&#8221;center&#8221;][vc_column_text css=&#8221;.vc_custom_1583919006409{padding-right: 30px !important;padding-bottom: 30px !important;padding-left: 30px !important;}&#8221;] Sergio Pellegrino Partner \/ R&amp;D Manager. 25 Years in R&amp;D, PhD in Phisical &#8211; chemistry, MBA in Engineering, 70 Journal Papers, 8 Patents. [\/vc_column_text][\/vc_column][vc_column width=&#8221;1\/3&#8243;][vc_single_image image=&#8221;6044&#8243; img_size=&#8221;large&#8221; alignment=&#8221;center&#8221;][vc_column_text css=&#8221;.vc_custom_1583919012440{padding-right: 30px !important;padding-bottom: 30px !important;padding-left: 30px !important;}&#8221;] Andrea Brinciotti Partner \/&hellip;","og_url":"https:\/\/new.laserpoint.eu\/tr\/hakkimizda\/kisiler\/","og_site_name":"Laserpoint","article_modified_time":"2023-06-29T10:24:44+00:00","twitter_card":"summary_large_image","twitter_misc":{"Tahmini okuma s\u00fcresi":"1 dakika"},"schema":{"@context":"https:\/\/schema.org","@graph":[{"@type":"WebPage","@id":"https:\/\/new.laserpoint.eu\/tr\/hakkimizda\/kisiler\/","url":"https:\/\/new.laserpoint.eu\/tr\/hakkimizda\/kisiler\/","name":"Ki\u015filer - Laserpoint","isPartOf":{"@id":"https:\/\/new.laserpoint.eu\/tr\/#website"},"datePublished":"2020-04-06T15:06:06+00:00","dateModified":"2023-06-29T10:24:44+00:00","breadcrumb":{"@id":"https:\/\/new.laserpoint.eu\/tr\/hakkimizda\/kisiler\/#breadcrumb"},"inLanguage":"tr","potentialAction":[{"@type":"ReadAction","target":["https:\/\/new.laserpoint.eu\/tr\/hakkimizda\/kisiler\/"]}]},{"@type":"BreadcrumbList","@id":"https:\/\/new.laserpoint.eu\/tr\/hakkimizda\/kisiler\/#breadcrumb","itemListElement":[{"@type":"ListItem","position":1,"name":"Home","item":"https:\/\/new.laserpoint.eu\/tr\/"},{"@type":"ListItem","position":2,"name":"Hakk\u0131m\u0131zda","item":"https:\/\/new.laserpoint.eu\/tr\/about-us\/"},{"@type":"ListItem","position":3,"name":"Ki\u015filer"}]},{"@type":"WebSite","@id":"https:\/\/new.laserpoint.eu\/tr\/#website","url":"https:\/\/new.laserpoint.eu\/tr\/","name":"Laserpoint","description":"Development and manufacturing of laser measurement instruments","publisher":{"@id":"https:\/\/new.laserpoint.eu\/tr\/#organization"},"potentialAction":[{"@type":"SearchAction","target":{"@type":"EntryPoint","urlTemplate":"https:\/\/new.laserpoint.eu\/tr\/?s={search_term_string}"},"query-input":"required name=search_term_string"}],"inLanguage":"tr"},{"@type":"Organization","@id":"https:\/\/new.laserpoint.eu\/tr\/#organization","name":"Laserpoint","url":"https:\/\/new.laserpoint.eu\/tr\/","logo":{"@type":"ImageObject","inLanguage":"tr","@id":"https:\/\/new.laserpoint.eu\/tr\/#\/schema\/logo\/image\/","url":"https:\/\/www.laserpoint.eu\/wp-content\/uploads\/laserpoint-logo.png","contentUrl":"https:\/\/www.laserpoint.eu\/wp-content\/uploads\/laserpoint-logo.png","width":520,"height":84,"caption":"Laserpoint"},"image":{"@id":"https:\/\/new.laserpoint.eu\/tr\/#\/schema\/logo\/image\/"}}]}},"_links":{"self":[{"href":"https:\/\/new.laserpoint.eu\/tr\/wp-json\/wp\/v2\/pages\/14415"}],"collection":[{"href":"https:\/\/new.laserpoint.eu\/tr\/wp-json\/wp\/v2\/pages"}],"about":[{"href":"https:\/\/new.laserpoint.eu\/tr\/wp-json\/wp\/v2\/types\/page"}],"author":[{"embeddable":true,"href":"https:\/\/new.laserpoint.eu\/tr\/wp-json\/wp\/v2\/users\/1"}],"replies":[{"embeddable":true,"href":"https:\/\/new.laserpoint.eu\/tr\/wp-json\/wp\/v2\/comments?post=14415"}],"version-history":[{"count":7,"href":"https:\/\/new.laserpoint.eu\/tr\/wp-json\/wp\/v2\/pages\/14415\/revisions"}],"predecessor-version":[{"id":63308,"href":"https:\/\/new.laserpoint.eu\/tr\/wp-json\/wp\/v2\/pages\/14415\/revisions\/63308"}],"up":[{"embeddable":true,"href":"https:\/\/new.laserpoint.eu\/tr\/wp-json\/wp\/v2\/pages\/14546"}],"wp:attachment":[{"href":"https:\/\/new.laserpoint.eu\/tr\/wp-json\/wp\/v2\/media?parent=14415"}],"curies":[{"name":"wp","href":"https:\/\/api.w.org\/{rel}","templated":true}]}}