{"id":14324,"date":"2020-09-20T14:46:24","date_gmt":"2020-09-20T12:46:24","guid":{"rendered":"https:\/\/www.laserpoint.eu\/kalibrasyonlar\/"},"modified":"2020-09-20T14:46:26","modified_gmt":"2020-09-20T12:46:26","slug":"kalibrasyonlar","status":"publish","type":"page","link":"https:\/\/new.laserpoint.eu\/tr\/destek\/kalibrasyonlar\/","title":{"rendered":"Kalibrasyonlar"},"content":{"rendered":"<section class=\"wpb-content-wrapper\"><p>[vc_row][vc_column][vc_column_text]<\/p>\n<h2>Sertifikal\u0131 Kalibrasyonlar<\/h2>\n<p>Laser Point sens\u00f6rleri Boulder, Colorado&#8217;da (ABD) yerle\u015fik Ulusal Standartlar ve Teknoloji Enstit\u00fcs\u00fc (NIST) laboratuarlar\u0131 ile Berlin&#8217;deki (Almanya) Physicalisch-Technische Bundesanstalt (PTB) izlenebilirlik \u00f6zelli\u011fini ta\u015f\u0131yan Kalibrasyon Sertifikalar\u0131yla birlikte temin edilir.<\/p>\n<h2>Periyodik Yeniden Yap\u0131lan Kalibrasyonlar<\/h2>\n<p>Yeniden kalibrasyona olan ger\u00e7ek ihtiya\u00e7 cihaz\u0131n nas\u0131l kullan\u0131ld\u0131\u011f\u0131na, ko\u015fullar\u0131na ve ayn\u0131 zamanda \u00e7al\u0131\u015fma ortam\u0131ndaki \u015fartlara ba\u011fl\u0131d\u0131r. Ancak, cihazlar\u0131n performans ve kesinlik de\u011ferlerini korumak i\u00e7in d\u00fczenli bak\u0131m ve yeniden kalibrasyon yap\u0131lmas\u0131 zorunludur. NIST ve PTB gibi Uluslararas\u0131 Metroloji Laboratuarlar\u0131 y\u0131lda bir yeniden kalibrasyon yap\u0131lmas\u0131n\u0131 tavsiye etmektedirler. Cihazlar\u0131n\u0131z\u0131n gereken servisi almalar\u0131 i\u00e7in \u00fcnitelerin Laser Point firmas\u0131na geri g\u00f6nderilmeleri gerekmektedir; burada genel bir kontrolden ge\u00e7ecek, tam yeniden kalibrasyon prosed\u00fcr\u00fcne tabi tutulacaklard\u0131r.   <\/p>\n<h2>LaserPoint Kalibrasyon Kabiliyetleri<\/h2>\n<p>Laser Point firmas\u0131 \u015firket i\u00e7i kalibrasyon i\u015flemlerinde kullan\u0131lan bir dizi lazer kayna\u011f\u0131na sahiptir; bunlar 300W g\u00fcce kadar \u00e7\u0131kmaktad\u0131r ve at\u0131ml\u0131 lazerleri de i\u00e7ermektedir. Laser Point firmas\u0131 ayn\u0131 zamanda y\u00fcksek g\u00fc\u00e7l\u00fc kafalar\u0131n\u0131n test ve standart kalibrasyon i\u015flemleri i\u00e7in yerel Bilim Enstit\u00fcleriyle \u00e7ok kilowatt de\u011ferli lazerlerin kullan\u0131m\u0131 konusunda s\u00f6zle\u015fmeler yapm\u0131\u015ft\u0131r. Farkl\u0131 dalga boylar\u0131nda NIST ve PTB&#8217;de kalibre edilen bir dizi detekt\u00f6r kafas\u0131 kalibrasyon prosed\u00fcrlerinde dahili \u015fekilde Alt\u0131n Standartlar olarak kullan\u0131lmaktad\u0131r. Sens\u00f6rlerin do\u011frusall\u0131klar\u0131n\u0131 t\u00fcm \u00f6l\u00e7ekleri boyunca takip etmek i\u00e7in bu Alt\u0131n Standartlar\u0131n baz\u0131lar\u0131 b\u00fct\u00fcn \u00e7al\u0131\u015fma aral\u0131\u011f\u0131 boyunca, CO<g id=\"gid_1\">2<\/g> i\u00e7in <x id=\"gid_0\"><\/x> 1KW ve Yag i\u00e7in 300W de\u011ferine kadar kalibre edilmi\u015ftir. PTB ve NIST taraf\u0131ndan yap\u0131lan t\u00fcm \u00f6l\u00e7\u00fcmler Laser Point sens\u00f6rlerinin g\u00f6z al\u0131c\u0131 do\u011frusall\u0131\u011f\u0131n\u0131 g\u00f6stermektedir.    <\/p>\n<h2>Yeniden Kalibrasyon Prosed\u00fcrleri ve Zamanlamas\u0131<\/h2>\n<ul>\n<li>Yeniden kalibrasyon i\u00e7in Laser Point firmas\u0131na \u00f6zel bir Sat\u0131n Alma Emri g\u00f6nderin: RMA numaras\u0131 gerekli de\u011fildir.<\/li>\n<li>Nakliye belgelerine Sat\u0131n Alma Emri (PO) numaran\u0131z\u0131 da eklemeyi unutmadan \u00fcr\u00fcnleri g\u00f6nderin.<\/li>\n<\/ul>\n<p>Sat\u0131n Alma Emrinin (PO) g\u00f6nderilen her par\u00e7a i\u00e7in \u015fu bilgileri i\u00e7ermesi zorunludur: yeniden kalibrasyon dalga boyu\/boylar\u0131, yeniden kalibrasyonun G\u00fcce g\u00f6re mi, yoksa Power + Enerjiye g\u00f6re mi yap\u0131laca\u011f\u0131; \u00dcr\u00fcn modelleri; \u00dcr\u00fcn Seri Numaralar\u0131. Bilgileri eksik olan Sat\u0131n Alma Emirleri (PO&#8217;lar) do\u011fru \u015fekilde i\u015flenemez ve geri d\u00f6n\u00fc\u015f s\u00fcreleri gecikir. Laser Point firmas\u0131na her iki y\u00f6ndeki nakliye masraflar\u0131 daima m\u00fc\u015fteriye aittir.<\/p>\n<h2>H\u0131zl\u0131 Yeniden Kalibrasyon Hizmeti:<\/h2>\n<p>Bu prosed\u00fcr uyguland\u0131\u011f\u0131nda kalibrasyonlarda tipik geri d\u00f6n\u00fc\u015f s\u00fcreleri 5 i\u015f g\u00fcn\u00fcne inecektir.<\/p>\n<ul>\n<li style=\"list-style-type: none;\">\n<ul>\n<li type=\"a\">Daha k\u0131sa yeniden kalibrasyon geri d\u00f6n\u00fc\u015f s\u00fcresiyle ilgili rezervasyon yapt\u0131rmak i\u00e7in sales@laserpoint.it adresiyle ba\u011flant\u0131 kurun ve cihazlar\u0131n kalibrasyonu i\u00e7in rezerve edilebilecek ilk bo\u015f zaman aral\u0131\u011f\u0131n\u0131 sorun.<\/li>\n<li type=\"a\">Talebinize \u015fu bilgileri ekleyin: yeniden kalibrasyon dalga boyu\/boylar\u0131, yeniden kalibrasyonun G\u00fcce g\u00f6re mi, yoksa Power + Enerjiye g\u00f6re mi yap\u0131laca\u011f\u0131; \u00dcr\u00fcn modelleri; \u00dcr\u00fcn Seri Numaralar\u0131<\/li>\n<li type=\"a\">Laser Point firmas\u0131 ilk bo\u015f zaman aral\u0131\u011f\u0131n\u0131 bildirecek ve m\u00fc\u015fteriden anla\u015f\u0131lan tarihten \u00f6nce eline ula\u015fmas\u0131na \u00f6zen g\u00f6stermesini isteyecektir.<\/li>\n<li type=\"a\">H\u0131zl\u0131 yeniden kalibrasyon prosed\u00fcr\u00fcne uygun olmayan par\u00e7alar ilk giren ilk \u00e7\u0131kar kalibrasyon s\u0131ras\u0131na g\u00f6re ele al\u0131nacakt\u0131r.<\/li>\n<\/ul>\n<\/li>\n<\/ul>\n<p>[\/vc_column_text][\/vc_column][\/vc_row]<\/p>\n<\/section>","protected":false},"excerpt":{"rendered":"<p>[vc_row][vc_column][vc_column_text] Sertifikal\u0131 Kalibrasyonlar Laser Point sens\u00f6rleri Boulder, Colorado&#8217;da (ABD) yerle\u015fik Ulusal Standartlar ve Teknoloji Enstit\u00fcs\u00fc (NIST) laboratuarlar\u0131 ile Berlin&#8217;deki (Almanya) Physicalisch-Technische Bundesanstalt (PTB) izlenebilirlik \u00f6zelli\u011fini ta\u015f\u0131yan Kalibrasyon Sertifikalar\u0131yla birlikte temin edilir. Periyodik Yeniden Yap\u0131lan Kalibrasyonlar Yeniden kalibrasyona olan ger\u00e7ek ihtiya\u00e7 cihaz\u0131n nas\u0131l kullan\u0131ld\u0131\u011f\u0131na, ko\u015fullar\u0131na ve ayn\u0131 zamanda \u00e7al\u0131\u015fma ortam\u0131ndaki \u015fartlara ba\u011fl\u0131d\u0131r. Ancak, cihazlar\u0131n performans ve&hellip;<\/p>\n","protected":false},"author":1,"featured_media":0,"parent":14532,"menu_order":0,"comment_status":"closed","ping_status":"closed","template":"","meta":{"footnotes":""},"acf":[],"yoast_head":"<!-- This site is optimized with the Yoast SEO plugin v21.3 - https:\/\/yoast.com\/wordpress\/plugins\/seo\/ -->\n<title>Kalibrasyonlar - Laserpoint<\/title>\n<meta name=\"robots\" content=\"noindex, follow, max-snippet:-1, max-image-preview:large, max-video-preview:-1\" \/>\n<meta property=\"og:locale\" content=\"tr_TR\" \/>\n<meta property=\"og:type\" content=\"article\" \/>\n<meta property=\"og:title\" content=\"Kalibrasyonlar - Laserpoint\" \/>\n<meta property=\"og:description\" content=\"[vc_row][vc_column][vc_column_text] Sertifikal\u0131 Kalibrasyonlar Laser Point sens\u00f6rleri Boulder, Colorado&#8217;da (ABD) yerle\u015fik Ulusal Standartlar ve Teknoloji Enstit\u00fcs\u00fc (NIST) laboratuarlar\u0131 ile Berlin&#8217;deki (Almanya) Physicalisch-Technische Bundesanstalt (PTB) izlenebilirlik \u00f6zelli\u011fini ta\u015f\u0131yan Kalibrasyon Sertifikalar\u0131yla birlikte temin edilir. Periyodik Yeniden Yap\u0131lan Kalibrasyonlar Yeniden kalibrasyona olan ger\u00e7ek ihtiya\u00e7 cihaz\u0131n nas\u0131l kullan\u0131ld\u0131\u011f\u0131na, ko\u015fullar\u0131na ve ayn\u0131 zamanda \u00e7al\u0131\u015fma ortam\u0131ndaki \u015fartlara ba\u011fl\u0131d\u0131r. Ancak, cihazlar\u0131n performans ve&hellip;\" \/>\n<meta property=\"og:url\" content=\"https:\/\/new.laserpoint.eu\/tr\/destek\/kalibrasyonlar\/\" \/>\n<meta property=\"og:site_name\" content=\"Laserpoint\" \/>\n<meta property=\"article:modified_time\" content=\"2020-09-20T12:46:26+00:00\" \/>\n<meta name=\"twitter:card\" content=\"summary_large_image\" \/>\n<meta name=\"twitter:label1\" content=\"Tahmini okuma s\u00fcresi\" \/>\n\t<meta name=\"twitter:data1\" content=\"3 dakika\" \/>\n<script type=\"application\/ld+json\" class=\"yoast-schema-graph\">{\"@context\":\"https:\/\/schema.org\",\"@graph\":[{\"@type\":\"WebPage\",\"@id\":\"https:\/\/new.laserpoint.eu\/tr\/destek\/kalibrasyonlar\/\",\"url\":\"https:\/\/new.laserpoint.eu\/tr\/destek\/kalibrasyonlar\/\",\"name\":\"Kalibrasyonlar - Laserpoint\",\"isPartOf\":{\"@id\":\"https:\/\/new.laserpoint.eu\/tr\/#website\"},\"datePublished\":\"2020-09-20T12:46:24+00:00\",\"dateModified\":\"2020-09-20T12:46:26+00:00\",\"breadcrumb\":{\"@id\":\"https:\/\/new.laserpoint.eu\/tr\/destek\/kalibrasyonlar\/#breadcrumb\"},\"inLanguage\":\"tr\",\"potentialAction\":[{\"@type\":\"ReadAction\",\"target\":[\"https:\/\/new.laserpoint.eu\/tr\/destek\/kalibrasyonlar\/\"]}]},{\"@type\":\"BreadcrumbList\",\"@id\":\"https:\/\/new.laserpoint.eu\/tr\/destek\/kalibrasyonlar\/#breadcrumb\",\"itemListElement\":[{\"@type\":\"ListItem\",\"position\":1,\"name\":\"Home\",\"item\":\"https:\/\/new.laserpoint.eu\/tr\/\"},{\"@type\":\"ListItem\",\"position\":2,\"name\":\"Destek\",\"item\":\"https:\/\/new.laserpoint.eu\/tr\/support\/\"},{\"@type\":\"ListItem\",\"position\":3,\"name\":\"Kalibrasyonlar\"}]},{\"@type\":\"WebSite\",\"@id\":\"https:\/\/new.laserpoint.eu\/tr\/#website\",\"url\":\"https:\/\/new.laserpoint.eu\/tr\/\",\"name\":\"Laserpoint\",\"description\":\"Development and manufacturing of laser measurement instruments\",\"publisher\":{\"@id\":\"https:\/\/new.laserpoint.eu\/tr\/#organization\"},\"potentialAction\":[{\"@type\":\"SearchAction\",\"target\":{\"@type\":\"EntryPoint\",\"urlTemplate\":\"https:\/\/new.laserpoint.eu\/tr\/?s={search_term_string}\"},\"query-input\":\"required name=search_term_string\"}],\"inLanguage\":\"tr\"},{\"@type\":\"Organization\",\"@id\":\"https:\/\/new.laserpoint.eu\/tr\/#organization\",\"name\":\"Laserpoint\",\"url\":\"https:\/\/new.laserpoint.eu\/tr\/\",\"logo\":{\"@type\":\"ImageObject\",\"inLanguage\":\"tr\",\"@id\":\"https:\/\/new.laserpoint.eu\/tr\/#\/schema\/logo\/image\/\",\"url\":\"https:\/\/www.laserpoint.eu\/wp-content\/uploads\/laserpoint-logo.png\",\"contentUrl\":\"https:\/\/www.laserpoint.eu\/wp-content\/uploads\/laserpoint-logo.png\",\"width\":520,\"height\":84,\"caption\":\"Laserpoint\"},\"image\":{\"@id\":\"https:\/\/new.laserpoint.eu\/tr\/#\/schema\/logo\/image\/\"}}]}<\/script>\n<!-- \/ Yoast SEO plugin. -->","yoast_head_json":{"title":"Kalibrasyonlar - Laserpoint","robots":{"index":"noindex","follow":"follow","max-snippet":"max-snippet:-1","max-image-preview":"max-image-preview:large","max-video-preview":"max-video-preview:-1"},"og_locale":"tr_TR","og_type":"article","og_title":"Kalibrasyonlar - Laserpoint","og_description":"[vc_row][vc_column][vc_column_text] Sertifikal\u0131 Kalibrasyonlar Laser Point sens\u00f6rleri Boulder, Colorado&#8217;da (ABD) yerle\u015fik Ulusal Standartlar ve Teknoloji Enstit\u00fcs\u00fc (NIST) laboratuarlar\u0131 ile Berlin&#8217;deki (Almanya) Physicalisch-Technische Bundesanstalt (PTB) izlenebilirlik \u00f6zelli\u011fini ta\u015f\u0131yan Kalibrasyon Sertifikalar\u0131yla birlikte temin edilir. Periyodik Yeniden Yap\u0131lan Kalibrasyonlar Yeniden kalibrasyona olan ger\u00e7ek ihtiya\u00e7 cihaz\u0131n nas\u0131l kullan\u0131ld\u0131\u011f\u0131na, ko\u015fullar\u0131na ve ayn\u0131 zamanda \u00e7al\u0131\u015fma ortam\u0131ndaki \u015fartlara ba\u011fl\u0131d\u0131r. Ancak, cihazlar\u0131n performans ve&hellip;","og_url":"https:\/\/new.laserpoint.eu\/tr\/destek\/kalibrasyonlar\/","og_site_name":"Laserpoint","article_modified_time":"2020-09-20T12:46:26+00:00","twitter_card":"summary_large_image","twitter_misc":{"Tahmini okuma s\u00fcresi":"3 dakika"},"schema":{"@context":"https:\/\/schema.org","@graph":[{"@type":"WebPage","@id":"https:\/\/new.laserpoint.eu\/tr\/destek\/kalibrasyonlar\/","url":"https:\/\/new.laserpoint.eu\/tr\/destek\/kalibrasyonlar\/","name":"Kalibrasyonlar - Laserpoint","isPartOf":{"@id":"https:\/\/new.laserpoint.eu\/tr\/#website"},"datePublished":"2020-09-20T12:46:24+00:00","dateModified":"2020-09-20T12:46:26+00:00","breadcrumb":{"@id":"https:\/\/new.laserpoint.eu\/tr\/destek\/kalibrasyonlar\/#breadcrumb"},"inLanguage":"tr","potentialAction":[{"@type":"ReadAction","target":["https:\/\/new.laserpoint.eu\/tr\/destek\/kalibrasyonlar\/"]}]},{"@type":"BreadcrumbList","@id":"https:\/\/new.laserpoint.eu\/tr\/destek\/kalibrasyonlar\/#breadcrumb","itemListElement":[{"@type":"ListItem","position":1,"name":"Home","item":"https:\/\/new.laserpoint.eu\/tr\/"},{"@type":"ListItem","position":2,"name":"Destek","item":"https:\/\/new.laserpoint.eu\/tr\/support\/"},{"@type":"ListItem","position":3,"name":"Kalibrasyonlar"}]},{"@type":"WebSite","@id":"https:\/\/new.laserpoint.eu\/tr\/#website","url":"https:\/\/new.laserpoint.eu\/tr\/","name":"Laserpoint","description":"Development and manufacturing of laser measurement instruments","publisher":{"@id":"https:\/\/new.laserpoint.eu\/tr\/#organization"},"potentialAction":[{"@type":"SearchAction","target":{"@type":"EntryPoint","urlTemplate":"https:\/\/new.laserpoint.eu\/tr\/?s={search_term_string}"},"query-input":"required name=search_term_string"}],"inLanguage":"tr"},{"@type":"Organization","@id":"https:\/\/new.laserpoint.eu\/tr\/#organization","name":"Laserpoint","url":"https:\/\/new.laserpoint.eu\/tr\/","logo":{"@type":"ImageObject","inLanguage":"tr","@id":"https:\/\/new.laserpoint.eu\/tr\/#\/schema\/logo\/image\/","url":"https:\/\/www.laserpoint.eu\/wp-content\/uploads\/laserpoint-logo.png","contentUrl":"https:\/\/www.laserpoint.eu\/wp-content\/uploads\/laserpoint-logo.png","width":520,"height":84,"caption":"Laserpoint"},"image":{"@id":"https:\/\/new.laserpoint.eu\/tr\/#\/schema\/logo\/image\/"}}]}},"_links":{"self":[{"href":"https:\/\/new.laserpoint.eu\/tr\/wp-json\/wp\/v2\/pages\/14324"}],"collection":[{"href":"https:\/\/new.laserpoint.eu\/tr\/wp-json\/wp\/v2\/pages"}],"about":[{"href":"https:\/\/new.laserpoint.eu\/tr\/wp-json\/wp\/v2\/types\/page"}],"author":[{"embeddable":true,"href":"https:\/\/new.laserpoint.eu\/tr\/wp-json\/wp\/v2\/users\/1"}],"replies":[{"embeddable":true,"href":"https:\/\/new.laserpoint.eu\/tr\/wp-json\/wp\/v2\/comments?post=14324"}],"version-history":[{"count":5,"href":"https:\/\/new.laserpoint.eu\/tr\/wp-json\/wp\/v2\/pages\/14324\/revisions"}],"predecessor-version":[{"id":14329,"href":"https:\/\/new.laserpoint.eu\/tr\/wp-json\/wp\/v2\/pages\/14324\/revisions\/14329"}],"up":[{"embeddable":true,"href":"https:\/\/new.laserpoint.eu\/tr\/wp-json\/wp\/v2\/pages\/14532"}],"wp:attachment":[{"href":"https:\/\/new.laserpoint.eu\/tr\/wp-json\/wp\/v2\/media?parent=14324"}],"curies":[{"name":"wp","href":"https:\/\/api.w.org\/{rel}","templated":true}]}}