{"id":14318,"date":"2020-09-20T14:38:32","date_gmt":"2020-09-20T12:38:32","guid":{"rendered":"https:\/\/www.laserpoint.eu\/kalorimetreler\/"},"modified":"2020-09-20T14:38:42","modified_gmt":"2020-09-20T12:38:42","slug":"kalorimetreler","status":"publish","type":"page","link":"https:\/\/new.laserpoint.eu\/tr\/teknolojiler\/kalorimetreler\/","title":{"rendered":"Kalorimetreler"},"content":{"rendered":"<section class=\"wpb-content-wrapper\"><p>[vc_row][vc_column width=&#8221;2\/3&#8243;][vc_column_text]<strong>Kalorimetreler<\/strong><\/p>\n<p>Laser Point, g\u00fcn\u00fcm\u00fczdeki lazerlerin son derece y\u00fcksek g\u00fc\u00e7 yo\u011funluklar\u0131n\u0131 emniyetli bir \u015fekilde kar\u015f\u0131layabilen, lazer g\u00fcc\u00fcn kalorimetrik \u00f6l\u00e7\u00fcm\u00fcn\u00fc temel alan bu yeni cihaz\u0131 piyasaya s\u00fcrm\u00fc\u015ft\u00fcr. Bu cihazda S\u00fcper Sert Kaplaman\u0131n radyasyon so\u011furucu olarak yer almas\u0131, daha y\u00fcksek hasar e\u015fi\u011fiyle ili\u015fkili olarak kaplad\u0131\u011f\u0131 alan\u0131n \u00e7ok derli toplu olmas\u0131yla daha y\u00fcksek mutlak g\u00fc\u00e7 \u00f6l\u00e7\u00fcm\u00fc elde etmeye yol a\u00e7ar. <\/p>\n<p>Bu kalorimetre 12kW&#8217;a kadar lazer g\u00fc\u00e7 \u00f6l\u00e7\u00fcm\u00fc yapmaya olanak tan\u0131r: \u015eirketin yeni malzemeleri ke\u015ffetme, termal tasar\u0131m\u0131 y\u00f6netme ve yenilik\u00e7i \u00fcr\u00fcnleri g\u00fcn \u0131\u015f\u0131\u011f\u0131na \u00e7\u0131karma kabiliyetinin bir sonucudur.<\/p>\n<p>Yeni kalorimetre (Mod. W-12K-D55-SHC-U) ayn\u0131 s\u0131n\u0131f\u0131n alternatif cihazlar\u0131na k\u0131yasla son derece derli toplu ve hafiftir; ayr\u0131ca, so\u011furma bo\u015flu\u011funda herhangi bir odak bozma opti\u011fi gerektirmez.<\/p>\n<p>Detekt\u00f6r tam \u00f6l\u00e7e\u011finde \u00b1 %2 Do\u011frusall\u0131\u011fa sahiptir ve PTB\/NIST standartlar\u0131na g\u00f6re izlenebilen \u00b1 %5 kalibrasyon hassasiyetiyle temin edilmektedir.<\/p>\n<p>Diyafram a\u00e7\u0131kl\u0131\u011f\u0131 55mm&#8217;dir, boyutlar\u0131 U140 x D200 x Y180 mm, A\u011f\u0131rl\u0131\u011f\u0131 6 Kg&#8217;d\u0131r.[\/vc_column_text][\/vc_column][vc_column width=&#8221;1\/3&#8243;][vc_single_image image=&#8221;2890&#8243; img_size=&#8221;large&#8221;][\/vc_column][\/vc_row]<\/p>\n<\/section>","protected":false},"excerpt":{"rendered":"<p>[vc_row][vc_column width=&#8221;2\/3&#8243;][vc_column_text]Kalorimetreler Laser Point, g\u00fcn\u00fcm\u00fczdeki lazerlerin son derece y\u00fcksek g\u00fc\u00e7 yo\u011funluklar\u0131n\u0131 emniyetli bir \u015fekilde kar\u015f\u0131layabilen, lazer g\u00fcc\u00fcn kalorimetrik \u00f6l\u00e7\u00fcm\u00fcn\u00fc temel alan bu yeni cihaz\u0131 piyasaya s\u00fcrm\u00fc\u015ft\u00fcr. Bu cihazda S\u00fcper Sert Kaplaman\u0131n radyasyon so\u011furucu olarak yer almas\u0131, daha y\u00fcksek hasar e\u015fi\u011fiyle ili\u015fkili olarak kaplad\u0131\u011f\u0131 alan\u0131n \u00e7ok derli toplu olmas\u0131yla daha y\u00fcksek mutlak g\u00fc\u00e7 \u00f6l\u00e7\u00fcm\u00fc elde etmeye&hellip;<\/p>\n","protected":false},"author":1,"featured_media":0,"parent":14540,"menu_order":0,"comment_status":"closed","ping_status":"closed","template":"","meta":{"footnotes":""},"acf":[],"yoast_head":"<!-- This site is optimized with the Yoast SEO plugin v21.3 - https:\/\/yoast.com\/wordpress\/plugins\/seo\/ -->\n<title>Kalorimetreler - Laserpoint<\/title>\n<meta name=\"robots\" content=\"noindex, follow, max-snippet:-1, max-image-preview:large, max-video-preview:-1\" \/>\n<meta property=\"og:locale\" content=\"tr_TR\" \/>\n<meta property=\"og:type\" content=\"article\" \/>\n<meta property=\"og:title\" content=\"Kalorimetreler - Laserpoint\" \/>\n<meta property=\"og:description\" content=\"[vc_row][vc_column width=&#8221;2\/3&#8243;][vc_column_text]Kalorimetreler Laser Point, g\u00fcn\u00fcm\u00fczdeki lazerlerin son derece y\u00fcksek g\u00fc\u00e7 yo\u011funluklar\u0131n\u0131 emniyetli bir \u015fekilde kar\u015f\u0131layabilen, lazer g\u00fcc\u00fcn kalorimetrik \u00f6l\u00e7\u00fcm\u00fcn\u00fc temel alan bu yeni cihaz\u0131 piyasaya s\u00fcrm\u00fc\u015ft\u00fcr. Bu cihazda S\u00fcper Sert Kaplaman\u0131n radyasyon so\u011furucu olarak yer almas\u0131, daha y\u00fcksek hasar e\u015fi\u011fiyle ili\u015fkili olarak kaplad\u0131\u011f\u0131 alan\u0131n \u00e7ok derli toplu olmas\u0131yla daha y\u00fcksek mutlak g\u00fc\u00e7 \u00f6l\u00e7\u00fcm\u00fc elde etmeye&hellip;\" \/>\n<meta property=\"og:url\" content=\"https:\/\/new.laserpoint.eu\/tr\/teknolojiler\/kalorimetreler\/\" \/>\n<meta property=\"og:site_name\" content=\"Laserpoint\" \/>\n<meta property=\"article:modified_time\" content=\"2020-09-20T12:38:42+00:00\" \/>\n<meta name=\"twitter:card\" content=\"summary_large_image\" \/>\n<meta name=\"twitter:label1\" content=\"Tahmini okuma s\u00fcresi\" \/>\n\t<meta name=\"twitter:data1\" content=\"1 dakika\" \/>\n<script type=\"application\/ld+json\" class=\"yoast-schema-graph\">{\"@context\":\"https:\/\/schema.org\",\"@graph\":[{\"@type\":\"WebPage\",\"@id\":\"https:\/\/new.laserpoint.eu\/tr\/teknolojiler\/kalorimetreler\/\",\"url\":\"https:\/\/new.laserpoint.eu\/tr\/teknolojiler\/kalorimetreler\/\",\"name\":\"Kalorimetreler - Laserpoint\",\"isPartOf\":{\"@id\":\"https:\/\/new.laserpoint.eu\/tr\/#website\"},\"datePublished\":\"2020-09-20T12:38:32+00:00\",\"dateModified\":\"2020-09-20T12:38:42+00:00\",\"breadcrumb\":{\"@id\":\"https:\/\/new.laserpoint.eu\/tr\/teknolojiler\/kalorimetreler\/#breadcrumb\"},\"inLanguage\":\"tr\",\"potentialAction\":[{\"@type\":\"ReadAction\",\"target\":[\"https:\/\/new.laserpoint.eu\/tr\/teknolojiler\/kalorimetreler\/\"]}]},{\"@type\":\"BreadcrumbList\",\"@id\":\"https:\/\/new.laserpoint.eu\/tr\/teknolojiler\/kalorimetreler\/#breadcrumb\",\"itemListElement\":[{\"@type\":\"ListItem\",\"position\":1,\"name\":\"Home\",\"item\":\"https:\/\/new.laserpoint.eu\/tr\/\"},{\"@type\":\"ListItem\",\"position\":2,\"name\":\"Teknolojiler\",\"item\":\"https:\/\/new.laserpoint.eu\/tr\/technologies\/\"},{\"@type\":\"ListItem\",\"position\":3,\"name\":\"Kalorimetreler\"}]},{\"@type\":\"WebSite\",\"@id\":\"https:\/\/new.laserpoint.eu\/tr\/#website\",\"url\":\"https:\/\/new.laserpoint.eu\/tr\/\",\"name\":\"Laserpoint\",\"description\":\"Development and manufacturing of laser measurement instruments\",\"publisher\":{\"@id\":\"https:\/\/new.laserpoint.eu\/tr\/#organization\"},\"potentialAction\":[{\"@type\":\"SearchAction\",\"target\":{\"@type\":\"EntryPoint\",\"urlTemplate\":\"https:\/\/new.laserpoint.eu\/tr\/?s={search_term_string}\"},\"query-input\":\"required name=search_term_string\"}],\"inLanguage\":\"tr\"},{\"@type\":\"Organization\",\"@id\":\"https:\/\/new.laserpoint.eu\/tr\/#organization\",\"name\":\"Laserpoint\",\"url\":\"https:\/\/new.laserpoint.eu\/tr\/\",\"logo\":{\"@type\":\"ImageObject\",\"inLanguage\":\"tr\",\"@id\":\"https:\/\/new.laserpoint.eu\/tr\/#\/schema\/logo\/image\/\",\"url\":\"https:\/\/www.laserpoint.eu\/wp-content\/uploads\/laserpoint-logo.png\",\"contentUrl\":\"https:\/\/www.laserpoint.eu\/wp-content\/uploads\/laserpoint-logo.png\",\"width\":520,\"height\":84,\"caption\":\"Laserpoint\"},\"image\":{\"@id\":\"https:\/\/new.laserpoint.eu\/tr\/#\/schema\/logo\/image\/\"}}]}<\/script>\n<!-- \/ Yoast SEO plugin. -->","yoast_head_json":{"title":"Kalorimetreler - Laserpoint","robots":{"index":"noindex","follow":"follow","max-snippet":"max-snippet:-1","max-image-preview":"max-image-preview:large","max-video-preview":"max-video-preview:-1"},"og_locale":"tr_TR","og_type":"article","og_title":"Kalorimetreler - Laserpoint","og_description":"[vc_row][vc_column width=&#8221;2\/3&#8243;][vc_column_text]Kalorimetreler Laser Point, g\u00fcn\u00fcm\u00fczdeki lazerlerin son derece y\u00fcksek g\u00fc\u00e7 yo\u011funluklar\u0131n\u0131 emniyetli bir \u015fekilde kar\u015f\u0131layabilen, lazer g\u00fcc\u00fcn kalorimetrik \u00f6l\u00e7\u00fcm\u00fcn\u00fc temel alan bu yeni cihaz\u0131 piyasaya s\u00fcrm\u00fc\u015ft\u00fcr. Bu cihazda S\u00fcper Sert Kaplaman\u0131n radyasyon so\u011furucu olarak yer almas\u0131, daha y\u00fcksek hasar e\u015fi\u011fiyle ili\u015fkili olarak kaplad\u0131\u011f\u0131 alan\u0131n \u00e7ok derli toplu olmas\u0131yla daha y\u00fcksek mutlak g\u00fc\u00e7 \u00f6l\u00e7\u00fcm\u00fc elde etmeye&hellip;","og_url":"https:\/\/new.laserpoint.eu\/tr\/teknolojiler\/kalorimetreler\/","og_site_name":"Laserpoint","article_modified_time":"2020-09-20T12:38:42+00:00","twitter_card":"summary_large_image","twitter_misc":{"Tahmini okuma s\u00fcresi":"1 dakika"},"schema":{"@context":"https:\/\/schema.org","@graph":[{"@type":"WebPage","@id":"https:\/\/new.laserpoint.eu\/tr\/teknolojiler\/kalorimetreler\/","url":"https:\/\/new.laserpoint.eu\/tr\/teknolojiler\/kalorimetreler\/","name":"Kalorimetreler - Laserpoint","isPartOf":{"@id":"https:\/\/new.laserpoint.eu\/tr\/#website"},"datePublished":"2020-09-20T12:38:32+00:00","dateModified":"2020-09-20T12:38:42+00:00","breadcrumb":{"@id":"https:\/\/new.laserpoint.eu\/tr\/teknolojiler\/kalorimetreler\/#breadcrumb"},"inLanguage":"tr","potentialAction":[{"@type":"ReadAction","target":["https:\/\/new.laserpoint.eu\/tr\/teknolojiler\/kalorimetreler\/"]}]},{"@type":"BreadcrumbList","@id":"https:\/\/new.laserpoint.eu\/tr\/teknolojiler\/kalorimetreler\/#breadcrumb","itemListElement":[{"@type":"ListItem","position":1,"name":"Home","item":"https:\/\/new.laserpoint.eu\/tr\/"},{"@type":"ListItem","position":2,"name":"Teknolojiler","item":"https:\/\/new.laserpoint.eu\/tr\/technologies\/"},{"@type":"ListItem","position":3,"name":"Kalorimetreler"}]},{"@type":"WebSite","@id":"https:\/\/new.laserpoint.eu\/tr\/#website","url":"https:\/\/new.laserpoint.eu\/tr\/","name":"Laserpoint","description":"Development and manufacturing of laser measurement instruments","publisher":{"@id":"https:\/\/new.laserpoint.eu\/tr\/#organization"},"potentialAction":[{"@type":"SearchAction","target":{"@type":"EntryPoint","urlTemplate":"https:\/\/new.laserpoint.eu\/tr\/?s={search_term_string}"},"query-input":"required name=search_term_string"}],"inLanguage":"tr"},{"@type":"Organization","@id":"https:\/\/new.laserpoint.eu\/tr\/#organization","name":"Laserpoint","url":"https:\/\/new.laserpoint.eu\/tr\/","logo":{"@type":"ImageObject","inLanguage":"tr","@id":"https:\/\/new.laserpoint.eu\/tr\/#\/schema\/logo\/image\/","url":"https:\/\/www.laserpoint.eu\/wp-content\/uploads\/laserpoint-logo.png","contentUrl":"https:\/\/www.laserpoint.eu\/wp-content\/uploads\/laserpoint-logo.png","width":520,"height":84,"caption":"Laserpoint"},"image":{"@id":"https:\/\/new.laserpoint.eu\/tr\/#\/schema\/logo\/image\/"}}]}},"_links":{"self":[{"href":"https:\/\/new.laserpoint.eu\/tr\/wp-json\/wp\/v2\/pages\/14318"}],"collection":[{"href":"https:\/\/new.laserpoint.eu\/tr\/wp-json\/wp\/v2\/pages"}],"about":[{"href":"https:\/\/new.laserpoint.eu\/tr\/wp-json\/wp\/v2\/types\/page"}],"author":[{"embeddable":true,"href":"https:\/\/new.laserpoint.eu\/tr\/wp-json\/wp\/v2\/users\/1"}],"replies":[{"embeddable":true,"href":"https:\/\/new.laserpoint.eu\/tr\/wp-json\/wp\/v2\/comments?post=14318"}],"version-history":[{"count":5,"href":"https:\/\/new.laserpoint.eu\/tr\/wp-json\/wp\/v2\/pages\/14318\/revisions"}],"predecessor-version":[{"id":14323,"href":"https:\/\/new.laserpoint.eu\/tr\/wp-json\/wp\/v2\/pages\/14318\/revisions\/14323"}],"up":[{"embeddable":true,"href":"https:\/\/new.laserpoint.eu\/tr\/wp-json\/wp\/v2\/pages\/14540"}],"wp:attachment":[{"href":"https:\/\/new.laserpoint.eu\/tr\/wp-json\/wp\/v2\/media?parent=14318"}],"curies":[{"name":"wp","href":"https:\/\/api.w.org\/{rel}","templated":true}]}}