{"id":14291,"date":"2020-09-20T14:18:48","date_gmt":"2020-09-20T12:18:48","guid":{"rendered":"https:\/\/www.laserpoint.eu\/termopiller\/hacim-sogurucular\/"},"modified":"2020-09-20T14:19:03","modified_gmt":"2020-09-20T12:19:03","slug":"hacim-sogurucular","status":"publish","type":"page","link":"https:\/\/new.laserpoint.eu\/tr\/teknolojiler\/termopiller\/hacim-sogurucular\/","title":{"rendered":"Hacim So\u011furucular"},"content":{"rendered":"<section class=\"wpb-content-wrapper\"><p>[vc_row][vc_column][vc_column_text]<\/p>\n<h2>Hacim So\u011furucular<\/h2>\n<p>K\u0131sa s\u00fcreli at\u0131mlar (mikrosaniyenin alt\u0131nda) ula\u015ft\u0131ran lazerlerde \u0131s\u0131n\u0131n etki alan\u0131ndan akmas\u0131 ve so\u011futma sistemi taraf\u0131ndan giderilmesi i\u00e7in gereken s\u00fcre at\u0131m uzunlu\u011funun s\u00fcresinden uzundur. Is\u0131n\u0131n fazlas\u0131 sens\u00f6r y\u00fczeyindeki ince tabakan\u0131n i\u00e7inde yo\u011funla\u015fm\u0131\u015f halde kal\u0131r, burada so\u011furucu malzemede ani bir a\u015f\u0131r\u0131 \u0131s\u0131nmaya yol a\u00e7ar. Belirli bir d\u00fczeyin \u00fczerinde bu enerji fazlas\u0131 hasarlara yol a\u00e7abilir; s\u0131kl\u0131kla da so\u011furucunun a\u015f\u0131nmas\u0131na neden olur. Benzeri durumlar\u0131n \u00fcstesinden gelebilmek i\u00e7in hacim so\u011furma teknolojisi kullan\u0131l\u0131r. Hacim so\u011furma, radyasyonun malzemeye n\u00fcfuz ettikle kademeli olarak so\u011furulmas\u0131yla ger\u00e7ekle\u015fir. Tam so\u011furma birka\u00e7 mikron yerine 0,5-2mm derinlikte elde edilir: Bunun sonucunda enerji daha yava\u015f da\u011f\u0131l\u0131r ve \u00e7ok daha d\u00fc\u015f\u00fck yerel s\u0131cakl\u0131k art\u0131\u015flar\u0131 meydana gelir. Laser Point taraf\u0131ndan UV-C (190-250nm), UV-A (250-400nm) ve VIS-NIR (400nm&#8217;den 5\u03bcm&#8217;ye kadar BB so\u011furucu) aral\u0131klar\u0131n\u0131 kapsamak amac\u0131yla \u00e7e\u015fitli tipte camlar ve seramikler kullan\u0131l\u0131r. Bu so\u011furucular 100GW\/cm2&#8217;lik tepe g\u00fc\u00e7 de\u011ferlerine ve 30J\/cm2&#8217;ye kadar enerji yo\u011funluklar\u0131na dayanabilirler.[\/vc_column_text][vc_single_image image=&#8221;777&#8243; img_size=&#8221;large&#8221; alignment=&#8221;center&#8221; css=&#8221;.vc_custom_1591773807951{padding-top: 20px !important;}&#8221;][\/vc_column][\/vc_row][vc_row][vc_column][vc_custom_heading text=&#8221;At\u0131ml\u0131 Lazer Kafalar\u0131 i\u00e7in So\u011furma ve Hasar E\u015fik E\u011frileri&#8221; use_theme_fonts=&#8221;yes&#8221;][vc_single_image image=&#8221;599&#8243; img_size=&#8221;large&#8221; alignment=&#8221;center&#8221;][vc_single_image image=&#8221;605&#8243; img_size=&#8221;large&#8221; alignment=&#8221;center&#8221;][vc_single_image image=&#8221;611&#8243; img_size=&#8221;large&#8221; alignment=&#8221;center&#8221;][\/vc_column][\/vc_row]<\/p>\n<\/section>","protected":false},"excerpt":{"rendered":"<p>[vc_row][vc_column][vc_column_text] Hacim So\u011furucular K\u0131sa s\u00fcreli at\u0131mlar (mikrosaniyenin alt\u0131nda) ula\u015ft\u0131ran lazerlerde \u0131s\u0131n\u0131n etki alan\u0131ndan akmas\u0131 ve so\u011futma sistemi taraf\u0131ndan giderilmesi i\u00e7in gereken s\u00fcre at\u0131m uzunlu\u011funun s\u00fcresinden uzundur. Is\u0131n\u0131n fazlas\u0131 sens\u00f6r y\u00fczeyindeki ince tabakan\u0131n i\u00e7inde yo\u011funla\u015fm\u0131\u015f halde kal\u0131r, burada so\u011furucu malzemede ani bir a\u015f\u0131r\u0131 \u0131s\u0131nmaya yol a\u00e7ar. Belirli bir d\u00fczeyin \u00fczerinde bu enerji fazlas\u0131 hasarlara yol a\u00e7abilir;&hellip;<\/p>\n","protected":false},"author":1,"featured_media":0,"parent":14284,"menu_order":0,"comment_status":"closed","ping_status":"closed","template":"","meta":{"footnotes":""},"acf":[],"yoast_head":"<!-- This site is optimized with the Yoast SEO plugin v21.3 - https:\/\/yoast.com\/wordpress\/plugins\/seo\/ -->\n<title>Hacim So\u011furucular - Laserpoint<\/title>\n<meta name=\"robots\" content=\"noindex, follow, max-snippet:-1, max-image-preview:large, max-video-preview:-1\" \/>\n<meta property=\"og:locale\" content=\"tr_TR\" \/>\n<meta property=\"og:type\" content=\"article\" \/>\n<meta property=\"og:title\" content=\"Hacim So\u011furucular - Laserpoint\" \/>\n<meta property=\"og:description\" content=\"[vc_row][vc_column][vc_column_text] Hacim So\u011furucular K\u0131sa s\u00fcreli at\u0131mlar (mikrosaniyenin alt\u0131nda) ula\u015ft\u0131ran lazerlerde \u0131s\u0131n\u0131n etki alan\u0131ndan akmas\u0131 ve so\u011futma sistemi taraf\u0131ndan giderilmesi i\u00e7in gereken s\u00fcre at\u0131m uzunlu\u011funun s\u00fcresinden uzundur. Is\u0131n\u0131n fazlas\u0131 sens\u00f6r y\u00fczeyindeki ince tabakan\u0131n i\u00e7inde yo\u011funla\u015fm\u0131\u015f halde kal\u0131r, burada so\u011furucu malzemede ani bir a\u015f\u0131r\u0131 \u0131s\u0131nmaya yol a\u00e7ar. Belirli bir d\u00fczeyin \u00fczerinde bu enerji fazlas\u0131 hasarlara yol a\u00e7abilir;&hellip;\" \/>\n<meta property=\"og:url\" content=\"https:\/\/new.laserpoint.eu\/tr\/teknolojiler\/termopiller\/hacim-sogurucular\/\" \/>\n<meta property=\"og:site_name\" content=\"Laserpoint\" \/>\n<meta property=\"article:modified_time\" content=\"2020-09-20T12:19:03+00:00\" \/>\n<meta name=\"twitter:card\" content=\"summary_large_image\" \/>\n<meta name=\"twitter:label1\" content=\"Tahmini okuma s\u00fcresi\" \/>\n\t<meta name=\"twitter:data1\" content=\"1 dakika\" \/>\n<script type=\"application\/ld+json\" class=\"yoast-schema-graph\">{\"@context\":\"https:\/\/schema.org\",\"@graph\":[{\"@type\":\"WebPage\",\"@id\":\"https:\/\/new.laserpoint.eu\/tr\/teknolojiler\/termopiller\/hacim-sogurucular\/\",\"url\":\"https:\/\/new.laserpoint.eu\/tr\/teknolojiler\/termopiller\/hacim-sogurucular\/\",\"name\":\"Hacim So\u011furucular - Laserpoint\",\"isPartOf\":{\"@id\":\"https:\/\/new.laserpoint.eu\/tr\/#website\"},\"datePublished\":\"2020-09-20T12:18:48+00:00\",\"dateModified\":\"2020-09-20T12:19:03+00:00\",\"breadcrumb\":{\"@id\":\"https:\/\/new.laserpoint.eu\/tr\/teknolojiler\/termopiller\/hacim-sogurucular\/#breadcrumb\"},\"inLanguage\":\"tr\",\"potentialAction\":[{\"@type\":\"ReadAction\",\"target\":[\"https:\/\/new.laserpoint.eu\/tr\/teknolojiler\/termopiller\/hacim-sogurucular\/\"]}]},{\"@type\":\"BreadcrumbList\",\"@id\":\"https:\/\/new.laserpoint.eu\/tr\/teknolojiler\/termopiller\/hacim-sogurucular\/#breadcrumb\",\"itemListElement\":[{\"@type\":\"ListItem\",\"position\":1,\"name\":\"Home\",\"item\":\"https:\/\/new.laserpoint.eu\/tr\/\"},{\"@type\":\"ListItem\",\"position\":2,\"name\":\"Teknolojiler\",\"item\":\"https:\/\/new.laserpoint.eu\/tr\/technologies\/\"},{\"@type\":\"ListItem\",\"position\":3,\"name\":\"Termopiller\",\"item\":\"https:\/\/new.laserpoint.eu\/tr\/technologies\/thermopiles\/\"},{\"@type\":\"ListItem\",\"position\":4,\"name\":\"Hacim So\u011furucular\"}]},{\"@type\":\"WebSite\",\"@id\":\"https:\/\/new.laserpoint.eu\/tr\/#website\",\"url\":\"https:\/\/new.laserpoint.eu\/tr\/\",\"name\":\"Laserpoint\",\"description\":\"Development and manufacturing of laser measurement instruments\",\"publisher\":{\"@id\":\"https:\/\/new.laserpoint.eu\/tr\/#organization\"},\"potentialAction\":[{\"@type\":\"SearchAction\",\"target\":{\"@type\":\"EntryPoint\",\"urlTemplate\":\"https:\/\/new.laserpoint.eu\/tr\/?s={search_term_string}\"},\"query-input\":\"required name=search_term_string\"}],\"inLanguage\":\"tr\"},{\"@type\":\"Organization\",\"@id\":\"https:\/\/new.laserpoint.eu\/tr\/#organization\",\"name\":\"Laserpoint\",\"url\":\"https:\/\/new.laserpoint.eu\/tr\/\",\"logo\":{\"@type\":\"ImageObject\",\"inLanguage\":\"tr\",\"@id\":\"https:\/\/new.laserpoint.eu\/tr\/#\/schema\/logo\/image\/\",\"url\":\"https:\/\/www.laserpoint.eu\/wp-content\/uploads\/laserpoint-logo.png\",\"contentUrl\":\"https:\/\/www.laserpoint.eu\/wp-content\/uploads\/laserpoint-logo.png\",\"width\":520,\"height\":84,\"caption\":\"Laserpoint\"},\"image\":{\"@id\":\"https:\/\/new.laserpoint.eu\/tr\/#\/schema\/logo\/image\/\"}}]}<\/script>\n<!-- \/ Yoast SEO plugin. -->","yoast_head_json":{"title":"Hacim So\u011furucular - Laserpoint","robots":{"index":"noindex","follow":"follow","max-snippet":"max-snippet:-1","max-image-preview":"max-image-preview:large","max-video-preview":"max-video-preview:-1"},"og_locale":"tr_TR","og_type":"article","og_title":"Hacim So\u011furucular - Laserpoint","og_description":"[vc_row][vc_column][vc_column_text] Hacim So\u011furucular K\u0131sa s\u00fcreli at\u0131mlar (mikrosaniyenin alt\u0131nda) ula\u015ft\u0131ran lazerlerde \u0131s\u0131n\u0131n etki alan\u0131ndan akmas\u0131 ve so\u011futma sistemi taraf\u0131ndan giderilmesi i\u00e7in gereken s\u00fcre at\u0131m uzunlu\u011funun s\u00fcresinden uzundur. Is\u0131n\u0131n fazlas\u0131 sens\u00f6r y\u00fczeyindeki ince tabakan\u0131n i\u00e7inde yo\u011funla\u015fm\u0131\u015f halde kal\u0131r, burada so\u011furucu malzemede ani bir a\u015f\u0131r\u0131 \u0131s\u0131nmaya yol a\u00e7ar. Belirli bir d\u00fczeyin \u00fczerinde bu enerji fazlas\u0131 hasarlara yol a\u00e7abilir;&hellip;","og_url":"https:\/\/new.laserpoint.eu\/tr\/teknolojiler\/termopiller\/hacim-sogurucular\/","og_site_name":"Laserpoint","article_modified_time":"2020-09-20T12:19:03+00:00","twitter_card":"summary_large_image","twitter_misc":{"Tahmini okuma s\u00fcresi":"1 dakika"},"schema":{"@context":"https:\/\/schema.org","@graph":[{"@type":"WebPage","@id":"https:\/\/new.laserpoint.eu\/tr\/teknolojiler\/termopiller\/hacim-sogurucular\/","url":"https:\/\/new.laserpoint.eu\/tr\/teknolojiler\/termopiller\/hacim-sogurucular\/","name":"Hacim So\u011furucular - Laserpoint","isPartOf":{"@id":"https:\/\/new.laserpoint.eu\/tr\/#website"},"datePublished":"2020-09-20T12:18:48+00:00","dateModified":"2020-09-20T12:19:03+00:00","breadcrumb":{"@id":"https:\/\/new.laserpoint.eu\/tr\/teknolojiler\/termopiller\/hacim-sogurucular\/#breadcrumb"},"inLanguage":"tr","potentialAction":[{"@type":"ReadAction","target":["https:\/\/new.laserpoint.eu\/tr\/teknolojiler\/termopiller\/hacim-sogurucular\/"]}]},{"@type":"BreadcrumbList","@id":"https:\/\/new.laserpoint.eu\/tr\/teknolojiler\/termopiller\/hacim-sogurucular\/#breadcrumb","itemListElement":[{"@type":"ListItem","position":1,"name":"Home","item":"https:\/\/new.laserpoint.eu\/tr\/"},{"@type":"ListItem","position":2,"name":"Teknolojiler","item":"https:\/\/new.laserpoint.eu\/tr\/technologies\/"},{"@type":"ListItem","position":3,"name":"Termopiller","item":"https:\/\/new.laserpoint.eu\/tr\/technologies\/thermopiles\/"},{"@type":"ListItem","position":4,"name":"Hacim So\u011furucular"}]},{"@type":"WebSite","@id":"https:\/\/new.laserpoint.eu\/tr\/#website","url":"https:\/\/new.laserpoint.eu\/tr\/","name":"Laserpoint","description":"Development and manufacturing of laser measurement instruments","publisher":{"@id":"https:\/\/new.laserpoint.eu\/tr\/#organization"},"potentialAction":[{"@type":"SearchAction","target":{"@type":"EntryPoint","urlTemplate":"https:\/\/new.laserpoint.eu\/tr\/?s={search_term_string}"},"query-input":"required name=search_term_string"}],"inLanguage":"tr"},{"@type":"Organization","@id":"https:\/\/new.laserpoint.eu\/tr\/#organization","name":"Laserpoint","url":"https:\/\/new.laserpoint.eu\/tr\/","logo":{"@type":"ImageObject","inLanguage":"tr","@id":"https:\/\/new.laserpoint.eu\/tr\/#\/schema\/logo\/image\/","url":"https:\/\/www.laserpoint.eu\/wp-content\/uploads\/laserpoint-logo.png","contentUrl":"https:\/\/www.laserpoint.eu\/wp-content\/uploads\/laserpoint-logo.png","width":520,"height":84,"caption":"Laserpoint"},"image":{"@id":"https:\/\/new.laserpoint.eu\/tr\/#\/schema\/logo\/image\/"}}]}},"_links":{"self":[{"href":"https:\/\/new.laserpoint.eu\/tr\/wp-json\/wp\/v2\/pages\/14291"}],"collection":[{"href":"https:\/\/new.laserpoint.eu\/tr\/wp-json\/wp\/v2\/pages"}],"about":[{"href":"https:\/\/new.laserpoint.eu\/tr\/wp-json\/wp\/v2\/types\/page"}],"author":[{"embeddable":true,"href":"https:\/\/new.laserpoint.eu\/tr\/wp-json\/wp\/v2\/users\/1"}],"replies":[{"embeddable":true,"href":"https:\/\/new.laserpoint.eu\/tr\/wp-json\/wp\/v2\/comments?post=14291"}],"version-history":[{"count":7,"href":"https:\/\/new.laserpoint.eu\/tr\/wp-json\/wp\/v2\/pages\/14291\/revisions"}],"predecessor-version":[{"id":14299,"href":"https:\/\/new.laserpoint.eu\/tr\/wp-json\/wp\/v2\/pages\/14291\/revisions\/14299"}],"up":[{"embeddable":true,"href":"https:\/\/new.laserpoint.eu\/tr\/wp-json\/wp\/v2\/pages\/14284"}],"wp:attachment":[{"href":"https:\/\/new.laserpoint.eu\/tr\/wp-json\/wp\/v2\/media?parent=14291"}],"curies":[{"name":"wp","href":"https:\/\/api.w.org\/{rel}","templated":true}]}}