{"id":14287,"date":"2020-09-20T14:16:39","date_gmt":"2020-09-20T12:16:39","guid":{"rendered":"https:\/\/www.laserpoint.eu\/termopiller\/yuzey-sogurucular\/"},"modified":"2020-09-20T14:16:40","modified_gmt":"2020-09-20T12:16:40","slug":"yuzey-sogurucular","status":"publish","type":"page","link":"https:\/\/new.laserpoint.eu\/tr\/teknolojiler\/termopiller\/yuzey-sogurucular\/","title":{"rendered":"Y\u00fczey So\u011furucular"},"content":{"rendered":"<section class=\"wpb-content-wrapper\"><p>[vc_row][vc_column][vc_column_text]<\/p>\n<h2>Y\u00fczey So\u011furucular<\/h2>\n<p>Y\u00fczey so\u011furucular genellikle \u00f6zel maddelerden veya refrakter malzemelerden yap\u0131lma, s\u00fcbstratlar\u0131n \u00fczerine yerle\u015ftirilmi\u015f, \u0131s\u0131y\u0131 y\u00fcksek iletkenli\u011fe sahip metaller gibi kolay aktarabilen ince bir malzeme tabakas\u0131ndan olu\u015fur. Bunlar s\u00fcrekli dalga (CW) lazerlerde veya uzun at\u0131mlar (s\u00fcre <x id=\"gid_0\"><\/x>300\u03bcs) yayan di\u011fer kaynaklarda kullan\u0131l\u0131rlar. Radyasyonun neredeyse tamam\u0131 on ince tabaka i\u00e7inde so\u011furulur, termopile do\u011fru akan \u0131s\u0131 \u015feklinde sal\u0131n\u0131r.[\/vc_column_text][vc_single_image image=&#8221;775&#8243; img_size=&#8221;large&#8221; alignment=&#8221;center&#8221; css=&#8221;.vc_custom_1591773782550{padding-top: 20px !important;}&#8221;][\/vc_column][\/vc_row][vc_row][vc_column][vc_custom_heading text=&#8221;Termal Kafalar ve I\u015f\u0131n Konum Sens\u00f6rleri i\u00e7in So\u011furma ve Hasar E\u015fik E\u011frileri&#8221; use_theme_fonts=&#8221;yes&#8221;][vc_single_image image=&#8221;598&#8243; img_size=&#8221;large&#8221; alignment=&#8221;center&#8221;][vc_single_image image=&#8221;609&#8243; img_size=&#8221;large&#8221; alignment=&#8221;center&#8221;][\/vc_column][\/vc_row]<\/p>\n<\/section>","protected":false},"excerpt":{"rendered":"<p>[vc_row][vc_column][vc_column_text] Y\u00fczey So\u011furucular Y\u00fczey so\u011furucular genellikle \u00f6zel maddelerden veya refrakter malzemelerden yap\u0131lma, s\u00fcbstratlar\u0131n \u00fczerine yerle\u015ftirilmi\u015f, \u0131s\u0131y\u0131 y\u00fcksek iletkenli\u011fe sahip metaller gibi kolay aktarabilen ince bir malzeme tabakas\u0131ndan olu\u015fur. Bunlar s\u00fcrekli dalga (CW) lazerlerde veya uzun at\u0131mlar (s\u00fcre 300\u03bcs) yayan di\u011fer kaynaklarda kullan\u0131l\u0131rlar. Radyasyonun neredeyse tamam\u0131 on ince tabaka i\u00e7inde so\u011furulur, termopile do\u011fru akan \u0131s\u0131 \u015feklinde&hellip;<\/p>\n","protected":false},"author":1,"featured_media":0,"parent":14284,"menu_order":0,"comment_status":"closed","ping_status":"closed","template":"","meta":{"footnotes":""},"acf":[],"yoast_head":"<!-- This site is optimized with the Yoast SEO plugin v21.3 - https:\/\/yoast.com\/wordpress\/plugins\/seo\/ -->\n<title>Y\u00fczey So\u011furucular - Laserpoint<\/title>\n<meta name=\"robots\" content=\"noindex, follow, max-snippet:-1, max-image-preview:large, max-video-preview:-1\" \/>\n<meta property=\"og:locale\" content=\"tr_TR\" \/>\n<meta property=\"og:type\" content=\"article\" \/>\n<meta property=\"og:title\" content=\"Y\u00fczey So\u011furucular - Laserpoint\" \/>\n<meta property=\"og:description\" content=\"[vc_row][vc_column][vc_column_text] Y\u00fczey So\u011furucular Y\u00fczey so\u011furucular genellikle \u00f6zel maddelerden veya refrakter malzemelerden yap\u0131lma, s\u00fcbstratlar\u0131n \u00fczerine yerle\u015ftirilmi\u015f, \u0131s\u0131y\u0131 y\u00fcksek iletkenli\u011fe sahip metaller gibi kolay aktarabilen ince bir malzeme tabakas\u0131ndan olu\u015fur. Bunlar s\u00fcrekli dalga (CW) lazerlerde veya uzun at\u0131mlar (s\u00fcre 300\u03bcs) yayan di\u011fer kaynaklarda kullan\u0131l\u0131rlar. Radyasyonun neredeyse tamam\u0131 on ince tabaka i\u00e7inde so\u011furulur, termopile do\u011fru akan \u0131s\u0131 \u015feklinde&hellip;\" \/>\n<meta property=\"og:url\" content=\"https:\/\/new.laserpoint.eu\/tr\/teknolojiler\/termopiller\/yuzey-sogurucular\/\" \/>\n<meta property=\"og:site_name\" content=\"Laserpoint\" \/>\n<meta property=\"article:modified_time\" content=\"2020-09-20T12:16:40+00:00\" \/>\n<meta name=\"twitter:card\" content=\"summary_large_image\" \/>\n<meta name=\"twitter:label1\" content=\"Tahmini okuma s\u00fcresi\" \/>\n\t<meta name=\"twitter:data1\" content=\"1 dakika\" \/>\n<script type=\"application\/ld+json\" class=\"yoast-schema-graph\">{\"@context\":\"https:\/\/schema.org\",\"@graph\":[{\"@type\":\"WebPage\",\"@id\":\"https:\/\/new.laserpoint.eu\/tr\/teknolojiler\/termopiller\/yuzey-sogurucular\/\",\"url\":\"https:\/\/new.laserpoint.eu\/tr\/teknolojiler\/termopiller\/yuzey-sogurucular\/\",\"name\":\"Y\u00fczey So\u011furucular - Laserpoint\",\"isPartOf\":{\"@id\":\"https:\/\/new.laserpoint.eu\/tr\/#website\"},\"datePublished\":\"2020-09-20T12:16:39+00:00\",\"dateModified\":\"2020-09-20T12:16:40+00:00\",\"breadcrumb\":{\"@id\":\"https:\/\/new.laserpoint.eu\/tr\/teknolojiler\/termopiller\/yuzey-sogurucular\/#breadcrumb\"},\"inLanguage\":\"tr\",\"potentialAction\":[{\"@type\":\"ReadAction\",\"target\":[\"https:\/\/new.laserpoint.eu\/tr\/teknolojiler\/termopiller\/yuzey-sogurucular\/\"]}]},{\"@type\":\"BreadcrumbList\",\"@id\":\"https:\/\/new.laserpoint.eu\/tr\/teknolojiler\/termopiller\/yuzey-sogurucular\/#breadcrumb\",\"itemListElement\":[{\"@type\":\"ListItem\",\"position\":1,\"name\":\"Home\",\"item\":\"https:\/\/new.laserpoint.eu\/tr\/\"},{\"@type\":\"ListItem\",\"position\":2,\"name\":\"Teknolojiler\",\"item\":\"https:\/\/new.laserpoint.eu\/tr\/technologies\/\"},{\"@type\":\"ListItem\",\"position\":3,\"name\":\"Termopiller\",\"item\":\"https:\/\/new.laserpoint.eu\/tr\/technologies\/thermopiles\/\"},{\"@type\":\"ListItem\",\"position\":4,\"name\":\"Y\u00fczey So\u011furucular\"}]},{\"@type\":\"WebSite\",\"@id\":\"https:\/\/new.laserpoint.eu\/tr\/#website\",\"url\":\"https:\/\/new.laserpoint.eu\/tr\/\",\"name\":\"Laserpoint\",\"description\":\"Development and manufacturing of laser measurement instruments\",\"publisher\":{\"@id\":\"https:\/\/new.laserpoint.eu\/tr\/#organization\"},\"potentialAction\":[{\"@type\":\"SearchAction\",\"target\":{\"@type\":\"EntryPoint\",\"urlTemplate\":\"https:\/\/new.laserpoint.eu\/tr\/?s={search_term_string}\"},\"query-input\":\"required name=search_term_string\"}],\"inLanguage\":\"tr\"},{\"@type\":\"Organization\",\"@id\":\"https:\/\/new.laserpoint.eu\/tr\/#organization\",\"name\":\"Laserpoint\",\"url\":\"https:\/\/new.laserpoint.eu\/tr\/\",\"logo\":{\"@type\":\"ImageObject\",\"inLanguage\":\"tr\",\"@id\":\"https:\/\/new.laserpoint.eu\/tr\/#\/schema\/logo\/image\/\",\"url\":\"https:\/\/www.laserpoint.eu\/wp-content\/uploads\/laserpoint-logo.png\",\"contentUrl\":\"https:\/\/www.laserpoint.eu\/wp-content\/uploads\/laserpoint-logo.png\",\"width\":520,\"height\":84,\"caption\":\"Laserpoint\"},\"image\":{\"@id\":\"https:\/\/new.laserpoint.eu\/tr\/#\/schema\/logo\/image\/\"}}]}<\/script>\n<!-- \/ Yoast SEO plugin. -->","yoast_head_json":{"title":"Y\u00fczey So\u011furucular - Laserpoint","robots":{"index":"noindex","follow":"follow","max-snippet":"max-snippet:-1","max-image-preview":"max-image-preview:large","max-video-preview":"max-video-preview:-1"},"og_locale":"tr_TR","og_type":"article","og_title":"Y\u00fczey So\u011furucular - Laserpoint","og_description":"[vc_row][vc_column][vc_column_text] Y\u00fczey So\u011furucular Y\u00fczey so\u011furucular genellikle \u00f6zel maddelerden veya refrakter malzemelerden yap\u0131lma, s\u00fcbstratlar\u0131n \u00fczerine yerle\u015ftirilmi\u015f, \u0131s\u0131y\u0131 y\u00fcksek iletkenli\u011fe sahip metaller gibi kolay aktarabilen ince bir malzeme tabakas\u0131ndan olu\u015fur. Bunlar s\u00fcrekli dalga (CW) lazerlerde veya uzun at\u0131mlar (s\u00fcre 300\u03bcs) yayan di\u011fer kaynaklarda kullan\u0131l\u0131rlar. Radyasyonun neredeyse tamam\u0131 on ince tabaka i\u00e7inde so\u011furulur, termopile do\u011fru akan \u0131s\u0131 \u015feklinde&hellip;","og_url":"https:\/\/new.laserpoint.eu\/tr\/teknolojiler\/termopiller\/yuzey-sogurucular\/","og_site_name":"Laserpoint","article_modified_time":"2020-09-20T12:16:40+00:00","twitter_card":"summary_large_image","twitter_misc":{"Tahmini okuma s\u00fcresi":"1 dakika"},"schema":{"@context":"https:\/\/schema.org","@graph":[{"@type":"WebPage","@id":"https:\/\/new.laserpoint.eu\/tr\/teknolojiler\/termopiller\/yuzey-sogurucular\/","url":"https:\/\/new.laserpoint.eu\/tr\/teknolojiler\/termopiller\/yuzey-sogurucular\/","name":"Y\u00fczey So\u011furucular - Laserpoint","isPartOf":{"@id":"https:\/\/new.laserpoint.eu\/tr\/#website"},"datePublished":"2020-09-20T12:16:39+00:00","dateModified":"2020-09-20T12:16:40+00:00","breadcrumb":{"@id":"https:\/\/new.laserpoint.eu\/tr\/teknolojiler\/termopiller\/yuzey-sogurucular\/#breadcrumb"},"inLanguage":"tr","potentialAction":[{"@type":"ReadAction","target":["https:\/\/new.laserpoint.eu\/tr\/teknolojiler\/termopiller\/yuzey-sogurucular\/"]}]},{"@type":"BreadcrumbList","@id":"https:\/\/new.laserpoint.eu\/tr\/teknolojiler\/termopiller\/yuzey-sogurucular\/#breadcrumb","itemListElement":[{"@type":"ListItem","position":1,"name":"Home","item":"https:\/\/new.laserpoint.eu\/tr\/"},{"@type":"ListItem","position":2,"name":"Teknolojiler","item":"https:\/\/new.laserpoint.eu\/tr\/technologies\/"},{"@type":"ListItem","position":3,"name":"Termopiller","item":"https:\/\/new.laserpoint.eu\/tr\/technologies\/thermopiles\/"},{"@type":"ListItem","position":4,"name":"Y\u00fczey So\u011furucular"}]},{"@type":"WebSite","@id":"https:\/\/new.laserpoint.eu\/tr\/#website","url":"https:\/\/new.laserpoint.eu\/tr\/","name":"Laserpoint","description":"Development and manufacturing of laser measurement instruments","publisher":{"@id":"https:\/\/new.laserpoint.eu\/tr\/#organization"},"potentialAction":[{"@type":"SearchAction","target":{"@type":"EntryPoint","urlTemplate":"https:\/\/new.laserpoint.eu\/tr\/?s={search_term_string}"},"query-input":"required name=search_term_string"}],"inLanguage":"tr"},{"@type":"Organization","@id":"https:\/\/new.laserpoint.eu\/tr\/#organization","name":"Laserpoint","url":"https:\/\/new.laserpoint.eu\/tr\/","logo":{"@type":"ImageObject","inLanguage":"tr","@id":"https:\/\/new.laserpoint.eu\/tr\/#\/schema\/logo\/image\/","url":"https:\/\/www.laserpoint.eu\/wp-content\/uploads\/laserpoint-logo.png","contentUrl":"https:\/\/www.laserpoint.eu\/wp-content\/uploads\/laserpoint-logo.png","width":520,"height":84,"caption":"Laserpoint"},"image":{"@id":"https:\/\/new.laserpoint.eu\/tr\/#\/schema\/logo\/image\/"}}]}},"_links":{"self":[{"href":"https:\/\/new.laserpoint.eu\/tr\/wp-json\/wp\/v2\/pages\/14287"}],"collection":[{"href":"https:\/\/new.laserpoint.eu\/tr\/wp-json\/wp\/v2\/pages"}],"about":[{"href":"https:\/\/new.laserpoint.eu\/tr\/wp-json\/wp\/v2\/types\/page"}],"author":[{"embeddable":true,"href":"https:\/\/new.laserpoint.eu\/tr\/wp-json\/wp\/v2\/users\/1"}],"replies":[{"embeddable":true,"href":"https:\/\/new.laserpoint.eu\/tr\/wp-json\/wp\/v2\/comments?post=14287"}],"version-history":[{"count":2,"href":"https:\/\/new.laserpoint.eu\/tr\/wp-json\/wp\/v2\/pages\/14287\/revisions"}],"predecessor-version":[{"id":14289,"href":"https:\/\/new.laserpoint.eu\/tr\/wp-json\/wp\/v2\/pages\/14287\/revisions\/14289"}],"up":[{"embeddable":true,"href":"https:\/\/new.laserpoint.eu\/tr\/wp-json\/wp\/v2\/pages\/14284"}],"wp:attachment":[{"href":"https:\/\/new.laserpoint.eu\/tr\/wp-json\/wp\/v2\/media?parent=14287"}],"curies":[{"name":"wp","href":"https:\/\/api.w.org\/{rel}","templated":true}]}}