{"id":14278,"date":"2020-09-20T14:08:47","date_gmt":"2020-09-20T12:08:47","guid":{"rendered":"https:\/\/www.laserpoint.eu\/fotodiyotlar\/"},"modified":"2020-09-20T14:08:49","modified_gmt":"2020-09-20T12:08:49","slug":"fotodiyotlar","status":"publish","type":"page","link":"https:\/\/new.laserpoint.eu\/tr\/teknolojiler\/fotodiyotlar\/","title":{"rendered":"Fotodiyotlar"},"content":{"rendered":"<section class=\"wpb-content-wrapper\"><p>[vc_row type=&#8221;vc_default&#8221;][vc_column width=&#8221;1\/2&#8243;][vc_custom_heading text=&#8221;Fotodiyot Sens\u00f6rleri&#8221; use_theme_fonts=&#8221;yes&#8221;][vc_column_text]Fotodiyot Sens\u00f6rler lazer fotonlar\u0131n\u0131 y\u00fck ta\u015f\u0131y\u0131c\u0131lara (elektronlar ve delikler) d\u00f6n\u00fc\u015ft\u00fcr\u00fcr, bunlar daha sonras\u0131nda gerilim veya ak\u0131m olarak \u00f6l\u00e7\u00fcl\u00fcr. D\u00fc\u015f\u00fck g\u00fcr\u00fclt\u00fc ve y\u00fcksek duyarl\u0131l\u0131k \u00f6zelliklerine sahip olmalar\u0131 fotodiyotlar\u0131 \u00e7ok d\u00fc\u015f\u00fck \u0131\u015f\u0131k seviyelerini tespit etmeye uygun k\u0131lar, bu da s\u00fcrekli dalga (CW) lazerlerin d\u00fc\u015f\u00fck g\u00fc\u00e7 \u00f6l\u00e7\u00fcm\u00fc i\u00e7in ideal olmalar\u0131n\u0131 sa\u011flar. Termal sens\u00f6rlerle kar\u015f\u0131la\u015ft\u0131r\u0131ld\u0131klar\u0131nda Fotodiyotlar\u0131n \u00e7ok daha s\u0131n\u0131rl\u0131 spektral aral\u0131\u011f\u0131 ve daha d\u00fc\u015f\u00fck uzamsal de\u011fi\u015fmezli\u011fi vard\u0131r, bu da \u00e7ok k\u00fc\u00e7\u00fck \u0131\u015f\u0131nlar\u0131n veya detekt\u00f6r y\u00fczeyinde dengeli olmayan \u0131\u015f\u0131nlar\u0131n \u00f6l\u00e7\u00fcm tekrarlanabilirli\u011fini etkileyebilir. Genel olarak, Fotodiyot Sens\u00f6rler \u00e7ok d\u00fc\u015f\u00fck g\u00fc\u00e7 \u00f6l\u00e7\u00fcm\u00fc i\u00e7in ve h\u0131zl\u0131 yan\u0131t s\u00fcresi gerekli oldu\u011funda en iyi se\u00e7enektir. <\/p>\n<p>Fotodiyot sens\u00f6rlerin yakla\u015f\u0131k 1mW \/ cm<sup>2<\/sup> de\u011ferinde bir doygunluk s\u0131n\u0131r\u0131 vard\u0131r; daha y\u00fcksek g\u00fc\u00e7lerde \u00e7al\u0131\u015fmalar\u0131 i\u00e7in zay\u0131flat\u0131c\u0131 filtrelerin kullan\u0131lmas\u0131 gerekir. Laser Point firmas\u0131n\u0131n lazer g\u00fc\u00e7 \u00f6l\u00e7\u00fcm\u00fcne y\u00f6nelik Fotodiyot Sens\u00f6rleri serisi 500mW de\u011ferine kadarki g\u00fc\u00e7 aral\u0131klar\u0131n\u0131 ve mor \u00f6tesinden (UV) yak\u0131n k\u0131z\u0131l alt\u0131na (IR) kadar uzayan dalga boylar\u0131n\u0131 kapsamak \u00fczere tasarlanm\u0131\u015ft\u0131r. Bu sens\u00f6rler EM parazitlerine kar\u015f\u0131 geli\u015fmi\u015f kalkanlama sa\u011flayan ince bir kasada sunulurlar ve standart fiber optik ara ba\u011flant\u0131 kablolar\u0131na ba\u011flanmalar\u0131n\u0131 sa\u011flamak i\u00e7in bir fiber adapt\u00f6r tak\u0131m\u0131yla birlikte temin edilebilirler.[\/vc_column_text][\/vc_column][vc_column width=&#8221;1\/2&#8243;][vc_single_image image=&#8221;824&#8243; img_size=&#8221;large&#8221; alignment=&#8221;center&#8221; css=&#8221;.vc_custom_1591784193868{padding-top: 20px !important;padding-bottom: 20px !important;}&#8221;][\/vc_column][\/vc_row][vc_row][vc_column][vc_custom_heading text=&#8221;Fotodiyot Sens\u00f6rlerin Genel So\u011furma E\u011frileri&#8221; use_theme_fonts=&#8221;yes&#8221;][vc_single_image image=&#8221;601&#8243; img_size=&#8221;large&#8221; alignment=&#8221;center&#8221;][vc_single_image image=&#8221;602&#8243; img_size=&#8221;large&#8221; alignment=&#8221;center&#8221;][vc_single_image image=&#8221;603&#8243; img_size=&#8221;large&#8221; alignment=&#8221;center&#8221;][\/vc_column][\/vc_row]<\/p>\n<\/section>","protected":false},"excerpt":{"rendered":"<p>[vc_row type=&#8221;vc_default&#8221;][vc_column width=&#8221;1\/2&#8243;][vc_custom_heading text=&#8221;Fotodiyot Sens\u00f6rleri&#8221; use_theme_fonts=&#8221;yes&#8221;][vc_column_text]Fotodiyot Sens\u00f6rler lazer fotonlar\u0131n\u0131 y\u00fck ta\u015f\u0131y\u0131c\u0131lara (elektronlar ve delikler) d\u00f6n\u00fc\u015ft\u00fcr\u00fcr, bunlar daha sonras\u0131nda gerilim veya ak\u0131m olarak \u00f6l\u00e7\u00fcl\u00fcr. D\u00fc\u015f\u00fck g\u00fcr\u00fclt\u00fc ve y\u00fcksek duyarl\u0131l\u0131k \u00f6zelliklerine sahip olmalar\u0131 fotodiyotlar\u0131 \u00e7ok d\u00fc\u015f\u00fck \u0131\u015f\u0131k seviyelerini tespit etmeye uygun k\u0131lar, bu da s\u00fcrekli dalga (CW) lazerlerin d\u00fc\u015f\u00fck g\u00fc\u00e7 \u00f6l\u00e7\u00fcm\u00fc i\u00e7in ideal olmalar\u0131n\u0131 sa\u011flar. Termal sens\u00f6rlerle&hellip;<\/p>\n","protected":false},"author":1,"featured_media":5960,"parent":14540,"menu_order":0,"comment_status":"closed","ping_status":"closed","template":"","meta":{"footnotes":""},"acf":[],"yoast_head":"<!-- This site is optimized with the Yoast SEO plugin v21.3 - https:\/\/yoast.com\/wordpress\/plugins\/seo\/ -->\n<title>Fotodiyotlar - Laserpoint<\/title>\n<meta name=\"robots\" content=\"noindex, follow, max-snippet:-1, max-image-preview:large, max-video-preview:-1\" \/>\n<meta property=\"og:locale\" content=\"tr_TR\" \/>\n<meta property=\"og:type\" content=\"article\" \/>\n<meta property=\"og:title\" content=\"Fotodiyotlar - Laserpoint\" \/>\n<meta property=\"og:description\" content=\"[vc_row type=&#8221;vc_default&#8221;][vc_column width=&#8221;1\/2&#8243;][vc_custom_heading text=&#8221;Fotodiyot Sens\u00f6rleri&#8221; use_theme_fonts=&#8221;yes&#8221;][vc_column_text]Fotodiyot Sens\u00f6rler lazer fotonlar\u0131n\u0131 y\u00fck ta\u015f\u0131y\u0131c\u0131lara (elektronlar ve delikler) d\u00f6n\u00fc\u015ft\u00fcr\u00fcr, bunlar daha sonras\u0131nda gerilim veya ak\u0131m olarak \u00f6l\u00e7\u00fcl\u00fcr. D\u00fc\u015f\u00fck g\u00fcr\u00fclt\u00fc ve y\u00fcksek duyarl\u0131l\u0131k \u00f6zelliklerine sahip olmalar\u0131 fotodiyotlar\u0131 \u00e7ok d\u00fc\u015f\u00fck \u0131\u015f\u0131k seviyelerini tespit etmeye uygun k\u0131lar, bu da s\u00fcrekli dalga (CW) lazerlerin d\u00fc\u015f\u00fck g\u00fc\u00e7 \u00f6l\u00e7\u00fcm\u00fc i\u00e7in ideal olmalar\u0131n\u0131 sa\u011flar. Termal sens\u00f6rlerle&hellip;\" \/>\n<meta property=\"og:url\" content=\"https:\/\/new.laserpoint.eu\/tr\/teknolojiler\/fotodiyotlar\/\" \/>\n<meta property=\"og:site_name\" content=\"Laserpoint\" \/>\n<meta property=\"article:modified_time\" content=\"2020-09-20T12:08:49+00:00\" \/>\n<meta property=\"og:image\" content=\"https:\/\/new.laserpoint.eu\/wp-content\/uploads\/Product-2.jpg\" \/>\n\t<meta property=\"og:image:width\" content=\"960\" \/>\n\t<meta property=\"og:image:height\" content=\"960\" \/>\n\t<meta property=\"og:image:type\" content=\"image\/jpeg\" \/>\n<meta name=\"twitter:card\" content=\"summary_large_image\" \/>\n<meta name=\"twitter:label1\" content=\"Tahmini okuma s\u00fcresi\" \/>\n\t<meta name=\"twitter:data1\" content=\"2 dakika\" \/>\n<script type=\"application\/ld+json\" class=\"yoast-schema-graph\">{\"@context\":\"https:\/\/schema.org\",\"@graph\":[{\"@type\":\"WebPage\",\"@id\":\"https:\/\/new.laserpoint.eu\/tr\/teknolojiler\/fotodiyotlar\/\",\"url\":\"https:\/\/new.laserpoint.eu\/tr\/teknolojiler\/fotodiyotlar\/\",\"name\":\"Fotodiyotlar - Laserpoint\",\"isPartOf\":{\"@id\":\"https:\/\/new.laserpoint.eu\/tr\/#website\"},\"datePublished\":\"2020-09-20T12:08:47+00:00\",\"dateModified\":\"2020-09-20T12:08:49+00:00\",\"breadcrumb\":{\"@id\":\"https:\/\/new.laserpoint.eu\/tr\/teknolojiler\/fotodiyotlar\/#breadcrumb\"},\"inLanguage\":\"tr\",\"potentialAction\":[{\"@type\":\"ReadAction\",\"target\":[\"https:\/\/new.laserpoint.eu\/tr\/teknolojiler\/fotodiyotlar\/\"]}]},{\"@type\":\"BreadcrumbList\",\"@id\":\"https:\/\/new.laserpoint.eu\/tr\/teknolojiler\/fotodiyotlar\/#breadcrumb\",\"itemListElement\":[{\"@type\":\"ListItem\",\"position\":1,\"name\":\"Home\",\"item\":\"https:\/\/new.laserpoint.eu\/tr\/\"},{\"@type\":\"ListItem\",\"position\":2,\"name\":\"Teknolojiler\",\"item\":\"https:\/\/new.laserpoint.eu\/tr\/technologies\/\"},{\"@type\":\"ListItem\",\"position\":3,\"name\":\"Fotodiyotlar\"}]},{\"@type\":\"WebSite\",\"@id\":\"https:\/\/new.laserpoint.eu\/tr\/#website\",\"url\":\"https:\/\/new.laserpoint.eu\/tr\/\",\"name\":\"Laserpoint\",\"description\":\"Development and manufacturing of laser measurement instruments\",\"publisher\":{\"@id\":\"https:\/\/new.laserpoint.eu\/tr\/#organization\"},\"potentialAction\":[{\"@type\":\"SearchAction\",\"target\":{\"@type\":\"EntryPoint\",\"urlTemplate\":\"https:\/\/new.laserpoint.eu\/tr\/?s={search_term_string}\"},\"query-input\":\"required name=search_term_string\"}],\"inLanguage\":\"tr\"},{\"@type\":\"Organization\",\"@id\":\"https:\/\/new.laserpoint.eu\/tr\/#organization\",\"name\":\"Laserpoint\",\"url\":\"https:\/\/new.laserpoint.eu\/tr\/\",\"logo\":{\"@type\":\"ImageObject\",\"inLanguage\":\"tr\",\"@id\":\"https:\/\/new.laserpoint.eu\/tr\/#\/schema\/logo\/image\/\",\"url\":\"https:\/\/www.laserpoint.eu\/wp-content\/uploads\/laserpoint-logo.png\",\"contentUrl\":\"https:\/\/www.laserpoint.eu\/wp-content\/uploads\/laserpoint-logo.png\",\"width\":520,\"height\":84,\"caption\":\"Laserpoint\"},\"image\":{\"@id\":\"https:\/\/new.laserpoint.eu\/tr\/#\/schema\/logo\/image\/\"}}]}<\/script>\n<!-- \/ Yoast SEO plugin. -->","yoast_head_json":{"title":"Fotodiyotlar - Laserpoint","robots":{"index":"noindex","follow":"follow","max-snippet":"max-snippet:-1","max-image-preview":"max-image-preview:large","max-video-preview":"max-video-preview:-1"},"og_locale":"tr_TR","og_type":"article","og_title":"Fotodiyotlar - Laserpoint","og_description":"[vc_row type=&#8221;vc_default&#8221;][vc_column width=&#8221;1\/2&#8243;][vc_custom_heading text=&#8221;Fotodiyot Sens\u00f6rleri&#8221; use_theme_fonts=&#8221;yes&#8221;][vc_column_text]Fotodiyot Sens\u00f6rler lazer fotonlar\u0131n\u0131 y\u00fck ta\u015f\u0131y\u0131c\u0131lara (elektronlar ve delikler) d\u00f6n\u00fc\u015ft\u00fcr\u00fcr, bunlar daha sonras\u0131nda gerilim veya ak\u0131m olarak \u00f6l\u00e7\u00fcl\u00fcr. D\u00fc\u015f\u00fck g\u00fcr\u00fclt\u00fc ve y\u00fcksek duyarl\u0131l\u0131k \u00f6zelliklerine sahip olmalar\u0131 fotodiyotlar\u0131 \u00e7ok d\u00fc\u015f\u00fck \u0131\u015f\u0131k seviyelerini tespit etmeye uygun k\u0131lar, bu da s\u00fcrekli dalga (CW) lazerlerin d\u00fc\u015f\u00fck g\u00fc\u00e7 \u00f6l\u00e7\u00fcm\u00fc i\u00e7in ideal olmalar\u0131n\u0131 sa\u011flar. Termal sens\u00f6rlerle&hellip;","og_url":"https:\/\/new.laserpoint.eu\/tr\/teknolojiler\/fotodiyotlar\/","og_site_name":"Laserpoint","article_modified_time":"2020-09-20T12:08:49+00:00","og_image":[{"width":960,"height":960,"url":"https:\/\/new.laserpoint.eu\/wp-content\/uploads\/Product-2.jpg","type":"image\/jpeg"}],"twitter_card":"summary_large_image","twitter_misc":{"Tahmini okuma s\u00fcresi":"2 dakika"},"schema":{"@context":"https:\/\/schema.org","@graph":[{"@type":"WebPage","@id":"https:\/\/new.laserpoint.eu\/tr\/teknolojiler\/fotodiyotlar\/","url":"https:\/\/new.laserpoint.eu\/tr\/teknolojiler\/fotodiyotlar\/","name":"Fotodiyotlar - Laserpoint","isPartOf":{"@id":"https:\/\/new.laserpoint.eu\/tr\/#website"},"datePublished":"2020-09-20T12:08:47+00:00","dateModified":"2020-09-20T12:08:49+00:00","breadcrumb":{"@id":"https:\/\/new.laserpoint.eu\/tr\/teknolojiler\/fotodiyotlar\/#breadcrumb"},"inLanguage":"tr","potentialAction":[{"@type":"ReadAction","target":["https:\/\/new.laserpoint.eu\/tr\/teknolojiler\/fotodiyotlar\/"]}]},{"@type":"BreadcrumbList","@id":"https:\/\/new.laserpoint.eu\/tr\/teknolojiler\/fotodiyotlar\/#breadcrumb","itemListElement":[{"@type":"ListItem","position":1,"name":"Home","item":"https:\/\/new.laserpoint.eu\/tr\/"},{"@type":"ListItem","position":2,"name":"Teknolojiler","item":"https:\/\/new.laserpoint.eu\/tr\/technologies\/"},{"@type":"ListItem","position":3,"name":"Fotodiyotlar"}]},{"@type":"WebSite","@id":"https:\/\/new.laserpoint.eu\/tr\/#website","url":"https:\/\/new.laserpoint.eu\/tr\/","name":"Laserpoint","description":"Development and manufacturing of laser measurement instruments","publisher":{"@id":"https:\/\/new.laserpoint.eu\/tr\/#organization"},"potentialAction":[{"@type":"SearchAction","target":{"@type":"EntryPoint","urlTemplate":"https:\/\/new.laserpoint.eu\/tr\/?s={search_term_string}"},"query-input":"required name=search_term_string"}],"inLanguage":"tr"},{"@type":"Organization","@id":"https:\/\/new.laserpoint.eu\/tr\/#organization","name":"Laserpoint","url":"https:\/\/new.laserpoint.eu\/tr\/","logo":{"@type":"ImageObject","inLanguage":"tr","@id":"https:\/\/new.laserpoint.eu\/tr\/#\/schema\/logo\/image\/","url":"https:\/\/www.laserpoint.eu\/wp-content\/uploads\/laserpoint-logo.png","contentUrl":"https:\/\/www.laserpoint.eu\/wp-content\/uploads\/laserpoint-logo.png","width":520,"height":84,"caption":"Laserpoint"},"image":{"@id":"https:\/\/new.laserpoint.eu\/tr\/#\/schema\/logo\/image\/"}}]}},"_links":{"self":[{"href":"https:\/\/new.laserpoint.eu\/tr\/wp-json\/wp\/v2\/pages\/14278"}],"collection":[{"href":"https:\/\/new.laserpoint.eu\/tr\/wp-json\/wp\/v2\/pages"}],"about":[{"href":"https:\/\/new.laserpoint.eu\/tr\/wp-json\/wp\/v2\/types\/page"}],"author":[{"embeddable":true,"href":"https:\/\/new.laserpoint.eu\/tr\/wp-json\/wp\/v2\/users\/1"}],"replies":[{"embeddable":true,"href":"https:\/\/new.laserpoint.eu\/tr\/wp-json\/wp\/v2\/comments?post=14278"}],"version-history":[{"count":5,"href":"https:\/\/new.laserpoint.eu\/tr\/wp-json\/wp\/v2\/pages\/14278\/revisions"}],"predecessor-version":[{"id":14283,"href":"https:\/\/new.laserpoint.eu\/tr\/wp-json\/wp\/v2\/pages\/14278\/revisions\/14283"}],"up":[{"embeddable":true,"href":"https:\/\/new.laserpoint.eu\/tr\/wp-json\/wp\/v2\/pages\/14540"}],"wp:featuredmedia":[{"embeddable":true,"href":"https:\/\/new.laserpoint.eu\/tr\/wp-json\/wp\/v2\/media\/5960"}],"wp:attachment":[{"href":"https:\/\/new.laserpoint.eu\/tr\/wp-json\/wp\/v2\/media?parent=14278"}],"curies":[{"name":"wp","href":"https:\/\/api.w.org\/{rel}","templated":true}]}}