{"id":14258,"date":"2020-09-20T13:56:35","date_gmt":"2020-09-20T11:56:35","guid":{"rendered":"https:\/\/www.laserpoint.eu\/urunler\/siparis-kodunun-nasil-okunacagi\/"},"modified":"2020-09-20T13:56:44","modified_gmt":"2020-09-20T11:56:44","slug":"siparis-kodunun-nasil-okunacagi","status":"publish","type":"page","link":"https:\/\/new.laserpoint.eu\/tr\/siparis-kodunun-nasil-okunacagi\/","title":{"rendered":"Sipari\u015f Kodunun nas\u0131l okunaca\u011f\u0131"},"content":{"rendered":"<section class=\"wpb-content-wrapper\"><p>[vc_row][vc_column][vc_column_text]Sens\u00f6r se\u00e7imini kolayla\u015ft\u0131r\u0131p h\u0131zland\u0131rmak i\u00e7in bunlar\u0131 \u00f6zet olarak a\u00e7\u0131klayan kodlar olu\u015fturduk. Teklif al\u0131r veya sipari\u015f verirken kullan\u0131lacak tam kod hemen olu\u015fturulabilir ve kafalar ile nas\u0131l kullan\u0131lacaklar\u0131 konusunda kesin, \u00f6zet ve ku\u015fkuya yer b\u0131rakmayan bir a\u00e7\u0131klama verir; bu da Laser Point firmas\u0131n\u0131n size daha iyi, daha h\u0131zl\u0131 hizmet etmesini sa\u011flar. Katalogda bulabilece\u011finiz veya LP Explorer&#8217;da yer ald\u0131\u011f\u0131 gibi kafa kodlar\u0131 kafan\u0131n temel bilgilerini \u00f6zetleyen bir dize bildirir.[\/vc_column_text][vc_empty_space][vc_column_text]<\/p>\n<h2>TERMAL SENS\u00d6R KAFALARI<\/h2>\n<p>[\/vc_column_text][vc_single_image image=&#8221;4015&#8243; img_size=&#8221;large&#8221; alignment=&#8221;center&#8221; css=&#8221;.vc_custom_1591775082113{padding-top: 30px !important;}&#8221;][\/vc_column][\/vc_row][vc_row][vc_column][vc_column_text]<\/p>\n<h2>BLINK SER\u0130S\u0130 &#8211; Y\u00dcKSEK HIZLI SENS\u00d6R KAFALARI<\/h2>\n<p>[\/vc_column_text][vc_single_image image=&#8221;4017&#8243; img_size=&#8221;large&#8221;][\/vc_column][\/vc_row]<\/p>\n<\/section>","protected":false},"excerpt":{"rendered":"<p>[vc_row][vc_column][vc_column_text]Sens\u00f6r se\u00e7imini kolayla\u015ft\u0131r\u0131p h\u0131zland\u0131rmak i\u00e7in bunlar\u0131 \u00f6zet olarak a\u00e7\u0131klayan kodlar olu\u015fturduk. Teklif al\u0131r veya sipari\u015f verirken kullan\u0131lacak tam kod hemen olu\u015fturulabilir ve kafalar ile nas\u0131l kullan\u0131lacaklar\u0131 konusunda kesin, \u00f6zet ve ku\u015fkuya yer b\u0131rakmayan bir a\u00e7\u0131klama verir; bu da Laser Point firmas\u0131n\u0131n size daha iyi, daha h\u0131zl\u0131 hizmet etmesini sa\u011flar. Katalogda bulabilece\u011finiz veya LP Explorer&#8217;da yer&hellip;<\/p>\n","protected":false},"author":1,"featured_media":0,"parent":0,"menu_order":0,"comment_status":"closed","ping_status":"closed","template":"","meta":{"footnotes":""},"acf":[],"yoast_head":"<!-- This site is optimized with the Yoast SEO plugin v21.3 - https:\/\/yoast.com\/wordpress\/plugins\/seo\/ -->\n<title>Sipari\u015f Kodunun nas\u0131l okunaca\u011f\u0131 - Laserpoint<\/title>\n<meta name=\"robots\" content=\"noindex, nofollow\" \/>\n<meta property=\"og:locale\" content=\"tr_TR\" \/>\n<meta property=\"og:type\" content=\"article\" \/>\n<meta property=\"og:title\" content=\"Sipari\u015f Kodunun nas\u0131l okunaca\u011f\u0131 - Laserpoint\" \/>\n<meta property=\"og:description\" content=\"[vc_row][vc_column][vc_column_text]Sens\u00f6r se\u00e7imini kolayla\u015ft\u0131r\u0131p h\u0131zland\u0131rmak i\u00e7in bunlar\u0131 \u00f6zet olarak a\u00e7\u0131klayan kodlar olu\u015fturduk. Teklif al\u0131r veya sipari\u015f verirken kullan\u0131lacak tam kod hemen olu\u015fturulabilir ve kafalar ile nas\u0131l kullan\u0131lacaklar\u0131 konusunda kesin, \u00f6zet ve ku\u015fkuya yer b\u0131rakmayan bir a\u00e7\u0131klama verir; bu da Laser Point firmas\u0131n\u0131n size daha iyi, daha h\u0131zl\u0131 hizmet etmesini sa\u011flar. Katalogda bulabilece\u011finiz veya LP Explorer&#8217;da yer&hellip;\" \/>\n<meta property=\"og:url\" content=\"https:\/\/new.laserpoint.eu\/tr\/siparis-kodunun-nasil-okunacagi\/\" \/>\n<meta property=\"og:site_name\" content=\"Laserpoint\" \/>\n<meta property=\"article:modified_time\" content=\"2020-09-20T11:56:44+00:00\" \/>\n<meta name=\"twitter:card\" content=\"summary_large_image\" \/>\n<meta name=\"twitter:label1\" content=\"Tahmini okuma s\u00fcresi\" \/>\n\t<meta name=\"twitter:data1\" content=\"1 dakika\" \/>\n<script type=\"application\/ld+json\" class=\"yoast-schema-graph\">{\"@context\":\"https:\/\/schema.org\",\"@graph\":[{\"@type\":\"WebPage\",\"@id\":\"https:\/\/new.laserpoint.eu\/tr\/siparis-kodunun-nasil-okunacagi\/\",\"url\":\"https:\/\/new.laserpoint.eu\/tr\/siparis-kodunun-nasil-okunacagi\/\",\"name\":\"Sipari\u015f Kodunun nas\u0131l okunaca\u011f\u0131 - Laserpoint\",\"isPartOf\":{\"@id\":\"https:\/\/new.laserpoint.eu\/tr\/#website\"},\"datePublished\":\"2020-09-20T11:56:35+00:00\",\"dateModified\":\"2020-09-20T11:56:44+00:00\",\"breadcrumb\":{\"@id\":\"https:\/\/new.laserpoint.eu\/tr\/siparis-kodunun-nasil-okunacagi\/#breadcrumb\"},\"inLanguage\":\"tr\",\"potentialAction\":[{\"@type\":\"ReadAction\",\"target\":[\"https:\/\/new.laserpoint.eu\/tr\/siparis-kodunun-nasil-okunacagi\/\"]}]},{\"@type\":\"BreadcrumbList\",\"@id\":\"https:\/\/new.laserpoint.eu\/tr\/siparis-kodunun-nasil-okunacagi\/#breadcrumb\",\"itemListElement\":[{\"@type\":\"ListItem\",\"position\":1,\"name\":\"Home\",\"item\":\"https:\/\/new.laserpoint.eu\/tr\/\"},{\"@type\":\"ListItem\",\"position\":2,\"name\":\"Sipari\u015f Kodunun nas\u0131l okunaca\u011f\u0131\"}]},{\"@type\":\"WebSite\",\"@id\":\"https:\/\/new.laserpoint.eu\/tr\/#website\",\"url\":\"https:\/\/new.laserpoint.eu\/tr\/\",\"name\":\"Laserpoint\",\"description\":\"Development and manufacturing of laser measurement instruments\",\"publisher\":{\"@id\":\"https:\/\/new.laserpoint.eu\/tr\/#organization\"},\"potentialAction\":[{\"@type\":\"SearchAction\",\"target\":{\"@type\":\"EntryPoint\",\"urlTemplate\":\"https:\/\/new.laserpoint.eu\/tr\/?s={search_term_string}\"},\"query-input\":\"required name=search_term_string\"}],\"inLanguage\":\"tr\"},{\"@type\":\"Organization\",\"@id\":\"https:\/\/new.laserpoint.eu\/tr\/#organization\",\"name\":\"Laserpoint\",\"url\":\"https:\/\/new.laserpoint.eu\/tr\/\",\"logo\":{\"@type\":\"ImageObject\",\"inLanguage\":\"tr\",\"@id\":\"https:\/\/new.laserpoint.eu\/tr\/#\/schema\/logo\/image\/\",\"url\":\"https:\/\/www.laserpoint.eu\/wp-content\/uploads\/laserpoint-logo.png\",\"contentUrl\":\"https:\/\/www.laserpoint.eu\/wp-content\/uploads\/laserpoint-logo.png\",\"width\":520,\"height\":84,\"caption\":\"Laserpoint\"},\"image\":{\"@id\":\"https:\/\/new.laserpoint.eu\/tr\/#\/schema\/logo\/image\/\"}}]}<\/script>\n<!-- \/ Yoast SEO plugin. -->","yoast_head_json":{"title":"Sipari\u015f Kodunun nas\u0131l okunaca\u011f\u0131 - Laserpoint","robots":{"index":"noindex","follow":"nofollow"},"og_locale":"tr_TR","og_type":"article","og_title":"Sipari\u015f Kodunun nas\u0131l okunaca\u011f\u0131 - Laserpoint","og_description":"[vc_row][vc_column][vc_column_text]Sens\u00f6r se\u00e7imini kolayla\u015ft\u0131r\u0131p h\u0131zland\u0131rmak i\u00e7in bunlar\u0131 \u00f6zet olarak a\u00e7\u0131klayan kodlar olu\u015fturduk. Teklif al\u0131r veya sipari\u015f verirken kullan\u0131lacak tam kod hemen olu\u015fturulabilir ve kafalar ile nas\u0131l kullan\u0131lacaklar\u0131 konusunda kesin, \u00f6zet ve ku\u015fkuya yer b\u0131rakmayan bir a\u00e7\u0131klama verir; bu da Laser Point firmas\u0131n\u0131n size daha iyi, daha h\u0131zl\u0131 hizmet etmesini sa\u011flar. Katalogda bulabilece\u011finiz veya LP Explorer&#8217;da yer&hellip;","og_url":"https:\/\/new.laserpoint.eu\/tr\/siparis-kodunun-nasil-okunacagi\/","og_site_name":"Laserpoint","article_modified_time":"2020-09-20T11:56:44+00:00","twitter_card":"summary_large_image","twitter_misc":{"Tahmini okuma s\u00fcresi":"1 dakika"},"schema":{"@context":"https:\/\/schema.org","@graph":[{"@type":"WebPage","@id":"https:\/\/new.laserpoint.eu\/tr\/siparis-kodunun-nasil-okunacagi\/","url":"https:\/\/new.laserpoint.eu\/tr\/siparis-kodunun-nasil-okunacagi\/","name":"Sipari\u015f Kodunun nas\u0131l okunaca\u011f\u0131 - Laserpoint","isPartOf":{"@id":"https:\/\/new.laserpoint.eu\/tr\/#website"},"datePublished":"2020-09-20T11:56:35+00:00","dateModified":"2020-09-20T11:56:44+00:00","breadcrumb":{"@id":"https:\/\/new.laserpoint.eu\/tr\/siparis-kodunun-nasil-okunacagi\/#breadcrumb"},"inLanguage":"tr","potentialAction":[{"@type":"ReadAction","target":["https:\/\/new.laserpoint.eu\/tr\/siparis-kodunun-nasil-okunacagi\/"]}]},{"@type":"BreadcrumbList","@id":"https:\/\/new.laserpoint.eu\/tr\/siparis-kodunun-nasil-okunacagi\/#breadcrumb","itemListElement":[{"@type":"ListItem","position":1,"name":"Home","item":"https:\/\/new.laserpoint.eu\/tr\/"},{"@type":"ListItem","position":2,"name":"Sipari\u015f Kodunun nas\u0131l okunaca\u011f\u0131"}]},{"@type":"WebSite","@id":"https:\/\/new.laserpoint.eu\/tr\/#website","url":"https:\/\/new.laserpoint.eu\/tr\/","name":"Laserpoint","description":"Development and manufacturing of laser measurement instruments","publisher":{"@id":"https:\/\/new.laserpoint.eu\/tr\/#organization"},"potentialAction":[{"@type":"SearchAction","target":{"@type":"EntryPoint","urlTemplate":"https:\/\/new.laserpoint.eu\/tr\/?s={search_term_string}"},"query-input":"required name=search_term_string"}],"inLanguage":"tr"},{"@type":"Organization","@id":"https:\/\/new.laserpoint.eu\/tr\/#organization","name":"Laserpoint","url":"https:\/\/new.laserpoint.eu\/tr\/","logo":{"@type":"ImageObject","inLanguage":"tr","@id":"https:\/\/new.laserpoint.eu\/tr\/#\/schema\/logo\/image\/","url":"https:\/\/www.laserpoint.eu\/wp-content\/uploads\/laserpoint-logo.png","contentUrl":"https:\/\/www.laserpoint.eu\/wp-content\/uploads\/laserpoint-logo.png","width":520,"height":84,"caption":"Laserpoint"},"image":{"@id":"https:\/\/new.laserpoint.eu\/tr\/#\/schema\/logo\/image\/"}}]}},"_links":{"self":[{"href":"https:\/\/new.laserpoint.eu\/tr\/wp-json\/wp\/v2\/pages\/14258"}],"collection":[{"href":"https:\/\/new.laserpoint.eu\/tr\/wp-json\/wp\/v2\/pages"}],"about":[{"href":"https:\/\/new.laserpoint.eu\/tr\/wp-json\/wp\/v2\/types\/page"}],"author":[{"embeddable":true,"href":"https:\/\/new.laserpoint.eu\/tr\/wp-json\/wp\/v2\/users\/1"}],"replies":[{"embeddable":true,"href":"https:\/\/new.laserpoint.eu\/tr\/wp-json\/wp\/v2\/comments?post=14258"}],"version-history":[{"count":7,"href":"https:\/\/new.laserpoint.eu\/tr\/wp-json\/wp\/v2\/pages\/14258\/revisions"}],"predecessor-version":[{"id":14269,"href":"https:\/\/new.laserpoint.eu\/tr\/wp-json\/wp\/v2\/pages\/14258\/revisions\/14269"}],"wp:attachment":[{"href":"https:\/\/new.laserpoint.eu\/tr\/wp-json\/wp\/v2\/media?parent=14258"}],"curies":[{"name":"wp","href":"https:\/\/api.w.org\/{rel}","templated":true}]}}