{"id":49438,"date":"2021-04-16T08:19:59","date_gmt":"2021-07-08T08:25:27","guid":{"rendered":"https:\/\/www.laserpoint.eu\/sem%20categoria\/hsm-1000\/"},"modified":"2021-07-08T10:25:29","modified_gmt":"2021-07-08T08:25:29","slug":"hsm-1000","status":"publish","type":"product","link":"https:\/\/new.laserpoint.eu\/pt-br\/produtos\/medidores-de-sensores\/hsm-1000\/","title":{"rendered":"HSM-1000"},"content":{"rendered":"<section class=\"wpb-content-wrapper\"><p>[vc_row][vc_column width=&#8221;2\/3&#8243;][vc_column_text]<strong>Medidor de alta velocidade (HSM)<\/strong><\/p>\n<p>HSM \u00e9 um medidor de alta velocidade desenvolvido especificamente para conectar o sensor de alta velocidade Blink HS ao PC via Ethernet, para adquirir e exibir os dados dos trens de impulso a laser e realizar estat\u00edsticas sobre muitos par\u00e2metros do laser, como energia, pot\u00eancia, taxa de repeti\u00e7\u00e3o, energia de pico.<\/p>\n<p>HSM \u00e9 capaz de realizar a amostragem dos dados com uma taxa de amostragem de at\u00e9 500 Mamostras\/s para fornecer uma medi\u00e7\u00e3o de energia precisa de cada impulso ultracurto \u00fanico at\u00e9 uma taxa de repeti\u00e7\u00e3o de 1 MHz. \u00c9 adequado para lasers pulsados ultracurtos at\u00e9 a dura\u00e7\u00e3o do impulso de femtosegundo.<\/p>\n<p>HSM pode trabalhar de acordo com dois modos diferentes, o \u201cmodo Oscilosc\u00f3pio\u201d, permitindo a exibi\u00e7\u00e3o do trem de impulsos do laser no PC adquirido e os \u201cPar\u00e2metros em tempo\u201d, onde o usu\u00e1rio pode monitorar o comportamento de muitos par\u00e2metros diferentes do trem de impulsos do laser adquirido, como a energia de cada impulso, pot\u00eancia, taxa de repeti\u00e7\u00e3o e pot\u00eancia de pico. Uma interface gr\u00e1fica de usu\u00e1rio amig\u00e1vel (Blink-HS-GUI) \u00e9 fornecida com o HSM para exibir facilmente dados no PC usando os dois modos. A fonte de alimenta\u00e7\u00e3o externa para HSM \u00e9 de 12 V com corrente m\u00e1xima de 2 A. O sensor BlinkHS \u00e9 conectado ao HSM atrav\u00e9s de um cabo de microondas espec\u00edfico fornecido com o sensor. A resolu\u00e7\u00e3o de medi\u00e7\u00e3o de HSM (%, escala completa) \u00e9 de 0,1% com precis\u00e3o de medi\u00e7\u00e3o de +- 1%. Os conectores SMA de disparo IN e disparo OUT est\u00e3o dispon\u00edveis no painel frontal do HSM para permitir o acionamento das medi\u00e7\u00f5es HSM a partir de uma fonte de disparo externa ou para fornecer um sinal de disparo interno, respectivamente.[\/vc_column_text][\/vc_column][vc_column width=&#8221;1\/3&#8243;][vc_single_image image=&#8221;6991&#8243; img_size=&#8221;large&#8221;][vc_empty_space][vc_single_image image=&#8221;6493&#8243; img_size=&#8221;large&#8221; onclick=&#8221;link_image&#8221;][\/vc_column][\/vc_row][vc_row][vc_column width=&#8221;1\/3&#8243;][vc_single_image image=&#8221;7003&#8243; img_size=&#8221;large&#8221; onclick=&#8221;link_image&#8221;][\/vc_column][vc_column width=&#8221;1\/3&#8243;][vc_single_image image=&#8221;7009&#8243; img_size=&#8221;large&#8221; onclick=&#8221;link_image&#8221;][\/vc_column][vc_column width=&#8221;1\/3&#8243;][vc_single_image image=&#8221;7051&#8243; img_size=&#8221;large&#8221; onclick=&#8221;link_image&#8221;][\/vc_column][\/vc_row][vc_row][vc_column][vc_empty_space][vc_single_image image=&#8221;17938&#8243; img_size=&#8221;large&#8221;][\/vc_column][\/vc_row]<\/p>\n<\/section>","protected":false},"excerpt":{"rendered":"<p>[vc_row][vc_column width=&#8221;2\/3&#8243;][vc_column_text]Medidor de alta velocidade (HSM) HSM \u00e9 um medidor de alta velocidade desenvolvido especificamente para conectar o sensor de alta velocidade Blink HS ao PC via Ethernet, para adquirir e exibir os dados dos trens de impulso a laser e realizar estat\u00edsticas sobre muitos par\u00e2metros do laser, como energia, pot\u00eancia, taxa de repeti\u00e7\u00e3o, energia&hellip;<\/p>\n","protected":false},"featured_media":6991,"menu_order":0,"template":"","meta":[],"product_cat":[662],"product_tag":[],"acf":[],"yoast_head":"<!-- This site is optimized with the Yoast SEO plugin v21.3 - https:\/\/yoast.com\/wordpress\/plugins\/seo\/ -->\n<title>HSM-1000 - Laserpoint<\/title>\n<meta name=\"robots\" content=\"noindex, follow, max-snippet:-1, max-image-preview:large, max-video-preview:-1\" \/>\n<meta property=\"og:locale\" content=\"pt_BR\" \/>\n<meta property=\"og:type\" content=\"article\" \/>\n<meta property=\"og:title\" content=\"HSM-1000 - Laserpoint\" \/>\n<meta property=\"og:description\" content=\"[vc_row][vc_column width=&#8221;2\/3&#8243;][vc_column_text]Medidor de alta velocidade (HSM) HSM \u00e9 um medidor de alta velocidade desenvolvido especificamente para conectar o sensor de alta velocidade Blink HS ao PC via Ethernet, para adquirir e exibir os dados dos trens de impulso a laser e realizar estat\u00edsticas sobre muitos par\u00e2metros do laser, como energia, pot\u00eancia, taxa de repeti\u00e7\u00e3o, energia&hellip;\" \/>\n<meta property=\"og:url\" content=\"https:\/\/new.laserpoint.eu\/pt-br\/produtos\/medidores-de-sensores\/hsm-1000\/\" \/>\n<meta property=\"og:site_name\" content=\"Laserpoint\" \/>\n<meta property=\"article:modified_time\" content=\"2021-07-08T08:25:29+00:00\" \/>\n<meta property=\"og:image\" content=\"https:\/\/new.laserpoint.eu\/wp-content\/uploads\/HSM_Immagine_sfondo-bianco.jpg\" \/>\n\t<meta property=\"og:image:width\" content=\"646\" \/>\n\t<meta property=\"og:image:height\" content=\"329\" \/>\n\t<meta property=\"og:image:type\" content=\"image\/jpeg\" \/>\n<meta name=\"twitter:card\" content=\"summary_large_image\" \/>\n<meta name=\"twitter:label1\" content=\"Est. tempo de leitura\" \/>\n\t<meta name=\"twitter:data1\" content=\"2 minutos\" \/>\n<script type=\"application\/ld+json\" class=\"yoast-schema-graph\">{\"@context\":\"https:\/\/schema.org\",\"@graph\":[{\"@type\":\"WebPage\",\"@id\":\"https:\/\/new.laserpoint.eu\/pt-br\/produtos\/medidores-de-sensores\/hsm-1000\/\",\"url\":\"https:\/\/new.laserpoint.eu\/pt-br\/produtos\/medidores-de-sensores\/hsm-1000\/\",\"name\":\"HSM-1000 - Laserpoint\",\"isPartOf\":{\"@id\":\"https:\/\/new.laserpoint.eu\/pt-br\/#website\"},\"datePublished\":\"2021-07-08T08:25:27+00:00\",\"dateModified\":\"2021-07-08T08:25:29+00:00\",\"breadcrumb\":{\"@id\":\"https:\/\/new.laserpoint.eu\/pt-br\/produtos\/medidores-de-sensores\/hsm-1000\/#breadcrumb\"},\"inLanguage\":\"pt-BR\",\"potentialAction\":[{\"@type\":\"ReadAction\",\"target\":[\"https:\/\/new.laserpoint.eu\/pt-br\/produtos\/medidores-de-sensores\/hsm-1000\/\"]}]},{\"@type\":\"BreadcrumbList\",\"@id\":\"https:\/\/new.laserpoint.eu\/pt-br\/produtos\/medidores-de-sensores\/hsm-1000\/#breadcrumb\",\"itemListElement\":[{\"@type\":\"ListItem\",\"position\":1,\"name\":\"Home\",\"item\":\"https:\/\/new.laserpoint.eu\/pt-br\/\"},{\"@type\":\"ListItem\",\"position\":2,\"name\":\"Encontre produtos\",\"item\":\"https:\/\/new.laserpoint.eu\/pt-br\/encontre-produtos\/\"},{\"@type\":\"ListItem\",\"position\":3,\"name\":\"HSM-1000\"}]},{\"@type\":\"WebSite\",\"@id\":\"https:\/\/new.laserpoint.eu\/pt-br\/#website\",\"url\":\"https:\/\/new.laserpoint.eu\/pt-br\/\",\"name\":\"Laserpoint\",\"description\":\"Development and manufacturing of laser measurement instruments\",\"publisher\":{\"@id\":\"https:\/\/new.laserpoint.eu\/pt-br\/#organization\"},\"potentialAction\":[{\"@type\":\"SearchAction\",\"target\":{\"@type\":\"EntryPoint\",\"urlTemplate\":\"https:\/\/new.laserpoint.eu\/pt-br\/?s={search_term_string}\"},\"query-input\":\"required name=search_term_string\"}],\"inLanguage\":\"pt-BR\"},{\"@type\":\"Organization\",\"@id\":\"https:\/\/new.laserpoint.eu\/pt-br\/#organization\",\"name\":\"Laserpoint\",\"url\":\"https:\/\/new.laserpoint.eu\/pt-br\/\",\"logo\":{\"@type\":\"ImageObject\",\"inLanguage\":\"pt-BR\",\"@id\":\"https:\/\/new.laserpoint.eu\/pt-br\/#\/schema\/logo\/image\/\",\"url\":\"https:\/\/www.laserpoint.eu\/wp-content\/uploads\/laserpoint-logo.png\",\"contentUrl\":\"https:\/\/www.laserpoint.eu\/wp-content\/uploads\/laserpoint-logo.png\",\"width\":520,\"height\":84,\"caption\":\"Laserpoint\"},\"image\":{\"@id\":\"https:\/\/new.laserpoint.eu\/pt-br\/#\/schema\/logo\/image\/\"}}]}<\/script>\n<!-- \/ Yoast SEO plugin. -->","yoast_head_json":{"title":"HSM-1000 - Laserpoint","robots":{"index":"noindex","follow":"follow","max-snippet":"max-snippet:-1","max-image-preview":"max-image-preview:large","max-video-preview":"max-video-preview:-1"},"og_locale":"pt_BR","og_type":"article","og_title":"HSM-1000 - Laserpoint","og_description":"[vc_row][vc_column width=&#8221;2\/3&#8243;][vc_column_text]Medidor de alta velocidade (HSM) HSM \u00e9 um medidor de alta velocidade desenvolvido especificamente para conectar o sensor de alta velocidade Blink HS ao PC via Ethernet, para adquirir e exibir os dados dos trens de impulso a laser e realizar estat\u00edsticas sobre muitos par\u00e2metros do laser, como energia, pot\u00eancia, taxa de repeti\u00e7\u00e3o, energia&hellip;","og_url":"https:\/\/new.laserpoint.eu\/pt-br\/produtos\/medidores-de-sensores\/hsm-1000\/","og_site_name":"Laserpoint","article_modified_time":"2021-07-08T08:25:29+00:00","og_image":[{"width":646,"height":329,"url":"https:\/\/new.laserpoint.eu\/wp-content\/uploads\/HSM_Immagine_sfondo-bianco.jpg","type":"image\/jpeg"}],"twitter_card":"summary_large_image","twitter_misc":{"Est. tempo de leitura":"2 minutos"},"schema":{"@context":"https:\/\/schema.org","@graph":[{"@type":"WebPage","@id":"https:\/\/new.laserpoint.eu\/pt-br\/produtos\/medidores-de-sensores\/hsm-1000\/","url":"https:\/\/new.laserpoint.eu\/pt-br\/produtos\/medidores-de-sensores\/hsm-1000\/","name":"HSM-1000 - Laserpoint","isPartOf":{"@id":"https:\/\/new.laserpoint.eu\/pt-br\/#website"},"datePublished":"2021-07-08T08:25:27+00:00","dateModified":"2021-07-08T08:25:29+00:00","breadcrumb":{"@id":"https:\/\/new.laserpoint.eu\/pt-br\/produtos\/medidores-de-sensores\/hsm-1000\/#breadcrumb"},"inLanguage":"pt-BR","potentialAction":[{"@type":"ReadAction","target":["https:\/\/new.laserpoint.eu\/pt-br\/produtos\/medidores-de-sensores\/hsm-1000\/"]}]},{"@type":"BreadcrumbList","@id":"https:\/\/new.laserpoint.eu\/pt-br\/produtos\/medidores-de-sensores\/hsm-1000\/#breadcrumb","itemListElement":[{"@type":"ListItem","position":1,"name":"Home","item":"https:\/\/new.laserpoint.eu\/pt-br\/"},{"@type":"ListItem","position":2,"name":"Encontre produtos","item":"https:\/\/new.laserpoint.eu\/pt-br\/encontre-produtos\/"},{"@type":"ListItem","position":3,"name":"HSM-1000"}]},{"@type":"WebSite","@id":"https:\/\/new.laserpoint.eu\/pt-br\/#website","url":"https:\/\/new.laserpoint.eu\/pt-br\/","name":"Laserpoint","description":"Development and manufacturing of laser measurement instruments","publisher":{"@id":"https:\/\/new.laserpoint.eu\/pt-br\/#organization"},"potentialAction":[{"@type":"SearchAction","target":{"@type":"EntryPoint","urlTemplate":"https:\/\/new.laserpoint.eu\/pt-br\/?s={search_term_string}"},"query-input":"required name=search_term_string"}],"inLanguage":"pt-BR"},{"@type":"Organization","@id":"https:\/\/new.laserpoint.eu\/pt-br\/#organization","name":"Laserpoint","url":"https:\/\/new.laserpoint.eu\/pt-br\/","logo":{"@type":"ImageObject","inLanguage":"pt-BR","@id":"https:\/\/new.laserpoint.eu\/pt-br\/#\/schema\/logo\/image\/","url":"https:\/\/www.laserpoint.eu\/wp-content\/uploads\/laserpoint-logo.png","contentUrl":"https:\/\/www.laserpoint.eu\/wp-content\/uploads\/laserpoint-logo.png","width":520,"height":84,"caption":"Laserpoint"},"image":{"@id":"https:\/\/new.laserpoint.eu\/pt-br\/#\/schema\/logo\/image\/"}}]}},"_links":{"self":[{"href":"https:\/\/new.laserpoint.eu\/pt-br\/wp-json\/wp\/v2\/product\/49438"}],"collection":[{"href":"https:\/\/new.laserpoint.eu\/pt-br\/wp-json\/wp\/v2\/product"}],"about":[{"href":"https:\/\/new.laserpoint.eu\/pt-br\/wp-json\/wp\/v2\/types\/product"}],"wp:featuredmedia":[{"embeddable":true,"href":"https:\/\/new.laserpoint.eu\/pt-br\/wp-json\/wp\/v2\/media\/6991"}],"wp:attachment":[{"href":"https:\/\/new.laserpoint.eu\/pt-br\/wp-json\/wp\/v2\/media?parent=49438"}],"wp:term":[{"taxonomy":"product_cat","embeddable":true,"href":"https:\/\/new.laserpoint.eu\/pt-br\/wp-json\/wp\/v2\/product_cat?post=49438"},{"taxonomy":"product_tag","embeddable":true,"href":"https:\/\/new.laserpoint.eu\/pt-br\/wp-json\/wp\/v2\/product_tag?post=49438"}],"curies":[{"name":"wp","href":"https:\/\/api.w.org\/{rel}","templated":true}]}}