{"id":50517,"date":"2021-11-08T12:29:52","date_gmt":"2021-11-08T11:29:52","guid":{"rendered":"https:\/\/www.laserpoint.eu\/laserpoint-e-o-meio-ambiente-rohs-wee\/"},"modified":"2021-11-08T12:29:53","modified_gmt":"2021-11-08T11:29:53","slug":"laserpoint-e-o-meio-ambiente-rohs-wee","status":"publish","type":"page","link":"https:\/\/new.laserpoint.eu\/pt-br\/laserpoint-e-o-meio-ambiente-rohs-wee\/","title":{"rendered":"LaserPoint e o meio ambiente: RoHS, WEEE"},"content":{"rendered":"<section class=\"wpb-content-wrapper\"><p>[vc_row][vc_column][vc_column_text]A LaserPoint tem extremo cuidado com o meio ambiente e, como fabricante europeu, cumpriu essas diretrizes relacionadas assim que a Uni\u00e3o Europeia as emitiu.<br \/>\nTodos os produtos LaserPoint s\u00e3o compat\u00edveis com RoHS.<br \/>\nA diretiva RoHS (Restri\u00e7\u00e3o de Subst\u00e2ncias Perigosas) teve origem na Uni\u00e3o Europeia para restringir o uso de quatro metais pesados (chumbo, c\u00e1dmio, merc\u00fario, cromo hexavalente) e duas categorias de retardadores de chama bromados (PBBs e PBDEs). A norma RoHS especifica os n\u00edveis m\u00e1ximos para os seis materiais acima.<\/p>\n<p><img decoding=\"async\" loading=\"lazy\" class=\"alignleft\" src=\"https:\/\/www.laserpoint.eu\/wp-content\/uploads\/cert-rohs-compliant.png\" alt=\"Certificado RoHS\" width=\"190\" height=\"280\">A RoHS impede que, todos os anos, muitos milhares de toneladas de subst\u00e2ncias proibidas sejam eliminadas e potencialmente liberadas para o ambiente, com um aumento substancial da prote\u00e7\u00e3o da sa\u00fade humana. Ao mesmo tempo, ao aumentar a conscientiza\u00e7\u00e3o dos fabricantes sobre a composi\u00e7\u00e3o e a toxicidade do produto, esta trouxe mudan\u00e7as importantes no design de produtos el\u00e9tricos e eletr\u00f4nicos. <\/p>\n<p>WEEE (Waste from Electrical and Electronic Equipment) \u00e9 a sigla para Res\u00edduos de Equipamentos El\u00e9tricos e Eletr\u00f4nicos (Diretiva 2002\/96\/CE do Parlamento Europeu).<br \/>\nWEEE dirigem o tratamento, a valoriza\u00e7\u00e3o e a reciclagem de equipamentos el\u00e9tricos e eletr\u00f4nicos e visam incentivar a concep\u00e7\u00e3o de produtos eletr\u00f4nicos tendo em mente a reciclagem e a valoriza\u00e7\u00e3o ambientalmente seguras.<br \/>\nTodos os produtos aplic\u00e1veis no mercado da UE devem passar pela conformidade com WEEE e levar a etiqueta de &#8220;Lixo barrado&#8221;-&#8220;Wheelie Bin&#8221;.<br \/>\nRoHS regula as subst\u00e2ncias perigosas usadas em equipamentos el\u00e9tricos e eletr\u00f4nicos, enquanto WEEE regulam a elimina\u00e7\u00e3o desse mesmo equipamento.[\/vc_column_text][\/vc_column][\/vc_row]<\/p>\n<\/section>","protected":false},"excerpt":{"rendered":"<p>[vc_row][vc_column][vc_column_text]A LaserPoint tem extremo cuidado com o meio ambiente e, como fabricante europeu, cumpriu essas diretrizes relacionadas assim que a Uni\u00e3o Europeia as emitiu. Todos os produtos LaserPoint s\u00e3o compat\u00edveis com RoHS. A diretiva RoHS (Restri\u00e7\u00e3o de Subst\u00e2ncias Perigosas) teve origem na Uni\u00e3o Europeia para restringir o uso de quatro metais pesados (chumbo, c\u00e1dmio, merc\u00fario,&hellip;<\/p>\n","protected":false},"author":1,"featured_media":0,"parent":0,"menu_order":0,"comment_status":"closed","ping_status":"closed","template":"","meta":{"footnotes":""},"acf":[],"yoast_head":"<!-- This site is optimized with the Yoast SEO plugin v21.3 - https:\/\/yoast.com\/wordpress\/plugins\/seo\/ -->\n<title>LaserPoint e o meio ambiente: RoHS, WEEE - Laserpoint<\/title>\n<meta name=\"robots\" content=\"noindex, follow, max-snippet:-1, max-image-preview:large, max-video-preview:-1\" \/>\n<meta property=\"og:locale\" content=\"pt_BR\" \/>\n<meta property=\"og:type\" content=\"article\" \/>\n<meta property=\"og:title\" content=\"LaserPoint e o meio ambiente: RoHS, WEEE - Laserpoint\" \/>\n<meta property=\"og:description\" content=\"[vc_row][vc_column][vc_column_text]A LaserPoint tem extremo cuidado com o meio ambiente e, como fabricante europeu, cumpriu essas diretrizes relacionadas assim que a Uni\u00e3o Europeia as emitiu. Todos os produtos LaserPoint s\u00e3o compat\u00edveis com RoHS. A diretiva RoHS (Restri\u00e7\u00e3o de Subst\u00e2ncias Perigosas) teve origem na Uni\u00e3o Europeia para restringir o uso de quatro metais pesados (chumbo, c\u00e1dmio, merc\u00fario,&hellip;\" \/>\n<meta property=\"og:url\" content=\"https:\/\/new.laserpoint.eu\/pt-br\/laserpoint-e-o-meio-ambiente-rohs-wee\/\" \/>\n<meta property=\"og:site_name\" content=\"Laserpoint\" \/>\n<meta property=\"article:modified_time\" content=\"2021-11-08T11:29:53+00:00\" \/>\n<meta property=\"og:image\" content=\"https:\/\/www.laserpoint.eu\/wp-content\/uploads\/cert-rohs-compliant.png\" \/>\n<meta name=\"twitter:card\" content=\"summary_large_image\" \/>\n<meta name=\"twitter:label1\" content=\"Est. tempo de leitura\" \/>\n\t<meta name=\"twitter:data1\" content=\"1 minuto\" \/>\n<script type=\"application\/ld+json\" class=\"yoast-schema-graph\">{\"@context\":\"https:\/\/schema.org\",\"@graph\":[{\"@type\":\"WebPage\",\"@id\":\"https:\/\/new.laserpoint.eu\/pt-br\/laserpoint-e-o-meio-ambiente-rohs-wee\/\",\"url\":\"https:\/\/new.laserpoint.eu\/pt-br\/laserpoint-e-o-meio-ambiente-rohs-wee\/\",\"name\":\"LaserPoint e o meio ambiente: RoHS, WEEE - Laserpoint\",\"isPartOf\":{\"@id\":\"https:\/\/new.laserpoint.eu\/pt-br\/#website\"},\"datePublished\":\"2021-11-08T11:29:52+00:00\",\"dateModified\":\"2021-11-08T11:29:53+00:00\",\"breadcrumb\":{\"@id\":\"https:\/\/new.laserpoint.eu\/pt-br\/laserpoint-e-o-meio-ambiente-rohs-wee\/#breadcrumb\"},\"inLanguage\":\"pt-BR\",\"potentialAction\":[{\"@type\":\"ReadAction\",\"target\":[\"https:\/\/new.laserpoint.eu\/pt-br\/laserpoint-e-o-meio-ambiente-rohs-wee\/\"]}]},{\"@type\":\"BreadcrumbList\",\"@id\":\"https:\/\/new.laserpoint.eu\/pt-br\/laserpoint-e-o-meio-ambiente-rohs-wee\/#breadcrumb\",\"itemListElement\":[{\"@type\":\"ListItem\",\"position\":1,\"name\":\"Home\",\"item\":\"https:\/\/new.laserpoint.eu\/pt-br\/\"},{\"@type\":\"ListItem\",\"position\":2,\"name\":\"LaserPoint e o meio ambiente: RoHS, WEEE\"}]},{\"@type\":\"WebSite\",\"@id\":\"https:\/\/new.laserpoint.eu\/pt-br\/#website\",\"url\":\"https:\/\/new.laserpoint.eu\/pt-br\/\",\"name\":\"Laserpoint\",\"description\":\"Development and manufacturing of laser measurement instruments\",\"publisher\":{\"@id\":\"https:\/\/new.laserpoint.eu\/pt-br\/#organization\"},\"potentialAction\":[{\"@type\":\"SearchAction\",\"target\":{\"@type\":\"EntryPoint\",\"urlTemplate\":\"https:\/\/new.laserpoint.eu\/pt-br\/?s={search_term_string}\"},\"query-input\":\"required name=search_term_string\"}],\"inLanguage\":\"pt-BR\"},{\"@type\":\"Organization\",\"@id\":\"https:\/\/new.laserpoint.eu\/pt-br\/#organization\",\"name\":\"Laserpoint\",\"url\":\"https:\/\/new.laserpoint.eu\/pt-br\/\",\"logo\":{\"@type\":\"ImageObject\",\"inLanguage\":\"pt-BR\",\"@id\":\"https:\/\/new.laserpoint.eu\/pt-br\/#\/schema\/logo\/image\/\",\"url\":\"https:\/\/www.laserpoint.eu\/wp-content\/uploads\/laserpoint-logo.png\",\"contentUrl\":\"https:\/\/www.laserpoint.eu\/wp-content\/uploads\/laserpoint-logo.png\",\"width\":520,\"height\":84,\"caption\":\"Laserpoint\"},\"image\":{\"@id\":\"https:\/\/new.laserpoint.eu\/pt-br\/#\/schema\/logo\/image\/\"}}]}<\/script>\n<!-- \/ Yoast SEO plugin. -->","yoast_head_json":{"title":"LaserPoint e o meio ambiente: RoHS, WEEE - Laserpoint","robots":{"index":"noindex","follow":"follow","max-snippet":"max-snippet:-1","max-image-preview":"max-image-preview:large","max-video-preview":"max-video-preview:-1"},"og_locale":"pt_BR","og_type":"article","og_title":"LaserPoint e o meio ambiente: RoHS, WEEE - Laserpoint","og_description":"[vc_row][vc_column][vc_column_text]A LaserPoint tem extremo cuidado com o meio ambiente e, como fabricante europeu, cumpriu essas diretrizes relacionadas assim que a Uni\u00e3o Europeia as emitiu. Todos os produtos LaserPoint s\u00e3o compat\u00edveis com RoHS. A diretiva RoHS (Restri\u00e7\u00e3o de Subst\u00e2ncias Perigosas) teve origem na Uni\u00e3o Europeia para restringir o uso de quatro metais pesados (chumbo, c\u00e1dmio, merc\u00fario,&hellip;","og_url":"https:\/\/new.laserpoint.eu\/pt-br\/laserpoint-e-o-meio-ambiente-rohs-wee\/","og_site_name":"Laserpoint","article_modified_time":"2021-11-08T11:29:53+00:00","og_image":[{"url":"https:\/\/www.laserpoint.eu\/wp-content\/uploads\/cert-rohs-compliant.png"}],"twitter_card":"summary_large_image","twitter_misc":{"Est. tempo de leitura":"1 minuto"},"schema":{"@context":"https:\/\/schema.org","@graph":[{"@type":"WebPage","@id":"https:\/\/new.laserpoint.eu\/pt-br\/laserpoint-e-o-meio-ambiente-rohs-wee\/","url":"https:\/\/new.laserpoint.eu\/pt-br\/laserpoint-e-o-meio-ambiente-rohs-wee\/","name":"LaserPoint e o meio ambiente: RoHS, WEEE - Laserpoint","isPartOf":{"@id":"https:\/\/new.laserpoint.eu\/pt-br\/#website"},"datePublished":"2021-11-08T11:29:52+00:00","dateModified":"2021-11-08T11:29:53+00:00","breadcrumb":{"@id":"https:\/\/new.laserpoint.eu\/pt-br\/laserpoint-e-o-meio-ambiente-rohs-wee\/#breadcrumb"},"inLanguage":"pt-BR","potentialAction":[{"@type":"ReadAction","target":["https:\/\/new.laserpoint.eu\/pt-br\/laserpoint-e-o-meio-ambiente-rohs-wee\/"]}]},{"@type":"BreadcrumbList","@id":"https:\/\/new.laserpoint.eu\/pt-br\/laserpoint-e-o-meio-ambiente-rohs-wee\/#breadcrumb","itemListElement":[{"@type":"ListItem","position":1,"name":"Home","item":"https:\/\/new.laserpoint.eu\/pt-br\/"},{"@type":"ListItem","position":2,"name":"LaserPoint e o meio ambiente: RoHS, WEEE"}]},{"@type":"WebSite","@id":"https:\/\/new.laserpoint.eu\/pt-br\/#website","url":"https:\/\/new.laserpoint.eu\/pt-br\/","name":"Laserpoint","description":"Development and manufacturing of laser measurement instruments","publisher":{"@id":"https:\/\/new.laserpoint.eu\/pt-br\/#organization"},"potentialAction":[{"@type":"SearchAction","target":{"@type":"EntryPoint","urlTemplate":"https:\/\/new.laserpoint.eu\/pt-br\/?s={search_term_string}"},"query-input":"required name=search_term_string"}],"inLanguage":"pt-BR"},{"@type":"Organization","@id":"https:\/\/new.laserpoint.eu\/pt-br\/#organization","name":"Laserpoint","url":"https:\/\/new.laserpoint.eu\/pt-br\/","logo":{"@type":"ImageObject","inLanguage":"pt-BR","@id":"https:\/\/new.laserpoint.eu\/pt-br\/#\/schema\/logo\/image\/","url":"https:\/\/www.laserpoint.eu\/wp-content\/uploads\/laserpoint-logo.png","contentUrl":"https:\/\/www.laserpoint.eu\/wp-content\/uploads\/laserpoint-logo.png","width":520,"height":84,"caption":"Laserpoint"},"image":{"@id":"https:\/\/new.laserpoint.eu\/pt-br\/#\/schema\/logo\/image\/"}}]}},"_links":{"self":[{"href":"https:\/\/new.laserpoint.eu\/pt-br\/wp-json\/wp\/v2\/pages\/50517"}],"collection":[{"href":"https:\/\/new.laserpoint.eu\/pt-br\/wp-json\/wp\/v2\/pages"}],"about":[{"href":"https:\/\/new.laserpoint.eu\/pt-br\/wp-json\/wp\/v2\/types\/page"}],"author":[{"embeddable":true,"href":"https:\/\/new.laserpoint.eu\/pt-br\/wp-json\/wp\/v2\/users\/1"}],"replies":[{"embeddable":true,"href":"https:\/\/new.laserpoint.eu\/pt-br\/wp-json\/wp\/v2\/comments?post=50517"}],"version-history":[{"count":2,"href":"https:\/\/new.laserpoint.eu\/pt-br\/wp-json\/wp\/v2\/pages\/50517\/revisions"}],"predecessor-version":[{"id":50519,"href":"https:\/\/new.laserpoint.eu\/pt-br\/wp-json\/wp\/v2\/pages\/50517\/revisions\/50519"}],"wp:attachment":[{"href":"https:\/\/new.laserpoint.eu\/pt-br\/wp-json\/wp\/v2\/media?parent=50517"}],"curies":[{"name":"wp","href":"https:\/\/api.w.org\/{rel}","templated":true}]}}