{"id":13541,"date":"2020-09-14T17:27:32","date_gmt":"2020-09-14T15:27:32","guid":{"rendered":"https:\/\/www.laserpoint.eu\/termopilhas\/optica-de-desfocagem-para-alta-densidade-de-energia\/"},"modified":"2020-09-14T17:27:35","modified_gmt":"2020-09-14T15:27:35","slug":"optica-de-desfocagem-para-alta-densidade-de-energia","status":"publish","type":"page","link":"https:\/\/new.laserpoint.eu\/pt-br\/tecnologias\/termopilhas\/optica-de-desfocagem-para-alta-densidade-de-energia\/","title":{"rendered":"\u00d3ptica de desfocagem para alta densidade de energia"},"content":{"rendered":"<section class=\"wpb-content-wrapper\"><p>[vc_row][vc_column][vc_custom_heading text=&#8221;Curvas de limiar de absor\u00e7\u00e3o e dano para cabe\u00e7as de laser de alta densidade de energia&#8221; use_theme_fonts=&#8221;yes&#8221;][vc_single_image image=&#8221;600&#8243; img_size=&#8221;large&#8221; alignment=&#8221;center&#8221;][vc_single_image image=&#8221;596&#8243; img_size=&#8221;large&#8221; alignment=&#8221;center&#8221;][vc_single_image image=&#8221;597&#8243; img_size=&#8221;large&#8221; alignment=&#8221;center&#8221;][\/vc_column][\/vc_row]<\/p>\n<\/section>","protected":false},"excerpt":{"rendered":"<p>[vc_row][vc_column][vc_custom_heading text=&#8221;Curvas de limiar de absor\u00e7\u00e3o e dano para cabe\u00e7as de laser de alta densidade de energia&#8221; use_theme_fonts=&#8221;yes&#8221;][vc_single_image image=&#8221;600&#8243; img_size=&#8221;large&#8221; alignment=&#8221;center&#8221;][vc_single_image image=&#8221;596&#8243; img_size=&#8221;large&#8221; alignment=&#8221;center&#8221;][vc_single_image image=&#8221;597&#8243; img_size=&#8221;large&#8221; alignment=&#8221;center&#8221;][\/vc_column][\/vc_row]<\/p>\n","protected":false},"author":1,"featured_media":0,"parent":13304,"menu_order":0,"comment_status":"closed","ping_status":"closed","template":"","meta":{"footnotes":""},"acf":[],"yoast_head":"<!-- This site is optimized with the Yoast SEO plugin v21.3 - https:\/\/yoast.com\/wordpress\/plugins\/seo\/ -->\n<title>\u00d3ptica de desfocagem para alta densidade de energia - Laserpoint<\/title>\n<meta name=\"robots\" content=\"noindex, follow, max-snippet:-1, max-image-preview:large, max-video-preview:-1\" \/>\n<meta property=\"og:locale\" content=\"pt_BR\" \/>\n<meta property=\"og:type\" content=\"article\" \/>\n<meta property=\"og:title\" content=\"\u00d3ptica de desfocagem para alta densidade de energia - Laserpoint\" \/>\n<meta property=\"og:description\" content=\"[vc_row][vc_column][vc_custom_heading text=&#8221;Curvas de limiar de absor\u00e7\u00e3o e dano para cabe\u00e7as de laser de alta densidade de energia&#8221; use_theme_fonts=&#8221;yes&#8221;][vc_single_image image=&#8221;600&#8243; img_size=&#8221;large&#8221; alignment=&#8221;center&#8221;][vc_single_image image=&#8221;596&#8243; img_size=&#8221;large&#8221; alignment=&#8221;center&#8221;][vc_single_image image=&#8221;597&#8243; img_size=&#8221;large&#8221; alignment=&#8221;center&#8221;][\/vc_column][\/vc_row]\" \/>\n<meta property=\"og:url\" content=\"https:\/\/new.laserpoint.eu\/pt-br\/tecnologias\/termopilhas\/optica-de-desfocagem-para-alta-densidade-de-energia\/\" \/>\n<meta property=\"og:site_name\" content=\"Laserpoint\" \/>\n<meta property=\"article:modified_time\" content=\"2020-09-14T15:27:35+00:00\" \/>\n<meta name=\"twitter:card\" content=\"summary_large_image\" \/>\n<script type=\"application\/ld+json\" class=\"yoast-schema-graph\">{\"@context\":\"https:\/\/schema.org\",\"@graph\":[{\"@type\":\"WebPage\",\"@id\":\"https:\/\/new.laserpoint.eu\/pt-br\/tecnologias\/termopilhas\/optica-de-desfocagem-para-alta-densidade-de-energia\/\",\"url\":\"https:\/\/new.laserpoint.eu\/pt-br\/tecnologias\/termopilhas\/optica-de-desfocagem-para-alta-densidade-de-energia\/\",\"name\":\"\u00d3ptica de desfocagem para alta densidade de energia - Laserpoint\",\"isPartOf\":{\"@id\":\"https:\/\/new.laserpoint.eu\/pt-br\/#website\"},\"datePublished\":\"2020-09-14T15:27:32+00:00\",\"dateModified\":\"2020-09-14T15:27:35+00:00\",\"breadcrumb\":{\"@id\":\"https:\/\/new.laserpoint.eu\/pt-br\/tecnologias\/termopilhas\/optica-de-desfocagem-para-alta-densidade-de-energia\/#breadcrumb\"},\"inLanguage\":\"pt-BR\",\"potentialAction\":[{\"@type\":\"ReadAction\",\"target\":[\"https:\/\/new.laserpoint.eu\/pt-br\/tecnologias\/termopilhas\/optica-de-desfocagem-para-alta-densidade-de-energia\/\"]}]},{\"@type\":\"BreadcrumbList\",\"@id\":\"https:\/\/new.laserpoint.eu\/pt-br\/tecnologias\/termopilhas\/optica-de-desfocagem-para-alta-densidade-de-energia\/#breadcrumb\",\"itemListElement\":[{\"@type\":\"ListItem\",\"position\":1,\"name\":\"Home\",\"item\":\"https:\/\/new.laserpoint.eu\/pt-br\/\"},{\"@type\":\"ListItem\",\"position\":2,\"name\":\"Tecnologias\",\"item\":\"https:\/\/new.laserpoint.eu\/pt-br\/technologies\/\"},{\"@type\":\"ListItem\",\"position\":3,\"name\":\"Termopilhas\",\"item\":\"https:\/\/new.laserpoint.eu\/pt-br\/technologies\/thermopiles\/\"},{\"@type\":\"ListItem\",\"position\":4,\"name\":\"\u00d3ptica de desfocagem para alta densidade de energia\"}]},{\"@type\":\"WebSite\",\"@id\":\"https:\/\/new.laserpoint.eu\/pt-br\/#website\",\"url\":\"https:\/\/new.laserpoint.eu\/pt-br\/\",\"name\":\"Laserpoint\",\"description\":\"Development and manufacturing of laser measurement instruments\",\"publisher\":{\"@id\":\"https:\/\/new.laserpoint.eu\/pt-br\/#organization\"},\"potentialAction\":[{\"@type\":\"SearchAction\",\"target\":{\"@type\":\"EntryPoint\",\"urlTemplate\":\"https:\/\/new.laserpoint.eu\/pt-br\/?s={search_term_string}\"},\"query-input\":\"required name=search_term_string\"}],\"inLanguage\":\"pt-BR\"},{\"@type\":\"Organization\",\"@id\":\"https:\/\/new.laserpoint.eu\/pt-br\/#organization\",\"name\":\"Laserpoint\",\"url\":\"https:\/\/new.laserpoint.eu\/pt-br\/\",\"logo\":{\"@type\":\"ImageObject\",\"inLanguage\":\"pt-BR\",\"@id\":\"https:\/\/new.laserpoint.eu\/pt-br\/#\/schema\/logo\/image\/\",\"url\":\"https:\/\/www.laserpoint.eu\/wp-content\/uploads\/laserpoint-logo.png\",\"contentUrl\":\"https:\/\/www.laserpoint.eu\/wp-content\/uploads\/laserpoint-logo.png\",\"width\":520,\"height\":84,\"caption\":\"Laserpoint\"},\"image\":{\"@id\":\"https:\/\/new.laserpoint.eu\/pt-br\/#\/schema\/logo\/image\/\"}}]}<\/script>\n<!-- \/ Yoast SEO plugin. -->","yoast_head_json":{"title":"\u00d3ptica de desfocagem para alta densidade de energia - Laserpoint","robots":{"index":"noindex","follow":"follow","max-snippet":"max-snippet:-1","max-image-preview":"max-image-preview:large","max-video-preview":"max-video-preview:-1"},"og_locale":"pt_BR","og_type":"article","og_title":"\u00d3ptica de desfocagem para alta densidade de energia - Laserpoint","og_description":"[vc_row][vc_column][vc_custom_heading text=&#8221;Curvas de limiar de absor\u00e7\u00e3o e dano para cabe\u00e7as de laser de alta densidade de energia&#8221; use_theme_fonts=&#8221;yes&#8221;][vc_single_image image=&#8221;600&#8243; img_size=&#8221;large&#8221; alignment=&#8221;center&#8221;][vc_single_image image=&#8221;596&#8243; img_size=&#8221;large&#8221; alignment=&#8221;center&#8221;][vc_single_image image=&#8221;597&#8243; img_size=&#8221;large&#8221; alignment=&#8221;center&#8221;][\/vc_column][\/vc_row]","og_url":"https:\/\/new.laserpoint.eu\/pt-br\/tecnologias\/termopilhas\/optica-de-desfocagem-para-alta-densidade-de-energia\/","og_site_name":"Laserpoint","article_modified_time":"2020-09-14T15:27:35+00:00","twitter_card":"summary_large_image","schema":{"@context":"https:\/\/schema.org","@graph":[{"@type":"WebPage","@id":"https:\/\/new.laserpoint.eu\/pt-br\/tecnologias\/termopilhas\/optica-de-desfocagem-para-alta-densidade-de-energia\/","url":"https:\/\/new.laserpoint.eu\/pt-br\/tecnologias\/termopilhas\/optica-de-desfocagem-para-alta-densidade-de-energia\/","name":"\u00d3ptica de desfocagem para alta densidade de energia - Laserpoint","isPartOf":{"@id":"https:\/\/new.laserpoint.eu\/pt-br\/#website"},"datePublished":"2020-09-14T15:27:32+00:00","dateModified":"2020-09-14T15:27:35+00:00","breadcrumb":{"@id":"https:\/\/new.laserpoint.eu\/pt-br\/tecnologias\/termopilhas\/optica-de-desfocagem-para-alta-densidade-de-energia\/#breadcrumb"},"inLanguage":"pt-BR","potentialAction":[{"@type":"ReadAction","target":["https:\/\/new.laserpoint.eu\/pt-br\/tecnologias\/termopilhas\/optica-de-desfocagem-para-alta-densidade-de-energia\/"]}]},{"@type":"BreadcrumbList","@id":"https:\/\/new.laserpoint.eu\/pt-br\/tecnologias\/termopilhas\/optica-de-desfocagem-para-alta-densidade-de-energia\/#breadcrumb","itemListElement":[{"@type":"ListItem","position":1,"name":"Home","item":"https:\/\/new.laserpoint.eu\/pt-br\/"},{"@type":"ListItem","position":2,"name":"Tecnologias","item":"https:\/\/new.laserpoint.eu\/pt-br\/technologies\/"},{"@type":"ListItem","position":3,"name":"Termopilhas","item":"https:\/\/new.laserpoint.eu\/pt-br\/technologies\/thermopiles\/"},{"@type":"ListItem","position":4,"name":"\u00d3ptica de desfocagem para alta densidade de energia"}]},{"@type":"WebSite","@id":"https:\/\/new.laserpoint.eu\/pt-br\/#website","url":"https:\/\/new.laserpoint.eu\/pt-br\/","name":"Laserpoint","description":"Development and manufacturing of laser measurement instruments","publisher":{"@id":"https:\/\/new.laserpoint.eu\/pt-br\/#organization"},"potentialAction":[{"@type":"SearchAction","target":{"@type":"EntryPoint","urlTemplate":"https:\/\/new.laserpoint.eu\/pt-br\/?s={search_term_string}"},"query-input":"required name=search_term_string"}],"inLanguage":"pt-BR"},{"@type":"Organization","@id":"https:\/\/new.laserpoint.eu\/pt-br\/#organization","name":"Laserpoint","url":"https:\/\/new.laserpoint.eu\/pt-br\/","logo":{"@type":"ImageObject","inLanguage":"pt-BR","@id":"https:\/\/new.laserpoint.eu\/pt-br\/#\/schema\/logo\/image\/","url":"https:\/\/www.laserpoint.eu\/wp-content\/uploads\/laserpoint-logo.png","contentUrl":"https:\/\/www.laserpoint.eu\/wp-content\/uploads\/laserpoint-logo.png","width":520,"height":84,"caption":"Laserpoint"},"image":{"@id":"https:\/\/new.laserpoint.eu\/pt-br\/#\/schema\/logo\/image\/"}}]}},"_links":{"self":[{"href":"https:\/\/new.laserpoint.eu\/pt-br\/wp-json\/wp\/v2\/pages\/13541"}],"collection":[{"href":"https:\/\/new.laserpoint.eu\/pt-br\/wp-json\/wp\/v2\/pages"}],"about":[{"href":"https:\/\/new.laserpoint.eu\/pt-br\/wp-json\/wp\/v2\/types\/page"}],"author":[{"embeddable":true,"href":"https:\/\/new.laserpoint.eu\/pt-br\/wp-json\/wp\/v2\/users\/1"}],"replies":[{"embeddable":true,"href":"https:\/\/new.laserpoint.eu\/pt-br\/wp-json\/wp\/v2\/comments?post=13541"}],"version-history":[{"count":6,"href":"https:\/\/new.laserpoint.eu\/pt-br\/wp-json\/wp\/v2\/pages\/13541\/revisions"}],"predecessor-version":[{"id":13547,"href":"https:\/\/new.laserpoint.eu\/pt-br\/wp-json\/wp\/v2\/pages\/13541\/revisions\/13547"}],"up":[{"embeddable":true,"href":"https:\/\/new.laserpoint.eu\/pt-br\/wp-json\/wp\/v2\/pages\/13304"}],"wp:attachment":[{"href":"https:\/\/new.laserpoint.eu\/pt-br\/wp-json\/wp\/v2\/media?parent=13541"}],"curies":[{"name":"wp","href":"https:\/\/api.w.org\/{rel}","templated":true}]}}