{"id":13338,"date":"2020-09-14T14:48:17","date_gmt":"2020-09-14T12:48:17","guid":{"rendered":"https:\/\/www.laserpoint.eu\/calorimetros\/"},"modified":"2020-09-14T14:48:33","modified_gmt":"2020-09-14T12:48:33","slug":"calorimetros","status":"publish","type":"page","link":"https:\/\/new.laserpoint.eu\/pt-br\/tecnologias\/calorimetros\/","title":{"rendered":"Calor\u00edmetros"},"content":{"rendered":"<section class=\"wpb-content-wrapper\"><p>[vc_row][vc_column width=&#8221;2\/3&#8243;][vc_column_text]<strong>Calor\u00edmetros<\/strong><\/p>\n<p>A Laser Point introduz este novo instrumento baseado na medi\u00e7\u00e3o calorim\u00e9trica da pot\u00eancia do laser que pode enfrentar com seguran\u00e7a as densidades de pot\u00eancia extremamente altas dos lasers de nossos dias. Neste instrumento, a presen\u00e7a do revestimento super duro como absorvedor de radia\u00e7\u00e3o leva a alcan\u00e7ar uma maior capacidade de medi\u00e7\u00e3o da pot\u00eancia absoluta com pegadas muito compactas associadas a um limite de dano mais alto. <\/p>\n<p>Este calor\u00edmetro permite a medi\u00e7\u00e3o da pot\u00eancia do laser at\u00e9 12 kW: \u00e9 o resultado da capacidade da Empresa de explorar novos materiais, gerenciar o design t\u00e9rmico e criar produtos inovadores.<\/p>\n<p>O novo calor\u00edmetro ( Mod. W-12K-D55-SHC-U) \u00e9 extremamente compacto e ligeiro em compara\u00e7\u00e3o com instrumentos alternativos da mesma classe e n\u00e3o requer nenhuma \u00f3ptica de desenfoque, desfocaliza\u00e7\u00e3o na cavidade de absor\u00e7\u00e3o.<\/p>\n<p>Este detector tem uma Linearidade de \u00b1 2% na sua escala completa e \u00e9 fornecido com uma precis\u00e3o de calibragem de \u00b1 5% rastre\u00e1vel aos padr\u00f5es PTB\/NIST.<\/p>\n<p>A abertura \u00e9 de 55mm, Dimens\u00f5es L140xP200xH180 mm, Peso \u00e9 de 6 Kg.[\/vc_column_text][\/vc_column][vc_column width=&#8221;1\/3&#8243;][vc_single_image image=&#8221;2890&#8243; img_size=&#8221;large&#8221;][\/vc_column][\/vc_row]<\/p>\n<\/section>","protected":false},"excerpt":{"rendered":"<p>[vc_row][vc_column width=&#8221;2\/3&#8243;][vc_column_text]Calor\u00edmetros A Laser Point introduz este novo instrumento baseado na medi\u00e7\u00e3o calorim\u00e9trica da pot\u00eancia do laser que pode enfrentar com seguran\u00e7a as densidades de pot\u00eancia extremamente altas dos lasers de nossos dias. Neste instrumento, a presen\u00e7a do revestimento super duro como absorvedor de radia\u00e7\u00e3o leva a alcan\u00e7ar uma maior capacidade de medi\u00e7\u00e3o da pot\u00eancia&hellip;<\/p>\n","protected":false},"author":1,"featured_media":0,"parent":13677,"menu_order":0,"comment_status":"closed","ping_status":"closed","template":"","meta":{"footnotes":""},"acf":[],"yoast_head":"<!-- This site is optimized with the Yoast SEO plugin v21.3 - https:\/\/yoast.com\/wordpress\/plugins\/seo\/ -->\n<title>Calor\u00edmetros - Laserpoint<\/title>\n<meta name=\"robots\" content=\"noindex, follow, max-snippet:-1, max-image-preview:large, max-video-preview:-1\" \/>\n<meta property=\"og:locale\" content=\"pt_BR\" \/>\n<meta property=\"og:type\" content=\"article\" \/>\n<meta property=\"og:title\" content=\"Calor\u00edmetros - Laserpoint\" \/>\n<meta property=\"og:description\" content=\"[vc_row][vc_column width=&#8221;2\/3&#8243;][vc_column_text]Calor\u00edmetros A Laser Point introduz este novo instrumento baseado na medi\u00e7\u00e3o calorim\u00e9trica da pot\u00eancia do laser que pode enfrentar com seguran\u00e7a as densidades de pot\u00eancia extremamente altas dos lasers de nossos dias. Neste instrumento, a presen\u00e7a do revestimento super duro como absorvedor de radia\u00e7\u00e3o leva a alcan\u00e7ar uma maior capacidade de medi\u00e7\u00e3o da pot\u00eancia&hellip;\" \/>\n<meta property=\"og:url\" content=\"https:\/\/new.laserpoint.eu\/pt-br\/tecnologias\/calorimetros\/\" \/>\n<meta property=\"og:site_name\" content=\"Laserpoint\" \/>\n<meta property=\"article:modified_time\" content=\"2020-09-14T12:48:33+00:00\" \/>\n<meta name=\"twitter:card\" content=\"summary_large_image\" \/>\n<meta name=\"twitter:label1\" content=\"Est. tempo de leitura\" \/>\n\t<meta name=\"twitter:data1\" content=\"1 minuto\" \/>\n<script type=\"application\/ld+json\" class=\"yoast-schema-graph\">{\"@context\":\"https:\/\/schema.org\",\"@graph\":[{\"@type\":\"WebPage\",\"@id\":\"https:\/\/new.laserpoint.eu\/pt-br\/tecnologias\/calorimetros\/\",\"url\":\"https:\/\/new.laserpoint.eu\/pt-br\/tecnologias\/calorimetros\/\",\"name\":\"Calor\u00edmetros - Laserpoint\",\"isPartOf\":{\"@id\":\"https:\/\/new.laserpoint.eu\/pt-br\/#website\"},\"datePublished\":\"2020-09-14T12:48:17+00:00\",\"dateModified\":\"2020-09-14T12:48:33+00:00\",\"breadcrumb\":{\"@id\":\"https:\/\/new.laserpoint.eu\/pt-br\/tecnologias\/calorimetros\/#breadcrumb\"},\"inLanguage\":\"pt-BR\",\"potentialAction\":[{\"@type\":\"ReadAction\",\"target\":[\"https:\/\/new.laserpoint.eu\/pt-br\/tecnologias\/calorimetros\/\"]}]},{\"@type\":\"BreadcrumbList\",\"@id\":\"https:\/\/new.laserpoint.eu\/pt-br\/tecnologias\/calorimetros\/#breadcrumb\",\"itemListElement\":[{\"@type\":\"ListItem\",\"position\":1,\"name\":\"Home\",\"item\":\"https:\/\/new.laserpoint.eu\/pt-br\/\"},{\"@type\":\"ListItem\",\"position\":2,\"name\":\"Tecnologias\",\"item\":\"https:\/\/new.laserpoint.eu\/pt-br\/technologies\/\"},{\"@type\":\"ListItem\",\"position\":3,\"name\":\"Calor\u00edmetros\"}]},{\"@type\":\"WebSite\",\"@id\":\"https:\/\/new.laserpoint.eu\/pt-br\/#website\",\"url\":\"https:\/\/new.laserpoint.eu\/pt-br\/\",\"name\":\"Laserpoint\",\"description\":\"Development and manufacturing of laser measurement instruments\",\"publisher\":{\"@id\":\"https:\/\/new.laserpoint.eu\/pt-br\/#organization\"},\"potentialAction\":[{\"@type\":\"SearchAction\",\"target\":{\"@type\":\"EntryPoint\",\"urlTemplate\":\"https:\/\/new.laserpoint.eu\/pt-br\/?s={search_term_string}\"},\"query-input\":\"required name=search_term_string\"}],\"inLanguage\":\"pt-BR\"},{\"@type\":\"Organization\",\"@id\":\"https:\/\/new.laserpoint.eu\/pt-br\/#organization\",\"name\":\"Laserpoint\",\"url\":\"https:\/\/new.laserpoint.eu\/pt-br\/\",\"logo\":{\"@type\":\"ImageObject\",\"inLanguage\":\"pt-BR\",\"@id\":\"https:\/\/new.laserpoint.eu\/pt-br\/#\/schema\/logo\/image\/\",\"url\":\"https:\/\/www.laserpoint.eu\/wp-content\/uploads\/laserpoint-logo.png\",\"contentUrl\":\"https:\/\/www.laserpoint.eu\/wp-content\/uploads\/laserpoint-logo.png\",\"width\":520,\"height\":84,\"caption\":\"Laserpoint\"},\"image\":{\"@id\":\"https:\/\/new.laserpoint.eu\/pt-br\/#\/schema\/logo\/image\/\"}}]}<\/script>\n<!-- \/ Yoast SEO plugin. -->","yoast_head_json":{"title":"Calor\u00edmetros - Laserpoint","robots":{"index":"noindex","follow":"follow","max-snippet":"max-snippet:-1","max-image-preview":"max-image-preview:large","max-video-preview":"max-video-preview:-1"},"og_locale":"pt_BR","og_type":"article","og_title":"Calor\u00edmetros - Laserpoint","og_description":"[vc_row][vc_column width=&#8221;2\/3&#8243;][vc_column_text]Calor\u00edmetros A Laser Point introduz este novo instrumento baseado na medi\u00e7\u00e3o calorim\u00e9trica da pot\u00eancia do laser que pode enfrentar com seguran\u00e7a as densidades de pot\u00eancia extremamente altas dos lasers de nossos dias. Neste instrumento, a presen\u00e7a do revestimento super duro como absorvedor de radia\u00e7\u00e3o leva a alcan\u00e7ar uma maior capacidade de medi\u00e7\u00e3o da pot\u00eancia&hellip;","og_url":"https:\/\/new.laserpoint.eu\/pt-br\/tecnologias\/calorimetros\/","og_site_name":"Laserpoint","article_modified_time":"2020-09-14T12:48:33+00:00","twitter_card":"summary_large_image","twitter_misc":{"Est. tempo de leitura":"1 minuto"},"schema":{"@context":"https:\/\/schema.org","@graph":[{"@type":"WebPage","@id":"https:\/\/new.laserpoint.eu\/pt-br\/tecnologias\/calorimetros\/","url":"https:\/\/new.laserpoint.eu\/pt-br\/tecnologias\/calorimetros\/","name":"Calor\u00edmetros - Laserpoint","isPartOf":{"@id":"https:\/\/new.laserpoint.eu\/pt-br\/#website"},"datePublished":"2020-09-14T12:48:17+00:00","dateModified":"2020-09-14T12:48:33+00:00","breadcrumb":{"@id":"https:\/\/new.laserpoint.eu\/pt-br\/tecnologias\/calorimetros\/#breadcrumb"},"inLanguage":"pt-BR","potentialAction":[{"@type":"ReadAction","target":["https:\/\/new.laserpoint.eu\/pt-br\/tecnologias\/calorimetros\/"]}]},{"@type":"BreadcrumbList","@id":"https:\/\/new.laserpoint.eu\/pt-br\/tecnologias\/calorimetros\/#breadcrumb","itemListElement":[{"@type":"ListItem","position":1,"name":"Home","item":"https:\/\/new.laserpoint.eu\/pt-br\/"},{"@type":"ListItem","position":2,"name":"Tecnologias","item":"https:\/\/new.laserpoint.eu\/pt-br\/technologies\/"},{"@type":"ListItem","position":3,"name":"Calor\u00edmetros"}]},{"@type":"WebSite","@id":"https:\/\/new.laserpoint.eu\/pt-br\/#website","url":"https:\/\/new.laserpoint.eu\/pt-br\/","name":"Laserpoint","description":"Development and manufacturing of laser measurement instruments","publisher":{"@id":"https:\/\/new.laserpoint.eu\/pt-br\/#organization"},"potentialAction":[{"@type":"SearchAction","target":{"@type":"EntryPoint","urlTemplate":"https:\/\/new.laserpoint.eu\/pt-br\/?s={search_term_string}"},"query-input":"required name=search_term_string"}],"inLanguage":"pt-BR"},{"@type":"Organization","@id":"https:\/\/new.laserpoint.eu\/pt-br\/#organization","name":"Laserpoint","url":"https:\/\/new.laserpoint.eu\/pt-br\/","logo":{"@type":"ImageObject","inLanguage":"pt-BR","@id":"https:\/\/new.laserpoint.eu\/pt-br\/#\/schema\/logo\/image\/","url":"https:\/\/www.laserpoint.eu\/wp-content\/uploads\/laserpoint-logo.png","contentUrl":"https:\/\/www.laserpoint.eu\/wp-content\/uploads\/laserpoint-logo.png","width":520,"height":84,"caption":"Laserpoint"},"image":{"@id":"https:\/\/new.laserpoint.eu\/pt-br\/#\/schema\/logo\/image\/"}}]}},"_links":{"self":[{"href":"https:\/\/new.laserpoint.eu\/pt-br\/wp-json\/wp\/v2\/pages\/13338"}],"collection":[{"href":"https:\/\/new.laserpoint.eu\/pt-br\/wp-json\/wp\/v2\/pages"}],"about":[{"href":"https:\/\/new.laserpoint.eu\/pt-br\/wp-json\/wp\/v2\/types\/page"}],"author":[{"embeddable":true,"href":"https:\/\/new.laserpoint.eu\/pt-br\/wp-json\/wp\/v2\/users\/1"}],"replies":[{"embeddable":true,"href":"https:\/\/new.laserpoint.eu\/pt-br\/wp-json\/wp\/v2\/comments?post=13338"}],"version-history":[{"count":6,"href":"https:\/\/new.laserpoint.eu\/pt-br\/wp-json\/wp\/v2\/pages\/13338\/revisions"}],"predecessor-version":[{"id":13344,"href":"https:\/\/new.laserpoint.eu\/pt-br\/wp-json\/wp\/v2\/pages\/13338\/revisions\/13344"}],"up":[{"embeddable":true,"href":"https:\/\/new.laserpoint.eu\/pt-br\/wp-json\/wp\/v2\/pages\/13677"}],"wp:attachment":[{"href":"https:\/\/new.laserpoint.eu\/pt-br\/wp-json\/wp\/v2\/media?parent=13338"}],"curies":[{"name":"wp","href":"https:\/\/api.w.org\/{rel}","templated":true}]}}