{"id":13331,"date":"2020-09-14T14:42:29","date_gmt":"2020-09-14T12:42:29","guid":{"rendered":"https:\/\/www.laserpoint.eu\/termopilhas-de-alta-velocidade\/"},"modified":"2020-09-14T14:42:30","modified_gmt":"2020-09-14T12:42:30","slug":"termopilhas-de-alta-velocidade","status":"publish","type":"page","link":"https:\/\/new.laserpoint.eu\/pt-br\/tecnologias\/termopilhas-de-alta-velocidade\/","title":{"rendered":"Termopilhas de alta velocidade"},"content":{"rendered":"<section class=\"wpb-content-wrapper\"><p>[vc_row][vc_column width=&#8221;1\/2&#8243;][vc_column_text]<strong>Termopilhas de alta velocidade para a s\u00e9rie de sensores Blink<\/strong><\/p>\n<p>Sensores t\u00e9rmicos de alta velocidade baseados nestas tecnologias muito novas e patenteadas desenvolvidas pela Laser Point s\u00e3o capazes de medir a energia de impulsos de laser \u00fanico com frequ\u00eancias de repeti\u00e7\u00e3o at\u00e9 \u00e0 gama de MHz, adicionando a possibilidade de tamb\u00e9m medir a pot\u00eancia de sa\u00edda de cw-lasers.<\/p>\n<p>Al\u00e9m disso, a natureza t\u00e9rmica destes sensores habilitam a capacidade de trabalhar num espectro de banda larga, de UV a THz, bem como a possibilidade de operar numa ampla faixa (10<g id=\"gid_0\">-3<\/g>-10<g id=\"gid_1\">2<\/g> W\/cm<g id=\"gid_2\">2<\/g>) de densidades de pot\u00eancia \u00f3ptica m\u00e9dia incidente da radia\u00e7\u00e3o laser, sem a necessidade de adop\u00e7\u00e3o de filtros \u00f3pticos ou outras precau\u00e7\u00f5es.<\/p>\n<p>Os dispositivos termoel\u00e9tricos s\u00e3o subdivididos em dois grupos diferentes: os dispositivos que utilizam o efeito termoel\u00e9trico longitudinal padr\u00e3o induzido na jun\u00e7\u00e3o de diferentes tipos de materiais e os dispositivos baseados no efeito de tens\u00e3o transversal induzida por laser (LITV).[\/vc_column_text][\/vc_column][vc_column width=&#8221;1\/2&#8243;][vc_column_text css=&#8221;.vc_custom_1589207048618{padding-top: 50px !important;padding-bottom: 50px !important;}&#8221;]<\/p>\n<div style=\"width: 1200px;\" class=\"wp-video\"><!--[if lt IE 9]><script>document.createElement('video');<\/script><![endif]-->\n<video class=\"wp-video-shortcode\" id=\"video-13331-1\" width=\"1200\" height=\"675\" preload=\"metadata\" controls=\"controls\"><source type=\"video\/mp4\" src=\"https:\/\/www.laserpoint.eu\/wp-content\/uploads\/video_1_mod_09_definitivo-Fiera-Shanghai-2018-Rev1.mp4?_=1\" \/><a href=\"https:\/\/www.laserpoint.eu\/wp-content\/uploads\/video_1_mod_09_definitivo-Fiera-Shanghai-2018-Rev1.mp4\">https:\/\/www.laserpoint.eu\/wp-content\/uploads\/video_1_mod_09_definitivo-Fiera-Shanghai-2018-Rev1.mp4<\/a><\/video><\/div>\n<p>[\/vc_column_text][\/vc_column][\/vc_row][vc_row][vc_column][vc_column_text]Os sensores baseados no efeito termoel\u00e9trico longitudinal padr\u00e3o s\u00e3o comumente projetados adotando m\u00faltiplos termopares eletricamente interconectados, que podem medir um fluxo de calor axialmente atrav\u00e9s de um substrato adequado. Este tipo de sensores que utilizam o efeito termoel\u00e9trico padr\u00e3o s\u00e3o uma evolu\u00e7\u00e3o do projeto comum da termopilha radial. Trabalhando sobre um princ\u00edpio t\u00e9rmico, a regi\u00e3o de aceita\u00e7\u00e3o espectral deste tipo de sensores ainda \u00e9 banda larga. No entanto, o design t\u00e9rmico deste tipo de sensores s\u00f3 permite tempos de resposta relativamente lentos (atualmente superiores a 100 ms). Al\u00e9m disso, o projeto de m\u00faltiplos termopares axiais implica muitas vezes uma cobertura escassa da \u00e1rea ativa do sensor.    <\/p>\n<p>Os sensores que utilizam o efeito de tens\u00e3o transversal induzida por laser (LITV) tamb\u00e9m transduzem um gradiente t\u00e9rmico em um sinal el\u00e9trico. As pel\u00edculas finas de materiais adequados depositados podem mostrar uma resposta termoel\u00e9trica transversal \u00e0 irradia\u00e7\u00e3o laser. Isto \u00e9, se um gradiente t\u00e9rmico estiver presente ao longo da dire\u00e7\u00e3o normal para a superf\u00edcie da pel\u00edcula, uma resposta termoel\u00e9trica \u00e9 gerada, longitudinalmente ao plano da superf\u00edcie da pel\u00edcula. A adop\u00e7\u00e3o do efeito de LITV tem a vantagem intr\u00ednseca de mostrar uma efici\u00eancia boa da convers\u00e3o de um sinal t\u00e9rmico em uma tens\u00e3o el\u00e9trica, ao mostrar tempos de resposta na escala de tempo do nanossegundo. Outra vantagem dos dispositivos baseados em LITV em rela\u00e7\u00e3o aos dispositivos termoel\u00e9tricos padr\u00e3o \u00e9 a cobertura uniforme da \u00e1rea ativa, em rela\u00e7\u00e3o a um projeto baseado em termopares dispostos axialmente.    <\/p>\n<p>A vantagem dos sensores que utilizam o efeito LITV em rela\u00e7\u00e3o aos sensores piroel\u00e9tricos e fotodiodos para a medi\u00e7\u00e3o da radia\u00e7\u00e3o a laser \u00e9 a combina\u00e7\u00e3o de um tempo de resposta r\u00e1pido geral, aceita\u00e7\u00e3o espectral de banda larga, elevado limiar de satura\u00e7\u00e3o por irradia\u00e7\u00e3o direta de laser e a possibilidade da medi\u00e7\u00e3o tanto de fontes de laser pulsadas quanto cw.[\/vc_column_text][vc_empty_space][\/vc_column][\/vc_row][vc_row][vc_column width=&#8221;1\/2&#8243;][vc_column_text]<strong>Linearidade da resposta vs pot\u00eancia<\/strong><\/p>\n<p>A resposta do sensor Blink sob radia\u00e7\u00e3o cw-laser, at\u00e9 cerca de 50 W, \u00e9 mostrada na figura abaixo. Os dados mostram o sinal de sa\u00edda do detector Blink sem qualquer p\u00f3s-lineariza\u00e7\u00e3o. A linha plotada indica o ajuste linear, que quantifica a linearidade do detector dentro da faixa medida com um coeficiente R de 0,9998. Ter uma boa linearidade \u00e9 crucial para a calibragem do detector uma vez fabricado.[\/vc_column_text][\/vc_column][vc_column width=&#8221;1\/2&#8243;][vc_single_image image=&#8221;2880&#8243; img_size=&#8221;full&#8221; alignment=&#8221;center&#8221;][\/vc_column][\/vc_row][vc_row][vc_column width=&#8221;1\/2&#8243;][vc_column_text]<strong>Linearidade da resposta vs energia de impulso<\/strong><\/p>\n<p>A resposta do detector aos impulsos de energia e dura\u00e7\u00e3o de impulso diferentes \u00e9 mostrada na figura abaixo. Na mesma figura, tamb\u00e9m \u00e9 mostrada a independ\u00eancia das medi\u00e7\u00f5es de energia da dura\u00e7\u00e3o de pulso \u03c4P, que por sua vez indica a independ\u00eancia das medi\u00e7\u00f5es da densidade de pot\u00eancia. <\/p>\n<p>As medi\u00e7\u00f5es da energia dos impulsos incidentes EP tamb\u00e9m s\u00e3o independentes do tamanho do ponto e a faixa de energia dos impulsos detectados varia de 10 uJ a dezenas de mJ.[\/vc_column_text][\/vc_column][vc_column width=&#8221;1\/2&#8243;][vc_single_image image=&#8221;2881&#8243; img_size=&#8221;full&#8221; alignment=&#8221;center&#8221;][\/vc_column][\/vc_row][vc_row][vc_column width=&#8221;1\/2&#8243;][vc_column_text]<strong>Tempo de resposta<\/strong><\/p>\n<p>Podem ser utilizadas diferentes defini\u00e7\u00f5es para o tempo de resposta. Usamos aqui a defini\u00e7\u00e3o de tempo de resposta de 0-100% (\u03c4<g id=\"gid_0\">0-100<\/g>), que \u00e9 o tempo necess\u00e1rio para o detector restaurar a sa\u00edda do sinal para o n\u00edvel da linha de base, ap\u00f3s o impulso do laser incidente ser encerrado. Tal defini\u00e7\u00e3o foi escolhida porque f<g id=\"gid_1\">max<\/g> = 1\/\u03c4<g id=\"gid_2\">0-100<\/g> define a frequ\u00eancia m\u00e1xima mensur\u00e1vel de um trem de impulsos de laser pelo detector.  <\/p>\n<p>Na foto abaixo, \u00e9 exibida a vers\u00e3o de Resposta R\u00e1pida do detector num trem de impulsos de laser com dura\u00e7\u00e3o de impulso de 4ns e com taxa de repeti\u00e7\u00e3o de 1 MHz.[\/vc_column_text][\/vc_column][vc_column width=&#8221;1\/2&#8243;][vc_single_image image=&#8221;2882&#8243; img_size=&#8221;full&#8221; alignment=&#8221;center&#8221;][\/vc_column][\/vc_row][vc_row][vc_column width=&#8221;1\/2&#8243;][vc_column_text]<strong>Resposta \u00f3ptica e limiar de dano<\/strong><\/p>\n<p>A natureza t\u00e9rmica do efeito LITV permite que o detector trabalhe em uma faixa de comprimento de onda de banda larga de radia\u00e7\u00e3o incidente, desde que a radia\u00e7\u00e3o eletromagn\u00e9tica seja absorvida e transformada em calor pelo revestimento de absor\u00e7\u00e3o.<\/p>\n<p>Uma caracter\u00edstica importante do revestimento \u00e9 a sua planaridade espectral, que \u00e9 de grande import\u00e2ncia para uma calibragem simples do detector. A reflect\u00e2ncia \u00f3ptica do detector \u00e9 mostrada na imagem. Dentro da escala inteira da medida, isto \u00e9 de 250 nan\u00f4metro a 1100 nan\u00f4metro, a curva da reflect\u00e2ncia mostra um comportamento plano e relativamente plano total.  <\/p>\n<p>Verificou-se que o limiar de dano do detector na sua configura\u00e7\u00e3o mais r\u00e1pida, ou seja, com largura de banda de 1 MHz, foi maior que 30 mJ\/cm2\/pulso para impulsos de 200 ns.<\/p>\n<p>[\/vc_column_text][\/vc_column][vc_column width=&#8221;1\/2&#8243;][vc_single_image image=&#8221;2883&#8243; img_size=&#8221;full&#8221; alignment=&#8221;center&#8221;][\/vc_column][\/vc_row][vc_row][vc_column][vc_empty_space][vc_custom_heading text=&#8221;S\u00e9rie Blink &#8211; Curvas gerais de absor\u00e7\u00e3o&#8221; use_theme_fonts=&#8221;yes&#8221;][vc_single_image image=&#8221;4188&#8243; img_size=&#8221;large&#8221;][vc_single_image image=&#8221;4189&#8243; img_size=&#8221;large&#8221;][\/vc_column][\/vc_row]<\/p>\n<\/section>","protected":false},"excerpt":{"rendered":"<p>[vc_row][vc_column width=&#8221;1\/2&#8243;][vc_column_text]Termopilhas de alta velocidade para a s\u00e9rie de sensores Blink Sensores t\u00e9rmicos de alta velocidade baseados nestas tecnologias muito novas e patenteadas desenvolvidas pela Laser Point s\u00e3o capazes de medir a energia de impulsos de laser \u00fanico com frequ\u00eancias de repeti\u00e7\u00e3o at\u00e9 \u00e0 gama de MHz, adicionando a possibilidade de tamb\u00e9m medir a pot\u00eancia&hellip;<\/p>\n","protected":false},"author":1,"featured_media":0,"parent":13677,"menu_order":0,"comment_status":"closed","ping_status":"closed","template":"","meta":{"footnotes":""},"acf":[],"yoast_head":"<!-- This site is optimized with the Yoast SEO plugin v21.3 - https:\/\/yoast.com\/wordpress\/plugins\/seo\/ -->\n<title>Termopilhas de alta velocidade - Laserpoint<\/title>\n<meta name=\"robots\" content=\"noindex, follow, max-snippet:-1, max-image-preview:large, max-video-preview:-1\" \/>\n<meta property=\"og:locale\" content=\"pt_BR\" \/>\n<meta property=\"og:type\" content=\"article\" \/>\n<meta property=\"og:title\" content=\"Termopilhas de alta velocidade - Laserpoint\" \/>\n<meta property=\"og:description\" content=\"[vc_row][vc_column width=&#8221;1\/2&#8243;][vc_column_text]Termopilhas de alta velocidade para a s\u00e9rie de sensores Blink Sensores t\u00e9rmicos de alta velocidade baseados nestas tecnologias muito novas e patenteadas desenvolvidas pela Laser Point s\u00e3o capazes de medir a energia de impulsos de laser \u00fanico com frequ\u00eancias de repeti\u00e7\u00e3o at\u00e9 \u00e0 gama de MHz, adicionando a possibilidade de tamb\u00e9m medir a pot\u00eancia&hellip;\" \/>\n<meta property=\"og:url\" content=\"https:\/\/new.laserpoint.eu\/pt-br\/tecnologias\/termopilhas-de-alta-velocidade\/\" \/>\n<meta property=\"og:site_name\" content=\"Laserpoint\" \/>\n<meta property=\"article:modified_time\" content=\"2020-09-14T12:42:30+00:00\" \/>\n<meta name=\"twitter:card\" content=\"summary_large_image\" \/>\n<meta name=\"twitter:label1\" content=\"Est. tempo de leitura\" \/>\n\t<meta name=\"twitter:data1\" content=\"6 minutos\" \/>\n<script type=\"application\/ld+json\" class=\"yoast-schema-graph\">{\"@context\":\"https:\/\/schema.org\",\"@graph\":[{\"@type\":\"WebPage\",\"@id\":\"https:\/\/new.laserpoint.eu\/pt-br\/tecnologias\/termopilhas-de-alta-velocidade\/\",\"url\":\"https:\/\/new.laserpoint.eu\/pt-br\/tecnologias\/termopilhas-de-alta-velocidade\/\",\"name\":\"Termopilhas de alta velocidade - Laserpoint\",\"isPartOf\":{\"@id\":\"https:\/\/new.laserpoint.eu\/pt-br\/#website\"},\"datePublished\":\"2020-09-14T12:42:29+00:00\",\"dateModified\":\"2020-09-14T12:42:30+00:00\",\"breadcrumb\":{\"@id\":\"https:\/\/new.laserpoint.eu\/pt-br\/tecnologias\/termopilhas-de-alta-velocidade\/#breadcrumb\"},\"inLanguage\":\"pt-BR\",\"potentialAction\":[{\"@type\":\"ReadAction\",\"target\":[\"https:\/\/new.laserpoint.eu\/pt-br\/tecnologias\/termopilhas-de-alta-velocidade\/\"]}]},{\"@type\":\"BreadcrumbList\",\"@id\":\"https:\/\/new.laserpoint.eu\/pt-br\/tecnologias\/termopilhas-de-alta-velocidade\/#breadcrumb\",\"itemListElement\":[{\"@type\":\"ListItem\",\"position\":1,\"name\":\"Home\",\"item\":\"https:\/\/new.laserpoint.eu\/pt-br\/\"},{\"@type\":\"ListItem\",\"position\":2,\"name\":\"Tecnologias\",\"item\":\"https:\/\/new.laserpoint.eu\/pt-br\/technologies\/\"},{\"@type\":\"ListItem\",\"position\":3,\"name\":\"Termopilhas de alta velocidade\"}]},{\"@type\":\"WebSite\",\"@id\":\"https:\/\/new.laserpoint.eu\/pt-br\/#website\",\"url\":\"https:\/\/new.laserpoint.eu\/pt-br\/\",\"name\":\"Laserpoint\",\"description\":\"Development and manufacturing of laser measurement instruments\",\"publisher\":{\"@id\":\"https:\/\/new.laserpoint.eu\/pt-br\/#organization\"},\"potentialAction\":[{\"@type\":\"SearchAction\",\"target\":{\"@type\":\"EntryPoint\",\"urlTemplate\":\"https:\/\/new.laserpoint.eu\/pt-br\/?s={search_term_string}\"},\"query-input\":\"required name=search_term_string\"}],\"inLanguage\":\"pt-BR\"},{\"@type\":\"Organization\",\"@id\":\"https:\/\/new.laserpoint.eu\/pt-br\/#organization\",\"name\":\"Laserpoint\",\"url\":\"https:\/\/new.laserpoint.eu\/pt-br\/\",\"logo\":{\"@type\":\"ImageObject\",\"inLanguage\":\"pt-BR\",\"@id\":\"https:\/\/new.laserpoint.eu\/pt-br\/#\/schema\/logo\/image\/\",\"url\":\"https:\/\/www.laserpoint.eu\/wp-content\/uploads\/laserpoint-logo.png\",\"contentUrl\":\"https:\/\/www.laserpoint.eu\/wp-content\/uploads\/laserpoint-logo.png\",\"width\":520,\"height\":84,\"caption\":\"Laserpoint\"},\"image\":{\"@id\":\"https:\/\/new.laserpoint.eu\/pt-br\/#\/schema\/logo\/image\/\"}}]}<\/script>\n<!-- \/ Yoast SEO plugin. -->","yoast_head_json":{"title":"Termopilhas de alta velocidade - Laserpoint","robots":{"index":"noindex","follow":"follow","max-snippet":"max-snippet:-1","max-image-preview":"max-image-preview:large","max-video-preview":"max-video-preview:-1"},"og_locale":"pt_BR","og_type":"article","og_title":"Termopilhas de alta velocidade - Laserpoint","og_description":"[vc_row][vc_column width=&#8221;1\/2&#8243;][vc_column_text]Termopilhas de alta velocidade para a s\u00e9rie de sensores Blink Sensores t\u00e9rmicos de alta velocidade baseados nestas tecnologias muito novas e patenteadas desenvolvidas pela Laser Point s\u00e3o capazes de medir a energia de impulsos de laser \u00fanico com frequ\u00eancias de repeti\u00e7\u00e3o at\u00e9 \u00e0 gama de MHz, adicionando a possibilidade de tamb\u00e9m medir a pot\u00eancia&hellip;","og_url":"https:\/\/new.laserpoint.eu\/pt-br\/tecnologias\/termopilhas-de-alta-velocidade\/","og_site_name":"Laserpoint","article_modified_time":"2020-09-14T12:42:30+00:00","twitter_card":"summary_large_image","twitter_misc":{"Est. tempo de leitura":"6 minutos"},"schema":{"@context":"https:\/\/schema.org","@graph":[{"@type":"WebPage","@id":"https:\/\/new.laserpoint.eu\/pt-br\/tecnologias\/termopilhas-de-alta-velocidade\/","url":"https:\/\/new.laserpoint.eu\/pt-br\/tecnologias\/termopilhas-de-alta-velocidade\/","name":"Termopilhas de alta velocidade - Laserpoint","isPartOf":{"@id":"https:\/\/new.laserpoint.eu\/pt-br\/#website"},"datePublished":"2020-09-14T12:42:29+00:00","dateModified":"2020-09-14T12:42:30+00:00","breadcrumb":{"@id":"https:\/\/new.laserpoint.eu\/pt-br\/tecnologias\/termopilhas-de-alta-velocidade\/#breadcrumb"},"inLanguage":"pt-BR","potentialAction":[{"@type":"ReadAction","target":["https:\/\/new.laserpoint.eu\/pt-br\/tecnologias\/termopilhas-de-alta-velocidade\/"]}]},{"@type":"BreadcrumbList","@id":"https:\/\/new.laserpoint.eu\/pt-br\/tecnologias\/termopilhas-de-alta-velocidade\/#breadcrumb","itemListElement":[{"@type":"ListItem","position":1,"name":"Home","item":"https:\/\/new.laserpoint.eu\/pt-br\/"},{"@type":"ListItem","position":2,"name":"Tecnologias","item":"https:\/\/new.laserpoint.eu\/pt-br\/technologies\/"},{"@type":"ListItem","position":3,"name":"Termopilhas de alta velocidade"}]},{"@type":"WebSite","@id":"https:\/\/new.laserpoint.eu\/pt-br\/#website","url":"https:\/\/new.laserpoint.eu\/pt-br\/","name":"Laserpoint","description":"Development and manufacturing of laser measurement instruments","publisher":{"@id":"https:\/\/new.laserpoint.eu\/pt-br\/#organization"},"potentialAction":[{"@type":"SearchAction","target":{"@type":"EntryPoint","urlTemplate":"https:\/\/new.laserpoint.eu\/pt-br\/?s={search_term_string}"},"query-input":"required name=search_term_string"}],"inLanguage":"pt-BR"},{"@type":"Organization","@id":"https:\/\/new.laserpoint.eu\/pt-br\/#organization","name":"Laserpoint","url":"https:\/\/new.laserpoint.eu\/pt-br\/","logo":{"@type":"ImageObject","inLanguage":"pt-BR","@id":"https:\/\/new.laserpoint.eu\/pt-br\/#\/schema\/logo\/image\/","url":"https:\/\/www.laserpoint.eu\/wp-content\/uploads\/laserpoint-logo.png","contentUrl":"https:\/\/www.laserpoint.eu\/wp-content\/uploads\/laserpoint-logo.png","width":520,"height":84,"caption":"Laserpoint"},"image":{"@id":"https:\/\/new.laserpoint.eu\/pt-br\/#\/schema\/logo\/image\/"}}]}},"_links":{"self":[{"href":"https:\/\/new.laserpoint.eu\/pt-br\/wp-json\/wp\/v2\/pages\/13331"}],"collection":[{"href":"https:\/\/new.laserpoint.eu\/pt-br\/wp-json\/wp\/v2\/pages"}],"about":[{"href":"https:\/\/new.laserpoint.eu\/pt-br\/wp-json\/wp\/v2\/types\/page"}],"author":[{"embeddable":true,"href":"https:\/\/new.laserpoint.eu\/pt-br\/wp-json\/wp\/v2\/users\/1"}],"replies":[{"embeddable":true,"href":"https:\/\/new.laserpoint.eu\/pt-br\/wp-json\/wp\/v2\/comments?post=13331"}],"version-history":[{"count":5,"href":"https:\/\/new.laserpoint.eu\/pt-br\/wp-json\/wp\/v2\/pages\/13331\/revisions"}],"predecessor-version":[{"id":13336,"href":"https:\/\/new.laserpoint.eu\/pt-br\/wp-json\/wp\/v2\/pages\/13331\/revisions\/13336"}],"up":[{"embeddable":true,"href":"https:\/\/new.laserpoint.eu\/pt-br\/wp-json\/wp\/v2\/pages\/13677"}],"wp:attachment":[{"href":"https:\/\/new.laserpoint.eu\/pt-br\/wp-json\/wp\/v2\/media?parent=13331"}],"curies":[{"name":"wp","href":"https:\/\/api.w.org\/{rel}","templated":true}]}}