{"id":13313,"date":"2020-09-14T14:28:02","date_gmt":"2020-09-14T12:28:02","guid":{"rendered":"https:\/\/www.laserpoint.eu\/termopilhas\/absorvedores-de-superficie\/"},"modified":"2020-09-14T14:28:02","modified_gmt":"2020-09-14T12:28:02","slug":"absorvedores-de-superficie","status":"publish","type":"page","link":"https:\/\/new.laserpoint.eu\/pt-br\/tecnologias\/termopilhas\/absorvedores-de-superficie\/","title":{"rendered":"Absorvedores de superf\u00edcie"},"content":{"rendered":"<section class=\"wpb-content-wrapper\"><p>[vc_row][vc_column][vc_column_text]<\/p>\n<h2>Absorvedores de superf\u00edcie<\/h2>\n<p>Os absorvedores de superf\u00edcie consistem em camadas finas de materiais, geralmente feitos de materiais especiais ou materiais refrat\u00e1rios, depositados em substratos, que podem facilmente transferir calor como metais de alta condutividade. S\u00e3o usados para lasers CW ou outras fontes que emitem impulsos longos (com dura\u00e7\u00e3o <x id=\"gid_0\"><\/x>300\u03bcseg). A radia\u00e7\u00e3o \u00e9 quase inteiramente absorvida dentro dessa fina camada e depois liberada como calor que passa atrav\u00e9s da termopilha.[\/vc_column_text][vc_single_image image=&#8221;775&#8243; img_size=&#8221;large&#8221; alignment=&#8221;center&#8221; css=&#8221;.vc_custom_1591773782550{padding-top: 20px !important;}&#8221;][\/vc_column][\/vc_row][vc_row][vc_column][vc_custom_heading text=&#8221;Curvas do limiar de absor\u00e7\u00e3o e dano para cabe\u00e7as t\u00e9rmicas e sensores de posi\u00e7\u00e3o do feixe&#8221; use_theme_fonts=&#8221;yes&#8221;][vc_single_image image=&#8221;598&#8243; img_size=&#8221;large&#8221; alignment=&#8221;center&#8221;][vc_single_image image=&#8221;609&#8243; img_size=&#8221;large&#8221; alignment=&#8221;center&#8221;][\/vc_column][\/vc_row]<\/p>\n<\/section>","protected":false},"excerpt":{"rendered":"<p>[vc_row][vc_column][vc_column_text] Absorvedores de superf\u00edcie Os absorvedores de superf\u00edcie consistem em camadas finas de materiais, geralmente feitos de materiais especiais ou materiais refrat\u00e1rios, depositados em substratos, que podem facilmente transferir calor como metais de alta condutividade. S\u00e3o usados para lasers CW ou outras fontes que emitem impulsos longos (com dura\u00e7\u00e3o 300\u03bcseg). A radia\u00e7\u00e3o \u00e9 quase inteiramente&hellip;<\/p>\n","protected":false},"author":1,"featured_media":0,"parent":13304,"menu_order":0,"comment_status":"closed","ping_status":"closed","template":"","meta":{"footnotes":""},"acf":[],"yoast_head":"<!-- This site is optimized with the Yoast SEO plugin v21.3 - https:\/\/yoast.com\/wordpress\/plugins\/seo\/ -->\n<title>Absorvedores de superf\u00edcie - Laserpoint<\/title>\n<meta name=\"robots\" content=\"noindex, follow, max-snippet:-1, max-image-preview:large, max-video-preview:-1\" \/>\n<meta property=\"og:locale\" content=\"pt_BR\" \/>\n<meta property=\"og:type\" content=\"article\" \/>\n<meta property=\"og:title\" content=\"Absorvedores de superf\u00edcie - Laserpoint\" \/>\n<meta property=\"og:description\" content=\"[vc_row][vc_column][vc_column_text] Absorvedores de superf\u00edcie Os absorvedores de superf\u00edcie consistem em camadas finas de materiais, geralmente feitos de materiais especiais ou materiais refrat\u00e1rios, depositados em substratos, que podem facilmente transferir calor como metais de alta condutividade. S\u00e3o usados para lasers CW ou outras fontes que emitem impulsos longos (com dura\u00e7\u00e3o 300\u03bcseg). A radia\u00e7\u00e3o \u00e9 quase inteiramente&hellip;\" \/>\n<meta property=\"og:url\" content=\"https:\/\/new.laserpoint.eu\/pt-br\/tecnologias\/termopilhas\/absorvedores-de-superficie\/\" \/>\n<meta property=\"og:site_name\" content=\"Laserpoint\" \/>\n<meta name=\"twitter:card\" content=\"summary_large_image\" \/>\n<meta name=\"twitter:label1\" content=\"Est. tempo de leitura\" \/>\n\t<meta name=\"twitter:data1\" content=\"1 minuto\" \/>\n<script type=\"application\/ld+json\" class=\"yoast-schema-graph\">{\"@context\":\"https:\/\/schema.org\",\"@graph\":[{\"@type\":\"WebPage\",\"@id\":\"https:\/\/new.laserpoint.eu\/pt-br\/tecnologias\/termopilhas\/absorvedores-de-superficie\/\",\"url\":\"https:\/\/new.laserpoint.eu\/pt-br\/tecnologias\/termopilhas\/absorvedores-de-superficie\/\",\"name\":\"Absorvedores de superf\u00edcie - Laserpoint\",\"isPartOf\":{\"@id\":\"https:\/\/new.laserpoint.eu\/pt-br\/#website\"},\"datePublished\":\"2020-09-14T12:28:02+00:00\",\"dateModified\":\"2020-09-14T12:28:02+00:00\",\"breadcrumb\":{\"@id\":\"https:\/\/new.laserpoint.eu\/pt-br\/tecnologias\/termopilhas\/absorvedores-de-superficie\/#breadcrumb\"},\"inLanguage\":\"pt-BR\",\"potentialAction\":[{\"@type\":\"ReadAction\",\"target\":[\"https:\/\/new.laserpoint.eu\/pt-br\/tecnologias\/termopilhas\/absorvedores-de-superficie\/\"]}]},{\"@type\":\"BreadcrumbList\",\"@id\":\"https:\/\/new.laserpoint.eu\/pt-br\/tecnologias\/termopilhas\/absorvedores-de-superficie\/#breadcrumb\",\"itemListElement\":[{\"@type\":\"ListItem\",\"position\":1,\"name\":\"Home\",\"item\":\"https:\/\/new.laserpoint.eu\/pt-br\/\"},{\"@type\":\"ListItem\",\"position\":2,\"name\":\"Tecnologias\",\"item\":\"https:\/\/new.laserpoint.eu\/pt-br\/technologies\/\"},{\"@type\":\"ListItem\",\"position\":3,\"name\":\"Termopilhas\",\"item\":\"https:\/\/new.laserpoint.eu\/pt-br\/technologies\/thermopiles\/\"},{\"@type\":\"ListItem\",\"position\":4,\"name\":\"Absorvedores de superf\u00edcie\"}]},{\"@type\":\"WebSite\",\"@id\":\"https:\/\/new.laserpoint.eu\/pt-br\/#website\",\"url\":\"https:\/\/new.laserpoint.eu\/pt-br\/\",\"name\":\"Laserpoint\",\"description\":\"Development and manufacturing of laser measurement instruments\",\"publisher\":{\"@id\":\"https:\/\/new.laserpoint.eu\/pt-br\/#organization\"},\"potentialAction\":[{\"@type\":\"SearchAction\",\"target\":{\"@type\":\"EntryPoint\",\"urlTemplate\":\"https:\/\/new.laserpoint.eu\/pt-br\/?s={search_term_string}\"},\"query-input\":\"required name=search_term_string\"}],\"inLanguage\":\"pt-BR\"},{\"@type\":\"Organization\",\"@id\":\"https:\/\/new.laserpoint.eu\/pt-br\/#organization\",\"name\":\"Laserpoint\",\"url\":\"https:\/\/new.laserpoint.eu\/pt-br\/\",\"logo\":{\"@type\":\"ImageObject\",\"inLanguage\":\"pt-BR\",\"@id\":\"https:\/\/new.laserpoint.eu\/pt-br\/#\/schema\/logo\/image\/\",\"url\":\"https:\/\/www.laserpoint.eu\/wp-content\/uploads\/laserpoint-logo.png\",\"contentUrl\":\"https:\/\/www.laserpoint.eu\/wp-content\/uploads\/laserpoint-logo.png\",\"width\":520,\"height\":84,\"caption\":\"Laserpoint\"},\"image\":{\"@id\":\"https:\/\/new.laserpoint.eu\/pt-br\/#\/schema\/logo\/image\/\"}}]}<\/script>\n<!-- \/ Yoast SEO plugin. -->","yoast_head_json":{"title":"Absorvedores de superf\u00edcie - Laserpoint","robots":{"index":"noindex","follow":"follow","max-snippet":"max-snippet:-1","max-image-preview":"max-image-preview:large","max-video-preview":"max-video-preview:-1"},"og_locale":"pt_BR","og_type":"article","og_title":"Absorvedores de superf\u00edcie - Laserpoint","og_description":"[vc_row][vc_column][vc_column_text] Absorvedores de superf\u00edcie Os absorvedores de superf\u00edcie consistem em camadas finas de materiais, geralmente feitos de materiais especiais ou materiais refrat\u00e1rios, depositados em substratos, que podem facilmente transferir calor como metais de alta condutividade. S\u00e3o usados para lasers CW ou outras fontes que emitem impulsos longos (com dura\u00e7\u00e3o 300\u03bcseg). A radia\u00e7\u00e3o \u00e9 quase inteiramente&hellip;","og_url":"https:\/\/new.laserpoint.eu\/pt-br\/tecnologias\/termopilhas\/absorvedores-de-superficie\/","og_site_name":"Laserpoint","twitter_card":"summary_large_image","twitter_misc":{"Est. tempo de leitura":"1 minuto"},"schema":{"@context":"https:\/\/schema.org","@graph":[{"@type":"WebPage","@id":"https:\/\/new.laserpoint.eu\/pt-br\/tecnologias\/termopilhas\/absorvedores-de-superficie\/","url":"https:\/\/new.laserpoint.eu\/pt-br\/tecnologias\/termopilhas\/absorvedores-de-superficie\/","name":"Absorvedores de superf\u00edcie - Laserpoint","isPartOf":{"@id":"https:\/\/new.laserpoint.eu\/pt-br\/#website"},"datePublished":"2020-09-14T12:28:02+00:00","dateModified":"2020-09-14T12:28:02+00:00","breadcrumb":{"@id":"https:\/\/new.laserpoint.eu\/pt-br\/tecnologias\/termopilhas\/absorvedores-de-superficie\/#breadcrumb"},"inLanguage":"pt-BR","potentialAction":[{"@type":"ReadAction","target":["https:\/\/new.laserpoint.eu\/pt-br\/tecnologias\/termopilhas\/absorvedores-de-superficie\/"]}]},{"@type":"BreadcrumbList","@id":"https:\/\/new.laserpoint.eu\/pt-br\/tecnologias\/termopilhas\/absorvedores-de-superficie\/#breadcrumb","itemListElement":[{"@type":"ListItem","position":1,"name":"Home","item":"https:\/\/new.laserpoint.eu\/pt-br\/"},{"@type":"ListItem","position":2,"name":"Tecnologias","item":"https:\/\/new.laserpoint.eu\/pt-br\/technologies\/"},{"@type":"ListItem","position":3,"name":"Termopilhas","item":"https:\/\/new.laserpoint.eu\/pt-br\/technologies\/thermopiles\/"},{"@type":"ListItem","position":4,"name":"Absorvedores de superf\u00edcie"}]},{"@type":"WebSite","@id":"https:\/\/new.laserpoint.eu\/pt-br\/#website","url":"https:\/\/new.laserpoint.eu\/pt-br\/","name":"Laserpoint","description":"Development and manufacturing of laser measurement instruments","publisher":{"@id":"https:\/\/new.laserpoint.eu\/pt-br\/#organization"},"potentialAction":[{"@type":"SearchAction","target":{"@type":"EntryPoint","urlTemplate":"https:\/\/new.laserpoint.eu\/pt-br\/?s={search_term_string}"},"query-input":"required name=search_term_string"}],"inLanguage":"pt-BR"},{"@type":"Organization","@id":"https:\/\/new.laserpoint.eu\/pt-br\/#organization","name":"Laserpoint","url":"https:\/\/new.laserpoint.eu\/pt-br\/","logo":{"@type":"ImageObject","inLanguage":"pt-BR","@id":"https:\/\/new.laserpoint.eu\/pt-br\/#\/schema\/logo\/image\/","url":"https:\/\/www.laserpoint.eu\/wp-content\/uploads\/laserpoint-logo.png","contentUrl":"https:\/\/www.laserpoint.eu\/wp-content\/uploads\/laserpoint-logo.png","width":520,"height":84,"caption":"Laserpoint"},"image":{"@id":"https:\/\/new.laserpoint.eu\/pt-br\/#\/schema\/logo\/image\/"}}]}},"_links":{"self":[{"href":"https:\/\/new.laserpoint.eu\/pt-br\/wp-json\/wp\/v2\/pages\/13313"}],"collection":[{"href":"https:\/\/new.laserpoint.eu\/pt-br\/wp-json\/wp\/v2\/pages"}],"about":[{"href":"https:\/\/new.laserpoint.eu\/pt-br\/wp-json\/wp\/v2\/types\/page"}],"author":[{"embeddable":true,"href":"https:\/\/new.laserpoint.eu\/pt-br\/wp-json\/wp\/v2\/users\/1"}],"replies":[{"embeddable":true,"href":"https:\/\/new.laserpoint.eu\/pt-br\/wp-json\/wp\/v2\/comments?post=13313"}],"version-history":[{"count":2,"href":"https:\/\/new.laserpoint.eu\/pt-br\/wp-json\/wp\/v2\/pages\/13313\/revisions"}],"predecessor-version":[{"id":13315,"href":"https:\/\/new.laserpoint.eu\/pt-br\/wp-json\/wp\/v2\/pages\/13313\/revisions\/13315"}],"up":[{"embeddable":true,"href":"https:\/\/new.laserpoint.eu\/pt-br\/wp-json\/wp\/v2\/pages\/13304"}],"wp:attachment":[{"href":"https:\/\/new.laserpoint.eu\/pt-br\/wp-json\/wp\/v2\/media?parent=13313"}],"curies":[{"name":"wp","href":"https:\/\/api.w.org\/{rel}","templated":true}]}}