{"id":13295,"date":"2020-09-14T14:18:00","date_gmt":"2020-09-14T12:18:00","guid":{"rendered":"https:\/\/www.laserpoint.eu\/fotodiodos\/"},"modified":"2020-09-14T14:18:09","modified_gmt":"2020-09-14T12:18:09","slug":"fotodiodos","status":"publish","type":"page","link":"https:\/\/new.laserpoint.eu\/pt-br\/tecnologias\/fotodiodos\/","title":{"rendered":"Fotod\u00edodos"},"content":{"rendered":"<section class=\"wpb-content-wrapper\"><p>[vc_row type=&#8221;vc_default&#8221;][vc_column width=&#8221;1\/2&#8243;][vc_custom_heading text=&#8221;Sensores de fotod\u00edodo&#8221; use_theme_fonts=&#8221;yes&#8221;][vc_column_text]Os sensores de fotodiodo convertem os f\u00f3tons laser incidentes em transportadores de carga (el\u00e9trons e furos), que s\u00e3o posteriormente medidos como tens\u00e3o ou corrente. O seu comportamento de possuirem um baixo ru\u00eddo e elevada sensibilidade permite que os fotodiodos detectem n\u00edveis de luz muito baixos e os torna ideais para medi\u00e7\u00f5es de baixa pot\u00eancia de lasers CW. Em compara\u00e7\u00e3o com os sensores t\u00e9rmicos, os fotodiodos t\u00eam uma faixa espectral muito mais confinada e menor uniformidade espacial, o que pode afetar a repetibilidade da medi\u00e7\u00e3o de feixes muito pequenos ou de feixes que n\u00e3o s\u00e3o est\u00e1veis na superf\u00edcie do detector. Geralmente, os sensores de fotodiodo s\u00e3o a melhor escolha quando a medi\u00e7\u00e3o de pot\u00eancia \u00e9 muito baixa e quando \u00e9 necess\u00e1rio um tempo de resposta r\u00e1pido. <\/p>\n<p>Os sensores de fotodiodo t\u00eam um limite de satura\u00e7\u00e3o de, aproximadamente, 1mW\/cm<sup>2<\/sup>; para operar em pot\u00eancias mais altas; devem ser usados filtros atenuantes. A s\u00e9rie de sensores de fotodiodo da Laser Point para a medi\u00e7\u00e3o de pot\u00eancia do laser foi projetada para cobrir uma faixa de pot\u00eancias de at\u00e9 500mW e uma faixa de comprimento de onda que se estende de UV para IR pr\u00f3ximo. Estes sensores s\u00e3o oferecidos em uma caixa fina que fornece blindagem aprimorada contra interfer\u00eancia EM e podem ser fornecidos com um conjunto de adaptadores de fibra para conect\u00e1-los aos cabos de patch de fibra \u00f3ptica padr\u00e3o.[\/vc_column_text][\/vc_column][vc_column width=&#8221;1\/2&#8243;][vc_single_image image=&#8221;824&#8243; img_size=&#8221;large&#8221; alignment=&#8221;center&#8221; css=&#8221;.vc_custom_1591784193868{padding-top: 20px !important;padding-bottom: 20px !important;}&#8221;][\/vc_column][\/vc_row][vc_row][vc_column][vc_custom_heading text=&#8221;Curvas gerais de absor\u00e7\u00e3o para sensores de fotod\u00edodo&#8221; use_theme_fonts=&#8221;yes&#8221;][vc_single_image image=&#8221;601&#8243; img_size=&#8221;large&#8221; alignment=&#8221;center&#8221;][vc_single_image image=&#8221;602&#8243; img_size=&#8221;large&#8221; alignment=&#8221;center&#8221;][vc_single_image image=&#8221;603&#8243; img_size=&#8221;large&#8221; alignment=&#8221;center&#8221;][\/vc_column][\/vc_row]<\/p>\n<\/section>","protected":false},"excerpt":{"rendered":"<p>[vc_row type=&#8221;vc_default&#8221;][vc_column width=&#8221;1\/2&#8243;][vc_custom_heading text=&#8221;Sensores de fotod\u00edodo&#8221; use_theme_fonts=&#8221;yes&#8221;][vc_column_text]Os sensores de fotodiodo convertem os f\u00f3tons laser incidentes em transportadores de carga (el\u00e9trons e furos), que s\u00e3o posteriormente medidos como tens\u00e3o ou corrente. O seu comportamento de possuirem um baixo ru\u00eddo e elevada sensibilidade permite que os fotodiodos detectem n\u00edveis de luz muito baixos e os torna ideais&hellip;<\/p>\n","protected":false},"author":1,"featured_media":5959,"parent":13677,"menu_order":0,"comment_status":"closed","ping_status":"closed","template":"","meta":{"footnotes":""},"acf":[],"yoast_head":"<!-- This site is optimized with the Yoast SEO plugin v21.3 - https:\/\/yoast.com\/wordpress\/plugins\/seo\/ -->\n<title>Fotod\u00edodos - Laserpoint<\/title>\n<meta name=\"robots\" content=\"noindex, follow, max-snippet:-1, max-image-preview:large, max-video-preview:-1\" \/>\n<meta property=\"og:locale\" content=\"pt_BR\" \/>\n<meta property=\"og:type\" content=\"article\" \/>\n<meta property=\"og:title\" content=\"Fotod\u00edodos - Laserpoint\" \/>\n<meta property=\"og:description\" content=\"[vc_row type=&#8221;vc_default&#8221;][vc_column width=&#8221;1\/2&#8243;][vc_custom_heading text=&#8221;Sensores de fotod\u00edodo&#8221; use_theme_fonts=&#8221;yes&#8221;][vc_column_text]Os sensores de fotodiodo convertem os f\u00f3tons laser incidentes em transportadores de carga (el\u00e9trons e furos), que s\u00e3o posteriormente medidos como tens\u00e3o ou corrente. O seu comportamento de possuirem um baixo ru\u00eddo e elevada sensibilidade permite que os fotodiodos detectem n\u00edveis de luz muito baixos e os torna ideais&hellip;\" \/>\n<meta property=\"og:url\" content=\"https:\/\/new.laserpoint.eu\/pt-br\/tecnologias\/fotodiodos\/\" \/>\n<meta property=\"og:site_name\" content=\"Laserpoint\" \/>\n<meta property=\"article:modified_time\" content=\"2020-09-14T12:18:09+00:00\" \/>\n<meta property=\"og:image\" content=\"https:\/\/new.laserpoint.eu\/wp-content\/uploads\/Product-2.jpg\" \/>\n\t<meta property=\"og:image:width\" content=\"960\" \/>\n\t<meta property=\"og:image:height\" content=\"960\" \/>\n\t<meta property=\"og:image:type\" content=\"image\/jpeg\" \/>\n<meta name=\"twitter:card\" content=\"summary_large_image\" \/>\n<meta name=\"twitter:label1\" content=\"Est. tempo de leitura\" \/>\n\t<meta name=\"twitter:data1\" content=\"2 minutos\" \/>\n<script type=\"application\/ld+json\" class=\"yoast-schema-graph\">{\"@context\":\"https:\/\/schema.org\",\"@graph\":[{\"@type\":\"WebPage\",\"@id\":\"https:\/\/new.laserpoint.eu\/pt-br\/tecnologias\/fotodiodos\/\",\"url\":\"https:\/\/new.laserpoint.eu\/pt-br\/tecnologias\/fotodiodos\/\",\"name\":\"Fotod\u00edodos - Laserpoint\",\"isPartOf\":{\"@id\":\"https:\/\/new.laserpoint.eu\/pt-br\/#website\"},\"datePublished\":\"2020-09-14T12:18:00+00:00\",\"dateModified\":\"2020-09-14T12:18:09+00:00\",\"breadcrumb\":{\"@id\":\"https:\/\/new.laserpoint.eu\/pt-br\/tecnologias\/fotodiodos\/#breadcrumb\"},\"inLanguage\":\"pt-BR\",\"potentialAction\":[{\"@type\":\"ReadAction\",\"target\":[\"https:\/\/new.laserpoint.eu\/pt-br\/tecnologias\/fotodiodos\/\"]}]},{\"@type\":\"BreadcrumbList\",\"@id\":\"https:\/\/new.laserpoint.eu\/pt-br\/tecnologias\/fotodiodos\/#breadcrumb\",\"itemListElement\":[{\"@type\":\"ListItem\",\"position\":1,\"name\":\"Home\",\"item\":\"https:\/\/new.laserpoint.eu\/pt-br\/\"},{\"@type\":\"ListItem\",\"position\":2,\"name\":\"Tecnologias\",\"item\":\"https:\/\/new.laserpoint.eu\/pt-br\/technologies\/\"},{\"@type\":\"ListItem\",\"position\":3,\"name\":\"Fotod\u00edodos\"}]},{\"@type\":\"WebSite\",\"@id\":\"https:\/\/new.laserpoint.eu\/pt-br\/#website\",\"url\":\"https:\/\/new.laserpoint.eu\/pt-br\/\",\"name\":\"Laserpoint\",\"description\":\"Development and manufacturing of laser measurement instruments\",\"publisher\":{\"@id\":\"https:\/\/new.laserpoint.eu\/pt-br\/#organization\"},\"potentialAction\":[{\"@type\":\"SearchAction\",\"target\":{\"@type\":\"EntryPoint\",\"urlTemplate\":\"https:\/\/new.laserpoint.eu\/pt-br\/?s={search_term_string}\"},\"query-input\":\"required name=search_term_string\"}],\"inLanguage\":\"pt-BR\"},{\"@type\":\"Organization\",\"@id\":\"https:\/\/new.laserpoint.eu\/pt-br\/#organization\",\"name\":\"Laserpoint\",\"url\":\"https:\/\/new.laserpoint.eu\/pt-br\/\",\"logo\":{\"@type\":\"ImageObject\",\"inLanguage\":\"pt-BR\",\"@id\":\"https:\/\/new.laserpoint.eu\/pt-br\/#\/schema\/logo\/image\/\",\"url\":\"https:\/\/www.laserpoint.eu\/wp-content\/uploads\/laserpoint-logo.png\",\"contentUrl\":\"https:\/\/www.laserpoint.eu\/wp-content\/uploads\/laserpoint-logo.png\",\"width\":520,\"height\":84,\"caption\":\"Laserpoint\"},\"image\":{\"@id\":\"https:\/\/new.laserpoint.eu\/pt-br\/#\/schema\/logo\/image\/\"}}]}<\/script>\n<!-- \/ Yoast SEO plugin. -->","yoast_head_json":{"title":"Fotod\u00edodos - Laserpoint","robots":{"index":"noindex","follow":"follow","max-snippet":"max-snippet:-1","max-image-preview":"max-image-preview:large","max-video-preview":"max-video-preview:-1"},"og_locale":"pt_BR","og_type":"article","og_title":"Fotod\u00edodos - Laserpoint","og_description":"[vc_row type=&#8221;vc_default&#8221;][vc_column width=&#8221;1\/2&#8243;][vc_custom_heading text=&#8221;Sensores de fotod\u00edodo&#8221; use_theme_fonts=&#8221;yes&#8221;][vc_column_text]Os sensores de fotodiodo convertem os f\u00f3tons laser incidentes em transportadores de carga (el\u00e9trons e furos), que s\u00e3o posteriormente medidos como tens\u00e3o ou corrente. O seu comportamento de possuirem um baixo ru\u00eddo e elevada sensibilidade permite que os fotodiodos detectem n\u00edveis de luz muito baixos e os torna ideais&hellip;","og_url":"https:\/\/new.laserpoint.eu\/pt-br\/tecnologias\/fotodiodos\/","og_site_name":"Laserpoint","article_modified_time":"2020-09-14T12:18:09+00:00","og_image":[{"width":960,"height":960,"url":"https:\/\/new.laserpoint.eu\/wp-content\/uploads\/Product-2.jpg","type":"image\/jpeg"}],"twitter_card":"summary_large_image","twitter_misc":{"Est. tempo de leitura":"2 minutos"},"schema":{"@context":"https:\/\/schema.org","@graph":[{"@type":"WebPage","@id":"https:\/\/new.laserpoint.eu\/pt-br\/tecnologias\/fotodiodos\/","url":"https:\/\/new.laserpoint.eu\/pt-br\/tecnologias\/fotodiodos\/","name":"Fotod\u00edodos - Laserpoint","isPartOf":{"@id":"https:\/\/new.laserpoint.eu\/pt-br\/#website"},"datePublished":"2020-09-14T12:18:00+00:00","dateModified":"2020-09-14T12:18:09+00:00","breadcrumb":{"@id":"https:\/\/new.laserpoint.eu\/pt-br\/tecnologias\/fotodiodos\/#breadcrumb"},"inLanguage":"pt-BR","potentialAction":[{"@type":"ReadAction","target":["https:\/\/new.laserpoint.eu\/pt-br\/tecnologias\/fotodiodos\/"]}]},{"@type":"BreadcrumbList","@id":"https:\/\/new.laserpoint.eu\/pt-br\/tecnologias\/fotodiodos\/#breadcrumb","itemListElement":[{"@type":"ListItem","position":1,"name":"Home","item":"https:\/\/new.laserpoint.eu\/pt-br\/"},{"@type":"ListItem","position":2,"name":"Tecnologias","item":"https:\/\/new.laserpoint.eu\/pt-br\/technologies\/"},{"@type":"ListItem","position":3,"name":"Fotod\u00edodos"}]},{"@type":"WebSite","@id":"https:\/\/new.laserpoint.eu\/pt-br\/#website","url":"https:\/\/new.laserpoint.eu\/pt-br\/","name":"Laserpoint","description":"Development and manufacturing of laser measurement instruments","publisher":{"@id":"https:\/\/new.laserpoint.eu\/pt-br\/#organization"},"potentialAction":[{"@type":"SearchAction","target":{"@type":"EntryPoint","urlTemplate":"https:\/\/new.laserpoint.eu\/pt-br\/?s={search_term_string}"},"query-input":"required name=search_term_string"}],"inLanguage":"pt-BR"},{"@type":"Organization","@id":"https:\/\/new.laserpoint.eu\/pt-br\/#organization","name":"Laserpoint","url":"https:\/\/new.laserpoint.eu\/pt-br\/","logo":{"@type":"ImageObject","inLanguage":"pt-BR","@id":"https:\/\/new.laserpoint.eu\/pt-br\/#\/schema\/logo\/image\/","url":"https:\/\/www.laserpoint.eu\/wp-content\/uploads\/laserpoint-logo.png","contentUrl":"https:\/\/www.laserpoint.eu\/wp-content\/uploads\/laserpoint-logo.png","width":520,"height":84,"caption":"Laserpoint"},"image":{"@id":"https:\/\/new.laserpoint.eu\/pt-br\/#\/schema\/logo\/image\/"}}]}},"_links":{"self":[{"href":"https:\/\/new.laserpoint.eu\/pt-br\/wp-json\/wp\/v2\/pages\/13295"}],"collection":[{"href":"https:\/\/new.laserpoint.eu\/pt-br\/wp-json\/wp\/v2\/pages"}],"about":[{"href":"https:\/\/new.laserpoint.eu\/pt-br\/wp-json\/wp\/v2\/types\/page"}],"author":[{"embeddable":true,"href":"https:\/\/new.laserpoint.eu\/pt-br\/wp-json\/wp\/v2\/users\/1"}],"replies":[{"embeddable":true,"href":"https:\/\/new.laserpoint.eu\/pt-br\/wp-json\/wp\/v2\/comments?post=13295"}],"version-history":[{"count":5,"href":"https:\/\/new.laserpoint.eu\/pt-br\/wp-json\/wp\/v2\/pages\/13295\/revisions"}],"predecessor-version":[{"id":13300,"href":"https:\/\/new.laserpoint.eu\/pt-br\/wp-json\/wp\/v2\/pages\/13295\/revisions\/13300"}],"up":[{"embeddable":true,"href":"https:\/\/new.laserpoint.eu\/pt-br\/wp-json\/wp\/v2\/pages\/13677"}],"wp:featuredmedia":[{"embeddable":true,"href":"https:\/\/new.laserpoint.eu\/pt-br\/wp-json\/wp\/v2\/media\/5959"}],"wp:attachment":[{"href":"https:\/\/new.laserpoint.eu\/pt-br\/wp-json\/wp\/v2\/media?parent=13295"}],"curies":[{"name":"wp","href":"https:\/\/api.w.org\/{rel}","templated":true}]}}