{"id":13280,"date":"2020-09-14T14:12:11","date_gmt":"2020-09-14T12:12:11","guid":{"rendered":"https:\/\/www.laserpoint.eu\/suporte-de-servico-e-lancamento\/"},"modified":"2020-09-14T14:12:21","modified_gmt":"2020-09-14T12:12:21","slug":"suporte-de-servico-e-lancamento","status":"publish","type":"page","link":"https:\/\/new.laserpoint.eu\/pt-br\/suporte-de-servico-e-lancamento\/","title":{"rendered":"Suporte de servi\u00e7o e lan\u00e7amento"},"content":{"rendered":"<section class=\"wpb-content-wrapper\"><p>[vc_row][vc_column][vc_column_text]<\/p>\n<h2>Op\u00e7\u00f5es de suporte de servi\u00e7o e lan\u00e7amento<\/h2>\n<p>Dois tipos de suporte de servi\u00e7o foram projetados para serem usados com as cabe\u00e7as de medi\u00e7\u00e3o de acordo com o tamanho da pr\u00f3pria cabe\u00e7a para permitir uma montagem est\u00e1vel e segura da cabe\u00e7a no suporte.<\/p>\n<p>O suporte de servi\u00e7o ligeiro \u00e9 fornecido com todas as cabe\u00e7as de medi\u00e7\u00e3o de at\u00e9 600W, enquanto o suporte de servi\u00e7o pesado \u00e9 usado para maior pot\u00eancia.[\/vc_column_text][vc_empty_space][vc_column_text]<strong>Light Duty Stand &#8211; Suporte para trabalhos ligeiros<\/strong>[\/vc_column_text][\/vc_column][\/vc_row][vc_row][vc_column][vc_single_image image=&#8221;3200&#8243; img_size=&#8221;large&#8221;][vc_empty_space][\/vc_column][\/vc_row][vc_row][vc_column][vc_column_text]<strong>Heavy Duty Stand &#8211; Suporte para trabalhos<\/strong>[\/vc_column_text][vc_single_image image=&#8221;3202&#8243; img_size=&#8221;large&#8221;][\/vc_column][\/vc_row]<\/p>\n<\/section>","protected":false},"excerpt":{"rendered":"<p>[vc_row][vc_column][vc_column_text] Op\u00e7\u00f5es de suporte de servi\u00e7o e lan\u00e7amento Dois tipos de suporte de servi\u00e7o foram projetados para serem usados com as cabe\u00e7as de medi\u00e7\u00e3o de acordo com o tamanho da pr\u00f3pria cabe\u00e7a para permitir uma montagem est\u00e1vel e segura da cabe\u00e7a no suporte. O suporte de servi\u00e7o ligeiro \u00e9 fornecido com todas as cabe\u00e7as de&hellip;<\/p>\n","protected":false},"author":2,"featured_media":0,"parent":0,"menu_order":0,"comment_status":"closed","ping_status":"closed","template":"","meta":{"footnotes":""},"acf":[],"yoast_head":"<!-- This site is optimized with the Yoast SEO plugin v21.3 - https:\/\/yoast.com\/wordpress\/plugins\/seo\/ -->\n<title>Suporte de servi\u00e7o e lan\u00e7amento - Laserpoint<\/title>\n<meta name=\"robots\" content=\"noindex, follow\" \/>\n<meta property=\"og:locale\" content=\"pt_BR\" \/>\n<meta property=\"og:type\" content=\"article\" \/>\n<meta property=\"og:title\" content=\"Suporte de servi\u00e7o e lan\u00e7amento - Laserpoint\" \/>\n<meta property=\"og:description\" content=\"[vc_row][vc_column][vc_column_text] Op\u00e7\u00f5es de suporte de servi\u00e7o e lan\u00e7amento Dois tipos de suporte de servi\u00e7o foram projetados para serem usados com as cabe\u00e7as de medi\u00e7\u00e3o de acordo com o tamanho da pr\u00f3pria cabe\u00e7a para permitir uma montagem est\u00e1vel e segura da cabe\u00e7a no suporte. O suporte de servi\u00e7o ligeiro \u00e9 fornecido com todas as cabe\u00e7as de&hellip;\" \/>\n<meta property=\"og:url\" content=\"https:\/\/new.laserpoint.eu\/pt-br\/suporte-de-servico-e-lancamento\/\" \/>\n<meta property=\"og:site_name\" content=\"Laserpoint\" \/>\n<meta property=\"article:modified_time\" content=\"2020-09-14T12:12:21+00:00\" \/>\n<meta name=\"twitter:card\" content=\"summary_large_image\" \/>\n<meta name=\"twitter:label1\" content=\"Est. tempo de leitura\" \/>\n\t<meta name=\"twitter:data1\" content=\"1 minuto\" \/>\n<script type=\"application\/ld+json\" class=\"yoast-schema-graph\">{\"@context\":\"https:\/\/schema.org\",\"@graph\":[{\"@type\":\"WebPage\",\"@id\":\"https:\/\/new.laserpoint.eu\/pt-br\/suporte-de-servico-e-lancamento\/\",\"url\":\"https:\/\/new.laserpoint.eu\/pt-br\/suporte-de-servico-e-lancamento\/\",\"name\":\"Suporte de servi\u00e7o e lan\u00e7amento - Laserpoint\",\"isPartOf\":{\"@id\":\"https:\/\/new.laserpoint.eu\/pt-br\/#website\"},\"datePublished\":\"2020-09-14T12:12:11+00:00\",\"dateModified\":\"2020-09-14T12:12:21+00:00\",\"breadcrumb\":{\"@id\":\"https:\/\/new.laserpoint.eu\/pt-br\/suporte-de-servico-e-lancamento\/#breadcrumb\"},\"inLanguage\":\"pt-BR\",\"potentialAction\":[{\"@type\":\"ReadAction\",\"target\":[\"https:\/\/new.laserpoint.eu\/pt-br\/suporte-de-servico-e-lancamento\/\"]}]},{\"@type\":\"BreadcrumbList\",\"@id\":\"https:\/\/new.laserpoint.eu\/pt-br\/suporte-de-servico-e-lancamento\/#breadcrumb\",\"itemListElement\":[{\"@type\":\"ListItem\",\"position\":1,\"name\":\"Home\",\"item\":\"https:\/\/new.laserpoint.eu\/pt-br\/\"},{\"@type\":\"ListItem\",\"position\":2,\"name\":\"Suporte de servi\u00e7o e lan\u00e7amento\"}]},{\"@type\":\"WebSite\",\"@id\":\"https:\/\/new.laserpoint.eu\/pt-br\/#website\",\"url\":\"https:\/\/new.laserpoint.eu\/pt-br\/\",\"name\":\"Laserpoint\",\"description\":\"Development and manufacturing of laser measurement instruments\",\"publisher\":{\"@id\":\"https:\/\/new.laserpoint.eu\/pt-br\/#organization\"},\"potentialAction\":[{\"@type\":\"SearchAction\",\"target\":{\"@type\":\"EntryPoint\",\"urlTemplate\":\"https:\/\/new.laserpoint.eu\/pt-br\/?s={search_term_string}\"},\"query-input\":\"required name=search_term_string\"}],\"inLanguage\":\"pt-BR\"},{\"@type\":\"Organization\",\"@id\":\"https:\/\/new.laserpoint.eu\/pt-br\/#organization\",\"name\":\"Laserpoint\",\"url\":\"https:\/\/new.laserpoint.eu\/pt-br\/\",\"logo\":{\"@type\":\"ImageObject\",\"inLanguage\":\"pt-BR\",\"@id\":\"https:\/\/new.laserpoint.eu\/pt-br\/#\/schema\/logo\/image\/\",\"url\":\"https:\/\/www.laserpoint.eu\/wp-content\/uploads\/laserpoint-logo.png\",\"contentUrl\":\"https:\/\/www.laserpoint.eu\/wp-content\/uploads\/laserpoint-logo.png\",\"width\":520,\"height\":84,\"caption\":\"Laserpoint\"},\"image\":{\"@id\":\"https:\/\/new.laserpoint.eu\/pt-br\/#\/schema\/logo\/image\/\"}}]}<\/script>\n<!-- \/ Yoast SEO plugin. -->","yoast_head_json":{"title":"Suporte de servi\u00e7o e lan\u00e7amento - Laserpoint","robots":{"index":"noindex","follow":"follow"},"og_locale":"pt_BR","og_type":"article","og_title":"Suporte de servi\u00e7o e lan\u00e7amento - Laserpoint","og_description":"[vc_row][vc_column][vc_column_text] Op\u00e7\u00f5es de suporte de servi\u00e7o e lan\u00e7amento Dois tipos de suporte de servi\u00e7o foram projetados para serem usados com as cabe\u00e7as de medi\u00e7\u00e3o de acordo com o tamanho da pr\u00f3pria cabe\u00e7a para permitir uma montagem est\u00e1vel e segura da cabe\u00e7a no suporte. O suporte de servi\u00e7o ligeiro \u00e9 fornecido com todas as cabe\u00e7as de&hellip;","og_url":"https:\/\/new.laserpoint.eu\/pt-br\/suporte-de-servico-e-lancamento\/","og_site_name":"Laserpoint","article_modified_time":"2020-09-14T12:12:21+00:00","twitter_card":"summary_large_image","twitter_misc":{"Est. tempo de leitura":"1 minuto"},"schema":{"@context":"https:\/\/schema.org","@graph":[{"@type":"WebPage","@id":"https:\/\/new.laserpoint.eu\/pt-br\/suporte-de-servico-e-lancamento\/","url":"https:\/\/new.laserpoint.eu\/pt-br\/suporte-de-servico-e-lancamento\/","name":"Suporte de servi\u00e7o e lan\u00e7amento - Laserpoint","isPartOf":{"@id":"https:\/\/new.laserpoint.eu\/pt-br\/#website"},"datePublished":"2020-09-14T12:12:11+00:00","dateModified":"2020-09-14T12:12:21+00:00","breadcrumb":{"@id":"https:\/\/new.laserpoint.eu\/pt-br\/suporte-de-servico-e-lancamento\/#breadcrumb"},"inLanguage":"pt-BR","potentialAction":[{"@type":"ReadAction","target":["https:\/\/new.laserpoint.eu\/pt-br\/suporte-de-servico-e-lancamento\/"]}]},{"@type":"BreadcrumbList","@id":"https:\/\/new.laserpoint.eu\/pt-br\/suporte-de-servico-e-lancamento\/#breadcrumb","itemListElement":[{"@type":"ListItem","position":1,"name":"Home","item":"https:\/\/new.laserpoint.eu\/pt-br\/"},{"@type":"ListItem","position":2,"name":"Suporte de servi\u00e7o e lan\u00e7amento"}]},{"@type":"WebSite","@id":"https:\/\/new.laserpoint.eu\/pt-br\/#website","url":"https:\/\/new.laserpoint.eu\/pt-br\/","name":"Laserpoint","description":"Development and manufacturing of laser measurement instruments","publisher":{"@id":"https:\/\/new.laserpoint.eu\/pt-br\/#organization"},"potentialAction":[{"@type":"SearchAction","target":{"@type":"EntryPoint","urlTemplate":"https:\/\/new.laserpoint.eu\/pt-br\/?s={search_term_string}"},"query-input":"required name=search_term_string"}],"inLanguage":"pt-BR"},{"@type":"Organization","@id":"https:\/\/new.laserpoint.eu\/pt-br\/#organization","name":"Laserpoint","url":"https:\/\/new.laserpoint.eu\/pt-br\/","logo":{"@type":"ImageObject","inLanguage":"pt-BR","@id":"https:\/\/new.laserpoint.eu\/pt-br\/#\/schema\/logo\/image\/","url":"https:\/\/www.laserpoint.eu\/wp-content\/uploads\/laserpoint-logo.png","contentUrl":"https:\/\/www.laserpoint.eu\/wp-content\/uploads\/laserpoint-logo.png","width":520,"height":84,"caption":"Laserpoint"},"image":{"@id":"https:\/\/new.laserpoint.eu\/pt-br\/#\/schema\/logo\/image\/"}}]}},"_links":{"self":[{"href":"https:\/\/new.laserpoint.eu\/pt-br\/wp-json\/wp\/v2\/pages\/13280"}],"collection":[{"href":"https:\/\/new.laserpoint.eu\/pt-br\/wp-json\/wp\/v2\/pages"}],"about":[{"href":"https:\/\/new.laserpoint.eu\/pt-br\/wp-json\/wp\/v2\/types\/page"}],"author":[{"embeddable":true,"href":"https:\/\/new.laserpoint.eu\/pt-br\/wp-json\/wp\/v2\/users\/2"}],"replies":[{"embeddable":true,"href":"https:\/\/new.laserpoint.eu\/pt-br\/wp-json\/wp\/v2\/comments?post=13280"}],"version-history":[{"count":7,"href":"https:\/\/new.laserpoint.eu\/pt-br\/wp-json\/wp\/v2\/pages\/13280\/revisions"}],"predecessor-version":[{"id":13288,"href":"https:\/\/new.laserpoint.eu\/pt-br\/wp-json\/wp\/v2\/pages\/13280\/revisions\/13288"}],"wp:attachment":[{"href":"https:\/\/new.laserpoint.eu\/pt-br\/wp-json\/wp\/v2\/media?parent=13280"}],"curies":[{"name":"wp","href":"https:\/\/api.w.org\/{rel}","templated":true}]}}