{"id":49439,"date":"2021-04-16T08:19:59","date_gmt":"2021-07-08T08:26:10","guid":{"rendered":"https:\/\/www.laserpoint.eu\/non%20class\u00e9\/hsm-1000\/"},"modified":"2021-07-08T10:26:24","modified_gmt":"2021-07-08T08:26:24","slug":"hsm-1000","status":"publish","type":"product","link":"https:\/\/new.laserpoint.eu\/fr\/produit\/electroniques-de-mesure\/hsm-1000\/","title":{"rendered":"HSM-1000"},"content":{"rendered":"<section class=\"wpb-content-wrapper\"><p>[vc_row][vc_column width=\u00a0\u00bb2\/3&Prime;][vc_column_text]<strong>\u00c9lectronique rapide (HSM)<\/strong><\/p>\n<p>L\u2019\u00e9lectronique rapide (HSM) HSM est une \u00e9lectronique haute vitesse sp\u00e9cialement d\u00e9velopp\u00e9 pour connecter le d\u00e9tecteur haute vitesse Blink HS \u00e0 un PC via Ethernet, pour acqu\u00e9rir et afficher des donn\u00e9es de trains d&rsquo;impulsions laser et effectuer des statistiques sur de nombreux param\u00e8tres laser tels que l&rsquo;\u00e9nergie, la puissance, le taux de r\u00e9p\u00e9tition, l&rsquo;\u00e9nergie cr\u00eate.<\/p>\n<p>Le HSM est capable d&rsquo;\u00e9chantillonner des donn\u00e9es avec une fr\u00e9quence d&rsquo;\u00e9chantillonnage allant jusqu&rsquo;\u00e0 500 Msamples \/ s pour fournir une mesure d&rsquo;\u00e9nergie pr\u00e9cise de chaque impulsion ultracourte unique jusqu&rsquo;\u00e0 une fr\u00e9quence de r\u00e9p\u00e9tition de 1 MHz. Il convient aux lasers puls\u00e9s ultracourts jusqu&rsquo;\u00e0 une dur\u00e9e d&rsquo;impulsion femtoseconde.<\/p>\n<p>Le HSM peut fonctionner selon deux modes diff\u00e9rents, le \u00abOscilloscope mode\u00bb permettant d\u2019afficher sur le PC le train d\u2019impulsions laser acquis et les \u00abIn Time Parameters\u00bb o\u00f9 l\u2019utilisateur peut surveiller le comportement de nombreux param\u00e8tres diff\u00e9rents du train d\u2019impulsions laser acquis tels que l\u2019\u00e9nergie de chaque impulsion, la puissance, le taux de r\u00e9p\u00e9tition et la puissance de cr\u00eate. Une interface utilisateur graphique conviviale (Blink-HS-GUI) est fournie avec le HSM pour afficher facilement les donn\u00e9es sur PC en utilisant les deux modes. L\u2019alimentation externe du HSM est de 12 V avec un courant maximum de 2 A. Le capteur Blink HS est connect\u00e9 au HSM via un c\u00e2ble micro-ondes sp\u00e9cifique fourni avec le capteur. La r\u00e9solution de mesure du HSM (%, pleine \u00e9chelle) est de 0,1% avec une pr\u00e9cision de mesure de + \u2013 1%. Des connecteurs SMA Trigger IN et trigger OUT sont disponibles sur le panneau avant du HSM pour permettre le d\u00e9clenchement des mesures HSM \u00e0 partir d\u2019une source de d\u00e9clenchement externe ou pour fournir respectivement un signal de d\u00e9clenchement interne.[\/vc_column_text][\/vc_column][vc_column width=\u00a0\u00bb1\/3&Prime;][vc_single_image image=\u00a0\u00bb6987&Prime; img_size=\u00a0\u00bblarge\u00a0\u00bb][vc_empty_space][vc_single_image image=\u00a0\u00bb6489&Prime; img_size=\u00a0\u00bblarge\u00a0\u00bb onclick=\u00a0\u00bblink_image\u00a0\u00bb][\/vc_column][\/vc_row][vc_row][vc_column width=\u00a0\u00bb1\/3&Prime;][vc_single_image image=\u00a0\u00bb6999&Prime; img_size=\u00a0\u00bblarge\u00a0\u00bb onclick=\u00a0\u00bblink_image\u00a0\u00bb][\/vc_column][vc_column width=\u00a0\u00bb1\/3&Prime;][vc_single_image image=\u00a0\u00bb7005&Prime; img_size=\u00a0\u00bblarge\u00a0\u00bb onclick=\u00a0\u00bblink_image\u00a0\u00bb][\/vc_column][vc_column width=\u00a0\u00bb1\/3&Prime;][vc_single_image image=\u00a0\u00bb7047&Prime; img_size=\u00a0\u00bblarge\u00a0\u00bb onclick=\u00a0\u00bblink_image\u00a0\u00bb][\/vc_column][\/vc_row][vc_row][vc_column][vc_empty_space][vc_single_image image=\u00a0\u00bb17933&Prime; img_size=\u00a0\u00bblarge\u00a0\u00bb][\/vc_column][\/vc_row]<\/p>\n<\/section>","protected":false},"excerpt":{"rendered":"<p>[vc_row][vc_column width=\u00a0\u00bb2\/3&Prime;][vc_column_text]\u00c9lectronique rapide (HSM) L\u2019\u00e9lectronique rapide (HSM) HSM est une \u00e9lectronique haute vitesse sp\u00e9cialement d\u00e9velopp\u00e9 pour connecter le d\u00e9tecteur haute vitesse Blink HS \u00e0 un PC via Ethernet, pour acqu\u00e9rir et afficher des donn\u00e9es de trains d&rsquo;impulsions laser et effectuer des statistiques sur de nombreux param\u00e8tres laser tels que l&rsquo;\u00e9nergie, la puissance, le taux de&hellip;<\/p>\n","protected":false},"featured_media":6987,"menu_order":0,"template":"","meta":[],"product_cat":[659],"product_tag":[],"acf":[],"yoast_head":"<!-- This site is optimized with the Yoast SEO plugin v21.3 - https:\/\/yoast.com\/wordpress\/plugins\/seo\/ -->\n<title>HSM-1000 - Laserpoint<\/title>\n<meta name=\"robots\" content=\"noindex, follow, max-snippet:-1, max-image-preview:large, max-video-preview:-1\" \/>\n<meta property=\"og:locale\" content=\"fr_FR\" \/>\n<meta property=\"og:type\" content=\"article\" \/>\n<meta property=\"og:title\" content=\"HSM-1000 - Laserpoint\" \/>\n<meta property=\"og:description\" content=\"[vc_row][vc_column width=\u00a0\u00bb2\/3&Prime;][vc_column_text]\u00c9lectronique rapide (HSM) L\u2019\u00e9lectronique rapide (HSM) HSM est une \u00e9lectronique haute vitesse sp\u00e9cialement d\u00e9velopp\u00e9 pour connecter le d\u00e9tecteur haute vitesse Blink HS \u00e0 un PC via Ethernet, pour acqu\u00e9rir et afficher des donn\u00e9es de trains d&rsquo;impulsions laser et effectuer des statistiques sur de nombreux param\u00e8tres laser tels que l&rsquo;\u00e9nergie, la puissance, le taux de&hellip;\" \/>\n<meta property=\"og:url\" content=\"https:\/\/new.laserpoint.eu\/fr\/produit\/electroniques-de-mesure\/hsm-1000\/\" \/>\n<meta property=\"og:site_name\" content=\"Laserpoint\" \/>\n<meta property=\"article:modified_time\" content=\"2021-07-08T08:26:24+00:00\" \/>\n<meta property=\"og:image\" content=\"https:\/\/new.laserpoint.eu\/wp-content\/uploads\/HSM_Immagine_sfondo-bianco.jpg\" \/>\n\t<meta property=\"og:image:width\" content=\"646\" \/>\n\t<meta property=\"og:image:height\" content=\"329\" \/>\n\t<meta property=\"og:image:type\" content=\"image\/jpeg\" \/>\n<meta name=\"twitter:card\" content=\"summary_large_image\" \/>\n<meta name=\"twitter:label1\" content=\"Dur\u00e9e de lecture estim\u00e9e\" \/>\n\t<meta name=\"twitter:data1\" content=\"2 minutes\" \/>\n<script type=\"application\/ld+json\" class=\"yoast-schema-graph\">{\"@context\":\"https:\/\/schema.org\",\"@graph\":[{\"@type\":\"WebPage\",\"@id\":\"https:\/\/new.laserpoint.eu\/fr\/produit\/electroniques-de-mesure\/hsm-1000\/\",\"url\":\"https:\/\/new.laserpoint.eu\/fr\/produit\/electroniques-de-mesure\/hsm-1000\/\",\"name\":\"HSM-1000 - Laserpoint\",\"isPartOf\":{\"@id\":\"https:\/\/new.laserpoint.eu\/fr\/#website\"},\"datePublished\":\"2021-07-08T08:26:10+00:00\",\"dateModified\":\"2021-07-08T08:26:24+00:00\",\"breadcrumb\":{\"@id\":\"https:\/\/new.laserpoint.eu\/fr\/produit\/electroniques-de-mesure\/hsm-1000\/#breadcrumb\"},\"inLanguage\":\"fr-FR\",\"potentialAction\":[{\"@type\":\"ReadAction\",\"target\":[\"https:\/\/new.laserpoint.eu\/fr\/produit\/electroniques-de-mesure\/hsm-1000\/\"]}]},{\"@type\":\"BreadcrumbList\",\"@id\":\"https:\/\/new.laserpoint.eu\/fr\/produit\/electroniques-de-mesure\/hsm-1000\/#breadcrumb\",\"itemListElement\":[{\"@type\":\"ListItem\",\"position\":1,\"name\":\"Home\",\"item\":\"https:\/\/new.laserpoint.eu\/fr\/\"},{\"@type\":\"ListItem\",\"position\":2,\"name\":\"Trouver des produits\",\"item\":\"https:\/\/new.laserpoint.eu\/fr\/trouver-des-produits\/\"},{\"@type\":\"ListItem\",\"position\":3,\"name\":\"HSM-1000\"}]},{\"@type\":\"WebSite\",\"@id\":\"https:\/\/new.laserpoint.eu\/fr\/#website\",\"url\":\"https:\/\/new.laserpoint.eu\/fr\/\",\"name\":\"Laserpoint\",\"description\":\"Development and manufacturing of laser measurement instruments\",\"publisher\":{\"@id\":\"https:\/\/new.laserpoint.eu\/fr\/#organization\"},\"potentialAction\":[{\"@type\":\"SearchAction\",\"target\":{\"@type\":\"EntryPoint\",\"urlTemplate\":\"https:\/\/new.laserpoint.eu\/fr\/?s={search_term_string}\"},\"query-input\":\"required name=search_term_string\"}],\"inLanguage\":\"fr-FR\"},{\"@type\":\"Organization\",\"@id\":\"https:\/\/new.laserpoint.eu\/fr\/#organization\",\"name\":\"Laserpoint\",\"url\":\"https:\/\/new.laserpoint.eu\/fr\/\",\"logo\":{\"@type\":\"ImageObject\",\"inLanguage\":\"fr-FR\",\"@id\":\"https:\/\/new.laserpoint.eu\/fr\/#\/schema\/logo\/image\/\",\"url\":\"https:\/\/www.laserpoint.eu\/wp-content\/uploads\/laserpoint-logo.png\",\"contentUrl\":\"https:\/\/www.laserpoint.eu\/wp-content\/uploads\/laserpoint-logo.png\",\"width\":520,\"height\":84,\"caption\":\"Laserpoint\"},\"image\":{\"@id\":\"https:\/\/new.laserpoint.eu\/fr\/#\/schema\/logo\/image\/\"}}]}<\/script>\n<!-- \/ Yoast SEO plugin. -->","yoast_head_json":{"title":"HSM-1000 - Laserpoint","robots":{"index":"noindex","follow":"follow","max-snippet":"max-snippet:-1","max-image-preview":"max-image-preview:large","max-video-preview":"max-video-preview:-1"},"og_locale":"fr_FR","og_type":"article","og_title":"HSM-1000 - Laserpoint","og_description":"[vc_row][vc_column width=\u00a0\u00bb2\/3&Prime;][vc_column_text]\u00c9lectronique rapide (HSM) L\u2019\u00e9lectronique rapide (HSM) HSM est une \u00e9lectronique haute vitesse sp\u00e9cialement d\u00e9velopp\u00e9 pour connecter le d\u00e9tecteur haute vitesse Blink HS \u00e0 un PC via Ethernet, pour acqu\u00e9rir et afficher des donn\u00e9es de trains d&rsquo;impulsions laser et effectuer des statistiques sur de nombreux param\u00e8tres laser tels que l&rsquo;\u00e9nergie, la puissance, le taux de&hellip;","og_url":"https:\/\/new.laserpoint.eu\/fr\/produit\/electroniques-de-mesure\/hsm-1000\/","og_site_name":"Laserpoint","article_modified_time":"2021-07-08T08:26:24+00:00","og_image":[{"width":646,"height":329,"url":"https:\/\/new.laserpoint.eu\/wp-content\/uploads\/HSM_Immagine_sfondo-bianco.jpg","type":"image\/jpeg"}],"twitter_card":"summary_large_image","twitter_misc":{"Dur\u00e9e de lecture estim\u00e9e":"2 minutes"},"schema":{"@context":"https:\/\/schema.org","@graph":[{"@type":"WebPage","@id":"https:\/\/new.laserpoint.eu\/fr\/produit\/electroniques-de-mesure\/hsm-1000\/","url":"https:\/\/new.laserpoint.eu\/fr\/produit\/electroniques-de-mesure\/hsm-1000\/","name":"HSM-1000 - Laserpoint","isPartOf":{"@id":"https:\/\/new.laserpoint.eu\/fr\/#website"},"datePublished":"2021-07-08T08:26:10+00:00","dateModified":"2021-07-08T08:26:24+00:00","breadcrumb":{"@id":"https:\/\/new.laserpoint.eu\/fr\/produit\/electroniques-de-mesure\/hsm-1000\/#breadcrumb"},"inLanguage":"fr-FR","potentialAction":[{"@type":"ReadAction","target":["https:\/\/new.laserpoint.eu\/fr\/produit\/electroniques-de-mesure\/hsm-1000\/"]}]},{"@type":"BreadcrumbList","@id":"https:\/\/new.laserpoint.eu\/fr\/produit\/electroniques-de-mesure\/hsm-1000\/#breadcrumb","itemListElement":[{"@type":"ListItem","position":1,"name":"Home","item":"https:\/\/new.laserpoint.eu\/fr\/"},{"@type":"ListItem","position":2,"name":"Trouver des produits","item":"https:\/\/new.laserpoint.eu\/fr\/trouver-des-produits\/"},{"@type":"ListItem","position":3,"name":"HSM-1000"}]},{"@type":"WebSite","@id":"https:\/\/new.laserpoint.eu\/fr\/#website","url":"https:\/\/new.laserpoint.eu\/fr\/","name":"Laserpoint","description":"Development and manufacturing of laser measurement instruments","publisher":{"@id":"https:\/\/new.laserpoint.eu\/fr\/#organization"},"potentialAction":[{"@type":"SearchAction","target":{"@type":"EntryPoint","urlTemplate":"https:\/\/new.laserpoint.eu\/fr\/?s={search_term_string}"},"query-input":"required name=search_term_string"}],"inLanguage":"fr-FR"},{"@type":"Organization","@id":"https:\/\/new.laserpoint.eu\/fr\/#organization","name":"Laserpoint","url":"https:\/\/new.laserpoint.eu\/fr\/","logo":{"@type":"ImageObject","inLanguage":"fr-FR","@id":"https:\/\/new.laserpoint.eu\/fr\/#\/schema\/logo\/image\/","url":"https:\/\/www.laserpoint.eu\/wp-content\/uploads\/laserpoint-logo.png","contentUrl":"https:\/\/www.laserpoint.eu\/wp-content\/uploads\/laserpoint-logo.png","width":520,"height":84,"caption":"Laserpoint"},"image":{"@id":"https:\/\/new.laserpoint.eu\/fr\/#\/schema\/logo\/image\/"}}]}},"_links":{"self":[{"href":"https:\/\/new.laserpoint.eu\/fr\/wp-json\/wp\/v2\/product\/49439"}],"collection":[{"href":"https:\/\/new.laserpoint.eu\/fr\/wp-json\/wp\/v2\/product"}],"about":[{"href":"https:\/\/new.laserpoint.eu\/fr\/wp-json\/wp\/v2\/types\/product"}],"wp:featuredmedia":[{"embeddable":true,"href":"https:\/\/new.laserpoint.eu\/fr\/wp-json\/wp\/v2\/media\/6987"}],"wp:attachment":[{"href":"https:\/\/new.laserpoint.eu\/fr\/wp-json\/wp\/v2\/media?parent=49439"}],"wp:term":[{"taxonomy":"product_cat","embeddable":true,"href":"https:\/\/new.laserpoint.eu\/fr\/wp-json\/wp\/v2\/product_cat?post=49439"},{"taxonomy":"product_tag","embeddable":true,"href":"https:\/\/new.laserpoint.eu\/fr\/wp-json\/wp\/v2\/product_tag?post=49439"}],"curies":[{"name":"wp","href":"https:\/\/api.w.org\/{rel}","templated":true}]}}