{"id":8536,"date":"2020-08-26T10:40:43","date_gmt":"2020-08-26T08:40:43","guid":{"rendered":"https:\/\/www.laserpoint.eu\/calibrations\/"},"modified":"2020-08-27T11:29:37","modified_gmt":"2020-08-27T09:29:37","slug":"calibrations","status":"publish","type":"page","link":"https:\/\/new.laserpoint.eu\/fr\/support\/calibrations\/","title":{"rendered":"Calibrations"},"content":{"rendered":"<section class=\"wpb-content-wrapper\"><p>[vc_row][vc_column][vc_column_text]<\/p>\n<h2>Calibrations Certifi\u00e9es<\/h2>\n<p>Les capteurs de Laser Point sont fournis avec des certificats d&rsquo;\u00e9talonnage avec une tra\u00e7abilit\u00e9 aux normes des laboratoires du National Institute of Standards and Technology (NIST) \u00e0 Boulder, Colorado (\u00c9tats-Unis) ou au Physicalisch-Technische Bundesanstalt (PTB) \u00e0 Berlin (Allemagne).<\/p>\n<h2>R\u00e9\u00e9talonnages p\u00e9riodiques<\/h2>\n<p>Le besoin r\u00e9el de recalibrage d\u00e9pend de la mani\u00e8re dont l&rsquo;instrument a \u00e9t\u00e9 utilis\u00e9, de ses conditions et \u00e9galement des conditions d\u2019environnement de travail. Cependant, un entretien r\u00e9gulier et un recalibrage sont essentiels pour assurer les performances et la pr\u00e9cision des instruments. Les laboratoires internationaux de m\u00e9trologie, tels que le NIST et le PTB, recommandent un r\u00e9\u00e9talonnage annuel. Pour que vos instruments soient correctement entretenus, les unit\u00e9s doivent \u00eatre renvoy\u00e9es \u00e0 Laser Point o\u00f9 elles subiront une v\u00e9rification g\u00e9n\u00e9rale et une proc\u00e9dure de recalibrage compl\u00e8te.   <\/p>\n<h2>Capacit\u00e9s d&rsquo;\u00e9talonnage chez LaserPoint<\/h2>\n<p>Laser Point poss\u00e8de un certain nombre de sources laser qui sont utilis\u00e9es pour les \u00e9talonnages en interne; ces sources couvrent des puissances jusqu&rsquo;\u00e0 300W et incluent des lasers puls\u00e9s. Laser Point s&rsquo;appuie \u00e9galement sur des contrats pour l&rsquo;utilisation de lasers multi-kilowatts avec des instituts scientifiques locaux pour des tests et des \u00e9talonnages standard pour ses t\u00eates forte puissance. Un certain nombre de t\u00eates de d\u00e9tection, \u00e9talonn\u00e9es au NIST et au PTB \u00e0 diff\u00e9rentes longueurs d&rsquo;onde, sont utilis\u00e9es en interne comme \u00e9talons de r\u00e9f\u00e9rence (Golden standards) pour les proc\u00e9dures d&rsquo;\u00e9talonnage. Pour retracer la lin\u00e9arit\u00e9 des capteurs \u00e0 leur pleine \u00e9chelle, certains de ces Golden Standards ont \u00e9t\u00e9 \u00e9talonn\u00e9s sur toute leur plage de fonctionnement, jusqu&rsquo;\u00e0 &gt; 1KW pour le CO2 et 300W pour le Yag. Toutes les mesures effectu\u00e9es par le PTB et le NIST, montrent la lin\u00e9arit\u00e9 exceptionnelle des capteurs Laser Point.    <\/p>\n<h2>Proc\u00e9dures de recalibrage et calendrier<\/h2>\n<ul>\n<li>Transmettre \u00e0 Laser Point un bon de commande sp\u00e9cifique pour le recalibrage: aucun num\u00e9ro RMA n&rsquo;est n\u00e9cessaire.<\/li>\n<li>Exp\u00e9diez les produits en veillant \u00e0 ce que les documents d&rsquo;exp\u00e9dition incluent votre num\u00e9ro de bon de commande.<\/li>\n<\/ul>\n<p>Il est obligatoire que le bon de commande inclus, pour chaque \u00e9l\u00e9ment envoy\u00e9, les informations suivantes: longueur d&rsquo;onde de recalibrage (s), si un recalibrage doit \u00eatre effectu\u00e9 pour la Puissance ou la Puissance + L\u2019\u00e9nergie; Mod\u00e8les des produits; Num\u00e9ros de s\u00e9rie des produits.<br \/>\nLes bons de commande contenant des informations incompl\u00e8tes ne peuvent pas \u00eatre trait\u00e9s correctement et les d\u00e9lais d&rsquo;ex\u00e9cution seront retard\u00e9s.<br \/>\nLes frais d&rsquo;exp\u00e9dition \u00e0 Laser Point, dans les deux sens, sont toujours \u00e0 la charge du client.<\/p>\n<h2>Service de recalibrage rapide :<\/h2>\n<p>En suivant cette proc\u00e9dure, les d\u00e9lais de traitement habituels pour les \u00e9talonnages seront r\u00e9duits \u00e0 5 jours ouvrables.<\/p>\n<ul>\n<li style=\"list-style-type: none\">\n<ul>\n<li>Pour r\u00e9server un cr\u00e9neau pour un d\u00e9lai de r\u00e9-\u00e9talonnage plus rapide, contactez-nous: sales@laserpoint.it et demandez le premier cr\u00e9neau horaire disponible qui peut \u00eatre r\u00e9serv\u00e9 pour l&rsquo;\u00e9talonnage des instruments;<\/li>\n<li>Inclure dans la demande les informations suivantes: longueur d&rsquo;onde de recalibrage (s), si un recalibrage doit \u00eatre effectu\u00e9 pour la puissance ou la puissance + \u00e9nergie; Mod\u00e8les de produits; Num\u00e9ros de s\u00e9rie des produits<\/li>\n<li>Laser Point communiquera le premier cr\u00e9neau horaire disponible et le client est pri\u00e9 de veiller \u00e0 ce que les marchandises arrivent en avance de la date convenue.<\/li>\n<li>Les \u00e9l\u00e9ments non conformes \u00e0 la proc\u00e9dure de recalibrage rapide seront trait\u00e9s selon une s\u00e9quence d&rsquo;\u00e9talonnage premier arriv\u00e9, premier sorti.<\/li>\n<\/ul>\n<\/li>\n<\/ul>\n<p>[\/vc_column_text][\/vc_column][\/vc_row]<\/p>\n<\/section>","protected":false},"excerpt":{"rendered":"<p>[vc_row][vc_column][vc_column_text] Calibrations Certifi\u00e9es Les capteurs de Laser Point sont fournis avec des certificats d&rsquo;\u00e9talonnage avec une tra\u00e7abilit\u00e9 aux normes des laboratoires du National Institute of Standards and Technology (NIST) \u00e0 Boulder, Colorado (\u00c9tats-Unis) ou au Physicalisch-Technische Bundesanstalt (PTB) \u00e0 Berlin (Allemagne). R\u00e9\u00e9talonnages p\u00e9riodiques Le besoin r\u00e9el de recalibrage d\u00e9pend de la mani\u00e8re dont l&rsquo;instrument a&hellip;<\/p>\n","protected":false},"author":1,"featured_media":0,"parent":12765,"menu_order":0,"comment_status":"closed","ping_status":"closed","template":"","meta":{"footnotes":""},"acf":[],"yoast_head":"<!-- This site is optimized with the Yoast SEO plugin v21.3 - https:\/\/yoast.com\/wordpress\/plugins\/seo\/ -->\n<title>Calibrations - Laserpoint<\/title>\n<meta name=\"robots\" content=\"noindex, follow, max-snippet:-1, max-image-preview:large, max-video-preview:-1\" \/>\n<meta property=\"og:locale\" content=\"fr_FR\" \/>\n<meta property=\"og:type\" content=\"article\" \/>\n<meta property=\"og:title\" content=\"Calibrations - Laserpoint\" \/>\n<meta property=\"og:description\" content=\"[vc_row][vc_column][vc_column_text] Calibrations Certifi\u00e9es Les capteurs de Laser Point sont fournis avec des certificats d&rsquo;\u00e9talonnage avec une tra\u00e7abilit\u00e9 aux normes des laboratoires du National Institute of Standards and Technology (NIST) \u00e0 Boulder, Colorado (\u00c9tats-Unis) ou au Physicalisch-Technische Bundesanstalt (PTB) \u00e0 Berlin (Allemagne). R\u00e9\u00e9talonnages p\u00e9riodiques Le besoin r\u00e9el de recalibrage d\u00e9pend de la mani\u00e8re dont l&rsquo;instrument a&hellip;\" \/>\n<meta property=\"og:url\" content=\"https:\/\/new.laserpoint.eu\/fr\/support\/calibrations\/\" \/>\n<meta property=\"og:site_name\" content=\"Laserpoint\" \/>\n<meta property=\"article:modified_time\" content=\"2020-08-27T09:29:37+00:00\" \/>\n<meta name=\"twitter:card\" content=\"summary_large_image\" \/>\n<meta name=\"twitter:label1\" content=\"Dur\u00e9e de lecture estim\u00e9e\" \/>\n\t<meta name=\"twitter:data1\" content=\"3 minutes\" \/>\n<script type=\"application\/ld+json\" class=\"yoast-schema-graph\">{\"@context\":\"https:\/\/schema.org\",\"@graph\":[{\"@type\":\"WebPage\",\"@id\":\"https:\/\/new.laserpoint.eu\/fr\/support\/calibrations\/\",\"url\":\"https:\/\/new.laserpoint.eu\/fr\/support\/calibrations\/\",\"name\":\"Calibrations - Laserpoint\",\"isPartOf\":{\"@id\":\"https:\/\/new.laserpoint.eu\/fr\/#website\"},\"datePublished\":\"2020-08-26T08:40:43+00:00\",\"dateModified\":\"2020-08-27T09:29:37+00:00\",\"breadcrumb\":{\"@id\":\"https:\/\/new.laserpoint.eu\/fr\/support\/calibrations\/#breadcrumb\"},\"inLanguage\":\"fr-FR\",\"potentialAction\":[{\"@type\":\"ReadAction\",\"target\":[\"https:\/\/new.laserpoint.eu\/fr\/support\/calibrations\/\"]}]},{\"@type\":\"BreadcrumbList\",\"@id\":\"https:\/\/new.laserpoint.eu\/fr\/support\/calibrations\/#breadcrumb\",\"itemListElement\":[{\"@type\":\"ListItem\",\"position\":1,\"name\":\"Home\",\"item\":\"https:\/\/new.laserpoint.eu\/fr\/\"},{\"@type\":\"ListItem\",\"position\":2,\"name\":\"Support\",\"item\":\"https:\/\/new.laserpoint.eu\/fr\/support\/\"},{\"@type\":\"ListItem\",\"position\":3,\"name\":\"Calibrations\"}]},{\"@type\":\"WebSite\",\"@id\":\"https:\/\/new.laserpoint.eu\/fr\/#website\",\"url\":\"https:\/\/new.laserpoint.eu\/fr\/\",\"name\":\"Laserpoint\",\"description\":\"Development and manufacturing of laser measurement instruments\",\"publisher\":{\"@id\":\"https:\/\/new.laserpoint.eu\/fr\/#organization\"},\"potentialAction\":[{\"@type\":\"SearchAction\",\"target\":{\"@type\":\"EntryPoint\",\"urlTemplate\":\"https:\/\/new.laserpoint.eu\/fr\/?s={search_term_string}\"},\"query-input\":\"required name=search_term_string\"}],\"inLanguage\":\"fr-FR\"},{\"@type\":\"Organization\",\"@id\":\"https:\/\/new.laserpoint.eu\/fr\/#organization\",\"name\":\"Laserpoint\",\"url\":\"https:\/\/new.laserpoint.eu\/fr\/\",\"logo\":{\"@type\":\"ImageObject\",\"inLanguage\":\"fr-FR\",\"@id\":\"https:\/\/new.laserpoint.eu\/fr\/#\/schema\/logo\/image\/\",\"url\":\"https:\/\/www.laserpoint.eu\/wp-content\/uploads\/laserpoint-logo.png\",\"contentUrl\":\"https:\/\/www.laserpoint.eu\/wp-content\/uploads\/laserpoint-logo.png\",\"width\":520,\"height\":84,\"caption\":\"Laserpoint\"},\"image\":{\"@id\":\"https:\/\/new.laserpoint.eu\/fr\/#\/schema\/logo\/image\/\"}}]}<\/script>\n<!-- \/ Yoast SEO plugin. -->","yoast_head_json":{"title":"Calibrations - Laserpoint","robots":{"index":"noindex","follow":"follow","max-snippet":"max-snippet:-1","max-image-preview":"max-image-preview:large","max-video-preview":"max-video-preview:-1"},"og_locale":"fr_FR","og_type":"article","og_title":"Calibrations - Laserpoint","og_description":"[vc_row][vc_column][vc_column_text] Calibrations Certifi\u00e9es Les capteurs de Laser Point sont fournis avec des certificats d&rsquo;\u00e9talonnage avec une tra\u00e7abilit\u00e9 aux normes des laboratoires du National Institute of Standards and Technology (NIST) \u00e0 Boulder, Colorado (\u00c9tats-Unis) ou au Physicalisch-Technische Bundesanstalt (PTB) \u00e0 Berlin (Allemagne). R\u00e9\u00e9talonnages p\u00e9riodiques Le besoin r\u00e9el de recalibrage d\u00e9pend de la mani\u00e8re dont l&rsquo;instrument a&hellip;","og_url":"https:\/\/new.laserpoint.eu\/fr\/support\/calibrations\/","og_site_name":"Laserpoint","article_modified_time":"2020-08-27T09:29:37+00:00","twitter_card":"summary_large_image","twitter_misc":{"Dur\u00e9e de lecture estim\u00e9e":"3 minutes"},"schema":{"@context":"https:\/\/schema.org","@graph":[{"@type":"WebPage","@id":"https:\/\/new.laserpoint.eu\/fr\/support\/calibrations\/","url":"https:\/\/new.laserpoint.eu\/fr\/support\/calibrations\/","name":"Calibrations - Laserpoint","isPartOf":{"@id":"https:\/\/new.laserpoint.eu\/fr\/#website"},"datePublished":"2020-08-26T08:40:43+00:00","dateModified":"2020-08-27T09:29:37+00:00","breadcrumb":{"@id":"https:\/\/new.laserpoint.eu\/fr\/support\/calibrations\/#breadcrumb"},"inLanguage":"fr-FR","potentialAction":[{"@type":"ReadAction","target":["https:\/\/new.laserpoint.eu\/fr\/support\/calibrations\/"]}]},{"@type":"BreadcrumbList","@id":"https:\/\/new.laserpoint.eu\/fr\/support\/calibrations\/#breadcrumb","itemListElement":[{"@type":"ListItem","position":1,"name":"Home","item":"https:\/\/new.laserpoint.eu\/fr\/"},{"@type":"ListItem","position":2,"name":"Support","item":"https:\/\/new.laserpoint.eu\/fr\/support\/"},{"@type":"ListItem","position":3,"name":"Calibrations"}]},{"@type":"WebSite","@id":"https:\/\/new.laserpoint.eu\/fr\/#website","url":"https:\/\/new.laserpoint.eu\/fr\/","name":"Laserpoint","description":"Development and manufacturing of laser measurement instruments","publisher":{"@id":"https:\/\/new.laserpoint.eu\/fr\/#organization"},"potentialAction":[{"@type":"SearchAction","target":{"@type":"EntryPoint","urlTemplate":"https:\/\/new.laserpoint.eu\/fr\/?s={search_term_string}"},"query-input":"required name=search_term_string"}],"inLanguage":"fr-FR"},{"@type":"Organization","@id":"https:\/\/new.laserpoint.eu\/fr\/#organization","name":"Laserpoint","url":"https:\/\/new.laserpoint.eu\/fr\/","logo":{"@type":"ImageObject","inLanguage":"fr-FR","@id":"https:\/\/new.laserpoint.eu\/fr\/#\/schema\/logo\/image\/","url":"https:\/\/www.laserpoint.eu\/wp-content\/uploads\/laserpoint-logo.png","contentUrl":"https:\/\/www.laserpoint.eu\/wp-content\/uploads\/laserpoint-logo.png","width":520,"height":84,"caption":"Laserpoint"},"image":{"@id":"https:\/\/new.laserpoint.eu\/fr\/#\/schema\/logo\/image\/"}}]}},"_links":{"self":[{"href":"https:\/\/new.laserpoint.eu\/fr\/wp-json\/wp\/v2\/pages\/8536"}],"collection":[{"href":"https:\/\/new.laserpoint.eu\/fr\/wp-json\/wp\/v2\/pages"}],"about":[{"href":"https:\/\/new.laserpoint.eu\/fr\/wp-json\/wp\/v2\/types\/page"}],"author":[{"embeddable":true,"href":"https:\/\/new.laserpoint.eu\/fr\/wp-json\/wp\/v2\/users\/1"}],"replies":[{"embeddable":true,"href":"https:\/\/new.laserpoint.eu\/fr\/wp-json\/wp\/v2\/comments?post=8536"}],"version-history":[{"count":6,"href":"https:\/\/new.laserpoint.eu\/fr\/wp-json\/wp\/v2\/pages\/8536\/revisions"}],"predecessor-version":[{"id":8849,"href":"https:\/\/new.laserpoint.eu\/fr\/wp-json\/wp\/v2\/pages\/8536\/revisions\/8849"}],"up":[{"embeddable":true,"href":"https:\/\/new.laserpoint.eu\/fr\/wp-json\/wp\/v2\/pages\/12765"}],"wp:attachment":[{"href":"https:\/\/new.laserpoint.eu\/fr\/wp-json\/wp\/v2\/media?parent=8536"}],"curies":[{"name":"wp","href":"https:\/\/api.w.org\/{rel}","templated":true}]}}