{"id":8533,"date":"2020-08-26T10:29:34","date_gmt":"2020-08-26T08:29:34","guid":{"rendered":"https:\/\/www.laserpoint.eu\/calorimetres\/"},"modified":"2020-08-26T10:29:34","modified_gmt":"2020-08-26T08:29:34","slug":"calorimetres","status":"publish","type":"page","link":"https:\/\/new.laserpoint.eu\/fr\/technologies\/calorimetres\/","title":{"rendered":"Calorim\u00e8tres"},"content":{"rendered":"<section class=\"wpb-content-wrapper\"><p>[vc_row][vc_column width=\u00a0\u00bb2\/3&Prime;][vc_column_text]<strong>Calorim\u00e8tres<\/strong><\/p>\n<p>Laser Point pr\u00e9sente ce nouvel instrument bas\u00e9 sur la mesure calorim\u00e9trique de la puissance laser qui peut faire face en toute s\u00e9curit\u00e9 aux densit\u00e9s de puissance extr\u00eamement \u00e9lev\u00e9es des lasers actuels. Dans cet instrument, la pr\u00e9sence d&rsquo;un rev\u00eatement super dur (Super Hard Coating SHC) comme absorbeur de rayonnement permet d\u2019atteindre une capacit\u00e9 de mesure de puissance absolue plus \u00e9lev\u00e9e avec des encombrements tr\u00e8s compactes associ\u00e9s \u00e0 un seuil de dommage plus \u00e9lev\u00e9. <\/p>\n<p>Ce calorim\u00e8tre permet de mesurer la puissance laser jusqu&rsquo;\u00e0 12 kW: il est le r\u00e9sultat de la capacit\u00e9 de l&rsquo;entreprise \u00e0 explorer de nouveaux mat\u00e9riaux, g\u00e9rer la conception thermique et cr\u00e9er des produits innovants.<\/p>\n<p>Le nouveau calorim\u00e8tre (Mod. W-12K-D55-SHC-U) est extr\u00eamement compact et l\u00e9ger par rapport aux autres instruments de la m\u00eame classe et ne n\u00e9cessite aucune optique de d\u00e9focalisation dans la cavit\u00e9 absorbante.<\/p>\n<p>Ce d\u00e9tecteur a une lin\u00e9arit\u00e9 de \u00b1 2% par pleine \u00e9chelle et est fourni avec une pr\u00e9cision d&rsquo;\u00e9talonnage de \u00b1 5% tra\u00e7able aux normes PTB \/ NIST.<\/p>\n<p>L&rsquo;ouverture est de 55 mm, les dimensions L140xP200xH180 mm, le poids est de 6 kg.[\/vc_column_text][\/vc_column][vc_column width=\u00a0\u00bb1\/3&Prime;][vc_single_image image=\u00a0\u00bb2890&Prime; img_size=\u00a0\u00bblarge\u00a0\u00bb][\/vc_column][\/vc_row]<\/p>\n<\/section>","protected":false},"excerpt":{"rendered":"<p>[vc_row][vc_column width=\u00a0\u00bb2\/3&Prime;][vc_column_text]Calorim\u00e8tres Laser Point pr\u00e9sente ce nouvel instrument bas\u00e9 sur la mesure calorim\u00e9trique de la puissance laser qui peut faire face en toute s\u00e9curit\u00e9 aux densit\u00e9s de puissance extr\u00eamement \u00e9lev\u00e9es des lasers actuels. Dans cet instrument, la pr\u00e9sence d&rsquo;un rev\u00eatement super dur (Super Hard Coating SHC) comme absorbeur de rayonnement permet d\u2019atteindre une capacit\u00e9 de&hellip;<\/p>\n","protected":false},"author":1,"featured_media":0,"parent":12782,"menu_order":0,"comment_status":"closed","ping_status":"closed","template":"","meta":{"footnotes":""},"acf":[],"yoast_head":"<!-- This site is optimized with the Yoast SEO plugin v21.3 - https:\/\/yoast.com\/wordpress\/plugins\/seo\/ -->\n<title>Calorim\u00e8tres - Laserpoint<\/title>\n<meta name=\"robots\" content=\"noindex, follow, max-snippet:-1, max-image-preview:large, max-video-preview:-1\" \/>\n<meta property=\"og:locale\" content=\"fr_FR\" \/>\n<meta property=\"og:type\" content=\"article\" \/>\n<meta property=\"og:title\" content=\"Calorim\u00e8tres - Laserpoint\" \/>\n<meta property=\"og:description\" content=\"[vc_row][vc_column width=\u00a0\u00bb2\/3&Prime;][vc_column_text]Calorim\u00e8tres Laser Point pr\u00e9sente ce nouvel instrument bas\u00e9 sur la mesure calorim\u00e9trique de la puissance laser qui peut faire face en toute s\u00e9curit\u00e9 aux densit\u00e9s de puissance extr\u00eamement \u00e9lev\u00e9es des lasers actuels. Dans cet instrument, la pr\u00e9sence d&rsquo;un rev\u00eatement super dur (Super Hard Coating SHC) comme absorbeur de rayonnement permet d\u2019atteindre une capacit\u00e9 de&hellip;\" \/>\n<meta property=\"og:url\" content=\"https:\/\/new.laserpoint.eu\/fr\/technologies\/calorimetres\/\" \/>\n<meta property=\"og:site_name\" content=\"Laserpoint\" \/>\n<meta name=\"twitter:card\" content=\"summary_large_image\" \/>\n<meta name=\"twitter:label1\" content=\"Dur\u00e9e de lecture estim\u00e9e\" \/>\n\t<meta name=\"twitter:data1\" content=\"1 minute\" \/>\n<script type=\"application\/ld+json\" class=\"yoast-schema-graph\">{\"@context\":\"https:\/\/schema.org\",\"@graph\":[{\"@type\":\"WebPage\",\"@id\":\"https:\/\/new.laserpoint.eu\/fr\/technologies\/calorimetres\/\",\"url\":\"https:\/\/new.laserpoint.eu\/fr\/technologies\/calorimetres\/\",\"name\":\"Calorim\u00e8tres - Laserpoint\",\"isPartOf\":{\"@id\":\"https:\/\/new.laserpoint.eu\/fr\/#website\"},\"datePublished\":\"2020-08-26T08:29:34+00:00\",\"dateModified\":\"2020-08-26T08:29:34+00:00\",\"breadcrumb\":{\"@id\":\"https:\/\/new.laserpoint.eu\/fr\/technologies\/calorimetres\/#breadcrumb\"},\"inLanguage\":\"fr-FR\",\"potentialAction\":[{\"@type\":\"ReadAction\",\"target\":[\"https:\/\/new.laserpoint.eu\/fr\/technologies\/calorimetres\/\"]}]},{\"@type\":\"BreadcrumbList\",\"@id\":\"https:\/\/new.laserpoint.eu\/fr\/technologies\/calorimetres\/#breadcrumb\",\"itemListElement\":[{\"@type\":\"ListItem\",\"position\":1,\"name\":\"Home\",\"item\":\"https:\/\/new.laserpoint.eu\/fr\/\"},{\"@type\":\"ListItem\",\"position\":2,\"name\":\"Technologies\",\"item\":\"https:\/\/new.laserpoint.eu\/fr\/technologies\/\"},{\"@type\":\"ListItem\",\"position\":3,\"name\":\"Calorim\u00e8tres\"}]},{\"@type\":\"WebSite\",\"@id\":\"https:\/\/new.laserpoint.eu\/fr\/#website\",\"url\":\"https:\/\/new.laserpoint.eu\/fr\/\",\"name\":\"Laserpoint\",\"description\":\"Development and manufacturing of laser measurement instruments\",\"publisher\":{\"@id\":\"https:\/\/new.laserpoint.eu\/fr\/#organization\"},\"potentialAction\":[{\"@type\":\"SearchAction\",\"target\":{\"@type\":\"EntryPoint\",\"urlTemplate\":\"https:\/\/new.laserpoint.eu\/fr\/?s={search_term_string}\"},\"query-input\":\"required name=search_term_string\"}],\"inLanguage\":\"fr-FR\"},{\"@type\":\"Organization\",\"@id\":\"https:\/\/new.laserpoint.eu\/fr\/#organization\",\"name\":\"Laserpoint\",\"url\":\"https:\/\/new.laserpoint.eu\/fr\/\",\"logo\":{\"@type\":\"ImageObject\",\"inLanguage\":\"fr-FR\",\"@id\":\"https:\/\/new.laserpoint.eu\/fr\/#\/schema\/logo\/image\/\",\"url\":\"https:\/\/www.laserpoint.eu\/wp-content\/uploads\/laserpoint-logo.png\",\"contentUrl\":\"https:\/\/www.laserpoint.eu\/wp-content\/uploads\/laserpoint-logo.png\",\"width\":520,\"height\":84,\"caption\":\"Laserpoint\"},\"image\":{\"@id\":\"https:\/\/new.laserpoint.eu\/fr\/#\/schema\/logo\/image\/\"}}]}<\/script>\n<!-- \/ Yoast SEO plugin. -->","yoast_head_json":{"title":"Calorim\u00e8tres - Laserpoint","robots":{"index":"noindex","follow":"follow","max-snippet":"max-snippet:-1","max-image-preview":"max-image-preview:large","max-video-preview":"max-video-preview:-1"},"og_locale":"fr_FR","og_type":"article","og_title":"Calorim\u00e8tres - Laserpoint","og_description":"[vc_row][vc_column width=\u00a0\u00bb2\/3&Prime;][vc_column_text]Calorim\u00e8tres Laser Point pr\u00e9sente ce nouvel instrument bas\u00e9 sur la mesure calorim\u00e9trique de la puissance laser qui peut faire face en toute s\u00e9curit\u00e9 aux densit\u00e9s de puissance extr\u00eamement \u00e9lev\u00e9es des lasers actuels. Dans cet instrument, la pr\u00e9sence d&rsquo;un rev\u00eatement super dur (Super Hard Coating SHC) comme absorbeur de rayonnement permet d\u2019atteindre une capacit\u00e9 de&hellip;","og_url":"https:\/\/new.laserpoint.eu\/fr\/technologies\/calorimetres\/","og_site_name":"Laserpoint","twitter_card":"summary_large_image","twitter_misc":{"Dur\u00e9e de lecture estim\u00e9e":"1 minute"},"schema":{"@context":"https:\/\/schema.org","@graph":[{"@type":"WebPage","@id":"https:\/\/new.laserpoint.eu\/fr\/technologies\/calorimetres\/","url":"https:\/\/new.laserpoint.eu\/fr\/technologies\/calorimetres\/","name":"Calorim\u00e8tres - Laserpoint","isPartOf":{"@id":"https:\/\/new.laserpoint.eu\/fr\/#website"},"datePublished":"2020-08-26T08:29:34+00:00","dateModified":"2020-08-26T08:29:34+00:00","breadcrumb":{"@id":"https:\/\/new.laserpoint.eu\/fr\/technologies\/calorimetres\/#breadcrumb"},"inLanguage":"fr-FR","potentialAction":[{"@type":"ReadAction","target":["https:\/\/new.laserpoint.eu\/fr\/technologies\/calorimetres\/"]}]},{"@type":"BreadcrumbList","@id":"https:\/\/new.laserpoint.eu\/fr\/technologies\/calorimetres\/#breadcrumb","itemListElement":[{"@type":"ListItem","position":1,"name":"Home","item":"https:\/\/new.laserpoint.eu\/fr\/"},{"@type":"ListItem","position":2,"name":"Technologies","item":"https:\/\/new.laserpoint.eu\/fr\/technologies\/"},{"@type":"ListItem","position":3,"name":"Calorim\u00e8tres"}]},{"@type":"WebSite","@id":"https:\/\/new.laserpoint.eu\/fr\/#website","url":"https:\/\/new.laserpoint.eu\/fr\/","name":"Laserpoint","description":"Development and manufacturing of laser measurement instruments","publisher":{"@id":"https:\/\/new.laserpoint.eu\/fr\/#organization"},"potentialAction":[{"@type":"SearchAction","target":{"@type":"EntryPoint","urlTemplate":"https:\/\/new.laserpoint.eu\/fr\/?s={search_term_string}"},"query-input":"required name=search_term_string"}],"inLanguage":"fr-FR"},{"@type":"Organization","@id":"https:\/\/new.laserpoint.eu\/fr\/#organization","name":"Laserpoint","url":"https:\/\/new.laserpoint.eu\/fr\/","logo":{"@type":"ImageObject","inLanguage":"fr-FR","@id":"https:\/\/new.laserpoint.eu\/fr\/#\/schema\/logo\/image\/","url":"https:\/\/www.laserpoint.eu\/wp-content\/uploads\/laserpoint-logo.png","contentUrl":"https:\/\/www.laserpoint.eu\/wp-content\/uploads\/laserpoint-logo.png","width":520,"height":84,"caption":"Laserpoint"},"image":{"@id":"https:\/\/new.laserpoint.eu\/fr\/#\/schema\/logo\/image\/"}}]}},"_links":{"self":[{"href":"https:\/\/new.laserpoint.eu\/fr\/wp-json\/wp\/v2\/pages\/8533"}],"collection":[{"href":"https:\/\/new.laserpoint.eu\/fr\/wp-json\/wp\/v2\/pages"}],"about":[{"href":"https:\/\/new.laserpoint.eu\/fr\/wp-json\/wp\/v2\/types\/page"}],"author":[{"embeddable":true,"href":"https:\/\/new.laserpoint.eu\/fr\/wp-json\/wp\/v2\/users\/1"}],"replies":[{"embeddable":true,"href":"https:\/\/new.laserpoint.eu\/fr\/wp-json\/wp\/v2\/comments?post=8533"}],"version-history":[{"count":2,"href":"https:\/\/new.laserpoint.eu\/fr\/wp-json\/wp\/v2\/pages\/8533\/revisions"}],"predecessor-version":[{"id":8535,"href":"https:\/\/new.laserpoint.eu\/fr\/wp-json\/wp\/v2\/pages\/8533\/revisions\/8535"}],"up":[{"embeddable":true,"href":"https:\/\/new.laserpoint.eu\/fr\/wp-json\/wp\/v2\/pages\/12782"}],"wp:attachment":[{"href":"https:\/\/new.laserpoint.eu\/fr\/wp-json\/wp\/v2\/media?parent=8533"}],"curies":[{"name":"wp","href":"https:\/\/api.w.org\/{rel}","templated":true}]}}