{"id":8527,"date":"2020-08-26T10:20:45","date_gmt":"2020-08-26T08:20:45","guid":{"rendered":"https:\/\/www.laserpoint.eu\/thermopiles-haute-vitesse\/"},"modified":"2020-08-27T14:01:13","modified_gmt":"2020-08-27T12:01:13","slug":"thermopiles-haute-vitesse","status":"publish","type":"page","link":"https:\/\/new.laserpoint.eu\/fr\/technologies\/thermopiles-haute-vitesse\/","title":{"rendered":"Thermopiles haute vitesse"},"content":{"rendered":"<section class=\"wpb-content-wrapper\"><p>[vc_row][vc_column width=\u00a0\u00bb1\/2&Prime;][vc_column_text]<strong>Thermopiles haute vitesse pour la s\u00e9rie de capteurs Blink<\/strong><\/p>\n<p>Les capteurs thermiques haute vitesse bas\u00e9s sur ces toutes nouvelles technologies brevet\u00e9es d\u00e9velopp\u00e9es par Laser Point sont capables de mesurer l&rsquo;\u00e9nergie d&rsquo;impulsions laser uniques avec des fr\u00e9quences de r\u00e9p\u00e9tition allant jusqu&rsquo;au MHz, avec en plus la possibilit\u00e9 de mesurer \u00e9galement la puissance de sortie des lasers CW.<\/p>\n<p>De plus, la nature thermique du capteur permet de travailler dans un spectre large bande, de l&rsquo;UV au THz ainsi que la possibilit\u00e9 de fonctionner dans une large plage (10-3-102 W\/cm2) de densit\u00e9s de puissance optique moyenne incidente du rayonnement laser, sans qu&rsquo;il soit n\u00e9cessaire d&rsquo;adopter des filtres optiques ni d&rsquo;autres pr\u00e9cautions.<\/p>\n<p>Les dispositifs thermo\u00e9lectriques sont subdivis\u00e9s en deux groupes diff\u00e9rents: les dispositifs utilisant l&rsquo;effet thermo\u00e9lectrique longitudinal standard induit \u00e0 la jonction de diff\u00e9rents types de mat\u00e9riaux et les dispositifs bas\u00e9s sur l&rsquo;effet de tension transversale induite par laser (LITV).[\/vc_column_text][\/vc_column][vc_column width=\u00a0\u00bb1\/2&Prime;][vc_column_text css=\u00a0\u00bb.vc_custom_1589207048618{padding-top: 50px !important;padding-bottom: 50px !important;}\u00a0\u00bb]<\/p>\n<div style=\"width: 1200px;\" class=\"wp-video\"><!--[if lt IE 9]><script>document.createElement('video');<\/script><![endif]-->\n<video class=\"wp-video-shortcode\" id=\"video-8527-1\" width=\"1200\" height=\"675\" preload=\"metadata\" controls=\"controls\"><source type=\"video\/mp4\" src=\"https:\/\/www.laserpoint.eu\/wp-content\/uploads\/video_1_mod_09_definitivo-Fiera-Shanghai-2018-Rev1.mp4?_=1\" \/><a href=\"https:\/\/www.laserpoint.eu\/wp-content\/uploads\/video_1_mod_09_definitivo-Fiera-Shanghai-2018-Rev1.mp4\">https:\/\/www.laserpoint.eu\/wp-content\/uploads\/video_1_mod_09_definitivo-Fiera-Shanghai-2018-Rev1.mp4<\/a><\/video><\/div>\n<p>[\/vc_column_text][\/vc_column][\/vc_row][vc_row][vc_column][vc_column_text]Les capteurs bas\u00e9s sur l&rsquo;effet thermo\u00e9lectrique longitudinal standard sont g\u00e9n\u00e9ralement con\u00e7us en adoptant de multiples thermocouples interconnect\u00e9s \u00e9lectriquement, qui peuvent mesurer un flux thermique axialement \u00e0 travers un substrat appropri\u00e9. Ce type de capteurs utilisant l&rsquo;effet thermo\u00e9lectrique standard est une \u00e9volution de la conception de thermopile radiale courante. Fonctionnant sur un principe thermique, la gamme spectrale de ce type de capteurs est toujours large bande. Cependant, la conception thermique de ce type de capteurs ne permet que des temps de r\u00e9ponse relativement lents (actuellement sup\u00e9rieurs \u00e0 100 ms). De plus, la conception de thermocouples axiaux multiples implique souvent une faible couverture de la zone active du capteur.    <\/p>\n<p>Les capteurs utilisant l&rsquo;effet de tension transversale induite par laser (LITV) transforment \u00e9galement un gradient thermique en un signal \u00e9lectrique. Des films minces de mat\u00e9riaux appropri\u00e9s d\u00e9pos\u00e9s peuvent pr\u00e9senter une r\u00e9ponse thermo\u00e9lectrique transversale \u00e0 la radiation laser. C&rsquo;est-\u00e0-dire que si un gradient thermique est pr\u00e9sent le long de la direction normale \u00e0 la surface du film, une r\u00e9ponse thermo\u00e9lectrique est g\u00e9n\u00e9r\u00e9e, longitudinalement au plan de la surface du film. L&rsquo;adoption de l&rsquo;effet LITV pr\u00e9sente l&rsquo;avantage intrins\u00e8que de montrer une bonne efficacit\u00e9 de conversion d&rsquo;un signal thermique en tension \u00e9lectrique, tout en montrant des temps de r\u00e9ponse \u00e0 l&rsquo;\u00e9chelle de la nanoseconde. Un autre avantage des dispositifs \u00e0 base de LITV par rapport aux dispositifs thermo\u00e9lectriques standard est la couverture uniforme de la zone active, par rapport \u00e0 une conception bas\u00e9e sur des thermocouples dispos\u00e9s axialement.    <\/p>\n<p>L&rsquo;avantage des capteurs utilisant l&rsquo;effet LITV par rapport aux capteurs pyro\u00e9lectriques et aux photodiodes pour la mesure du rayonnement laser est la combinaison d&rsquo;un temps de r\u00e9ponse global rapide, d&rsquo;une gamme spectrale \u00e0 large bande, d&rsquo;un seuil de saturation \u00e9lev\u00e9 pour la radiation laser directe et de la possibilit\u00e9 de mesurer des sources lasers puls\u00e9s et CW.[\/vc_column_text][vc_empty_space][\/vc_column][\/vc_row][vc_row][vc_column width=\u00a0\u00bb1\/2&Prime;][vc_column_text]<strong>Lin\u00e9arit\u00e9 de la r\u00e9ponse par rapport \u00e0 la puissance<\/strong><\/p>\n<p>La r\u00e9ponse du capteur Blink sous un rayonnement laser CW, jusqu&rsquo;\u00e0 environ 50 W, est indiqu\u00e9e dans l&rsquo;image ci-dessous. Les donn\u00e9es montrent le signal de sortie du d\u00e9tecteur Blink sans aucune post-lin\u00e9arisation. La ligne trac\u00e9e indique l&rsquo;ajustement lin\u00e9aire, qui quantifie la lin\u00e9arit\u00e9 du d\u00e9tecteur dans la plage mesur\u00e9e avec un coefficient R de 0,9998. Avoir une bonne lin\u00e9arit\u00e9 est crucial pour l&rsquo;\u00e9talonnage du d\u00e9tecteur une fois fabriqu\u00e9.[\/vc_column_text][\/vc_column][vc_column width=\u00a0\u00bb1\/2&Prime;][vc_single_image image=\u00a0\u00bb6369&Prime; img_size=\u00a0\u00bbfull\u00a0\u00bb alignment=\u00a0\u00bbcenter\u00a0\u00bb][\/vc_column][\/vc_row][vc_row][vc_column width=\u00a0\u00bb1\/2&Prime;][vc_column_text]<strong>Lin\u00e9arit\u00e9 de la r\u00e9ponse par rapport \u00e0 l&rsquo;\u00e9nergie puls\u00e9e<\/strong><\/p>\n<p>La r\u00e9ponse du d\u00e9tecteur \u00e0 des impulsions d&rsquo;\u00e9nergie et de dur\u00e9e d&rsquo;impulsion diff\u00e9rentes est indiqu\u00e9e dans l&rsquo;image ci-dessous. Sur la m\u00eame figure, il est \u00e9galement montr\u00e9 l&rsquo;ind\u00e9pendance des mesures d&rsquo;\u00e9nergie de la dur\u00e9e d&rsquo;impulsion \u03c4P, qui \u00e0 son tour indique l&rsquo;ind\u00e9pendance des mesures de la densit\u00e9 de puissance. <\/p>\n<p>Les mesures de l&rsquo;\u00e9nergie des impulsions incidentes EP sont \u00e9galement ind\u00e9pendantes de la taille du spot et la plage d&rsquo;\u00e9nergie des impulsions d\u00e9tect\u00e9es va de 10 \u00b5J \u00e0 des dizaines de mJ.[\/vc_column_text][\/vc_column][vc_column width=\u00a0\u00bb1\/2&Prime;][vc_single_image image=\u00a0\u00bb6375&Prime; img_size=\u00a0\u00bbfull\u00a0\u00bb alignment=\u00a0\u00bbcenter\u00a0\u00bb][\/vc_column][\/vc_row][vc_row][vc_column width=\u00a0\u00bb1\/2&Prime;][vc_column_text]<strong>Temps de r\u00e9ponse<\/strong><\/p>\n<p>Diff\u00e9rentes d\u00e9finitions peuvent \u00eatre utilis\u00e9es pour le temps de r\u00e9ponse. Nous utilisons ici la d\u00e9finition du temps de r\u00e9ponse de 0-100% (\u03c40-100), qui est le temps n\u00e9cessaire au d\u00e9tecteur pour que le signal de sortie revienne au niveau de la ligne de base, apr\u00e8s la fin de l&rsquo;impulsion incidente du laser. Cette d\u00e9finition a \u00e9t\u00e9 choisie car fmax = 1\/\u03c40-100 d\u00e9finit la fr\u00e9quence maximale mesurable d&rsquo;un train d&rsquo;impulsions laser par le d\u00e9tecteur.  <\/p>\n<p>Dans l&rsquo;image ci-dessous, il est montr\u00e9 la r\u00e9ponse rapide du d\u00e9tecteur \u00e0 un train d&rsquo;impulsions laser avec une dur\u00e9e d&rsquo;impulsion de 4ns et avec une fr\u00e9quence de r\u00e9p\u00e9tition de 1 MHz.[\/vc_column_text][\/vc_column][vc_column width=\u00a0\u00bb1\/2&Prime;][vc_single_image image=\u00a0\u00bb6381&Prime; img_size=\u00a0\u00bbfull\u00a0\u00bb alignment=\u00a0\u00bbcenter\u00a0\u00bb][\/vc_column][\/vc_row][vc_row][vc_column width=\u00a0\u00bb1\/2&Prime;][vc_column_text]<strong>. R\u00e9ponse optique et seuil de dommage<\/strong><\/p>\n<p>La nature thermique de l&rsquo;effet LITV permet au d\u00e9tecteur de fonctionner dans une large gamme de longueurs d&rsquo;ondes de rayonnement incident, \u00e0 condition que le rayonnement \u00e9lectromagn\u00e9tique soit absorb\u00e9 et transform\u00e9 en chaleur par le rev\u00eatement d&rsquo;absorption.<\/p>\n<p>Une caract\u00e9ristique importante du rev\u00eatement est sa \u00ab plan\u00e9it\u00e9 \u00bb spectrale, qui est d&rsquo;une grande importance pour un \u00e9talonnage simple du d\u00e9tecteur. La r\u00e9flectance optique du d\u00e9tecteur est repr\u00e9sent\u00e9e sur l&rsquo;image. Dans toute la plage de mesure, c&rsquo;est-\u00e0-dire de 250 nm \u00e0 1100 nm, la courbe de r\u00e9flectance montre un comportement lisse et globalement relativement plat.  <\/p>\n<p>Il a \u00e9t\u00e9 constat\u00e9 que le seuil de dommage du d\u00e9tecteur dans sa configuration la plus rapide, c&rsquo;est-\u00e0-dire avec une fr\u00e9quence de 1 MHz, \u00e9tait sup\u00e9rieur \u00e0 30 mJ \/ cm\u00b2 \/ impulsion pour des impulsions de 200 ns.<\/p>\n<p>[\/vc_column_text][\/vc_column][vc_column width=\u00a0\u00bb1\/2&Prime;][vc_single_image image=\u00a0\u00bb6387&Prime; img_size=\u00a0\u00bbfull\u00a0\u00bb alignment=\u00a0\u00bbcenter\u00a0\u00bb][\/vc_column][\/vc_row][vc_row][vc_column][vc_empty_space][vc_custom_heading text=\u00a0\u00bbS\u00e9rie Blink \u2013 Courbes G\u00e9n\u00e9rales d\u2019absorption\u00a0\u00bb use_theme_fonts=\u00a0\u00bbyes\u00a0\u00bb][vc_single_image image=\u00a0\u00bb7185&Prime; img_size=\u00a0\u00bblarge\u00a0\u00bb][vc_single_image image=\u00a0\u00bb7191&Prime; img_size=\u00a0\u00bblarge\u00a0\u00bb][\/vc_column][\/vc_row]<\/p>\n<\/section>","protected":false},"excerpt":{"rendered":"<p>[vc_row][vc_column width=\u00a0\u00bb1\/2&Prime;][vc_column_text]Thermopiles haute vitesse pour la s\u00e9rie de capteurs Blink Les capteurs thermiques haute vitesse bas\u00e9s sur ces toutes nouvelles technologies brevet\u00e9es d\u00e9velopp\u00e9es par Laser Point sont capables de mesurer l&rsquo;\u00e9nergie d&rsquo;impulsions laser uniques avec des fr\u00e9quences de r\u00e9p\u00e9tition allant jusqu&rsquo;au MHz, avec en plus la possibilit\u00e9 de mesurer \u00e9galement la puissance de sortie des&hellip;<\/p>\n","protected":false},"author":1,"featured_media":0,"parent":12782,"menu_order":0,"comment_status":"closed","ping_status":"closed","template":"","meta":{"footnotes":""},"acf":[],"yoast_head":"<!-- This site is optimized with the Yoast SEO plugin v21.3 - https:\/\/yoast.com\/wordpress\/plugins\/seo\/ -->\n<title>Thermopiles haute vitesse - Laserpoint<\/title>\n<meta name=\"robots\" content=\"noindex, follow, max-snippet:-1, max-image-preview:large, max-video-preview:-1\" \/>\n<meta property=\"og:locale\" content=\"fr_FR\" \/>\n<meta property=\"og:type\" content=\"article\" \/>\n<meta property=\"og:title\" content=\"Thermopiles haute vitesse - Laserpoint\" \/>\n<meta property=\"og:description\" content=\"[vc_row][vc_column width=\u00a0\u00bb1\/2&Prime;][vc_column_text]Thermopiles haute vitesse pour la s\u00e9rie de capteurs Blink Les capteurs thermiques haute vitesse bas\u00e9s sur ces toutes nouvelles technologies brevet\u00e9es d\u00e9velopp\u00e9es par Laser Point sont capables de mesurer l&rsquo;\u00e9nergie d&rsquo;impulsions laser uniques avec des fr\u00e9quences de r\u00e9p\u00e9tition allant jusqu&rsquo;au MHz, avec en plus la possibilit\u00e9 de mesurer \u00e9galement la puissance de sortie des&hellip;\" \/>\n<meta property=\"og:url\" content=\"https:\/\/new.laserpoint.eu\/fr\/technologies\/thermopiles-haute-vitesse\/\" \/>\n<meta property=\"og:site_name\" content=\"Laserpoint\" \/>\n<meta property=\"article:modified_time\" content=\"2020-08-27T12:01:13+00:00\" \/>\n<meta name=\"twitter:card\" content=\"summary_large_image\" \/>\n<meta name=\"twitter:label1\" content=\"Dur\u00e9e de lecture estim\u00e9e\" \/>\n\t<meta name=\"twitter:data1\" content=\"6 minutes\" \/>\n<script type=\"application\/ld+json\" class=\"yoast-schema-graph\">{\"@context\":\"https:\/\/schema.org\",\"@graph\":[{\"@type\":\"WebPage\",\"@id\":\"https:\/\/new.laserpoint.eu\/fr\/technologies\/thermopiles-haute-vitesse\/\",\"url\":\"https:\/\/new.laserpoint.eu\/fr\/technologies\/thermopiles-haute-vitesse\/\",\"name\":\"Thermopiles haute vitesse - Laserpoint\",\"isPartOf\":{\"@id\":\"https:\/\/new.laserpoint.eu\/fr\/#website\"},\"datePublished\":\"2020-08-26T08:20:45+00:00\",\"dateModified\":\"2020-08-27T12:01:13+00:00\",\"breadcrumb\":{\"@id\":\"https:\/\/new.laserpoint.eu\/fr\/technologies\/thermopiles-haute-vitesse\/#breadcrumb\"},\"inLanguage\":\"fr-FR\",\"potentialAction\":[{\"@type\":\"ReadAction\",\"target\":[\"https:\/\/new.laserpoint.eu\/fr\/technologies\/thermopiles-haute-vitesse\/\"]}]},{\"@type\":\"BreadcrumbList\",\"@id\":\"https:\/\/new.laserpoint.eu\/fr\/technologies\/thermopiles-haute-vitesse\/#breadcrumb\",\"itemListElement\":[{\"@type\":\"ListItem\",\"position\":1,\"name\":\"Home\",\"item\":\"https:\/\/new.laserpoint.eu\/fr\/\"},{\"@type\":\"ListItem\",\"position\":2,\"name\":\"Technologies\",\"item\":\"https:\/\/new.laserpoint.eu\/fr\/technologies\/\"},{\"@type\":\"ListItem\",\"position\":3,\"name\":\"Thermopiles haute vitesse\"}]},{\"@type\":\"WebSite\",\"@id\":\"https:\/\/new.laserpoint.eu\/fr\/#website\",\"url\":\"https:\/\/new.laserpoint.eu\/fr\/\",\"name\":\"Laserpoint\",\"description\":\"Development and manufacturing of laser measurement instruments\",\"publisher\":{\"@id\":\"https:\/\/new.laserpoint.eu\/fr\/#organization\"},\"potentialAction\":[{\"@type\":\"SearchAction\",\"target\":{\"@type\":\"EntryPoint\",\"urlTemplate\":\"https:\/\/new.laserpoint.eu\/fr\/?s={search_term_string}\"},\"query-input\":\"required name=search_term_string\"}],\"inLanguage\":\"fr-FR\"},{\"@type\":\"Organization\",\"@id\":\"https:\/\/new.laserpoint.eu\/fr\/#organization\",\"name\":\"Laserpoint\",\"url\":\"https:\/\/new.laserpoint.eu\/fr\/\",\"logo\":{\"@type\":\"ImageObject\",\"inLanguage\":\"fr-FR\",\"@id\":\"https:\/\/new.laserpoint.eu\/fr\/#\/schema\/logo\/image\/\",\"url\":\"https:\/\/www.laserpoint.eu\/wp-content\/uploads\/laserpoint-logo.png\",\"contentUrl\":\"https:\/\/www.laserpoint.eu\/wp-content\/uploads\/laserpoint-logo.png\",\"width\":520,\"height\":84,\"caption\":\"Laserpoint\"},\"image\":{\"@id\":\"https:\/\/new.laserpoint.eu\/fr\/#\/schema\/logo\/image\/\"}}]}<\/script>\n<!-- \/ Yoast SEO plugin. -->","yoast_head_json":{"title":"Thermopiles haute vitesse - Laserpoint","robots":{"index":"noindex","follow":"follow","max-snippet":"max-snippet:-1","max-image-preview":"max-image-preview:large","max-video-preview":"max-video-preview:-1"},"og_locale":"fr_FR","og_type":"article","og_title":"Thermopiles haute vitesse - Laserpoint","og_description":"[vc_row][vc_column width=\u00a0\u00bb1\/2&Prime;][vc_column_text]Thermopiles haute vitesse pour la s\u00e9rie de capteurs Blink Les capteurs thermiques haute vitesse bas\u00e9s sur ces toutes nouvelles technologies brevet\u00e9es d\u00e9velopp\u00e9es par Laser Point sont capables de mesurer l&rsquo;\u00e9nergie d&rsquo;impulsions laser uniques avec des fr\u00e9quences de r\u00e9p\u00e9tition allant jusqu&rsquo;au MHz, avec en plus la possibilit\u00e9 de mesurer \u00e9galement la puissance de sortie des&hellip;","og_url":"https:\/\/new.laserpoint.eu\/fr\/technologies\/thermopiles-haute-vitesse\/","og_site_name":"Laserpoint","article_modified_time":"2020-08-27T12:01:13+00:00","twitter_card":"summary_large_image","twitter_misc":{"Dur\u00e9e de lecture estim\u00e9e":"6 minutes"},"schema":{"@context":"https:\/\/schema.org","@graph":[{"@type":"WebPage","@id":"https:\/\/new.laserpoint.eu\/fr\/technologies\/thermopiles-haute-vitesse\/","url":"https:\/\/new.laserpoint.eu\/fr\/technologies\/thermopiles-haute-vitesse\/","name":"Thermopiles haute vitesse - Laserpoint","isPartOf":{"@id":"https:\/\/new.laserpoint.eu\/fr\/#website"},"datePublished":"2020-08-26T08:20:45+00:00","dateModified":"2020-08-27T12:01:13+00:00","breadcrumb":{"@id":"https:\/\/new.laserpoint.eu\/fr\/technologies\/thermopiles-haute-vitesse\/#breadcrumb"},"inLanguage":"fr-FR","potentialAction":[{"@type":"ReadAction","target":["https:\/\/new.laserpoint.eu\/fr\/technologies\/thermopiles-haute-vitesse\/"]}]},{"@type":"BreadcrumbList","@id":"https:\/\/new.laserpoint.eu\/fr\/technologies\/thermopiles-haute-vitesse\/#breadcrumb","itemListElement":[{"@type":"ListItem","position":1,"name":"Home","item":"https:\/\/new.laserpoint.eu\/fr\/"},{"@type":"ListItem","position":2,"name":"Technologies","item":"https:\/\/new.laserpoint.eu\/fr\/technologies\/"},{"@type":"ListItem","position":3,"name":"Thermopiles haute vitesse"}]},{"@type":"WebSite","@id":"https:\/\/new.laserpoint.eu\/fr\/#website","url":"https:\/\/new.laserpoint.eu\/fr\/","name":"Laserpoint","description":"Development and manufacturing of laser measurement instruments","publisher":{"@id":"https:\/\/new.laserpoint.eu\/fr\/#organization"},"potentialAction":[{"@type":"SearchAction","target":{"@type":"EntryPoint","urlTemplate":"https:\/\/new.laserpoint.eu\/fr\/?s={search_term_string}"},"query-input":"required name=search_term_string"}],"inLanguage":"fr-FR"},{"@type":"Organization","@id":"https:\/\/new.laserpoint.eu\/fr\/#organization","name":"Laserpoint","url":"https:\/\/new.laserpoint.eu\/fr\/","logo":{"@type":"ImageObject","inLanguage":"fr-FR","@id":"https:\/\/new.laserpoint.eu\/fr\/#\/schema\/logo\/image\/","url":"https:\/\/www.laserpoint.eu\/wp-content\/uploads\/laserpoint-logo.png","contentUrl":"https:\/\/www.laserpoint.eu\/wp-content\/uploads\/laserpoint-logo.png","width":520,"height":84,"caption":"Laserpoint"},"image":{"@id":"https:\/\/new.laserpoint.eu\/fr\/#\/schema\/logo\/image\/"}}]}},"_links":{"self":[{"href":"https:\/\/new.laserpoint.eu\/fr\/wp-json\/wp\/v2\/pages\/8527"}],"collection":[{"href":"https:\/\/new.laserpoint.eu\/fr\/wp-json\/wp\/v2\/pages"}],"about":[{"href":"https:\/\/new.laserpoint.eu\/fr\/wp-json\/wp\/v2\/types\/page"}],"author":[{"embeddable":true,"href":"https:\/\/new.laserpoint.eu\/fr\/wp-json\/wp\/v2\/users\/1"}],"replies":[{"embeddable":true,"href":"https:\/\/new.laserpoint.eu\/fr\/wp-json\/wp\/v2\/comments?post=8527"}],"version-history":[{"count":7,"href":"https:\/\/new.laserpoint.eu\/fr\/wp-json\/wp\/v2\/pages\/8527\/revisions"}],"predecessor-version":[{"id":8884,"href":"https:\/\/new.laserpoint.eu\/fr\/wp-json\/wp\/v2\/pages\/8527\/revisions\/8884"}],"up":[{"embeddable":true,"href":"https:\/\/new.laserpoint.eu\/fr\/wp-json\/wp\/v2\/pages\/12782"}],"wp:attachment":[{"href":"https:\/\/new.laserpoint.eu\/fr\/wp-json\/wp\/v2\/media?parent=8527"}],"curies":[{"name":"wp","href":"https:\/\/api.w.org\/{rel}","templated":true}]}}