{"id":8524,"date":"2020-08-26T10:07:18","date_gmt":"2020-08-26T08:07:18","guid":{"rendered":"https:\/\/www.laserpoint.eu\/thermopiles\/revetement-shc\/"},"modified":"2020-08-26T10:07:18","modified_gmt":"2020-08-26T08:07:18","slug":"revetement-shc","status":"publish","type":"page","link":"https:\/\/new.laserpoint.eu\/fr\/technologies\/thermopiles\/revetement-shc\/","title":{"rendered":"Rev\u00eatement SHC"},"content":{"rendered":"<section class=\"wpb-content-wrapper\"><p>[vc_row][vc_column][vc_column_text]<\/p>\n<h2>Le meilleur des absorbeurs laser: le rev\u00eatement super dur (SHC)<\/h2>\n<p>Le rev\u00eatement SHC de Laser Point est un v\u00e9ritable rev\u00eatement haute puissance. Les performances du SHC sont \u00e9poustouflantes et le placent d\u00e9finitivement comme le meilleur rev\u00eatement laser disponible sur le march\u00e9. Les courbes de sp\u00e9cification et les valeurs pour le SHC sont bas\u00e9es sur des campagnes de test r\u00e9alis\u00e9es avec nos clients dans des conditions extr\u00eames et montrent que les propri\u00e9t\u00e9s du SHC sont en avance sur tout autre rev\u00eatement: il r\u00e9siste \u00e0 plus de 12KW \/ cm<g id=\"gid_0\">2<\/g> en fonctionnement CW, avec une puissance appliqu\u00e9e effective de 1KW pour un laser Yag, ou 40J \/ cm<g id=\"gid_1\">2<\/g> avec des diodes lasers de puissance cr\u00eate de 3,2 KW @ 1 ms![\/vc_column_text][vc_single_image image=\u00a0\u00bb610&Prime; img_size=\u00a0\u00bblarge\u00a0\u00bb alignment=\u00a0\u00bbcenter\u00a0\u00bb css=\u00a0\u00bb.vc_custom_1591773842238{padding-top: 20px !important;}\u00a0\u00bb][vc_column_text]Compar\u00e9 \u00e0 d&rsquo;autres absorbeurs pour puissances \u00e9lev\u00e9es pouvant \u00eatre utilis\u00e9es sur des plages spectrales limit\u00e9es, le SHC a \u00e9galement une gamme spectrale \u00e9tendue (0,25 \u03bc \u00e0 11 \u03bc) et un taux d&rsquo;absorption tr\u00e8s \u00e9lev\u00e9, ce qui le rend adapt\u00e9 \u00e0 une utilisation en toute s\u00e9curit\u00e9 dans presque toutes les applications laser. Le graphique montre une comparaison des valeurs de seuil de dommage entre l\u2019absorbeur SHC de Laser Point et divers types d\u2019absorbeurs laser haute puissance du commerce. Le graphique sup\u00e9rieur montre le comportement du SHC dans diff\u00e9rentes conditions d&rsquo;impulsions laser jusqu&rsquo;au mode CW. Le graphique inf\u00e9rieur montre les r\u00e9sultats obtenus lorsqu&rsquo;une t\u00eate de 6 KW de Laser Point rev\u00eatue de SHC a \u00e9t\u00e9 compar\u00e9e, sous des faisceaux de plusieurs kilowatts, \u00e0 des t\u00eates similaires de nos concurrents portant leur meilleur rev\u00eatement.[\/vc_column_text][vc_single_image image=\u00a0\u00bb595&Prime; img_size=\u00a0\u00bblarge\u00a0\u00bb alignment=\u00a0\u00bbcenter\u00a0\u00bb css=\u00a0\u00bb.vc_custom_1591773845254{padding-top: 20px !important;}\u00a0\u00bb][\/vc_column][\/vc_row]<\/p>\n<\/section>","protected":false},"excerpt":{"rendered":"<p>[vc_row][vc_column][vc_column_text] Le meilleur des absorbeurs laser: le rev\u00eatement super dur (SHC) Le rev\u00eatement SHC de Laser Point est un v\u00e9ritable rev\u00eatement haute puissance. Les performances du SHC sont \u00e9poustouflantes et le placent d\u00e9finitivement comme le meilleur rev\u00eatement laser disponible sur le march\u00e9. Les courbes de sp\u00e9cification et les valeurs pour le SHC sont bas\u00e9es sur&hellip;<\/p>\n","protected":false},"author":1,"featured_media":0,"parent":8506,"menu_order":0,"comment_status":"closed","ping_status":"closed","template":"","meta":{"footnotes":""},"acf":[],"yoast_head":"<!-- This site is optimized with the Yoast SEO plugin v21.3 - https:\/\/yoast.com\/wordpress\/plugins\/seo\/ -->\n<title>Rev\u00eatement SHC - Laserpoint<\/title>\n<meta name=\"robots\" content=\"noindex, follow, max-snippet:-1, max-image-preview:large, max-video-preview:-1\" \/>\n<meta property=\"og:locale\" content=\"fr_FR\" \/>\n<meta property=\"og:type\" content=\"article\" \/>\n<meta property=\"og:title\" content=\"Rev\u00eatement SHC - Laserpoint\" \/>\n<meta property=\"og:description\" content=\"[vc_row][vc_column][vc_column_text] Le meilleur des absorbeurs laser: le rev\u00eatement super dur (SHC) Le rev\u00eatement SHC de Laser Point est un v\u00e9ritable rev\u00eatement haute puissance. Les performances du SHC sont \u00e9poustouflantes et le placent d\u00e9finitivement comme le meilleur rev\u00eatement laser disponible sur le march\u00e9. Les courbes de sp\u00e9cification et les valeurs pour le SHC sont bas\u00e9es sur&hellip;\" \/>\n<meta property=\"og:url\" content=\"https:\/\/new.laserpoint.eu\/fr\/technologies\/thermopiles\/revetement-shc\/\" \/>\n<meta property=\"og:site_name\" content=\"Laserpoint\" \/>\n<meta name=\"twitter:card\" content=\"summary_large_image\" \/>\n<meta name=\"twitter:label1\" content=\"Dur\u00e9e de lecture estim\u00e9e\" \/>\n\t<meta name=\"twitter:data1\" content=\"2 minutes\" \/>\n<script type=\"application\/ld+json\" class=\"yoast-schema-graph\">{\"@context\":\"https:\/\/schema.org\",\"@graph\":[{\"@type\":\"WebPage\",\"@id\":\"https:\/\/new.laserpoint.eu\/fr\/technologies\/thermopiles\/revetement-shc\/\",\"url\":\"https:\/\/new.laserpoint.eu\/fr\/technologies\/thermopiles\/revetement-shc\/\",\"name\":\"Rev\u00eatement SHC - Laserpoint\",\"isPartOf\":{\"@id\":\"https:\/\/new.laserpoint.eu\/fr\/#website\"},\"datePublished\":\"2020-08-26T08:07:18+00:00\",\"dateModified\":\"2020-08-26T08:07:18+00:00\",\"breadcrumb\":{\"@id\":\"https:\/\/new.laserpoint.eu\/fr\/technologies\/thermopiles\/revetement-shc\/#breadcrumb\"},\"inLanguage\":\"fr-FR\",\"potentialAction\":[{\"@type\":\"ReadAction\",\"target\":[\"https:\/\/new.laserpoint.eu\/fr\/technologies\/thermopiles\/revetement-shc\/\"]}]},{\"@type\":\"BreadcrumbList\",\"@id\":\"https:\/\/new.laserpoint.eu\/fr\/technologies\/thermopiles\/revetement-shc\/#breadcrumb\",\"itemListElement\":[{\"@type\":\"ListItem\",\"position\":1,\"name\":\"Home\",\"item\":\"https:\/\/new.laserpoint.eu\/fr\/\"},{\"@type\":\"ListItem\",\"position\":2,\"name\":\"Technologies\",\"item\":\"https:\/\/new.laserpoint.eu\/fr\/technologies\/\"},{\"@type\":\"ListItem\",\"position\":3,\"name\":\"Thermopiles\",\"item\":\"https:\/\/new.laserpoint.eu\/fr\/technologies\/thermopiles\/\"},{\"@type\":\"ListItem\",\"position\":4,\"name\":\"Rev\u00eatement SHC\"}]},{\"@type\":\"WebSite\",\"@id\":\"https:\/\/new.laserpoint.eu\/fr\/#website\",\"url\":\"https:\/\/new.laserpoint.eu\/fr\/\",\"name\":\"Laserpoint\",\"description\":\"Development and manufacturing of laser measurement instruments\",\"publisher\":{\"@id\":\"https:\/\/new.laserpoint.eu\/fr\/#organization\"},\"potentialAction\":[{\"@type\":\"SearchAction\",\"target\":{\"@type\":\"EntryPoint\",\"urlTemplate\":\"https:\/\/new.laserpoint.eu\/fr\/?s={search_term_string}\"},\"query-input\":\"required name=search_term_string\"}],\"inLanguage\":\"fr-FR\"},{\"@type\":\"Organization\",\"@id\":\"https:\/\/new.laserpoint.eu\/fr\/#organization\",\"name\":\"Laserpoint\",\"url\":\"https:\/\/new.laserpoint.eu\/fr\/\",\"logo\":{\"@type\":\"ImageObject\",\"inLanguage\":\"fr-FR\",\"@id\":\"https:\/\/new.laserpoint.eu\/fr\/#\/schema\/logo\/image\/\",\"url\":\"https:\/\/www.laserpoint.eu\/wp-content\/uploads\/laserpoint-logo.png\",\"contentUrl\":\"https:\/\/www.laserpoint.eu\/wp-content\/uploads\/laserpoint-logo.png\",\"width\":520,\"height\":84,\"caption\":\"Laserpoint\"},\"image\":{\"@id\":\"https:\/\/new.laserpoint.eu\/fr\/#\/schema\/logo\/image\/\"}}]}<\/script>\n<!-- \/ Yoast SEO plugin. -->","yoast_head_json":{"title":"Rev\u00eatement SHC - Laserpoint","robots":{"index":"noindex","follow":"follow","max-snippet":"max-snippet:-1","max-image-preview":"max-image-preview:large","max-video-preview":"max-video-preview:-1"},"og_locale":"fr_FR","og_type":"article","og_title":"Rev\u00eatement SHC - Laserpoint","og_description":"[vc_row][vc_column][vc_column_text] Le meilleur des absorbeurs laser: le rev\u00eatement super dur (SHC) Le rev\u00eatement SHC de Laser Point est un v\u00e9ritable rev\u00eatement haute puissance. Les performances du SHC sont \u00e9poustouflantes et le placent d\u00e9finitivement comme le meilleur rev\u00eatement laser disponible sur le march\u00e9. Les courbes de sp\u00e9cification et les valeurs pour le SHC sont bas\u00e9es sur&hellip;","og_url":"https:\/\/new.laserpoint.eu\/fr\/technologies\/thermopiles\/revetement-shc\/","og_site_name":"Laserpoint","twitter_card":"summary_large_image","twitter_misc":{"Dur\u00e9e de lecture estim\u00e9e":"2 minutes"},"schema":{"@context":"https:\/\/schema.org","@graph":[{"@type":"WebPage","@id":"https:\/\/new.laserpoint.eu\/fr\/technologies\/thermopiles\/revetement-shc\/","url":"https:\/\/new.laserpoint.eu\/fr\/technologies\/thermopiles\/revetement-shc\/","name":"Rev\u00eatement SHC - Laserpoint","isPartOf":{"@id":"https:\/\/new.laserpoint.eu\/fr\/#website"},"datePublished":"2020-08-26T08:07:18+00:00","dateModified":"2020-08-26T08:07:18+00:00","breadcrumb":{"@id":"https:\/\/new.laserpoint.eu\/fr\/technologies\/thermopiles\/revetement-shc\/#breadcrumb"},"inLanguage":"fr-FR","potentialAction":[{"@type":"ReadAction","target":["https:\/\/new.laserpoint.eu\/fr\/technologies\/thermopiles\/revetement-shc\/"]}]},{"@type":"BreadcrumbList","@id":"https:\/\/new.laserpoint.eu\/fr\/technologies\/thermopiles\/revetement-shc\/#breadcrumb","itemListElement":[{"@type":"ListItem","position":1,"name":"Home","item":"https:\/\/new.laserpoint.eu\/fr\/"},{"@type":"ListItem","position":2,"name":"Technologies","item":"https:\/\/new.laserpoint.eu\/fr\/technologies\/"},{"@type":"ListItem","position":3,"name":"Thermopiles","item":"https:\/\/new.laserpoint.eu\/fr\/technologies\/thermopiles\/"},{"@type":"ListItem","position":4,"name":"Rev\u00eatement SHC"}]},{"@type":"WebSite","@id":"https:\/\/new.laserpoint.eu\/fr\/#website","url":"https:\/\/new.laserpoint.eu\/fr\/","name":"Laserpoint","description":"Development and manufacturing of laser measurement instruments","publisher":{"@id":"https:\/\/new.laserpoint.eu\/fr\/#organization"},"potentialAction":[{"@type":"SearchAction","target":{"@type":"EntryPoint","urlTemplate":"https:\/\/new.laserpoint.eu\/fr\/?s={search_term_string}"},"query-input":"required name=search_term_string"}],"inLanguage":"fr-FR"},{"@type":"Organization","@id":"https:\/\/new.laserpoint.eu\/fr\/#organization","name":"Laserpoint","url":"https:\/\/new.laserpoint.eu\/fr\/","logo":{"@type":"ImageObject","inLanguage":"fr-FR","@id":"https:\/\/new.laserpoint.eu\/fr\/#\/schema\/logo\/image\/","url":"https:\/\/www.laserpoint.eu\/wp-content\/uploads\/laserpoint-logo.png","contentUrl":"https:\/\/www.laserpoint.eu\/wp-content\/uploads\/laserpoint-logo.png","width":520,"height":84,"caption":"Laserpoint"},"image":{"@id":"https:\/\/new.laserpoint.eu\/fr\/#\/schema\/logo\/image\/"}}]}},"_links":{"self":[{"href":"https:\/\/new.laserpoint.eu\/fr\/wp-json\/wp\/v2\/pages\/8524"}],"collection":[{"href":"https:\/\/new.laserpoint.eu\/fr\/wp-json\/wp\/v2\/pages"}],"about":[{"href":"https:\/\/new.laserpoint.eu\/fr\/wp-json\/wp\/v2\/types\/page"}],"author":[{"embeddable":true,"href":"https:\/\/new.laserpoint.eu\/fr\/wp-json\/wp\/v2\/users\/1"}],"replies":[{"embeddable":true,"href":"https:\/\/new.laserpoint.eu\/fr\/wp-json\/wp\/v2\/comments?post=8524"}],"version-history":[{"count":2,"href":"https:\/\/new.laserpoint.eu\/fr\/wp-json\/wp\/v2\/pages\/8524\/revisions"}],"predecessor-version":[{"id":8526,"href":"https:\/\/new.laserpoint.eu\/fr\/wp-json\/wp\/v2\/pages\/8524\/revisions\/8526"}],"up":[{"embeddable":true,"href":"https:\/\/new.laserpoint.eu\/fr\/wp-json\/wp\/v2\/pages\/8506"}],"wp:attachment":[{"href":"https:\/\/new.laserpoint.eu\/fr\/wp-json\/wp\/v2\/media?parent=8524"}],"curies":[{"name":"wp","href":"https:\/\/api.w.org\/{rel}","templated":true}]}}