{"id":8512,"date":"2020-08-26T09:45:03","date_gmt":"2020-08-26T07:45:03","guid":{"rendered":"https:\/\/www.laserpoint.eu\/thermopiles\/absorbeurs-en-surface\/"},"modified":"2020-08-27T14:02:43","modified_gmt":"2020-08-27T12:02:43","slug":"absorbeurs-en-surface","status":"publish","type":"page","link":"https:\/\/new.laserpoint.eu\/fr\/technologies\/thermopiles\/absorbeurs-en-surface\/","title":{"rendered":"Absorbeurs en surface"},"content":{"rendered":"<section class=\"wpb-content-wrapper\"><p>[vc_row][vc_column][vc_column_text]<\/p>\n<h2>Absorbeurs en surface<\/h2>\n<p>Les absorbeurs en surface sont constitu\u00e9s de fines couches de mat\u00e9riaux, g\u00e9n\u00e9ralement constitu\u00e9s de mattes sp\u00e9ciales ou de mat\u00e9riaux r\u00e9fractaires, d\u00e9pos\u00e9s sur des substrats, qui peuvent facilement transf\u00e9rer la chaleur comme les m\u00e9taux \u00e0 haute conductivit\u00e9. Ils sont utilis\u00e9s pour les lasers CW ou d&rsquo;autres sources qui \u00e9mettent de longues impulsions (d&rsquo;une dur\u00e9e &gt; 300 \u03bcs). Le rayonnement est presque enti\u00e8rement absorb\u00e9 dans cette couche mince, puis lib\u00e9r\u00e9 sous forme de chaleur qui traverse la thermopile.[\/vc_column_text][vc_single_image image=\u00a0\u00bb5667&Prime; img_size=\u00a0\u00bblarge\u00a0\u00bb alignment=\u00a0\u00bbcenter\u00a0\u00bb css=\u00a0\u00bb.vc_custom_1591773782550{padding-top: 20px !important;}\u00a0\u00bb][\/vc_column][\/vc_row][vc_row][vc_column][vc_custom_heading text=\u00a0\u00bbCourbes d&rsquo;absorption et de seuil de dommage pour les t\u00eates thermiques et les capteurs de position de faisceau\u00a0\u00bb use_theme_fonts=\u00a0\u00bbyes\u00a0\u00bb][vc_single_image image=\u00a0\u00bb4617&Prime; img_size=\u00a0\u00bblarge\u00a0\u00bb alignment=\u00a0\u00bbcenter\u00a0\u00bb][vc_single_image image=\u00a0\u00bb4683&Prime; img_size=\u00a0\u00bblarge\u00a0\u00bb alignment=\u00a0\u00bbcenter\u00a0\u00bb][\/vc_column][\/vc_row]<\/p>\n<\/section>","protected":false},"excerpt":{"rendered":"<p>[vc_row][vc_column][vc_column_text] Absorbeurs en surface Les absorbeurs en surface sont constitu\u00e9s de fines couches de mat\u00e9riaux, g\u00e9n\u00e9ralement constitu\u00e9s de mattes sp\u00e9ciales ou de mat\u00e9riaux r\u00e9fractaires, d\u00e9pos\u00e9s sur des substrats, qui peuvent facilement transf\u00e9rer la chaleur comme les m\u00e9taux \u00e0 haute conductivit\u00e9. Ils sont utilis\u00e9s pour les lasers CW ou d&rsquo;autres sources qui \u00e9mettent de longues impulsions&hellip;<\/p>\n","protected":false},"author":1,"featured_media":0,"parent":8506,"menu_order":0,"comment_status":"closed","ping_status":"closed","template":"","meta":{"footnotes":""},"acf":[],"yoast_head":"<!-- This site is optimized with the Yoast SEO plugin v21.3 - https:\/\/yoast.com\/wordpress\/plugins\/seo\/ -->\n<title>Absorbeurs en surface - Laserpoint<\/title>\n<meta name=\"robots\" content=\"noindex, follow, max-snippet:-1, max-image-preview:large, max-video-preview:-1\" \/>\n<meta property=\"og:locale\" content=\"fr_FR\" \/>\n<meta property=\"og:type\" content=\"article\" \/>\n<meta property=\"og:title\" content=\"Absorbeurs en surface - Laserpoint\" \/>\n<meta property=\"og:description\" content=\"[vc_row][vc_column][vc_column_text] Absorbeurs en surface Les absorbeurs en surface sont constitu\u00e9s de fines couches de mat\u00e9riaux, g\u00e9n\u00e9ralement constitu\u00e9s de mattes sp\u00e9ciales ou de mat\u00e9riaux r\u00e9fractaires, d\u00e9pos\u00e9s sur des substrats, qui peuvent facilement transf\u00e9rer la chaleur comme les m\u00e9taux \u00e0 haute conductivit\u00e9. Ils sont utilis\u00e9s pour les lasers CW ou d&rsquo;autres sources qui \u00e9mettent de longues impulsions&hellip;\" \/>\n<meta property=\"og:url\" content=\"https:\/\/new.laserpoint.eu\/fr\/technologies\/thermopiles\/absorbeurs-en-surface\/\" \/>\n<meta property=\"og:site_name\" content=\"Laserpoint\" \/>\n<meta property=\"article:modified_time\" content=\"2020-08-27T12:02:43+00:00\" \/>\n<meta name=\"twitter:card\" content=\"summary_large_image\" \/>\n<meta name=\"twitter:label1\" content=\"Dur\u00e9e de lecture estim\u00e9e\" \/>\n\t<meta name=\"twitter:data1\" content=\"1 minute\" \/>\n<script type=\"application\/ld+json\" class=\"yoast-schema-graph\">{\"@context\":\"https:\/\/schema.org\",\"@graph\":[{\"@type\":\"WebPage\",\"@id\":\"https:\/\/new.laserpoint.eu\/fr\/technologies\/thermopiles\/absorbeurs-en-surface\/\",\"url\":\"https:\/\/new.laserpoint.eu\/fr\/technologies\/thermopiles\/absorbeurs-en-surface\/\",\"name\":\"Absorbeurs en surface - Laserpoint\",\"isPartOf\":{\"@id\":\"https:\/\/new.laserpoint.eu\/fr\/#website\"},\"datePublished\":\"2020-08-26T07:45:03+00:00\",\"dateModified\":\"2020-08-27T12:02:43+00:00\",\"breadcrumb\":{\"@id\":\"https:\/\/new.laserpoint.eu\/fr\/technologies\/thermopiles\/absorbeurs-en-surface\/#breadcrumb\"},\"inLanguage\":\"fr-FR\",\"potentialAction\":[{\"@type\":\"ReadAction\",\"target\":[\"https:\/\/new.laserpoint.eu\/fr\/technologies\/thermopiles\/absorbeurs-en-surface\/\"]}]},{\"@type\":\"BreadcrumbList\",\"@id\":\"https:\/\/new.laserpoint.eu\/fr\/technologies\/thermopiles\/absorbeurs-en-surface\/#breadcrumb\",\"itemListElement\":[{\"@type\":\"ListItem\",\"position\":1,\"name\":\"Home\",\"item\":\"https:\/\/new.laserpoint.eu\/fr\/\"},{\"@type\":\"ListItem\",\"position\":2,\"name\":\"Technologies\",\"item\":\"https:\/\/new.laserpoint.eu\/fr\/technologies\/\"},{\"@type\":\"ListItem\",\"position\":3,\"name\":\"Thermopiles\",\"item\":\"https:\/\/new.laserpoint.eu\/fr\/technologies\/thermopiles\/\"},{\"@type\":\"ListItem\",\"position\":4,\"name\":\"Absorbeurs en surface\"}]},{\"@type\":\"WebSite\",\"@id\":\"https:\/\/new.laserpoint.eu\/fr\/#website\",\"url\":\"https:\/\/new.laserpoint.eu\/fr\/\",\"name\":\"Laserpoint\",\"description\":\"Development and manufacturing of laser measurement instruments\",\"publisher\":{\"@id\":\"https:\/\/new.laserpoint.eu\/fr\/#organization\"},\"potentialAction\":[{\"@type\":\"SearchAction\",\"target\":{\"@type\":\"EntryPoint\",\"urlTemplate\":\"https:\/\/new.laserpoint.eu\/fr\/?s={search_term_string}\"},\"query-input\":\"required name=search_term_string\"}],\"inLanguage\":\"fr-FR\"},{\"@type\":\"Organization\",\"@id\":\"https:\/\/new.laserpoint.eu\/fr\/#organization\",\"name\":\"Laserpoint\",\"url\":\"https:\/\/new.laserpoint.eu\/fr\/\",\"logo\":{\"@type\":\"ImageObject\",\"inLanguage\":\"fr-FR\",\"@id\":\"https:\/\/new.laserpoint.eu\/fr\/#\/schema\/logo\/image\/\",\"url\":\"https:\/\/www.laserpoint.eu\/wp-content\/uploads\/laserpoint-logo.png\",\"contentUrl\":\"https:\/\/www.laserpoint.eu\/wp-content\/uploads\/laserpoint-logo.png\",\"width\":520,\"height\":84,\"caption\":\"Laserpoint\"},\"image\":{\"@id\":\"https:\/\/new.laserpoint.eu\/fr\/#\/schema\/logo\/image\/\"}}]}<\/script>\n<!-- \/ Yoast SEO plugin. -->","yoast_head_json":{"title":"Absorbeurs en surface - Laserpoint","robots":{"index":"noindex","follow":"follow","max-snippet":"max-snippet:-1","max-image-preview":"max-image-preview:large","max-video-preview":"max-video-preview:-1"},"og_locale":"fr_FR","og_type":"article","og_title":"Absorbeurs en surface - Laserpoint","og_description":"[vc_row][vc_column][vc_column_text] Absorbeurs en surface Les absorbeurs en surface sont constitu\u00e9s de fines couches de mat\u00e9riaux, g\u00e9n\u00e9ralement constitu\u00e9s de mattes sp\u00e9ciales ou de mat\u00e9riaux r\u00e9fractaires, d\u00e9pos\u00e9s sur des substrats, qui peuvent facilement transf\u00e9rer la chaleur comme les m\u00e9taux \u00e0 haute conductivit\u00e9. Ils sont utilis\u00e9s pour les lasers CW ou d&rsquo;autres sources qui \u00e9mettent de longues impulsions&hellip;","og_url":"https:\/\/new.laserpoint.eu\/fr\/technologies\/thermopiles\/absorbeurs-en-surface\/","og_site_name":"Laserpoint","article_modified_time":"2020-08-27T12:02:43+00:00","twitter_card":"summary_large_image","twitter_misc":{"Dur\u00e9e de lecture estim\u00e9e":"1 minute"},"schema":{"@context":"https:\/\/schema.org","@graph":[{"@type":"WebPage","@id":"https:\/\/new.laserpoint.eu\/fr\/technologies\/thermopiles\/absorbeurs-en-surface\/","url":"https:\/\/new.laserpoint.eu\/fr\/technologies\/thermopiles\/absorbeurs-en-surface\/","name":"Absorbeurs en surface - Laserpoint","isPartOf":{"@id":"https:\/\/new.laserpoint.eu\/fr\/#website"},"datePublished":"2020-08-26T07:45:03+00:00","dateModified":"2020-08-27T12:02:43+00:00","breadcrumb":{"@id":"https:\/\/new.laserpoint.eu\/fr\/technologies\/thermopiles\/absorbeurs-en-surface\/#breadcrumb"},"inLanguage":"fr-FR","potentialAction":[{"@type":"ReadAction","target":["https:\/\/new.laserpoint.eu\/fr\/technologies\/thermopiles\/absorbeurs-en-surface\/"]}]},{"@type":"BreadcrumbList","@id":"https:\/\/new.laserpoint.eu\/fr\/technologies\/thermopiles\/absorbeurs-en-surface\/#breadcrumb","itemListElement":[{"@type":"ListItem","position":1,"name":"Home","item":"https:\/\/new.laserpoint.eu\/fr\/"},{"@type":"ListItem","position":2,"name":"Technologies","item":"https:\/\/new.laserpoint.eu\/fr\/technologies\/"},{"@type":"ListItem","position":3,"name":"Thermopiles","item":"https:\/\/new.laserpoint.eu\/fr\/technologies\/thermopiles\/"},{"@type":"ListItem","position":4,"name":"Absorbeurs en surface"}]},{"@type":"WebSite","@id":"https:\/\/new.laserpoint.eu\/fr\/#website","url":"https:\/\/new.laserpoint.eu\/fr\/","name":"Laserpoint","description":"Development and manufacturing of laser measurement instruments","publisher":{"@id":"https:\/\/new.laserpoint.eu\/fr\/#organization"},"potentialAction":[{"@type":"SearchAction","target":{"@type":"EntryPoint","urlTemplate":"https:\/\/new.laserpoint.eu\/fr\/?s={search_term_string}"},"query-input":"required name=search_term_string"}],"inLanguage":"fr-FR"},{"@type":"Organization","@id":"https:\/\/new.laserpoint.eu\/fr\/#organization","name":"Laserpoint","url":"https:\/\/new.laserpoint.eu\/fr\/","logo":{"@type":"ImageObject","inLanguage":"fr-FR","@id":"https:\/\/new.laserpoint.eu\/fr\/#\/schema\/logo\/image\/","url":"https:\/\/www.laserpoint.eu\/wp-content\/uploads\/laserpoint-logo.png","contentUrl":"https:\/\/www.laserpoint.eu\/wp-content\/uploads\/laserpoint-logo.png","width":520,"height":84,"caption":"Laserpoint"},"image":{"@id":"https:\/\/new.laserpoint.eu\/fr\/#\/schema\/logo\/image\/"}}]}},"_links":{"self":[{"href":"https:\/\/new.laserpoint.eu\/fr\/wp-json\/wp\/v2\/pages\/8512"}],"collection":[{"href":"https:\/\/new.laserpoint.eu\/fr\/wp-json\/wp\/v2\/pages"}],"about":[{"href":"https:\/\/new.laserpoint.eu\/fr\/wp-json\/wp\/v2\/types\/page"}],"author":[{"embeddable":true,"href":"https:\/\/new.laserpoint.eu\/fr\/wp-json\/wp\/v2\/users\/1"}],"replies":[{"embeddable":true,"href":"https:\/\/new.laserpoint.eu\/fr\/wp-json\/wp\/v2\/comments?post=8512"}],"version-history":[{"count":7,"href":"https:\/\/new.laserpoint.eu\/fr\/wp-json\/wp\/v2\/pages\/8512\/revisions"}],"predecessor-version":[{"id":8889,"href":"https:\/\/new.laserpoint.eu\/fr\/wp-json\/wp\/v2\/pages\/8512\/revisions\/8889"}],"up":[{"embeddable":true,"href":"https:\/\/new.laserpoint.eu\/fr\/wp-json\/wp\/v2\/pages\/8506"}],"wp:attachment":[{"href":"https:\/\/new.laserpoint.eu\/fr\/wp-json\/wp\/v2\/media?parent=8512"}],"curies":[{"name":"wp","href":"https:\/\/api.w.org\/{rel}","templated":true}]}}