{"id":8489,"date":"2020-08-24T18:34:24","date_gmt":"2020-08-24T16:34:24","guid":{"rendered":"https:\/\/www.laserpoint.eu\/produits\/comment-lire-le-code-de-commande\/"},"modified":"2020-08-24T18:34:26","modified_gmt":"2020-08-24T16:34:26","slug":"comment-lire-le-code-de-commande","status":"publish","type":"page","link":"https:\/\/new.laserpoint.eu\/fr\/comment-lire-le-code-de-commande\/","title":{"rendered":"Comment lire le code de commande"},"content":{"rendered":"<section class=\"wpb-content-wrapper\"><p>[vc_row][vc_column][vc_column_text]Pour faciliter et acc\u00e9l\u00e9rer la s\u00e9lection des capteurs, nous avons assembl\u00e9 des codes qui les d\u00e9crivent de mani\u00e8re synth\u00e9tique. Le code complet, \u00e0 utiliser lors de la demande de devis ou lors de la commande, est imm\u00e9diat et donne une description pr\u00e9cise, synth\u00e9tique et sans aucun doute sur les t\u00eates et de la fa\u00e7on dont elles vont \u00eatre utilis\u00e9es; cette une aide pr\u00e9cieuse et permet \u00e0 Laser Point de mieux vous servir et plus rapidement. Les codes de t\u00eate, comme vous le trouverez sur le catalogue ou donn\u00e9s par le LP Explorer, rapportent une cha\u00eene qui synth\u00e9tise la t\u00eate de base.[\/vc_column_text][vc_empty_space][vc_column_text]<\/p>\n<h2>T\u00caTES DE CAPTEUR THERMIQUE<\/h2>\n<p>[\/vc_column_text][vc_single_image image=\u00a0\u00bb4015&Prime; img_size=\u00a0\u00bblarge\u00a0\u00bb alignment=\u00a0\u00bbcenter\u00a0\u00bb css=\u00a0\u00bb.vc_custom_1591775082113{padding-top: 30px !important;}\u00a0\u00bb][\/vc_column][\/vc_row][vc_row][vc_column][vc_column_text]<\/p>\n<h2>BLINK SERIES &#8211; T\u00caTES DE CAPTEUR HAUTE VITESSE<\/h2>\n<p>[\/vc_column_text][vc_single_image image=\u00a0\u00bb4017&Prime; img_size=\u00a0\u00bblarge\u00a0\u00bb][\/vc_column][\/vc_row]<\/p>\n<\/section>","protected":false},"excerpt":{"rendered":"<p>[vc_row][vc_column][vc_column_text]Pour faciliter et acc\u00e9l\u00e9rer la s\u00e9lection des capteurs, nous avons assembl\u00e9 des codes qui les d\u00e9crivent de mani\u00e8re synth\u00e9tique. Le code complet, \u00e0 utiliser lors de la demande de devis ou lors de la commande, est imm\u00e9diat et donne une description pr\u00e9cise, synth\u00e9tique et sans aucun doute sur les t\u00eates et de la fa\u00e7on dont&hellip;<\/p>\n","protected":false},"author":1,"featured_media":0,"parent":0,"menu_order":0,"comment_status":"closed","ping_status":"closed","template":"","meta":{"footnotes":""},"acf":[],"yoast_head":"<!-- This site is optimized with the Yoast SEO plugin v21.3 - https:\/\/yoast.com\/wordpress\/plugins\/seo\/ -->\n<title>Comment lire le code de commande - Laserpoint<\/title>\n<meta name=\"robots\" content=\"noindex, nofollow\" \/>\n<meta property=\"og:locale\" content=\"fr_FR\" \/>\n<meta property=\"og:type\" content=\"article\" \/>\n<meta property=\"og:title\" content=\"Comment lire le code de commande - Laserpoint\" \/>\n<meta property=\"og:description\" content=\"[vc_row][vc_column][vc_column_text]Pour faciliter et acc\u00e9l\u00e9rer la s\u00e9lection des capteurs, nous avons assembl\u00e9 des codes qui les d\u00e9crivent de mani\u00e8re synth\u00e9tique. Le code complet, \u00e0 utiliser lors de la demande de devis ou lors de la commande, est imm\u00e9diat et donne une description pr\u00e9cise, synth\u00e9tique et sans aucun doute sur les t\u00eates et de la fa\u00e7on dont&hellip;\" \/>\n<meta property=\"og:url\" content=\"https:\/\/new.laserpoint.eu\/fr\/comment-lire-le-code-de-commande\/\" \/>\n<meta property=\"og:site_name\" content=\"Laserpoint\" \/>\n<meta property=\"article:modified_time\" content=\"2020-08-24T16:34:26+00:00\" \/>\n<meta name=\"twitter:card\" content=\"summary_large_image\" \/>\n<meta name=\"twitter:label1\" content=\"Dur\u00e9e de lecture estim\u00e9e\" \/>\n\t<meta name=\"twitter:data1\" content=\"1 minute\" \/>\n<script type=\"application\/ld+json\" class=\"yoast-schema-graph\">{\"@context\":\"https:\/\/schema.org\",\"@graph\":[{\"@type\":\"WebPage\",\"@id\":\"https:\/\/new.laserpoint.eu\/fr\/comment-lire-le-code-de-commande\/\",\"url\":\"https:\/\/new.laserpoint.eu\/fr\/comment-lire-le-code-de-commande\/\",\"name\":\"Comment lire le code de commande - Laserpoint\",\"isPartOf\":{\"@id\":\"https:\/\/new.laserpoint.eu\/fr\/#website\"},\"datePublished\":\"2020-08-24T16:34:24+00:00\",\"dateModified\":\"2020-08-24T16:34:26+00:00\",\"breadcrumb\":{\"@id\":\"https:\/\/new.laserpoint.eu\/fr\/comment-lire-le-code-de-commande\/#breadcrumb\"},\"inLanguage\":\"fr-FR\",\"potentialAction\":[{\"@type\":\"ReadAction\",\"target\":[\"https:\/\/new.laserpoint.eu\/fr\/comment-lire-le-code-de-commande\/\"]}]},{\"@type\":\"BreadcrumbList\",\"@id\":\"https:\/\/new.laserpoint.eu\/fr\/comment-lire-le-code-de-commande\/#breadcrumb\",\"itemListElement\":[{\"@type\":\"ListItem\",\"position\":1,\"name\":\"Home\",\"item\":\"https:\/\/new.laserpoint.eu\/fr\/\"},{\"@type\":\"ListItem\",\"position\":2,\"name\":\"Comment lire le code de commande\"}]},{\"@type\":\"WebSite\",\"@id\":\"https:\/\/new.laserpoint.eu\/fr\/#website\",\"url\":\"https:\/\/new.laserpoint.eu\/fr\/\",\"name\":\"Laserpoint\",\"description\":\"Development and manufacturing of laser measurement instruments\",\"publisher\":{\"@id\":\"https:\/\/new.laserpoint.eu\/fr\/#organization\"},\"potentialAction\":[{\"@type\":\"SearchAction\",\"target\":{\"@type\":\"EntryPoint\",\"urlTemplate\":\"https:\/\/new.laserpoint.eu\/fr\/?s={search_term_string}\"},\"query-input\":\"required name=search_term_string\"}],\"inLanguage\":\"fr-FR\"},{\"@type\":\"Organization\",\"@id\":\"https:\/\/new.laserpoint.eu\/fr\/#organization\",\"name\":\"Laserpoint\",\"url\":\"https:\/\/new.laserpoint.eu\/fr\/\",\"logo\":{\"@type\":\"ImageObject\",\"inLanguage\":\"fr-FR\",\"@id\":\"https:\/\/new.laserpoint.eu\/fr\/#\/schema\/logo\/image\/\",\"url\":\"https:\/\/www.laserpoint.eu\/wp-content\/uploads\/laserpoint-logo.png\",\"contentUrl\":\"https:\/\/www.laserpoint.eu\/wp-content\/uploads\/laserpoint-logo.png\",\"width\":520,\"height\":84,\"caption\":\"Laserpoint\"},\"image\":{\"@id\":\"https:\/\/new.laserpoint.eu\/fr\/#\/schema\/logo\/image\/\"}}]}<\/script>\n<!-- \/ Yoast SEO plugin. -->","yoast_head_json":{"title":"Comment lire le code de commande - Laserpoint","robots":{"index":"noindex","follow":"nofollow"},"og_locale":"fr_FR","og_type":"article","og_title":"Comment lire le code de commande - Laserpoint","og_description":"[vc_row][vc_column][vc_column_text]Pour faciliter et acc\u00e9l\u00e9rer la s\u00e9lection des capteurs, nous avons assembl\u00e9 des codes qui les d\u00e9crivent de mani\u00e8re synth\u00e9tique. Le code complet, \u00e0 utiliser lors de la demande de devis ou lors de la commande, est imm\u00e9diat et donne une description pr\u00e9cise, synth\u00e9tique et sans aucun doute sur les t\u00eates et de la fa\u00e7on dont&hellip;","og_url":"https:\/\/new.laserpoint.eu\/fr\/comment-lire-le-code-de-commande\/","og_site_name":"Laserpoint","article_modified_time":"2020-08-24T16:34:26+00:00","twitter_card":"summary_large_image","twitter_misc":{"Dur\u00e9e de lecture estim\u00e9e":"1 minute"},"schema":{"@context":"https:\/\/schema.org","@graph":[{"@type":"WebPage","@id":"https:\/\/new.laserpoint.eu\/fr\/comment-lire-le-code-de-commande\/","url":"https:\/\/new.laserpoint.eu\/fr\/comment-lire-le-code-de-commande\/","name":"Comment lire le code de commande - Laserpoint","isPartOf":{"@id":"https:\/\/new.laserpoint.eu\/fr\/#website"},"datePublished":"2020-08-24T16:34:24+00:00","dateModified":"2020-08-24T16:34:26+00:00","breadcrumb":{"@id":"https:\/\/new.laserpoint.eu\/fr\/comment-lire-le-code-de-commande\/#breadcrumb"},"inLanguage":"fr-FR","potentialAction":[{"@type":"ReadAction","target":["https:\/\/new.laserpoint.eu\/fr\/comment-lire-le-code-de-commande\/"]}]},{"@type":"BreadcrumbList","@id":"https:\/\/new.laserpoint.eu\/fr\/comment-lire-le-code-de-commande\/#breadcrumb","itemListElement":[{"@type":"ListItem","position":1,"name":"Home","item":"https:\/\/new.laserpoint.eu\/fr\/"},{"@type":"ListItem","position":2,"name":"Comment lire le code de commande"}]},{"@type":"WebSite","@id":"https:\/\/new.laserpoint.eu\/fr\/#website","url":"https:\/\/new.laserpoint.eu\/fr\/","name":"Laserpoint","description":"Development and manufacturing of laser measurement instruments","publisher":{"@id":"https:\/\/new.laserpoint.eu\/fr\/#organization"},"potentialAction":[{"@type":"SearchAction","target":{"@type":"EntryPoint","urlTemplate":"https:\/\/new.laserpoint.eu\/fr\/?s={search_term_string}"},"query-input":"required name=search_term_string"}],"inLanguage":"fr-FR"},{"@type":"Organization","@id":"https:\/\/new.laserpoint.eu\/fr\/#organization","name":"Laserpoint","url":"https:\/\/new.laserpoint.eu\/fr\/","logo":{"@type":"ImageObject","inLanguage":"fr-FR","@id":"https:\/\/new.laserpoint.eu\/fr\/#\/schema\/logo\/image\/","url":"https:\/\/www.laserpoint.eu\/wp-content\/uploads\/laserpoint-logo.png","contentUrl":"https:\/\/www.laserpoint.eu\/wp-content\/uploads\/laserpoint-logo.png","width":520,"height":84,"caption":"Laserpoint"},"image":{"@id":"https:\/\/new.laserpoint.eu\/fr\/#\/schema\/logo\/image\/"}}]}},"_links":{"self":[{"href":"https:\/\/new.laserpoint.eu\/fr\/wp-json\/wp\/v2\/pages\/8489"}],"collection":[{"href":"https:\/\/new.laserpoint.eu\/fr\/wp-json\/wp\/v2\/pages"}],"about":[{"href":"https:\/\/new.laserpoint.eu\/fr\/wp-json\/wp\/v2\/types\/page"}],"author":[{"embeddable":true,"href":"https:\/\/new.laserpoint.eu\/fr\/wp-json\/wp\/v2\/users\/1"}],"replies":[{"embeddable":true,"href":"https:\/\/new.laserpoint.eu\/fr\/wp-json\/wp\/v2\/comments?post=8489"}],"version-history":[{"count":5,"href":"https:\/\/new.laserpoint.eu\/fr\/wp-json\/wp\/v2\/pages\/8489\/revisions"}],"predecessor-version":[{"id":8494,"href":"https:\/\/new.laserpoint.eu\/fr\/wp-json\/wp\/v2\/pages\/8489\/revisions\/8494"}],"wp:attachment":[{"href":"https:\/\/new.laserpoint.eu\/fr\/wp-json\/wp\/v2\/media?parent=8489"}],"curies":[{"name":"wp","href":"https:\/\/api.w.org\/{rel}","templated":true}]}}