{"id":50486,"date":"2021-11-08T11:24:58","date_gmt":"2021-11-08T10:24:58","guid":{"rendered":"https:\/\/www.laserpoint.eu\/laserpoint-et-lenvironnement-rohs-and-weee\/"},"modified":"2021-11-08T11:25:00","modified_gmt":"2021-11-08T10:25:00","slug":"laserpoint-et-lenvironnement-rohs-and-weee","status":"publish","type":"page","link":"https:\/\/new.laserpoint.eu\/fr\/laserpoint-et-lenvironnement-rohs-and-weee\/","title":{"rendered":"LaserPoint et l&rsquo;environnement: RoHS and WEEE"},"content":{"rendered":"<section class=\"wpb-content-wrapper\"><p>[vc_row][vc_column][vc_column_text]LaserPoint est extr\u00eamement soucieux de l\u2019environnement et, en tant que fabricant europ\u00e9en, il s\u2019est conform\u00e9 aux directives de l\u2019Union europ\u00e9enne d\u00e8s leur publication.<br \/>\nTous les produits LaserPoint sont conformes aux normes RoHS<br \/>\nLa directive RoHS (Restriction of Hazardous Substances) de l\u2019Union europ\u00e9enne vise \u00e0 restreindre l\u2019utilisation de quatre m\u00e9taux lourds (plomb, cadmium, mercure et chrome hexavalent) et de deux cat\u00e9gories d\u2019ignifugeants brom\u00e9s (PBB et PBDE). La norme RoHS sp\u00e9cifie les niveaux maximaux \u00e0 respecter pour les six mat\u00e9riaux ci-dessus.<\/p>\n<p><img decoding=\"async\" loading=\"lazy\" class=\"alignleft\" src=\"https:\/\/www.laserpoint.eu\/wp-content\/uploads\/cert-rohs-compliant.png\" alt=\"Certification ROHS\" width=\"190\" height=\"280\">RoHS emp\u00eache que, chaque ann\u00e9e, plusieurs milliers de tonnes de substances interdites soient \u00e9limin\u00e9es et potentiellement rejet\u00e9es dans l\u2019environnement avec une augmentation substantielle de la protection de la sant\u00e9 humaine. RoHS aussi, sensibilise davantage les fabricants \u00e0 la composition et \u00e0 la toxicit\u00e9 de leurs produits. <\/p>\n<p>WEEE est l\u2019acronyme de Waste from Electrical and Electronic Equipment (Directive 2002\/96\/CE du Parlement europ\u00e9en).<br \/>\nWEEE encadre le traitement, la r\u00e9cup\u00e9ration et le recyclage des \u00e9quipements \u00e9lectriques et \u00e9lectroniques et vise \u00e0 encourager la conception de produits \u00e9lectroniques avec un recyclage et une r\u00e9cup\u00e9ration respectueuse de l\u2019environnement.<br \/>\nTous les produits concern\u00e9s sur le march\u00e9 de l\u2019UE doivent \u00eatre conformes aux DEEE et porter l\u2019autocollant \u00ab\u00a0Wheelie Bin\u00a0\u00bb.<br \/>\nRoHS r\u00e9glemente les substances dangereuses utilis\u00e9es dans les \u00e9quipements \u00e9lectriques et \u00e9lectroniques, tandis que WEEE r\u00e9glemente l\u2019\u00e9limination de ces m\u00eames substance et \u00e9quipements.[\/vc_column_text][\/vc_column][\/vc_row]<\/p>\n<\/section>","protected":false},"excerpt":{"rendered":"<p>[vc_row][vc_column][vc_column_text]LaserPoint est extr\u00eamement soucieux de l\u2019environnement et, en tant que fabricant europ\u00e9en, il s\u2019est conform\u00e9 aux directives de l\u2019Union europ\u00e9enne d\u00e8s leur publication. Tous les produits LaserPoint sont conformes aux normes RoHS La directive RoHS (Restriction of Hazardous Substances) de l\u2019Union europ\u00e9enne vise \u00e0 restreindre l\u2019utilisation de quatre m\u00e9taux lourds (plomb, cadmium, mercure et chrome&hellip;<\/p>\n","protected":false},"author":1,"featured_media":0,"parent":0,"menu_order":0,"comment_status":"closed","ping_status":"closed","template":"","meta":{"footnotes":""},"acf":[],"yoast_head":"<!-- This site is optimized with the Yoast SEO plugin v21.3 - https:\/\/yoast.com\/wordpress\/plugins\/seo\/ -->\n<title>LaserPoint et l&#039;environnement: RoHS and WEEE - Laserpoint<\/title>\n<meta name=\"robots\" content=\"noindex, follow, max-snippet:-1, max-image-preview:large, max-video-preview:-1\" \/>\n<meta property=\"og:locale\" content=\"fr_FR\" \/>\n<meta property=\"og:type\" content=\"article\" \/>\n<meta property=\"og:title\" content=\"LaserPoint et l&#039;environnement: RoHS and WEEE - Laserpoint\" \/>\n<meta property=\"og:description\" content=\"[vc_row][vc_column][vc_column_text]LaserPoint est extr\u00eamement soucieux de l\u2019environnement et, en tant que fabricant europ\u00e9en, il s\u2019est conform\u00e9 aux directives de l\u2019Union europ\u00e9enne d\u00e8s leur publication. Tous les produits LaserPoint sont conformes aux normes RoHS La directive RoHS (Restriction of Hazardous Substances) de l\u2019Union europ\u00e9enne vise \u00e0 restreindre l\u2019utilisation de quatre m\u00e9taux lourds (plomb, cadmium, mercure et chrome&hellip;\" \/>\n<meta property=\"og:url\" content=\"https:\/\/new.laserpoint.eu\/fr\/laserpoint-et-lenvironnement-rohs-and-weee\/\" \/>\n<meta property=\"og:site_name\" content=\"Laserpoint\" \/>\n<meta property=\"article:modified_time\" content=\"2021-11-08T10:25:00+00:00\" \/>\n<meta property=\"og:image\" content=\"https:\/\/www.laserpoint.eu\/wp-content\/uploads\/cert-rohs-compliant.png\" \/>\n<meta name=\"twitter:card\" content=\"summary_large_image\" \/>\n<meta name=\"twitter:label1\" content=\"Dur\u00e9e de lecture estim\u00e9e\" \/>\n\t<meta name=\"twitter:data1\" content=\"1 minute\" \/>\n<script type=\"application\/ld+json\" class=\"yoast-schema-graph\">{\"@context\":\"https:\/\/schema.org\",\"@graph\":[{\"@type\":\"WebPage\",\"@id\":\"https:\/\/new.laserpoint.eu\/fr\/laserpoint-et-lenvironnement-rohs-and-weee\/\",\"url\":\"https:\/\/new.laserpoint.eu\/fr\/laserpoint-et-lenvironnement-rohs-and-weee\/\",\"name\":\"LaserPoint et l'environnement: RoHS and WEEE - Laserpoint\",\"isPartOf\":{\"@id\":\"https:\/\/new.laserpoint.eu\/fr\/#website\"},\"datePublished\":\"2021-11-08T10:24:58+00:00\",\"dateModified\":\"2021-11-08T10:25:00+00:00\",\"breadcrumb\":{\"@id\":\"https:\/\/new.laserpoint.eu\/fr\/laserpoint-et-lenvironnement-rohs-and-weee\/#breadcrumb\"},\"inLanguage\":\"fr-FR\",\"potentialAction\":[{\"@type\":\"ReadAction\",\"target\":[\"https:\/\/new.laserpoint.eu\/fr\/laserpoint-et-lenvironnement-rohs-and-weee\/\"]}]},{\"@type\":\"BreadcrumbList\",\"@id\":\"https:\/\/new.laserpoint.eu\/fr\/laserpoint-et-lenvironnement-rohs-and-weee\/#breadcrumb\",\"itemListElement\":[{\"@type\":\"ListItem\",\"position\":1,\"name\":\"Home\",\"item\":\"https:\/\/new.laserpoint.eu\/fr\/\"},{\"@type\":\"ListItem\",\"position\":2,\"name\":\"LaserPoint et l&#8217;environnement: RoHS and WEEE\"}]},{\"@type\":\"WebSite\",\"@id\":\"https:\/\/new.laserpoint.eu\/fr\/#website\",\"url\":\"https:\/\/new.laserpoint.eu\/fr\/\",\"name\":\"Laserpoint\",\"description\":\"Development and manufacturing of laser measurement instruments\",\"publisher\":{\"@id\":\"https:\/\/new.laserpoint.eu\/fr\/#organization\"},\"potentialAction\":[{\"@type\":\"SearchAction\",\"target\":{\"@type\":\"EntryPoint\",\"urlTemplate\":\"https:\/\/new.laserpoint.eu\/fr\/?s={search_term_string}\"},\"query-input\":\"required name=search_term_string\"}],\"inLanguage\":\"fr-FR\"},{\"@type\":\"Organization\",\"@id\":\"https:\/\/new.laserpoint.eu\/fr\/#organization\",\"name\":\"Laserpoint\",\"url\":\"https:\/\/new.laserpoint.eu\/fr\/\",\"logo\":{\"@type\":\"ImageObject\",\"inLanguage\":\"fr-FR\",\"@id\":\"https:\/\/new.laserpoint.eu\/fr\/#\/schema\/logo\/image\/\",\"url\":\"https:\/\/www.laserpoint.eu\/wp-content\/uploads\/laserpoint-logo.png\",\"contentUrl\":\"https:\/\/www.laserpoint.eu\/wp-content\/uploads\/laserpoint-logo.png\",\"width\":520,\"height\":84,\"caption\":\"Laserpoint\"},\"image\":{\"@id\":\"https:\/\/new.laserpoint.eu\/fr\/#\/schema\/logo\/image\/\"}}]}<\/script>\n<!-- \/ Yoast SEO plugin. -->","yoast_head_json":{"title":"LaserPoint et l'environnement: RoHS and WEEE - Laserpoint","robots":{"index":"noindex","follow":"follow","max-snippet":"max-snippet:-1","max-image-preview":"max-image-preview:large","max-video-preview":"max-video-preview:-1"},"og_locale":"fr_FR","og_type":"article","og_title":"LaserPoint et l'environnement: RoHS and WEEE - Laserpoint","og_description":"[vc_row][vc_column][vc_column_text]LaserPoint est extr\u00eamement soucieux de l\u2019environnement et, en tant que fabricant europ\u00e9en, il s\u2019est conform\u00e9 aux directives de l\u2019Union europ\u00e9enne d\u00e8s leur publication. Tous les produits LaserPoint sont conformes aux normes RoHS La directive RoHS (Restriction of Hazardous Substances) de l\u2019Union europ\u00e9enne vise \u00e0 restreindre l\u2019utilisation de quatre m\u00e9taux lourds (plomb, cadmium, mercure et chrome&hellip;","og_url":"https:\/\/new.laserpoint.eu\/fr\/laserpoint-et-lenvironnement-rohs-and-weee\/","og_site_name":"Laserpoint","article_modified_time":"2021-11-08T10:25:00+00:00","og_image":[{"url":"https:\/\/www.laserpoint.eu\/wp-content\/uploads\/cert-rohs-compliant.png"}],"twitter_card":"summary_large_image","twitter_misc":{"Dur\u00e9e de lecture estim\u00e9e":"1 minute"},"schema":{"@context":"https:\/\/schema.org","@graph":[{"@type":"WebPage","@id":"https:\/\/new.laserpoint.eu\/fr\/laserpoint-et-lenvironnement-rohs-and-weee\/","url":"https:\/\/new.laserpoint.eu\/fr\/laserpoint-et-lenvironnement-rohs-and-weee\/","name":"LaserPoint et l'environnement: RoHS and WEEE - Laserpoint","isPartOf":{"@id":"https:\/\/new.laserpoint.eu\/fr\/#website"},"datePublished":"2021-11-08T10:24:58+00:00","dateModified":"2021-11-08T10:25:00+00:00","breadcrumb":{"@id":"https:\/\/new.laserpoint.eu\/fr\/laserpoint-et-lenvironnement-rohs-and-weee\/#breadcrumb"},"inLanguage":"fr-FR","potentialAction":[{"@type":"ReadAction","target":["https:\/\/new.laserpoint.eu\/fr\/laserpoint-et-lenvironnement-rohs-and-weee\/"]}]},{"@type":"BreadcrumbList","@id":"https:\/\/new.laserpoint.eu\/fr\/laserpoint-et-lenvironnement-rohs-and-weee\/#breadcrumb","itemListElement":[{"@type":"ListItem","position":1,"name":"Home","item":"https:\/\/new.laserpoint.eu\/fr\/"},{"@type":"ListItem","position":2,"name":"LaserPoint et l&#8217;environnement: RoHS and WEEE"}]},{"@type":"WebSite","@id":"https:\/\/new.laserpoint.eu\/fr\/#website","url":"https:\/\/new.laserpoint.eu\/fr\/","name":"Laserpoint","description":"Development and manufacturing of laser measurement instruments","publisher":{"@id":"https:\/\/new.laserpoint.eu\/fr\/#organization"},"potentialAction":[{"@type":"SearchAction","target":{"@type":"EntryPoint","urlTemplate":"https:\/\/new.laserpoint.eu\/fr\/?s={search_term_string}"},"query-input":"required name=search_term_string"}],"inLanguage":"fr-FR"},{"@type":"Organization","@id":"https:\/\/new.laserpoint.eu\/fr\/#organization","name":"Laserpoint","url":"https:\/\/new.laserpoint.eu\/fr\/","logo":{"@type":"ImageObject","inLanguage":"fr-FR","@id":"https:\/\/new.laserpoint.eu\/fr\/#\/schema\/logo\/image\/","url":"https:\/\/www.laserpoint.eu\/wp-content\/uploads\/laserpoint-logo.png","contentUrl":"https:\/\/www.laserpoint.eu\/wp-content\/uploads\/laserpoint-logo.png","width":520,"height":84,"caption":"Laserpoint"},"image":{"@id":"https:\/\/new.laserpoint.eu\/fr\/#\/schema\/logo\/image\/"}}]}},"_links":{"self":[{"href":"https:\/\/new.laserpoint.eu\/fr\/wp-json\/wp\/v2\/pages\/50486"}],"collection":[{"href":"https:\/\/new.laserpoint.eu\/fr\/wp-json\/wp\/v2\/pages"}],"about":[{"href":"https:\/\/new.laserpoint.eu\/fr\/wp-json\/wp\/v2\/types\/page"}],"author":[{"embeddable":true,"href":"https:\/\/new.laserpoint.eu\/fr\/wp-json\/wp\/v2\/users\/1"}],"replies":[{"embeddable":true,"href":"https:\/\/new.laserpoint.eu\/fr\/wp-json\/wp\/v2\/comments?post=50486"}],"version-history":[{"count":2,"href":"https:\/\/new.laserpoint.eu\/fr\/wp-json\/wp\/v2\/pages\/50486\/revisions"}],"predecessor-version":[{"id":50488,"href":"https:\/\/new.laserpoint.eu\/fr\/wp-json\/wp\/v2\/pages\/50486\/revisions\/50488"}],"wp:attachment":[{"href":"https:\/\/new.laserpoint.eu\/fr\/wp-json\/wp\/v2\/media?parent=50486"}],"curies":[{"name":"wp","href":"https:\/\/api.w.org\/{rel}","templated":true}]}}