{"id":49444,"date":"2021-04-16T08:19:59","date_gmt":"2021-07-08T08:28:24","guid":{"rendered":"https:\/\/www.laserpoint.eu\/sin%20categor\u00eda\/hsm-1000\/"},"modified":"2021-07-08T10:29:13","modified_gmt":"2021-07-08T08:29:13","slug":"hsm-1000","status":"publish","type":"product","link":"https:\/\/new.laserpoint.eu\/es\/producto\/medidores-para-sensores\/hsm-1000\/","title":{"rendered":"HSM-1000"},"content":{"rendered":"<section class=\"wpb-content-wrapper\"><p>[vc_row][vc_column width=\u00bb2\/3&#8243;][vc_column_text]<strong>Medidor de alta velocidad (HSM)<\/strong><\/p>\n<p>Medidor de alta velocidad (HSM) HSM es un Medidor de alta velocidad desarrollado espec\u00edficamente para conectar el Sensor de Alta Velocidad Blink HS al PC mediante puerto Ethernet, para tomar y visualizar datos de trenes de pulsos l\u00e1ser y elaborar estad\u00edsticas sobre muchos par\u00e1metros l\u00e1ser como energ\u00eda, potencia, frecuencia de repetici\u00f3n, energ\u00eda de pico.<\/p>\n<p>HSM puede realizar el muestreo de los datos con una tasa de muestreo de hasta 500 Megamuestras\/s para aportar una medici\u00f3n precisa de la energ\u00eda de cada uno de de los pulsos ultracortos hasta una frecuencia de repetici\u00f3n de 1 MHz. Es adecuado para l\u00e1seres de pulsos ultracortos, cuya duraci\u00f3n descienda hasta el nivel de los femtosegundos.<\/p>\n<p>HSM pueden funcionar en dos modos distintos: el \u201cmodo osciloscopio\u201d, que permite visualizar en el PC el tren de pulsos l\u00e1ser adquirido y los \u201cPar\u00e1metros en tiempo\u201d donde el usuario puede monitorizar el comportamiento de muchos par\u00e1metros distintos del tren de pulsos l\u00e1ser adquirido como la energ\u00eda de cada pulso, su potencia, la frecuencia de repetici\u00f3n y la potencia de pico. Con HSM se incluye una Interfaz Gr\u00e1fica de Usuario (Blink-HS-GUI) para visualizar f\u00e1cilmente los datos en PC usando los dos modos. La alimentaci\u00f3n externa para HSM es de 12 V con una corriente m\u00e1xima de 2 A. El sensor BlinkHS se conecta a HSM con un cable espec\u00edfico para microondas que se entrega con el sensor. La resoluci\u00f3n de medici\u00f3n de HSM (%, escala completa) es 0,1 % con una precisi\u00f3n de medida de +- 1 %. Los conectores SMA de activaci\u00f3n IN y activaci\u00f3n OUT est\u00e1n disponibles en el panel HSM frontal para permitir la activaci\u00f3n de las mediciones HSM de una fuente de activaci\u00f3n externa o para aportar una se\u00f1al activadora interna respectivamente.[\/vc_column_text][\/vc_column][vc_column width=\u00bb1\/3&#8243;][vc_single_image image=\u00bb16594&#8243; img_size=\u00bblarge\u00bb][vc_empty_space][vc_single_image image=\u00bb17248&#8243; img_size=\u00bblarge\u00bb onclick=\u00bblink_image\u00bb][\/vc_column][\/vc_row][vc_row][vc_column width=\u00bb1\/3&#8243;][vc_single_image image=\u00bb17250&#8243; img_size=\u00bblarge\u00bb onclick=\u00bblink_image\u00bb][\/vc_column][vc_column width=\u00bb1\/3&#8243;][vc_single_image image=\u00bb17251&#8243; img_size=\u00bblarge\u00bb onclick=\u00bblink_image\u00bb][\/vc_column][vc_column width=\u00bb1\/3&#8243;][vc_single_image image=\u00bb17252&#8243; img_size=\u00bblarge\u00bb onclick=\u00bblink_image\u00bb][\/vc_column][\/vc_row][vc_row][vc_column][vc_empty_space][vc_single_image image=\u00bb17940&#8243; img_size=\u00bblarge\u00bb][\/vc_column][\/vc_row]<\/p>\n<\/section>","protected":false},"excerpt":{"rendered":"<p>[vc_row][vc_column width=\u00bb2\/3&#8243;][vc_column_text]Medidor de alta velocidad (HSM) Medidor de alta velocidad (HSM) HSM es un Medidor de alta velocidad desarrollado espec\u00edficamente para conectar el Sensor de Alta Velocidad Blink HS al PC mediante puerto Ethernet, para tomar y visualizar datos de trenes de pulsos l\u00e1ser y elaborar estad\u00edsticas sobre muchos par\u00e1metros l\u00e1ser como energ\u00eda, potencia, frecuencia&hellip;<\/p>\n","protected":false},"featured_media":16594,"menu_order":0,"template":"","meta":[],"product_cat":[664],"product_tag":[],"acf":[],"yoast_head":"<!-- This site is optimized with the Yoast SEO plugin v21.3 - https:\/\/yoast.com\/wordpress\/plugins\/seo\/ -->\n<title>HSM-1000 - Laserpoint<\/title>\n<meta name=\"robots\" content=\"noindex, follow, max-snippet:-1, max-image-preview:large, max-video-preview:-1\" \/>\n<meta property=\"og:locale\" content=\"es_ES\" \/>\n<meta property=\"og:type\" content=\"article\" \/>\n<meta property=\"og:title\" content=\"HSM-1000 - Laserpoint\" \/>\n<meta property=\"og:description\" content=\"[vc_row][vc_column width=\u00bb2\/3&#8243;][vc_column_text]Medidor de alta velocidad (HSM) Medidor de alta velocidad (HSM) HSM es un Medidor de alta velocidad desarrollado espec\u00edficamente para conectar el Sensor de Alta Velocidad Blink HS al PC mediante puerto Ethernet, para tomar y visualizar datos de trenes de pulsos l\u00e1ser y elaborar estad\u00edsticas sobre muchos par\u00e1metros l\u00e1ser como energ\u00eda, potencia, frecuencia&hellip;\" \/>\n<meta property=\"og:url\" content=\"https:\/\/new.laserpoint.eu\/es\/producto\/medidores-para-sensores\/hsm-1000\/\" \/>\n<meta property=\"og:site_name\" content=\"Laserpoint\" \/>\n<meta property=\"article:modified_time\" content=\"2021-07-08T08:29:13+00:00\" \/>\n<meta property=\"og:image\" content=\"https:\/\/new.laserpoint.eu\/wp-content\/uploads\/HSM_Immagine_sfondo-bianco.jpg\" \/>\n\t<meta property=\"og:image:width\" content=\"646\" \/>\n\t<meta property=\"og:image:height\" content=\"329\" \/>\n\t<meta property=\"og:image:type\" content=\"image\/jpeg\" \/>\n<meta name=\"twitter:card\" content=\"summary_large_image\" \/>\n<meta name=\"twitter:label1\" content=\"Tiempo de lectura\" \/>\n\t<meta name=\"twitter:data1\" content=\"2 minutos\" \/>\n<script type=\"application\/ld+json\" class=\"yoast-schema-graph\">{\"@context\":\"https:\/\/schema.org\",\"@graph\":[{\"@type\":\"WebPage\",\"@id\":\"https:\/\/new.laserpoint.eu\/es\/producto\/medidores-para-sensores\/hsm-1000\/\",\"url\":\"https:\/\/new.laserpoint.eu\/es\/producto\/medidores-para-sensores\/hsm-1000\/\",\"name\":\"HSM-1000 - Laserpoint\",\"isPartOf\":{\"@id\":\"https:\/\/new.laserpoint.eu\/es\/#website\"},\"datePublished\":\"2021-07-08T08:28:24+00:00\",\"dateModified\":\"2021-07-08T08:29:13+00:00\",\"breadcrumb\":{\"@id\":\"https:\/\/new.laserpoint.eu\/es\/producto\/medidores-para-sensores\/hsm-1000\/#breadcrumb\"},\"inLanguage\":\"es\",\"potentialAction\":[{\"@type\":\"ReadAction\",\"target\":[\"https:\/\/new.laserpoint.eu\/es\/producto\/medidores-para-sensores\/hsm-1000\/\"]}]},{\"@type\":\"BreadcrumbList\",\"@id\":\"https:\/\/new.laserpoint.eu\/es\/producto\/medidores-para-sensores\/hsm-1000\/#breadcrumb\",\"itemListElement\":[{\"@type\":\"ListItem\",\"position\":1,\"name\":\"Home\",\"item\":\"https:\/\/new.laserpoint.eu\/es\/\"},{\"@type\":\"ListItem\",\"position\":2,\"name\":\"Encuentra productos\",\"item\":\"https:\/\/new.laserpoint.eu\/find-products\/\"},{\"@type\":\"ListItem\",\"position\":3,\"name\":\"HSM-1000\"}]},{\"@type\":\"WebSite\",\"@id\":\"https:\/\/new.laserpoint.eu\/es\/#website\",\"url\":\"https:\/\/new.laserpoint.eu\/es\/\",\"name\":\"Laserpoint\",\"description\":\"Development and manufacturing of laser measurement instruments\",\"publisher\":{\"@id\":\"https:\/\/new.laserpoint.eu\/es\/#organization\"},\"potentialAction\":[{\"@type\":\"SearchAction\",\"target\":{\"@type\":\"EntryPoint\",\"urlTemplate\":\"https:\/\/new.laserpoint.eu\/es\/?s={search_term_string}\"},\"query-input\":\"required name=search_term_string\"}],\"inLanguage\":\"es\"},{\"@type\":\"Organization\",\"@id\":\"https:\/\/new.laserpoint.eu\/es\/#organization\",\"name\":\"Laserpoint\",\"url\":\"https:\/\/new.laserpoint.eu\/es\/\",\"logo\":{\"@type\":\"ImageObject\",\"inLanguage\":\"es\",\"@id\":\"https:\/\/new.laserpoint.eu\/es\/#\/schema\/logo\/image\/\",\"url\":\"https:\/\/www.laserpoint.eu\/wp-content\/uploads\/laserpoint-logo.png\",\"contentUrl\":\"https:\/\/www.laserpoint.eu\/wp-content\/uploads\/laserpoint-logo.png\",\"width\":520,\"height\":84,\"caption\":\"Laserpoint\"},\"image\":{\"@id\":\"https:\/\/new.laserpoint.eu\/es\/#\/schema\/logo\/image\/\"}}]}<\/script>\n<!-- \/ Yoast SEO plugin. -->","yoast_head_json":{"title":"HSM-1000 - Laserpoint","robots":{"index":"noindex","follow":"follow","max-snippet":"max-snippet:-1","max-image-preview":"max-image-preview:large","max-video-preview":"max-video-preview:-1"},"og_locale":"es_ES","og_type":"article","og_title":"HSM-1000 - Laserpoint","og_description":"[vc_row][vc_column width=\u00bb2\/3&#8243;][vc_column_text]Medidor de alta velocidad (HSM) Medidor de alta velocidad (HSM) HSM es un Medidor de alta velocidad desarrollado espec\u00edficamente para conectar el Sensor de Alta Velocidad Blink HS al PC mediante puerto Ethernet, para tomar y visualizar datos de trenes de pulsos l\u00e1ser y elaborar estad\u00edsticas sobre muchos par\u00e1metros l\u00e1ser como energ\u00eda, potencia, frecuencia&hellip;","og_url":"https:\/\/new.laserpoint.eu\/es\/producto\/medidores-para-sensores\/hsm-1000\/","og_site_name":"Laserpoint","article_modified_time":"2021-07-08T08:29:13+00:00","og_image":[{"width":646,"height":329,"url":"https:\/\/new.laserpoint.eu\/wp-content\/uploads\/HSM_Immagine_sfondo-bianco.jpg","type":"image\/jpeg"}],"twitter_card":"summary_large_image","twitter_misc":{"Tiempo de lectura":"2 minutos"},"schema":{"@context":"https:\/\/schema.org","@graph":[{"@type":"WebPage","@id":"https:\/\/new.laserpoint.eu\/es\/producto\/medidores-para-sensores\/hsm-1000\/","url":"https:\/\/new.laserpoint.eu\/es\/producto\/medidores-para-sensores\/hsm-1000\/","name":"HSM-1000 - Laserpoint","isPartOf":{"@id":"https:\/\/new.laserpoint.eu\/es\/#website"},"datePublished":"2021-07-08T08:28:24+00:00","dateModified":"2021-07-08T08:29:13+00:00","breadcrumb":{"@id":"https:\/\/new.laserpoint.eu\/es\/producto\/medidores-para-sensores\/hsm-1000\/#breadcrumb"},"inLanguage":"es","potentialAction":[{"@type":"ReadAction","target":["https:\/\/new.laserpoint.eu\/es\/producto\/medidores-para-sensores\/hsm-1000\/"]}]},{"@type":"BreadcrumbList","@id":"https:\/\/new.laserpoint.eu\/es\/producto\/medidores-para-sensores\/hsm-1000\/#breadcrumb","itemListElement":[{"@type":"ListItem","position":1,"name":"Home","item":"https:\/\/new.laserpoint.eu\/es\/"},{"@type":"ListItem","position":2,"name":"Encuentra productos","item":"https:\/\/new.laserpoint.eu\/find-products\/"},{"@type":"ListItem","position":3,"name":"HSM-1000"}]},{"@type":"WebSite","@id":"https:\/\/new.laserpoint.eu\/es\/#website","url":"https:\/\/new.laserpoint.eu\/es\/","name":"Laserpoint","description":"Development and manufacturing of laser measurement instruments","publisher":{"@id":"https:\/\/new.laserpoint.eu\/es\/#organization"},"potentialAction":[{"@type":"SearchAction","target":{"@type":"EntryPoint","urlTemplate":"https:\/\/new.laserpoint.eu\/es\/?s={search_term_string}"},"query-input":"required name=search_term_string"}],"inLanguage":"es"},{"@type":"Organization","@id":"https:\/\/new.laserpoint.eu\/es\/#organization","name":"Laserpoint","url":"https:\/\/new.laserpoint.eu\/es\/","logo":{"@type":"ImageObject","inLanguage":"es","@id":"https:\/\/new.laserpoint.eu\/es\/#\/schema\/logo\/image\/","url":"https:\/\/www.laserpoint.eu\/wp-content\/uploads\/laserpoint-logo.png","contentUrl":"https:\/\/www.laserpoint.eu\/wp-content\/uploads\/laserpoint-logo.png","width":520,"height":84,"caption":"Laserpoint"},"image":{"@id":"https:\/\/new.laserpoint.eu\/es\/#\/schema\/logo\/image\/"}}]}},"_links":{"self":[{"href":"https:\/\/new.laserpoint.eu\/es\/wp-json\/wp\/v2\/product\/49444"}],"collection":[{"href":"https:\/\/new.laserpoint.eu\/es\/wp-json\/wp\/v2\/product"}],"about":[{"href":"https:\/\/new.laserpoint.eu\/es\/wp-json\/wp\/v2\/types\/product"}],"wp:featuredmedia":[{"embeddable":true,"href":"https:\/\/new.laserpoint.eu\/es\/wp-json\/wp\/v2\/media\/16594"}],"wp:attachment":[{"href":"https:\/\/new.laserpoint.eu\/es\/wp-json\/wp\/v2\/media?parent=49444"}],"wp:term":[{"taxonomy":"product_cat","embeddable":true,"href":"https:\/\/new.laserpoint.eu\/es\/wp-json\/wp\/v2\/product_cat?post=49444"},{"taxonomy":"product_tag","embeddable":true,"href":"https:\/\/new.laserpoint.eu\/es\/wp-json\/wp\/v2\/product_tag?post=49444"}],"curies":[{"name":"wp","href":"https:\/\/api.w.org\/{rel}","templated":true}]}}