{"id":50600,"date":"2021-11-08T15:40:03","date_gmt":"2021-11-08T14:40:03","guid":{"rendered":"https:\/\/www.laserpoint.eu\/laserpoint-y-el-medioambiente-rohs-y-weee\/"},"modified":"2021-11-08T15:40:04","modified_gmt":"2021-11-08T14:40:04","slug":"laserpoint-y-el-medioambiente-rohs-y-weee","status":"publish","type":"page","link":"https:\/\/new.laserpoint.eu\/es\/laserpoint-y-el-medioambiente-rohs-y-weee\/","title":{"rendered":"LaserPoint y el medioambiente: RoHS y WEEE"},"content":{"rendered":"<section class=\"wpb-content-wrapper\"><p>[vc_row][vc_column][vc_column_text]LaserPoint da la m\u00e1xima importancia al cuidado del medio ambiente, y como Fabricante Europeo cumple con las directivas correspondientes desde que fueron publicadas por la Uni\u00f3n Europea.<br \/>\nTodos los productos LaserPoint son conformes a la directiva RoHS.<br \/>\nLa directiva RoHS (Restricci\u00f3n de Sustancias Peligrosas) surgi\u00f3 en la Uni\u00f3n Europea para restringir el uso de cuatro metales pesados (plomo, cadmio, mercurio, cromo hexavalente) y dos categor\u00edas de retardantes de llama bromados (PBB y PBDE). La normativa RoHS especifica los m\u00e1ximos niveles para los seis materiales arriba indicados.<\/p>\n<p><img decoding=\"async\" loading=\"lazy\" class=\"alignleft\" src=\"https:\/\/www.laserpoint.eu\/wp-content\/uploads\/cert-rohs-compliant.png\" alt=\"Certificado RoHS\" width=\"190\" height=\"280\">RoHS impide cada a\u00f1o la eliminaci\u00f3n y potencial liberaci\u00f3n al medio ambiente de muchas toneladas de sustancias prohibidas con un aumento sustancial de la protecci\u00f3n de la salud humana. Al mismo tiempo, al aumentar la consciencia de los fabricantes de la composici\u00f3n y toxicidad del producto, ha tra\u00eddo consigo importantes cambios en el dise\u00f1o de productos el\u00e9ctricos y electr\u00f3nicos. <\/p>\n<p>WEEE (Waste from Electrical and Electronic Equipment ) es el acr\u00f3nimo de Waste from Electrical and Electronic Equipment (Desechos de equipos el\u00e9ctricos y electr\u00f3nicos, Directiva 2002\/96\/EC del Parlamento Europeo).<br \/>\nWEEE establece las directivas para el tratamiento, recuperaci\u00f3n y reciclado de equipos el\u00e9ctricos y electr\u00f3nicos, y busca promover el dise\u00f1o de productos electr\u00f3nicos teniendo presentes procesos de reciclado y recuperaci\u00f3n sanos para el medio ambiente.<br \/>\nTodos los productos del mercado de la UE objeto de la directiva deben superar la conformidad WEEE y llevar la pegatina del \u00abContenedor de basura con ruedas\u00bb.<br \/>\nRoHS regula las sustancias peligrosas usadas en el equipamiento el\u00e9ctrico y electr\u00f3nico, mientras WEEE regula la eliminaci\u00f3n de dichos equipos.[\/vc_column_text][\/vc_column][\/vc_row]<\/p>\n<\/section>","protected":false},"excerpt":{"rendered":"<p>[vc_row][vc_column][vc_column_text]LaserPoint da la m\u00e1xima importancia al cuidado del medio ambiente, y como Fabricante Europeo cumple con las directivas correspondientes desde que fueron publicadas por la Uni\u00f3n Europea. Todos los productos LaserPoint son conformes a la directiva RoHS. La directiva RoHS (Restricci\u00f3n de Sustancias Peligrosas) surgi\u00f3 en la Uni\u00f3n Europea para restringir el uso de cuatro&hellip;<\/p>\n","protected":false},"author":1,"featured_media":0,"parent":0,"menu_order":0,"comment_status":"closed","ping_status":"closed","template":"","meta":{"footnotes":""},"acf":[],"yoast_head":"<!-- This site is optimized with the Yoast SEO plugin v21.3 - https:\/\/yoast.com\/wordpress\/plugins\/seo\/ -->\n<title>LaserPoint y el medioambiente: RoHS y WEEE - Laserpoint<\/title>\n<meta name=\"robots\" content=\"noindex, follow, max-snippet:-1, max-image-preview:large, max-video-preview:-1\" \/>\n<meta property=\"og:locale\" content=\"es_ES\" \/>\n<meta property=\"og:type\" content=\"article\" \/>\n<meta property=\"og:title\" content=\"LaserPoint y el medioambiente: RoHS y WEEE - Laserpoint\" \/>\n<meta property=\"og:description\" content=\"[vc_row][vc_column][vc_column_text]LaserPoint da la m\u00e1xima importancia al cuidado del medio ambiente, y como Fabricante Europeo cumple con las directivas correspondientes desde que fueron publicadas por la Uni\u00f3n Europea. Todos los productos LaserPoint son conformes a la directiva RoHS. La directiva RoHS (Restricci\u00f3n de Sustancias Peligrosas) surgi\u00f3 en la Uni\u00f3n Europea para restringir el uso de cuatro&hellip;\" \/>\n<meta property=\"og:url\" content=\"https:\/\/new.laserpoint.eu\/es\/laserpoint-y-el-medioambiente-rohs-y-weee\/\" \/>\n<meta property=\"og:site_name\" content=\"Laserpoint\" \/>\n<meta property=\"article:modified_time\" content=\"2021-11-08T14:40:04+00:00\" \/>\n<meta property=\"og:image\" content=\"https:\/\/www.laserpoint.eu\/wp-content\/uploads\/cert-rohs-compliant.png\" \/>\n<meta name=\"twitter:card\" content=\"summary_large_image\" \/>\n<meta name=\"twitter:label1\" content=\"Tiempo de lectura\" \/>\n\t<meta name=\"twitter:data1\" content=\"1 minuto\" \/>\n<script type=\"application\/ld+json\" class=\"yoast-schema-graph\">{\"@context\":\"https:\/\/schema.org\",\"@graph\":[{\"@type\":\"WebPage\",\"@id\":\"https:\/\/new.laserpoint.eu\/es\/laserpoint-y-el-medioambiente-rohs-y-weee\/\",\"url\":\"https:\/\/new.laserpoint.eu\/es\/laserpoint-y-el-medioambiente-rohs-y-weee\/\",\"name\":\"LaserPoint y el medioambiente: RoHS y WEEE - Laserpoint\",\"isPartOf\":{\"@id\":\"https:\/\/new.laserpoint.eu\/es\/#website\"},\"datePublished\":\"2021-11-08T14:40:03+00:00\",\"dateModified\":\"2021-11-08T14:40:04+00:00\",\"breadcrumb\":{\"@id\":\"https:\/\/new.laserpoint.eu\/es\/laserpoint-y-el-medioambiente-rohs-y-weee\/#breadcrumb\"},\"inLanguage\":\"es\",\"potentialAction\":[{\"@type\":\"ReadAction\",\"target\":[\"https:\/\/new.laserpoint.eu\/es\/laserpoint-y-el-medioambiente-rohs-y-weee\/\"]}]},{\"@type\":\"BreadcrumbList\",\"@id\":\"https:\/\/new.laserpoint.eu\/es\/laserpoint-y-el-medioambiente-rohs-y-weee\/#breadcrumb\",\"itemListElement\":[{\"@type\":\"ListItem\",\"position\":1,\"name\":\"Home\",\"item\":\"https:\/\/new.laserpoint.eu\/es\/\"},{\"@type\":\"ListItem\",\"position\":2,\"name\":\"LaserPoint y el medioambiente: RoHS y WEEE\"}]},{\"@type\":\"WebSite\",\"@id\":\"https:\/\/new.laserpoint.eu\/es\/#website\",\"url\":\"https:\/\/new.laserpoint.eu\/es\/\",\"name\":\"Laserpoint\",\"description\":\"Development and manufacturing of laser measurement instruments\",\"publisher\":{\"@id\":\"https:\/\/new.laserpoint.eu\/es\/#organization\"},\"potentialAction\":[{\"@type\":\"SearchAction\",\"target\":{\"@type\":\"EntryPoint\",\"urlTemplate\":\"https:\/\/new.laserpoint.eu\/es\/?s={search_term_string}\"},\"query-input\":\"required name=search_term_string\"}],\"inLanguage\":\"es\"},{\"@type\":\"Organization\",\"@id\":\"https:\/\/new.laserpoint.eu\/es\/#organization\",\"name\":\"Laserpoint\",\"url\":\"https:\/\/new.laserpoint.eu\/es\/\",\"logo\":{\"@type\":\"ImageObject\",\"inLanguage\":\"es\",\"@id\":\"https:\/\/new.laserpoint.eu\/es\/#\/schema\/logo\/image\/\",\"url\":\"https:\/\/www.laserpoint.eu\/wp-content\/uploads\/laserpoint-logo.png\",\"contentUrl\":\"https:\/\/www.laserpoint.eu\/wp-content\/uploads\/laserpoint-logo.png\",\"width\":520,\"height\":84,\"caption\":\"Laserpoint\"},\"image\":{\"@id\":\"https:\/\/new.laserpoint.eu\/es\/#\/schema\/logo\/image\/\"}}]}<\/script>\n<!-- \/ Yoast SEO plugin. -->","yoast_head_json":{"title":"LaserPoint y el medioambiente: RoHS y WEEE - Laserpoint","robots":{"index":"noindex","follow":"follow","max-snippet":"max-snippet:-1","max-image-preview":"max-image-preview:large","max-video-preview":"max-video-preview:-1"},"og_locale":"es_ES","og_type":"article","og_title":"LaserPoint y el medioambiente: RoHS y WEEE - Laserpoint","og_description":"[vc_row][vc_column][vc_column_text]LaserPoint da la m\u00e1xima importancia al cuidado del medio ambiente, y como Fabricante Europeo cumple con las directivas correspondientes desde que fueron publicadas por la Uni\u00f3n Europea. Todos los productos LaserPoint son conformes a la directiva RoHS. La directiva RoHS (Restricci\u00f3n de Sustancias Peligrosas) surgi\u00f3 en la Uni\u00f3n Europea para restringir el uso de cuatro&hellip;","og_url":"https:\/\/new.laserpoint.eu\/es\/laserpoint-y-el-medioambiente-rohs-y-weee\/","og_site_name":"Laserpoint","article_modified_time":"2021-11-08T14:40:04+00:00","og_image":[{"url":"https:\/\/www.laserpoint.eu\/wp-content\/uploads\/cert-rohs-compliant.png"}],"twitter_card":"summary_large_image","twitter_misc":{"Tiempo de lectura":"1 minuto"},"schema":{"@context":"https:\/\/schema.org","@graph":[{"@type":"WebPage","@id":"https:\/\/new.laserpoint.eu\/es\/laserpoint-y-el-medioambiente-rohs-y-weee\/","url":"https:\/\/new.laserpoint.eu\/es\/laserpoint-y-el-medioambiente-rohs-y-weee\/","name":"LaserPoint y el medioambiente: RoHS y WEEE - Laserpoint","isPartOf":{"@id":"https:\/\/new.laserpoint.eu\/es\/#website"},"datePublished":"2021-11-08T14:40:03+00:00","dateModified":"2021-11-08T14:40:04+00:00","breadcrumb":{"@id":"https:\/\/new.laserpoint.eu\/es\/laserpoint-y-el-medioambiente-rohs-y-weee\/#breadcrumb"},"inLanguage":"es","potentialAction":[{"@type":"ReadAction","target":["https:\/\/new.laserpoint.eu\/es\/laserpoint-y-el-medioambiente-rohs-y-weee\/"]}]},{"@type":"BreadcrumbList","@id":"https:\/\/new.laserpoint.eu\/es\/laserpoint-y-el-medioambiente-rohs-y-weee\/#breadcrumb","itemListElement":[{"@type":"ListItem","position":1,"name":"Home","item":"https:\/\/new.laserpoint.eu\/es\/"},{"@type":"ListItem","position":2,"name":"LaserPoint y el medioambiente: RoHS y WEEE"}]},{"@type":"WebSite","@id":"https:\/\/new.laserpoint.eu\/es\/#website","url":"https:\/\/new.laserpoint.eu\/es\/","name":"Laserpoint","description":"Development and manufacturing of laser measurement instruments","publisher":{"@id":"https:\/\/new.laserpoint.eu\/es\/#organization"},"potentialAction":[{"@type":"SearchAction","target":{"@type":"EntryPoint","urlTemplate":"https:\/\/new.laserpoint.eu\/es\/?s={search_term_string}"},"query-input":"required name=search_term_string"}],"inLanguage":"es"},{"@type":"Organization","@id":"https:\/\/new.laserpoint.eu\/es\/#organization","name":"Laserpoint","url":"https:\/\/new.laserpoint.eu\/es\/","logo":{"@type":"ImageObject","inLanguage":"es","@id":"https:\/\/new.laserpoint.eu\/es\/#\/schema\/logo\/image\/","url":"https:\/\/www.laserpoint.eu\/wp-content\/uploads\/laserpoint-logo.png","contentUrl":"https:\/\/www.laserpoint.eu\/wp-content\/uploads\/laserpoint-logo.png","width":520,"height":84,"caption":"Laserpoint"},"image":{"@id":"https:\/\/new.laserpoint.eu\/es\/#\/schema\/logo\/image\/"}}]}},"_links":{"self":[{"href":"https:\/\/new.laserpoint.eu\/es\/wp-json\/wp\/v2\/pages\/50600"}],"collection":[{"href":"https:\/\/new.laserpoint.eu\/es\/wp-json\/wp\/v2\/pages"}],"about":[{"href":"https:\/\/new.laserpoint.eu\/es\/wp-json\/wp\/v2\/types\/page"}],"author":[{"embeddable":true,"href":"https:\/\/new.laserpoint.eu\/es\/wp-json\/wp\/v2\/users\/1"}],"replies":[{"embeddable":true,"href":"https:\/\/new.laserpoint.eu\/es\/wp-json\/wp\/v2\/comments?post=50600"}],"version-history":[{"count":2,"href":"https:\/\/new.laserpoint.eu\/es\/wp-json\/wp\/v2\/pages\/50600\/revisions"}],"predecessor-version":[{"id":50602,"href":"https:\/\/new.laserpoint.eu\/es\/wp-json\/wp\/v2\/pages\/50600\/revisions\/50602"}],"wp:attachment":[{"href":"https:\/\/new.laserpoint.eu\/es\/wp-json\/wp\/v2\/media?parent=50600"}],"curies":[{"name":"wp","href":"https:\/\/api.w.org\/{rel}","templated":true}]}}