{"id":16956,"date":"2020-12-09T16:51:22","date_gmt":"2020-12-09T15:51:22","guid":{"rendered":"https:\/\/www.laserpoint.eu\/poste-y-soporte-de-servicio\/"},"modified":"2020-12-09T16:51:40","modified_gmt":"2020-12-09T15:51:40","slug":"poste-y-soporte-de-servicio","status":"publish","type":"page","link":"https:\/\/new.laserpoint.eu\/es\/poste-y-soporte-de-servicio\/","title":{"rendered":"Poste y soporte de servicio"},"content":{"rendered":"<section class=\"wpb-content-wrapper\"><p>[vc_row][vc_column][vc_column_text]<\/p>\n<h2>Poste y soporte de servicio &#8211; Opciones<\/h2>\n<p>Se han dise\u00f1ado dos tipos de soportes de servicio para su uso con cabezales de medici\u00f3n seg\u00fan el tama\u00f1o del cabezal, para permitir un montaje estable y seguro del cabezal en el soporte.<\/p>\n<p>Con todos los cabezales de medici\u00f3n hasta 600 W se incluye un soporte de servicio ligero, mientras para potencias superiores se usa un soporte para servicio pesado.[\/vc_column_text][vc_empty_space][vc_column_text]<strong>Soporte para servicio ligero<\/strong>[\/vc_column_text][\/vc_column][\/vc_row][vc_row][vc_column][vc_single_image image=\u00bb3200&#8243; img_size=\u00bblarge\u00bb][vc_empty_space][\/vc_column][\/vc_row][vc_row][vc_column][vc_column_text]<strong>Soporte para servicio pesado<\/strong>[\/vc_column_text][vc_single_image image=\u00bb3202&#8243; img_size=\u00bblarge\u00bb][\/vc_column][\/vc_row]<\/p>\n<\/section>","protected":false},"excerpt":{"rendered":"<p>[vc_row][vc_column][vc_column_text] Poste y soporte de servicio &#8211; Opciones Se han dise\u00f1ado dos tipos de soportes de servicio para su uso con cabezales de medici\u00f3n seg\u00fan el tama\u00f1o del cabezal, para permitir un montaje estable y seguro del cabezal en el soporte. Con todos los cabezales de medici\u00f3n hasta 600 W se incluye un soporte de&hellip;<\/p>\n","protected":false},"author":2,"featured_media":0,"parent":0,"menu_order":0,"comment_status":"closed","ping_status":"closed","template":"","meta":{"footnotes":""},"acf":[],"yoast_head":"<!-- This site is optimized with the Yoast SEO plugin v21.3 - https:\/\/yoast.com\/wordpress\/plugins\/seo\/ -->\n<title>Poste y soporte de servicio - Laserpoint<\/title>\n<meta name=\"robots\" content=\"noindex, follow\" \/>\n<meta property=\"og:locale\" content=\"es_ES\" \/>\n<meta property=\"og:type\" content=\"article\" \/>\n<meta property=\"og:title\" content=\"Poste y soporte de servicio - Laserpoint\" \/>\n<meta property=\"og:description\" content=\"[vc_row][vc_column][vc_column_text] Poste y soporte de servicio &#8211; Opciones Se han dise\u00f1ado dos tipos de soportes de servicio para su uso con cabezales de medici\u00f3n seg\u00fan el tama\u00f1o del cabezal, para permitir un montaje estable y seguro del cabezal en el soporte. Con todos los cabezales de medici\u00f3n hasta 600 W se incluye un soporte de&hellip;\" \/>\n<meta property=\"og:url\" content=\"https:\/\/new.laserpoint.eu\/es\/poste-y-soporte-de-servicio\/\" \/>\n<meta property=\"og:site_name\" content=\"Laserpoint\" \/>\n<meta property=\"article:modified_time\" content=\"2020-12-09T15:51:40+00:00\" \/>\n<meta name=\"twitter:card\" content=\"summary_large_image\" \/>\n<meta name=\"twitter:label1\" content=\"Tiempo de lectura\" \/>\n\t<meta name=\"twitter:data1\" content=\"1 minuto\" \/>\n<script type=\"application\/ld+json\" class=\"yoast-schema-graph\">{\"@context\":\"https:\/\/schema.org\",\"@graph\":[{\"@type\":\"WebPage\",\"@id\":\"https:\/\/new.laserpoint.eu\/es\/poste-y-soporte-de-servicio\/\",\"url\":\"https:\/\/new.laserpoint.eu\/es\/poste-y-soporte-de-servicio\/\",\"name\":\"Poste y soporte de servicio - Laserpoint\",\"isPartOf\":{\"@id\":\"https:\/\/new.laserpoint.eu\/es\/#website\"},\"datePublished\":\"2020-12-09T15:51:22+00:00\",\"dateModified\":\"2020-12-09T15:51:40+00:00\",\"breadcrumb\":{\"@id\":\"https:\/\/new.laserpoint.eu\/es\/poste-y-soporte-de-servicio\/#breadcrumb\"},\"inLanguage\":\"es\",\"potentialAction\":[{\"@type\":\"ReadAction\",\"target\":[\"https:\/\/new.laserpoint.eu\/es\/poste-y-soporte-de-servicio\/\"]}]},{\"@type\":\"BreadcrumbList\",\"@id\":\"https:\/\/new.laserpoint.eu\/es\/poste-y-soporte-de-servicio\/#breadcrumb\",\"itemListElement\":[{\"@type\":\"ListItem\",\"position\":1,\"name\":\"Home\",\"item\":\"https:\/\/new.laserpoint.eu\/es\/\"},{\"@type\":\"ListItem\",\"position\":2,\"name\":\"Poste y soporte de servicio\"}]},{\"@type\":\"WebSite\",\"@id\":\"https:\/\/new.laserpoint.eu\/es\/#website\",\"url\":\"https:\/\/new.laserpoint.eu\/es\/\",\"name\":\"Laserpoint\",\"description\":\"Development and manufacturing of laser measurement instruments\",\"publisher\":{\"@id\":\"https:\/\/new.laserpoint.eu\/es\/#organization\"},\"potentialAction\":[{\"@type\":\"SearchAction\",\"target\":{\"@type\":\"EntryPoint\",\"urlTemplate\":\"https:\/\/new.laserpoint.eu\/es\/?s={search_term_string}\"},\"query-input\":\"required name=search_term_string\"}],\"inLanguage\":\"es\"},{\"@type\":\"Organization\",\"@id\":\"https:\/\/new.laserpoint.eu\/es\/#organization\",\"name\":\"Laserpoint\",\"url\":\"https:\/\/new.laserpoint.eu\/es\/\",\"logo\":{\"@type\":\"ImageObject\",\"inLanguage\":\"es\",\"@id\":\"https:\/\/new.laserpoint.eu\/es\/#\/schema\/logo\/image\/\",\"url\":\"https:\/\/www.laserpoint.eu\/wp-content\/uploads\/laserpoint-logo.png\",\"contentUrl\":\"https:\/\/www.laserpoint.eu\/wp-content\/uploads\/laserpoint-logo.png\",\"width\":520,\"height\":84,\"caption\":\"Laserpoint\"},\"image\":{\"@id\":\"https:\/\/new.laserpoint.eu\/es\/#\/schema\/logo\/image\/\"}}]}<\/script>\n<!-- \/ Yoast SEO plugin. -->","yoast_head_json":{"title":"Poste y soporte de servicio - Laserpoint","robots":{"index":"noindex","follow":"follow"},"og_locale":"es_ES","og_type":"article","og_title":"Poste y soporte de servicio - Laserpoint","og_description":"[vc_row][vc_column][vc_column_text] Poste y soporte de servicio &#8211; Opciones Se han dise\u00f1ado dos tipos de soportes de servicio para su uso con cabezales de medici\u00f3n seg\u00fan el tama\u00f1o del cabezal, para permitir un montaje estable y seguro del cabezal en el soporte. Con todos los cabezales de medici\u00f3n hasta 600 W se incluye un soporte de&hellip;","og_url":"https:\/\/new.laserpoint.eu\/es\/poste-y-soporte-de-servicio\/","og_site_name":"Laserpoint","article_modified_time":"2020-12-09T15:51:40+00:00","twitter_card":"summary_large_image","twitter_misc":{"Tiempo de lectura":"1 minuto"},"schema":{"@context":"https:\/\/schema.org","@graph":[{"@type":"WebPage","@id":"https:\/\/new.laserpoint.eu\/es\/poste-y-soporte-de-servicio\/","url":"https:\/\/new.laserpoint.eu\/es\/poste-y-soporte-de-servicio\/","name":"Poste y soporte de servicio - Laserpoint","isPartOf":{"@id":"https:\/\/new.laserpoint.eu\/es\/#website"},"datePublished":"2020-12-09T15:51:22+00:00","dateModified":"2020-12-09T15:51:40+00:00","breadcrumb":{"@id":"https:\/\/new.laserpoint.eu\/es\/poste-y-soporte-de-servicio\/#breadcrumb"},"inLanguage":"es","potentialAction":[{"@type":"ReadAction","target":["https:\/\/new.laserpoint.eu\/es\/poste-y-soporte-de-servicio\/"]}]},{"@type":"BreadcrumbList","@id":"https:\/\/new.laserpoint.eu\/es\/poste-y-soporte-de-servicio\/#breadcrumb","itemListElement":[{"@type":"ListItem","position":1,"name":"Home","item":"https:\/\/new.laserpoint.eu\/es\/"},{"@type":"ListItem","position":2,"name":"Poste y soporte de servicio"}]},{"@type":"WebSite","@id":"https:\/\/new.laserpoint.eu\/es\/#website","url":"https:\/\/new.laserpoint.eu\/es\/","name":"Laserpoint","description":"Development and manufacturing of laser measurement instruments","publisher":{"@id":"https:\/\/new.laserpoint.eu\/es\/#organization"},"potentialAction":[{"@type":"SearchAction","target":{"@type":"EntryPoint","urlTemplate":"https:\/\/new.laserpoint.eu\/es\/?s={search_term_string}"},"query-input":"required name=search_term_string"}],"inLanguage":"es"},{"@type":"Organization","@id":"https:\/\/new.laserpoint.eu\/es\/#organization","name":"Laserpoint","url":"https:\/\/new.laserpoint.eu\/es\/","logo":{"@type":"ImageObject","inLanguage":"es","@id":"https:\/\/new.laserpoint.eu\/es\/#\/schema\/logo\/image\/","url":"https:\/\/www.laserpoint.eu\/wp-content\/uploads\/laserpoint-logo.png","contentUrl":"https:\/\/www.laserpoint.eu\/wp-content\/uploads\/laserpoint-logo.png","width":520,"height":84,"caption":"Laserpoint"},"image":{"@id":"https:\/\/new.laserpoint.eu\/es\/#\/schema\/logo\/image\/"}}]}},"_links":{"self":[{"href":"https:\/\/new.laserpoint.eu\/es\/wp-json\/wp\/v2\/pages\/16956"}],"collection":[{"href":"https:\/\/new.laserpoint.eu\/es\/wp-json\/wp\/v2\/pages"}],"about":[{"href":"https:\/\/new.laserpoint.eu\/es\/wp-json\/wp\/v2\/types\/page"}],"author":[{"embeddable":true,"href":"https:\/\/new.laserpoint.eu\/es\/wp-json\/wp\/v2\/users\/2"}],"replies":[{"embeddable":true,"href":"https:\/\/new.laserpoint.eu\/es\/wp-json\/wp\/v2\/comments?post=16956"}],"version-history":[{"count":7,"href":"https:\/\/new.laserpoint.eu\/es\/wp-json\/wp\/v2\/pages\/16956\/revisions"}],"predecessor-version":[{"id":16970,"href":"https:\/\/new.laserpoint.eu\/es\/wp-json\/wp\/v2\/pages\/16956\/revisions\/16970"}],"wp:attachment":[{"href":"https:\/\/new.laserpoint.eu\/es\/wp-json\/wp\/v2\/media?parent=16956"}],"curies":[{"name":"wp","href":"https:\/\/api.w.org\/{rel}","templated":true}]}}