{"id":16880,"date":"2020-12-09T16:03:01","date_gmt":"2020-12-09T15:03:01","guid":{"rendered":"https:\/\/www.laserpoint.eu\/absorbentes-de-superficie\/"},"modified":"2020-12-09T16:04:57","modified_gmt":"2020-12-09T15:04:57","slug":"absorbentes-de-superficie","status":"publish","type":"page","link":"https:\/\/new.laserpoint.eu\/es\/tecnologias\/termopilas\/absorbentes-de-superficie\/","title":{"rendered":"Absorbentes de superficie"},"content":{"rendered":"<section class=\"wpb-content-wrapper\"><p>[vc_row][vc_column][vc_column_text]<\/p>\n<h2>Absorbentes de superficie<\/h2>\n<p>Los absorbentes de superficie est\u00e1n formados por finas capas de materiales; en general est\u00e1n hechos de esteras especiales de materiales refractarios depositados en sustratos, que pueden transferir f\u00e1cilmente el calor como metales de alta conductividad. Se utilizan para los l\u00e1seres CW u otras fuentes que emiten pulsos largos (con duraci\u00f3n <x id=\"gid_0\"><\/x>300 \u03bcseg). La radiaci\u00f3n se absorbe pr\u00e1cticamente por entero en esa fina capa y se libera seguidamente como calor que fluye a trav\u00e9s de la termopila.[\/vc_column_text][vc_single_image image=\u00bb775&#8243; img_size=\u00bblarge\u00bb alignment=\u00bbcenter\u00bb css=\u00bb.vc_custom_1591773782550{padding-top: 20px !important;}\u00bb][\/vc_column][\/vc_row][vc_row][vc_column][vc_custom_heading text=\u00bbCurvas de absorci\u00f3n y umbral de da\u00f1o para cabezales t\u00e9rmicos y sensores de posici\u00f3n de haz\u00bb use_theme_fonts=\u00bbyes\u00bb][vc_single_image image=\u00bb598&#8243; img_size=\u00bblarge\u00bb alignment=\u00bbcenter\u00bb][vc_single_image image=\u00bb609&#8243; img_size=\u00bblarge\u00bb alignment=\u00bbcenter\u00bb][\/vc_column][\/vc_row]<\/p>\n<\/section>","protected":false},"excerpt":{"rendered":"<p>[vc_row][vc_column][vc_column_text] Absorbentes de superficie Los absorbentes de superficie est\u00e1n formados por finas capas de materiales; en general est\u00e1n hechos de esteras especiales de materiales refractarios depositados en sustratos, que pueden transferir f\u00e1cilmente el calor como metales de alta conductividad. Se utilizan para los l\u00e1seres CW u otras fuentes que emiten pulsos largos (con duraci\u00f3n 300&hellip;<\/p>\n","protected":false},"author":1,"featured_media":0,"parent":16899,"menu_order":0,"comment_status":"closed","ping_status":"closed","template":"","meta":{"footnotes":""},"acf":[],"yoast_head":"<!-- This site is optimized with the Yoast SEO plugin v21.3 - https:\/\/yoast.com\/wordpress\/plugins\/seo\/ -->\n<title>Absorbentes de superficie - Laserpoint<\/title>\n<meta name=\"robots\" content=\"noindex, follow, max-snippet:-1, max-image-preview:large, max-video-preview:-1\" \/>\n<meta property=\"og:locale\" content=\"es_ES\" \/>\n<meta property=\"og:type\" content=\"article\" \/>\n<meta property=\"og:title\" content=\"Absorbentes de superficie - Laserpoint\" \/>\n<meta property=\"og:description\" content=\"[vc_row][vc_column][vc_column_text] Absorbentes de superficie Los absorbentes de superficie est\u00e1n formados por finas capas de materiales; en general est\u00e1n hechos de esteras especiales de materiales refractarios depositados en sustratos, que pueden transferir f\u00e1cilmente el calor como metales de alta conductividad. Se utilizan para los l\u00e1seres CW u otras fuentes que emiten pulsos largos (con duraci\u00f3n 300&hellip;\" \/>\n<meta property=\"og:url\" content=\"https:\/\/new.laserpoint.eu\/es\/tecnologias\/termopilas\/absorbentes-de-superficie\/\" \/>\n<meta property=\"og:site_name\" content=\"Laserpoint\" \/>\n<meta property=\"article:modified_time\" content=\"2020-12-09T15:04:57+00:00\" \/>\n<meta name=\"twitter:card\" content=\"summary_large_image\" \/>\n<meta name=\"twitter:label1\" content=\"Tiempo de lectura\" \/>\n\t<meta name=\"twitter:data1\" content=\"1 minuto\" \/>\n<script type=\"application\/ld+json\" class=\"yoast-schema-graph\">{\"@context\":\"https:\/\/schema.org\",\"@graph\":[{\"@type\":\"WebPage\",\"@id\":\"https:\/\/new.laserpoint.eu\/es\/tecnologias\/termopilas\/absorbentes-de-superficie\/\",\"url\":\"https:\/\/new.laserpoint.eu\/es\/tecnologias\/termopilas\/absorbentes-de-superficie\/\",\"name\":\"Absorbentes de superficie - Laserpoint\",\"isPartOf\":{\"@id\":\"https:\/\/new.laserpoint.eu\/es\/#website\"},\"datePublished\":\"2020-12-09T15:03:01+00:00\",\"dateModified\":\"2020-12-09T15:04:57+00:00\",\"breadcrumb\":{\"@id\":\"https:\/\/new.laserpoint.eu\/es\/tecnologias\/termopilas\/absorbentes-de-superficie\/#breadcrumb\"},\"inLanguage\":\"es\",\"potentialAction\":[{\"@type\":\"ReadAction\",\"target\":[\"https:\/\/new.laserpoint.eu\/es\/tecnologias\/termopilas\/absorbentes-de-superficie\/\"]}]},{\"@type\":\"BreadcrumbList\",\"@id\":\"https:\/\/new.laserpoint.eu\/es\/tecnologias\/termopilas\/absorbentes-de-superficie\/#breadcrumb\",\"itemListElement\":[{\"@type\":\"ListItem\",\"position\":1,\"name\":\"Home\",\"item\":\"https:\/\/new.laserpoint.eu\/es\/\"},{\"@type\":\"ListItem\",\"position\":2,\"name\":\"Tecnologias\",\"item\":\"https:\/\/new.laserpoint.eu\/es\/technologies\/\"},{\"@type\":\"ListItem\",\"position\":3,\"name\":\"Termopilas\",\"item\":\"https:\/\/new.laserpoint.eu\/es\/technologies\/thermopiles\/\"},{\"@type\":\"ListItem\",\"position\":4,\"name\":\"Absorbentes de superficie\"}]},{\"@type\":\"WebSite\",\"@id\":\"https:\/\/new.laserpoint.eu\/es\/#website\",\"url\":\"https:\/\/new.laserpoint.eu\/es\/\",\"name\":\"Laserpoint\",\"description\":\"Development and manufacturing of laser measurement instruments\",\"publisher\":{\"@id\":\"https:\/\/new.laserpoint.eu\/es\/#organization\"},\"potentialAction\":[{\"@type\":\"SearchAction\",\"target\":{\"@type\":\"EntryPoint\",\"urlTemplate\":\"https:\/\/new.laserpoint.eu\/es\/?s={search_term_string}\"},\"query-input\":\"required name=search_term_string\"}],\"inLanguage\":\"es\"},{\"@type\":\"Organization\",\"@id\":\"https:\/\/new.laserpoint.eu\/es\/#organization\",\"name\":\"Laserpoint\",\"url\":\"https:\/\/new.laserpoint.eu\/es\/\",\"logo\":{\"@type\":\"ImageObject\",\"inLanguage\":\"es\",\"@id\":\"https:\/\/new.laserpoint.eu\/es\/#\/schema\/logo\/image\/\",\"url\":\"https:\/\/www.laserpoint.eu\/wp-content\/uploads\/laserpoint-logo.png\",\"contentUrl\":\"https:\/\/www.laserpoint.eu\/wp-content\/uploads\/laserpoint-logo.png\",\"width\":520,\"height\":84,\"caption\":\"Laserpoint\"},\"image\":{\"@id\":\"https:\/\/new.laserpoint.eu\/es\/#\/schema\/logo\/image\/\"}}]}<\/script>\n<!-- \/ Yoast SEO plugin. -->","yoast_head_json":{"title":"Absorbentes de superficie - Laserpoint","robots":{"index":"noindex","follow":"follow","max-snippet":"max-snippet:-1","max-image-preview":"max-image-preview:large","max-video-preview":"max-video-preview:-1"},"og_locale":"es_ES","og_type":"article","og_title":"Absorbentes de superficie - Laserpoint","og_description":"[vc_row][vc_column][vc_column_text] Absorbentes de superficie Los absorbentes de superficie est\u00e1n formados por finas capas de materiales; en general est\u00e1n hechos de esteras especiales de materiales refractarios depositados en sustratos, que pueden transferir f\u00e1cilmente el calor como metales de alta conductividad. Se utilizan para los l\u00e1seres CW u otras fuentes que emiten pulsos largos (con duraci\u00f3n 300&hellip;","og_url":"https:\/\/new.laserpoint.eu\/es\/tecnologias\/termopilas\/absorbentes-de-superficie\/","og_site_name":"Laserpoint","article_modified_time":"2020-12-09T15:04:57+00:00","twitter_card":"summary_large_image","twitter_misc":{"Tiempo de lectura":"1 minuto"},"schema":{"@context":"https:\/\/schema.org","@graph":[{"@type":"WebPage","@id":"https:\/\/new.laserpoint.eu\/es\/tecnologias\/termopilas\/absorbentes-de-superficie\/","url":"https:\/\/new.laserpoint.eu\/es\/tecnologias\/termopilas\/absorbentes-de-superficie\/","name":"Absorbentes de superficie - Laserpoint","isPartOf":{"@id":"https:\/\/new.laserpoint.eu\/es\/#website"},"datePublished":"2020-12-09T15:03:01+00:00","dateModified":"2020-12-09T15:04:57+00:00","breadcrumb":{"@id":"https:\/\/new.laserpoint.eu\/es\/tecnologias\/termopilas\/absorbentes-de-superficie\/#breadcrumb"},"inLanguage":"es","potentialAction":[{"@type":"ReadAction","target":["https:\/\/new.laserpoint.eu\/es\/tecnologias\/termopilas\/absorbentes-de-superficie\/"]}]},{"@type":"BreadcrumbList","@id":"https:\/\/new.laserpoint.eu\/es\/tecnologias\/termopilas\/absorbentes-de-superficie\/#breadcrumb","itemListElement":[{"@type":"ListItem","position":1,"name":"Home","item":"https:\/\/new.laserpoint.eu\/es\/"},{"@type":"ListItem","position":2,"name":"Tecnologias","item":"https:\/\/new.laserpoint.eu\/es\/technologies\/"},{"@type":"ListItem","position":3,"name":"Termopilas","item":"https:\/\/new.laserpoint.eu\/es\/technologies\/thermopiles\/"},{"@type":"ListItem","position":4,"name":"Absorbentes de superficie"}]},{"@type":"WebSite","@id":"https:\/\/new.laserpoint.eu\/es\/#website","url":"https:\/\/new.laserpoint.eu\/es\/","name":"Laserpoint","description":"Development and manufacturing of laser measurement instruments","publisher":{"@id":"https:\/\/new.laserpoint.eu\/es\/#organization"},"potentialAction":[{"@type":"SearchAction","target":{"@type":"EntryPoint","urlTemplate":"https:\/\/new.laserpoint.eu\/es\/?s={search_term_string}"},"query-input":"required name=search_term_string"}],"inLanguage":"es"},{"@type":"Organization","@id":"https:\/\/new.laserpoint.eu\/es\/#organization","name":"Laserpoint","url":"https:\/\/new.laserpoint.eu\/es\/","logo":{"@type":"ImageObject","inLanguage":"es","@id":"https:\/\/new.laserpoint.eu\/es\/#\/schema\/logo\/image\/","url":"https:\/\/www.laserpoint.eu\/wp-content\/uploads\/laserpoint-logo.png","contentUrl":"https:\/\/www.laserpoint.eu\/wp-content\/uploads\/laserpoint-logo.png","width":520,"height":84,"caption":"Laserpoint"},"image":{"@id":"https:\/\/new.laserpoint.eu\/es\/#\/schema\/logo\/image\/"}}]}},"_links":{"self":[{"href":"https:\/\/new.laserpoint.eu\/es\/wp-json\/wp\/v2\/pages\/16880"}],"collection":[{"href":"https:\/\/new.laserpoint.eu\/es\/wp-json\/wp\/v2\/pages"}],"about":[{"href":"https:\/\/new.laserpoint.eu\/es\/wp-json\/wp\/v2\/types\/page"}],"author":[{"embeddable":true,"href":"https:\/\/new.laserpoint.eu\/es\/wp-json\/wp\/v2\/users\/1"}],"replies":[{"embeddable":true,"href":"https:\/\/new.laserpoint.eu\/es\/wp-json\/wp\/v2\/comments?post=16880"}],"version-history":[{"count":7,"href":"https:\/\/new.laserpoint.eu\/es\/wp-json\/wp\/v2\/pages\/16880\/revisions"}],"predecessor-version":[{"id":16897,"href":"https:\/\/new.laserpoint.eu\/es\/wp-json\/wp\/v2\/pages\/16880\/revisions\/16897"}],"up":[{"embeddable":true,"href":"https:\/\/new.laserpoint.eu\/es\/wp-json\/wp\/v2\/pages\/16899"}],"wp:attachment":[{"href":"https:\/\/new.laserpoint.eu\/es\/wp-json\/wp\/v2\/media?parent=16880"}],"curies":[{"name":"wp","href":"https:\/\/api.w.org\/{rel}","templated":true}]}}