{"id":16844,"date":"2020-12-09T15:40:53","date_gmt":"2020-12-09T14:40:53","guid":{"rendered":"https:\/\/www.laserpoint.eu\/termopilas-de-alta-velocidad\/"},"modified":"2021-01-07T17:06:14","modified_gmt":"2021-01-07T16:06:14","slug":"termopilas-de-alta-velocidad","status":"publish","type":"page","link":"https:\/\/new.laserpoint.eu\/es\/tecnologias\/termopilas-de-alta-velocidad\/","title":{"rendered":"Termopilas de alta velocidad"},"content":{"rendered":"<section class=\"wpb-content-wrapper\"><p>[vc_row][vc_column width=\u00bb1\/2&#8243;][vc_column_text]<strong>Termopilas de alta velocidad para la serie de sensores Blink<\/strong><\/p>\n<p>Los sensores t\u00e9rmicos de alta velocidad basados en estas nuevas tecnolog\u00edas patentadas desarrolladas por Laser Point, pueden medir la energ\u00eda de pulsos l\u00e1ser aislados con frecuencias de repetici\u00f3n que pueden llegar a los MHz, a\u00f1adiendo la posibilidad de medir tambi\u00e9n la potencia de salida de los l\u00e1seres cw.<\/p>\n<p>Adem\u00e1s, la naturaleza t\u00e9rmica del sensor habilita la capacidad de trabajar en un espectro de banda ancha, de UV a THz as\u00ed como la posibilidad de trabajar en un amplio rango (10<g id=\"gid_0\">-3<\/g>-10<g id=\"gid_1\">2<\/g> W\/cm<g id=\"gid_2\">2<\/g>) de densidades medias de potencia \u00f3ptica incidente de la radiaci\u00f3n l\u00e1ser, sin necesidad de adoptar filtros \u00f3pticos ni otras precauciones.<\/p>\n<p>Los dispositivos termoel\u00e9ctricos se subdividen en dos grupos distintos: los dispositivos que usan el efecto termoel\u00e9ctrico longitudinal est\u00e1ndar inducidos en la juntura de distintos tipos de materiales y los dispositivos basados en el efecto de Voltaje Transversal Inducido por L\u00e1ser (LITV).[\/vc_column_text][\/vc_column][vc_column width=\u00bb1\/2&#8243;][vc_column_text css=\u00bb.vc_custom_1589207048618{padding-top: 50px !important;padding-bottom: 50px !important;}\u00bb]<\/p>\n<div style=\"width: 1200px;\" class=\"wp-video\"><!--[if lt IE 9]><script>document.createElement('video');<\/script><![endif]-->\n<video class=\"wp-video-shortcode\" id=\"video-16844-1\" width=\"1200\" height=\"675\" preload=\"metadata\" controls=\"controls\"><source type=\"video\/mp4\" src=\"https:\/\/www.laserpoint.eu\/wp-content\/uploads\/video_1_mod_09_definitivo-Fiera-Shanghai-2018-Rev1.mp4?_=1\" \/><a href=\"https:\/\/www.laserpoint.eu\/wp-content\/uploads\/video_1_mod_09_definitivo-Fiera-Shanghai-2018-Rev1.mp4\">https:\/\/www.laserpoint.eu\/wp-content\/uploads\/video_1_mod_09_definitivo-Fiera-Shanghai-2018-Rev1.mp4<\/a><\/video><\/div>\n<p>[\/vc_column_text][\/vc_column][\/vc_row][vc_row][vc_column][vc_column_text]Los sensores basados en el efecto termoel\u00e9ctrico longitudinal est\u00e1ndar normalmente se dise\u00f1an utilizando varios termopares el\u00e9ctricamente interconectados, que pueden medir un flujo de calor en sentido axial a trav\u00e9s de un sustrato adecuado. Este tipo de sensores, que usan el efecto termoel\u00e9ctrico est\u00e1ndar, son una evoluci\u00f3n del dise\u00f1o radial com\u00fan de las termopilas. Trabajando conforme a un principio t\u00e9rmico, la regi\u00f3n de absorci\u00f3n espectral de este tipo de sensores sigue siendo de banda ancha. Sin embargo, el dise\u00f1o t\u00e9rmico de este tipo de sensores solo permite tiempos de respuesta relativamente lentos (actualmente superiores a 100 ms). Adem\u00e1s, el dise\u00f1o de varios termopares axiales a menudo implica una escasa cobertura del \u00e1rea activa del sensor.    <\/p>\n<p>Los sensores que usan el efecto de Voltaje Transversal Inducido por L\u00e1ser (LITV) tambi\u00e9n transducen un gradiente t\u00e9rmico en una se\u00f1al el\u00e9ctrica. Unas finas pel\u00edculas de materiales adecuados depositados pueden mostrar una respuesta termoel\u00e9ctrica transversal a la irradiaci\u00f3n l\u00e1ser. Es decir, si hay un gradiente t\u00e9rmico siguiendo la direcci\u00f3n normal a la superficie de la pel\u00edcula, se genera una respuesta termoel\u00e9ctrica, longitudinal al plano de la superficie de la pel\u00edcula. La adopci\u00f3n del efecto LITV tiene la ventaja intr\u00ednseca de mostrar una buen eficiencia de conversi\u00f3n de una se\u00f1al t\u00e9rmica en un voltaje el\u00e9ctrico, mientras muestra tiempos de respuesta en una escala temporal de nanosegundos. Otra ventaja de los dispositivos basados en LITV sobre los dispositivos termoel\u00e9ctricos est\u00e1ndar es la cobertura uniforme del \u00e1rea activa, con respecto a un dise\u00f1o basado en termopares en disposici\u00f3n axial.    <\/p>\n<p>La ventaja de los sensores que usan el efecto LITV sobre los sensores piroel\u00e9ctricos y fotodiodos para la medici\u00f3n de la radiaci\u00f3n l\u00e1ser est\u00e1 en la combinaci\u00f3n de un tiempo general de respuesta r\u00e1pido, absorci\u00f3n espectral de banda ancha, alto umbral de saturaci\u00f3n para una irradiaci\u00f3n l\u00e1ser directa y la posibilidad de medir fuentes pulsadas as\u00ed como fuentes l\u00e1ser cw.[\/vc_column_text][vc_empty_space][\/vc_column][\/vc_row][vc_row][vc_column width=\u00bb1\/2&#8243;][vc_column_text]<strong>Linealidad de la respuesta frente a la potencia<\/strong><\/p>\n<p>La respuesta del sensor Blink bajo radiaci\u00f3n l\u00e1ser cw, hasta unos 50 W, se muestra en la siguiente imagen. Los datos muestran la se\u00f1al de salida del detector Blink sin ninguna post-linealizaci\u00f3n. La l\u00ednea trazada indica el ajuste lineal, que cuantifica la linealidad del detector dentro del rango medido con un coeficiente R de 0,9998. Tener una buena linealidad es crucial para la calibraci\u00f3n del detector una vez fabricado.[\/vc_column_text][\/vc_column][vc_column width=\u00bb1\/2&#8243;][vc_single_image image=\u00bb2880&#8243; img_size=\u00bbfull\u00bb alignment=\u00bbcenter\u00bb][\/vc_column][\/vc_row][vc_row][vc_column width=\u00bb1\/2&#8243;][vc_column_text]<strong>Linealidad de la respuesta frente a la energ\u00eda<\/strong><\/p>\n<p>La respuesta del detector a diferentes pulsos de energ\u00eda y la duraci\u00f3n de los pulsos se muestra en la siguiente imagen. En la misma figura, se muestra tambi\u00e9n c\u00f3mo las mediciones de energ\u00eda son independientes de la duraci\u00f3n \u03c4P de pulso, que a su vez son independientes de las mediciones de la densidad de potencia. <\/p>\n<p>La medici\u00f3n de la energ\u00eda de los pulsos incidentes EP es tambi\u00e9n independiente del tama\u00f1o de la zona, y el rango de energ\u00eda de los pulsos detectados va de 10 uJ hasta decenas de mJ.[\/vc_column_text][\/vc_column][vc_column width=\u00bb1\/2&#8243;][vc_single_image image=\u00bb2881&#8243; img_size=\u00bbfull\u00bb alignment=\u00bbcenter\u00bb][\/vc_column][\/vc_row][vc_row][vc_column width=\u00bb1\/2&#8243;][vc_column_text]<strong>Tiempo de respuesta<\/strong><\/p>\n<p>Pueden usarse distintas definiciones para el tiempo de respuesta. Aqu\u00ed usamos la definici\u00f3n del tiempo de respuesta 0-100 % (\u03c4<g id=\"gid_0\">0-100<\/g>), que es el tiempo que el detector necesita pra restaurar la salida de la se\u00f1al al nivel de la l\u00ednea base, despu\u00e9s de que termine el pulso l\u00e1ser incidente. Se eligi\u00f3 esta definici\u00f3n porque f<g id=\"gid_1\">max<\/g> = 1\/\u03c4<g id=\"gid_2\">0-100<\/g> define la frecuencia m\u00e1xima de un tren de pulsos l\u00e1ser que el detector puede medir.  <\/p>\n<p>En la siguiente imagen, se muestra la respuesta r\u00e1pida del detector de un tren de pulsos l\u00e1ser con pulsos de duraci\u00f3n de 4 ns y con una frecuencia de repetici\u00f3n de 1 MHz.[\/vc_column_text][\/vc_column][vc_column width=\u00bb1\/2&#8243;][vc_single_image image=\u00bb2882&#8243; img_size=\u00bbfull\u00bb alignment=\u00bbcenter\u00bb][\/vc_column][\/vc_row][vc_row][vc_column width=\u00bb1\/2&#8243;][vc_column_text]<strong>Respuesta \u00f3ptica y umbral de da\u00f1o<\/strong><\/p>\n<p>La naturaleza t\u00e9rmica del efecto LITV permite al detector trabajar en un rango de longitudes de onda de radiaci\u00f3n incidente de banda ancha, mientras la radiaci\u00f3n electromagn\u00e9tica es absorbida y transformada en calor por el recubrimiento de absorci\u00f3n.<\/p>\n<p>Una importante caracter\u00edstica del recubrimiento es su planitud espectral, que es de gran importancia para una simple calibraci\u00f3n del detector. En la imagen se muestra la reflectancia \u00f3ptica del detector. Dentro de todo el rango de medici\u00f3n, p.ej., de 250 nm a 1100 nm, la curva de reflectancia muestra un comportamiento liso y en general relativamente plano.  <\/p>\n<p>Se encontr\u00f3 que el umbral de da\u00f1o del detector en su configuraci\u00f3n m\u00e1s r\u00e1pida, p.ej. con un ancho de banda de 1 MHz, era mayor de 30 mJ\/cm2\/pulso para pulsos de 200 ns.<\/p>\n<p>[\/vc_column_text][\/vc_column][vc_column width=\u00bb1\/2&#8243;][vc_single_image image=\u00bb2883&#8243; img_size=\u00bbfull\u00bb alignment=\u00bbcenter\u00bb][\/vc_column][\/vc_row][vc_row][vc_column][vc_empty_space][vc_custom_heading text=\u00bbSerie Blink &#8211; Curvas generales de absorci\u00f3n\u00bb use_theme_fonts=\u00bbyes\u00bb][vc_single_image image=\u00bb4188&#8243; img_size=\u00bblarge\u00bb][vc_single_image image=\u00bb4189&#8243; img_size=\u00bblarge\u00bb][\/vc_column][\/vc_row]<\/p>\n<\/section>","protected":false},"excerpt":{"rendered":"<p>[vc_row][vc_column width=\u00bb1\/2&#8243;][vc_column_text]Termopilas de alta velocidad para la serie de sensores Blink Los sensores t\u00e9rmicos de alta velocidad basados en estas nuevas tecnolog\u00edas patentadas desarrolladas por Laser Point, pueden medir la energ\u00eda de pulsos l\u00e1ser aislados con frecuencias de repetici\u00f3n que pueden llegar a los MHz, a\u00f1adiendo la posibilidad de medir tambi\u00e9n la potencia de salida&hellip;<\/p>\n","protected":false},"author":1,"featured_media":0,"parent":18190,"menu_order":0,"comment_status":"closed","ping_status":"closed","template":"","meta":{"footnotes":""},"acf":[],"yoast_head":"<!-- This site is optimized with the Yoast SEO plugin v21.3 - https:\/\/yoast.com\/wordpress\/plugins\/seo\/ -->\n<title>Termopilas de alta velocidad - Laserpoint<\/title>\n<meta name=\"robots\" content=\"noindex, follow, max-snippet:-1, max-image-preview:large, max-video-preview:-1\" \/>\n<meta property=\"og:locale\" content=\"es_ES\" \/>\n<meta property=\"og:type\" content=\"article\" \/>\n<meta property=\"og:title\" content=\"Termopilas de alta velocidad - Laserpoint\" \/>\n<meta property=\"og:description\" content=\"[vc_row][vc_column width=\u00bb1\/2&#8243;][vc_column_text]Termopilas de alta velocidad para la serie de sensores Blink Los sensores t\u00e9rmicos de alta velocidad basados en estas nuevas tecnolog\u00edas patentadas desarrolladas por Laser Point, pueden medir la energ\u00eda de pulsos l\u00e1ser aislados con frecuencias de repetici\u00f3n que pueden llegar a los MHz, a\u00f1adiendo la posibilidad de medir tambi\u00e9n la potencia de salida&hellip;\" \/>\n<meta property=\"og:url\" content=\"https:\/\/new.laserpoint.eu\/es\/tecnologias\/termopilas-de-alta-velocidad\/\" \/>\n<meta property=\"og:site_name\" content=\"Laserpoint\" \/>\n<meta property=\"article:modified_time\" content=\"2021-01-07T16:06:14+00:00\" \/>\n<meta name=\"twitter:card\" content=\"summary_large_image\" \/>\n<meta name=\"twitter:label1\" content=\"Tiempo de lectura\" \/>\n\t<meta name=\"twitter:data1\" content=\"6 minutos\" \/>\n<script type=\"application\/ld+json\" class=\"yoast-schema-graph\">{\"@context\":\"https:\/\/schema.org\",\"@graph\":[{\"@type\":\"WebPage\",\"@id\":\"https:\/\/new.laserpoint.eu\/es\/tecnologias\/termopilas-de-alta-velocidad\/\",\"url\":\"https:\/\/new.laserpoint.eu\/es\/tecnologias\/termopilas-de-alta-velocidad\/\",\"name\":\"Termopilas de alta velocidad - Laserpoint\",\"isPartOf\":{\"@id\":\"https:\/\/new.laserpoint.eu\/es\/#website\"},\"datePublished\":\"2020-12-09T14:40:53+00:00\",\"dateModified\":\"2021-01-07T16:06:14+00:00\",\"breadcrumb\":{\"@id\":\"https:\/\/new.laserpoint.eu\/es\/tecnologias\/termopilas-de-alta-velocidad\/#breadcrumb\"},\"inLanguage\":\"es\",\"potentialAction\":[{\"@type\":\"ReadAction\",\"target\":[\"https:\/\/new.laserpoint.eu\/es\/tecnologias\/termopilas-de-alta-velocidad\/\"]}]},{\"@type\":\"BreadcrumbList\",\"@id\":\"https:\/\/new.laserpoint.eu\/es\/tecnologias\/termopilas-de-alta-velocidad\/#breadcrumb\",\"itemListElement\":[{\"@type\":\"ListItem\",\"position\":1,\"name\":\"Home\",\"item\":\"https:\/\/new.laserpoint.eu\/es\/\"},{\"@type\":\"ListItem\",\"position\":2,\"name\":\"Tecnologias\",\"item\":\"https:\/\/new.laserpoint.eu\/es\/technologies\/\"},{\"@type\":\"ListItem\",\"position\":3,\"name\":\"Termopilas de alta velocidad\"}]},{\"@type\":\"WebSite\",\"@id\":\"https:\/\/new.laserpoint.eu\/es\/#website\",\"url\":\"https:\/\/new.laserpoint.eu\/es\/\",\"name\":\"Laserpoint\",\"description\":\"Development and manufacturing of laser measurement instruments\",\"publisher\":{\"@id\":\"https:\/\/new.laserpoint.eu\/es\/#organization\"},\"potentialAction\":[{\"@type\":\"SearchAction\",\"target\":{\"@type\":\"EntryPoint\",\"urlTemplate\":\"https:\/\/new.laserpoint.eu\/es\/?s={search_term_string}\"},\"query-input\":\"required name=search_term_string\"}],\"inLanguage\":\"es\"},{\"@type\":\"Organization\",\"@id\":\"https:\/\/new.laserpoint.eu\/es\/#organization\",\"name\":\"Laserpoint\",\"url\":\"https:\/\/new.laserpoint.eu\/es\/\",\"logo\":{\"@type\":\"ImageObject\",\"inLanguage\":\"es\",\"@id\":\"https:\/\/new.laserpoint.eu\/es\/#\/schema\/logo\/image\/\",\"url\":\"https:\/\/www.laserpoint.eu\/wp-content\/uploads\/laserpoint-logo.png\",\"contentUrl\":\"https:\/\/www.laserpoint.eu\/wp-content\/uploads\/laserpoint-logo.png\",\"width\":520,\"height\":84,\"caption\":\"Laserpoint\"},\"image\":{\"@id\":\"https:\/\/new.laserpoint.eu\/es\/#\/schema\/logo\/image\/\"}}]}<\/script>\n<!-- \/ Yoast SEO plugin. -->","yoast_head_json":{"title":"Termopilas de alta velocidad - Laserpoint","robots":{"index":"noindex","follow":"follow","max-snippet":"max-snippet:-1","max-image-preview":"max-image-preview:large","max-video-preview":"max-video-preview:-1"},"og_locale":"es_ES","og_type":"article","og_title":"Termopilas de alta velocidad - Laserpoint","og_description":"[vc_row][vc_column width=\u00bb1\/2&#8243;][vc_column_text]Termopilas de alta velocidad para la serie de sensores Blink Los sensores t\u00e9rmicos de alta velocidad basados en estas nuevas tecnolog\u00edas patentadas desarrolladas por Laser Point, pueden medir la energ\u00eda de pulsos l\u00e1ser aislados con frecuencias de repetici\u00f3n que pueden llegar a los MHz, a\u00f1adiendo la posibilidad de medir tambi\u00e9n la potencia de salida&hellip;","og_url":"https:\/\/new.laserpoint.eu\/es\/tecnologias\/termopilas-de-alta-velocidad\/","og_site_name":"Laserpoint","article_modified_time":"2021-01-07T16:06:14+00:00","twitter_card":"summary_large_image","twitter_misc":{"Tiempo de lectura":"6 minutos"},"schema":{"@context":"https:\/\/schema.org","@graph":[{"@type":"WebPage","@id":"https:\/\/new.laserpoint.eu\/es\/tecnologias\/termopilas-de-alta-velocidad\/","url":"https:\/\/new.laserpoint.eu\/es\/tecnologias\/termopilas-de-alta-velocidad\/","name":"Termopilas de alta velocidad - Laserpoint","isPartOf":{"@id":"https:\/\/new.laserpoint.eu\/es\/#website"},"datePublished":"2020-12-09T14:40:53+00:00","dateModified":"2021-01-07T16:06:14+00:00","breadcrumb":{"@id":"https:\/\/new.laserpoint.eu\/es\/tecnologias\/termopilas-de-alta-velocidad\/#breadcrumb"},"inLanguage":"es","potentialAction":[{"@type":"ReadAction","target":["https:\/\/new.laserpoint.eu\/es\/tecnologias\/termopilas-de-alta-velocidad\/"]}]},{"@type":"BreadcrumbList","@id":"https:\/\/new.laserpoint.eu\/es\/tecnologias\/termopilas-de-alta-velocidad\/#breadcrumb","itemListElement":[{"@type":"ListItem","position":1,"name":"Home","item":"https:\/\/new.laserpoint.eu\/es\/"},{"@type":"ListItem","position":2,"name":"Tecnologias","item":"https:\/\/new.laserpoint.eu\/es\/technologies\/"},{"@type":"ListItem","position":3,"name":"Termopilas de alta velocidad"}]},{"@type":"WebSite","@id":"https:\/\/new.laserpoint.eu\/es\/#website","url":"https:\/\/new.laserpoint.eu\/es\/","name":"Laserpoint","description":"Development and manufacturing of laser measurement instruments","publisher":{"@id":"https:\/\/new.laserpoint.eu\/es\/#organization"},"potentialAction":[{"@type":"SearchAction","target":{"@type":"EntryPoint","urlTemplate":"https:\/\/new.laserpoint.eu\/es\/?s={search_term_string}"},"query-input":"required name=search_term_string"}],"inLanguage":"es"},{"@type":"Organization","@id":"https:\/\/new.laserpoint.eu\/es\/#organization","name":"Laserpoint","url":"https:\/\/new.laserpoint.eu\/es\/","logo":{"@type":"ImageObject","inLanguage":"es","@id":"https:\/\/new.laserpoint.eu\/es\/#\/schema\/logo\/image\/","url":"https:\/\/www.laserpoint.eu\/wp-content\/uploads\/laserpoint-logo.png","contentUrl":"https:\/\/www.laserpoint.eu\/wp-content\/uploads\/laserpoint-logo.png","width":520,"height":84,"caption":"Laserpoint"},"image":{"@id":"https:\/\/new.laserpoint.eu\/es\/#\/schema\/logo\/image\/"}}]}},"_links":{"self":[{"href":"https:\/\/new.laserpoint.eu\/es\/wp-json\/wp\/v2\/pages\/16844"}],"collection":[{"href":"https:\/\/new.laserpoint.eu\/es\/wp-json\/wp\/v2\/pages"}],"about":[{"href":"https:\/\/new.laserpoint.eu\/es\/wp-json\/wp\/v2\/types\/page"}],"author":[{"embeddable":true,"href":"https:\/\/new.laserpoint.eu\/es\/wp-json\/wp\/v2\/users\/1"}],"replies":[{"embeddable":true,"href":"https:\/\/new.laserpoint.eu\/es\/wp-json\/wp\/v2\/comments?post=16844"}],"version-history":[{"count":7,"href":"https:\/\/new.laserpoint.eu\/es\/wp-json\/wp\/v2\/pages\/16844\/revisions"}],"predecessor-version":[{"id":18202,"href":"https:\/\/new.laserpoint.eu\/es\/wp-json\/wp\/v2\/pages\/16844\/revisions\/18202"}],"up":[{"embeddable":true,"href":"https:\/\/new.laserpoint.eu\/es\/wp-json\/wp\/v2\/pages\/18190"}],"wp:attachment":[{"href":"https:\/\/new.laserpoint.eu\/es\/wp-json\/wp\/v2\/media?parent=16844"}],"curies":[{"name":"wp","href":"https:\/\/api.w.org\/{rel}","templated":true}]}}