{"id":16832,"date":"2020-12-09T15:32:18","date_gmt":"2020-12-09T14:32:18","guid":{"rendered":"https:\/\/www.laserpoint.eu\/calorimetros\/"},"modified":"2021-01-07T17:04:50","modified_gmt":"2021-01-07T16:04:50","slug":"calorimetros","status":"publish","type":"page","link":"https:\/\/new.laserpoint.eu\/es\/tecnologias\/calorimetros\/","title":{"rendered":"Calor\u00edmetros"},"content":{"rendered":"<section class=\"wpb-content-wrapper\"><p>[vc_row][vc_column width=\u00bb2\/3&#8243;][vc_column_text]<strong>Calor\u00edmetro<\/strong><\/p>\n<p>Laser Point introduce este nuevo instrumento basado en la medici\u00f3n calorim\u00e9trica de la potencia l\u00e1ser que puede afrontar en condiciones de seguridad las densidades de potencia extremadamente alta de los l\u00e1seres de nuestros d\u00edas. En este instrumento, la presencia de una Cobertura Super Dura como absorbente de radiaci\u00f3n lleva a obtener una capacidad superior de medici\u00f3n absoluta de potencia con huellas muy compactas asociadas a un umbral de da\u00f1o m\u00e1s alto. <\/p>\n<p>Ese calor\u00edmetro permite la medici\u00f3n de potencia l\u00e1ser de hasta 12 kW: es el resultado de la capacidad de la Empresa de explorar nuevos materiales, gestionar el dise\u00f1o t\u00e9rmico y crear productos innovadores.<\/p>\n<p>El nuevo calor\u00edmetro (M\u00f3d. W-12K-D55-SHC-U) es extremadamente compacto y ligero de peso, si se compara con instrumentos alternativos de la misma clase y no requiere de ning\u00fan elemento \u00f3ptico de desenfoque en la cavidad absorbente.<\/p>\n<p>El detector tiene una linealidad de \u00b1 2 % en su escala completa y se entrega con una precisi\u00f3n de calibraci\u00f3n de \u00b15 % trazable seg\u00fan los est\u00e1ndares PTB\/NIST.<\/p>\n<p>La abertura es de 55 mm, Medidas L140xP200xH180 mm, Peso 6 Kg.[\/vc_column_text][\/vc_column][vc_column width=\u00bb1\/3&#8243;][vc_single_image image=\u00bb2890&#8243; img_size=\u00bblarge\u00bb][\/vc_column][\/vc_row]<\/p>\n<\/section>","protected":false},"excerpt":{"rendered":"<p>[vc_row][vc_column width=\u00bb2\/3&#8243;][vc_column_text]Calor\u00edmetro Laser Point introduce este nuevo instrumento basado en la medici\u00f3n calorim\u00e9trica de la potencia l\u00e1ser que puede afrontar en condiciones de seguridad las densidades de potencia extremadamente alta de los l\u00e1seres de nuestros d\u00edas. En este instrumento, la presencia de una Cobertura Super Dura como absorbente de radiaci\u00f3n lleva a obtener una capacidad&hellip;<\/p>\n","protected":false},"author":1,"featured_media":0,"parent":18190,"menu_order":0,"comment_status":"closed","ping_status":"closed","template":"","meta":{"footnotes":""},"acf":[],"yoast_head":"<!-- This site is optimized with the Yoast SEO plugin v21.3 - https:\/\/yoast.com\/wordpress\/plugins\/seo\/ -->\n<title>Calor\u00edmetros - Laserpoint<\/title>\n<meta name=\"robots\" content=\"noindex, follow, max-snippet:-1, max-image-preview:large, max-video-preview:-1\" \/>\n<meta property=\"og:locale\" content=\"es_ES\" \/>\n<meta property=\"og:type\" content=\"article\" \/>\n<meta property=\"og:title\" content=\"Calor\u00edmetros - Laserpoint\" \/>\n<meta property=\"og:description\" content=\"[vc_row][vc_column width=\u00bb2\/3&#8243;][vc_column_text]Calor\u00edmetro Laser Point introduce este nuevo instrumento basado en la medici\u00f3n calorim\u00e9trica de la potencia l\u00e1ser que puede afrontar en condiciones de seguridad las densidades de potencia extremadamente alta de los l\u00e1seres de nuestros d\u00edas. En este instrumento, la presencia de una Cobertura Super Dura como absorbente de radiaci\u00f3n lleva a obtener una capacidad&hellip;\" \/>\n<meta property=\"og:url\" content=\"https:\/\/new.laserpoint.eu\/es\/tecnologias\/calorimetros\/\" \/>\n<meta property=\"og:site_name\" content=\"Laserpoint\" \/>\n<meta property=\"article:modified_time\" content=\"2021-01-07T16:04:50+00:00\" \/>\n<meta name=\"twitter:card\" content=\"summary_large_image\" \/>\n<meta name=\"twitter:label1\" content=\"Tiempo de lectura\" \/>\n\t<meta name=\"twitter:data1\" content=\"1 minuto\" \/>\n<script type=\"application\/ld+json\" class=\"yoast-schema-graph\">{\"@context\":\"https:\/\/schema.org\",\"@graph\":[{\"@type\":\"WebPage\",\"@id\":\"https:\/\/new.laserpoint.eu\/es\/tecnologias\/calorimetros\/\",\"url\":\"https:\/\/new.laserpoint.eu\/es\/tecnologias\/calorimetros\/\",\"name\":\"Calor\u00edmetros - Laserpoint\",\"isPartOf\":{\"@id\":\"https:\/\/new.laserpoint.eu\/es\/#website\"},\"datePublished\":\"2020-12-09T14:32:18+00:00\",\"dateModified\":\"2021-01-07T16:04:50+00:00\",\"breadcrumb\":{\"@id\":\"https:\/\/new.laserpoint.eu\/es\/tecnologias\/calorimetros\/#breadcrumb\"},\"inLanguage\":\"es\",\"potentialAction\":[{\"@type\":\"ReadAction\",\"target\":[\"https:\/\/new.laserpoint.eu\/es\/tecnologias\/calorimetros\/\"]}]},{\"@type\":\"BreadcrumbList\",\"@id\":\"https:\/\/new.laserpoint.eu\/es\/tecnologias\/calorimetros\/#breadcrumb\",\"itemListElement\":[{\"@type\":\"ListItem\",\"position\":1,\"name\":\"Home\",\"item\":\"https:\/\/new.laserpoint.eu\/es\/\"},{\"@type\":\"ListItem\",\"position\":2,\"name\":\"Tecnologias\",\"item\":\"https:\/\/new.laserpoint.eu\/es\/technologies\/\"},{\"@type\":\"ListItem\",\"position\":3,\"name\":\"Calor\u00edmetros\"}]},{\"@type\":\"WebSite\",\"@id\":\"https:\/\/new.laserpoint.eu\/es\/#website\",\"url\":\"https:\/\/new.laserpoint.eu\/es\/\",\"name\":\"Laserpoint\",\"description\":\"Development and manufacturing of laser measurement instruments\",\"publisher\":{\"@id\":\"https:\/\/new.laserpoint.eu\/es\/#organization\"},\"potentialAction\":[{\"@type\":\"SearchAction\",\"target\":{\"@type\":\"EntryPoint\",\"urlTemplate\":\"https:\/\/new.laserpoint.eu\/es\/?s={search_term_string}\"},\"query-input\":\"required name=search_term_string\"}],\"inLanguage\":\"es\"},{\"@type\":\"Organization\",\"@id\":\"https:\/\/new.laserpoint.eu\/es\/#organization\",\"name\":\"Laserpoint\",\"url\":\"https:\/\/new.laserpoint.eu\/es\/\",\"logo\":{\"@type\":\"ImageObject\",\"inLanguage\":\"es\",\"@id\":\"https:\/\/new.laserpoint.eu\/es\/#\/schema\/logo\/image\/\",\"url\":\"https:\/\/www.laserpoint.eu\/wp-content\/uploads\/laserpoint-logo.png\",\"contentUrl\":\"https:\/\/www.laserpoint.eu\/wp-content\/uploads\/laserpoint-logo.png\",\"width\":520,\"height\":84,\"caption\":\"Laserpoint\"},\"image\":{\"@id\":\"https:\/\/new.laserpoint.eu\/es\/#\/schema\/logo\/image\/\"}}]}<\/script>\n<!-- \/ Yoast SEO plugin. -->","yoast_head_json":{"title":"Calor\u00edmetros - Laserpoint","robots":{"index":"noindex","follow":"follow","max-snippet":"max-snippet:-1","max-image-preview":"max-image-preview:large","max-video-preview":"max-video-preview:-1"},"og_locale":"es_ES","og_type":"article","og_title":"Calor\u00edmetros - Laserpoint","og_description":"[vc_row][vc_column width=\u00bb2\/3&#8243;][vc_column_text]Calor\u00edmetro Laser Point introduce este nuevo instrumento basado en la medici\u00f3n calorim\u00e9trica de la potencia l\u00e1ser que puede afrontar en condiciones de seguridad las densidades de potencia extremadamente alta de los l\u00e1seres de nuestros d\u00edas. En este instrumento, la presencia de una Cobertura Super Dura como absorbente de radiaci\u00f3n lleva a obtener una capacidad&hellip;","og_url":"https:\/\/new.laserpoint.eu\/es\/tecnologias\/calorimetros\/","og_site_name":"Laserpoint","article_modified_time":"2021-01-07T16:04:50+00:00","twitter_card":"summary_large_image","twitter_misc":{"Tiempo de lectura":"1 minuto"},"schema":{"@context":"https:\/\/schema.org","@graph":[{"@type":"WebPage","@id":"https:\/\/new.laserpoint.eu\/es\/tecnologias\/calorimetros\/","url":"https:\/\/new.laserpoint.eu\/es\/tecnologias\/calorimetros\/","name":"Calor\u00edmetros - Laserpoint","isPartOf":{"@id":"https:\/\/new.laserpoint.eu\/es\/#website"},"datePublished":"2020-12-09T14:32:18+00:00","dateModified":"2021-01-07T16:04:50+00:00","breadcrumb":{"@id":"https:\/\/new.laserpoint.eu\/es\/tecnologias\/calorimetros\/#breadcrumb"},"inLanguage":"es","potentialAction":[{"@type":"ReadAction","target":["https:\/\/new.laserpoint.eu\/es\/tecnologias\/calorimetros\/"]}]},{"@type":"BreadcrumbList","@id":"https:\/\/new.laserpoint.eu\/es\/tecnologias\/calorimetros\/#breadcrumb","itemListElement":[{"@type":"ListItem","position":1,"name":"Home","item":"https:\/\/new.laserpoint.eu\/es\/"},{"@type":"ListItem","position":2,"name":"Tecnologias","item":"https:\/\/new.laserpoint.eu\/es\/technologies\/"},{"@type":"ListItem","position":3,"name":"Calor\u00edmetros"}]},{"@type":"WebSite","@id":"https:\/\/new.laserpoint.eu\/es\/#website","url":"https:\/\/new.laserpoint.eu\/es\/","name":"Laserpoint","description":"Development and manufacturing of laser measurement instruments","publisher":{"@id":"https:\/\/new.laserpoint.eu\/es\/#organization"},"potentialAction":[{"@type":"SearchAction","target":{"@type":"EntryPoint","urlTemplate":"https:\/\/new.laserpoint.eu\/es\/?s={search_term_string}"},"query-input":"required name=search_term_string"}],"inLanguage":"es"},{"@type":"Organization","@id":"https:\/\/new.laserpoint.eu\/es\/#organization","name":"Laserpoint","url":"https:\/\/new.laserpoint.eu\/es\/","logo":{"@type":"ImageObject","inLanguage":"es","@id":"https:\/\/new.laserpoint.eu\/es\/#\/schema\/logo\/image\/","url":"https:\/\/www.laserpoint.eu\/wp-content\/uploads\/laserpoint-logo.png","contentUrl":"https:\/\/www.laserpoint.eu\/wp-content\/uploads\/laserpoint-logo.png","width":520,"height":84,"caption":"Laserpoint"},"image":{"@id":"https:\/\/new.laserpoint.eu\/es\/#\/schema\/logo\/image\/"}}]}},"_links":{"self":[{"href":"https:\/\/new.laserpoint.eu\/es\/wp-json\/wp\/v2\/pages\/16832"}],"collection":[{"href":"https:\/\/new.laserpoint.eu\/es\/wp-json\/wp\/v2\/pages"}],"about":[{"href":"https:\/\/new.laserpoint.eu\/es\/wp-json\/wp\/v2\/types\/page"}],"author":[{"embeddable":true,"href":"https:\/\/new.laserpoint.eu\/es\/wp-json\/wp\/v2\/users\/1"}],"replies":[{"embeddable":true,"href":"https:\/\/new.laserpoint.eu\/es\/wp-json\/wp\/v2\/comments?post=16832"}],"version-history":[{"count":7,"href":"https:\/\/new.laserpoint.eu\/es\/wp-json\/wp\/v2\/pages\/16832\/revisions"}],"predecessor-version":[{"id":18199,"href":"https:\/\/new.laserpoint.eu\/es\/wp-json\/wp\/v2\/pages\/16832\/revisions\/18199"}],"up":[{"embeddable":true,"href":"https:\/\/new.laserpoint.eu\/es\/wp-json\/wp\/v2\/pages\/18190"}],"wp:attachment":[{"href":"https:\/\/new.laserpoint.eu\/es\/wp-json\/wp\/v2\/media?parent=16832"}],"curies":[{"name":"wp","href":"https:\/\/api.w.org\/{rel}","templated":true}]}}