{"id":16722,"date":"2020-12-08T12:03:28","date_gmt":"2020-12-08T11:03:28","guid":{"rendered":"https:\/\/www.laserpoint.eu\/calibraciones\/"},"modified":"2021-01-07T17:07:44","modified_gmt":"2021-01-07T16:07:44","slug":"calibraciones","status":"publish","type":"page","link":"https:\/\/new.laserpoint.eu\/es\/asistencia\/calibraciones\/","title":{"rendered":"Calibraciones"},"content":{"rendered":"<section class=\"wpb-content-wrapper\"><p>[vc_row][vc_column][vc_column_text]<\/p>\n<h2>Calibraciones certificadas<\/h2>\n<p>Los sensores Laser Point cuentan con Certificados de Calibraci\u00f3n con trazabilidad de los Laboratorios del Instituto Nacional de Est\u00e1ndares y Tecnolog\u00eda (NIST) en Boulder, Colorado (EE.UU.) o del Physicalisch-Technische Bundesanstalt (PTB) de Berl\u00edn (Alemania).<\/p>\n<h2>Recalibraciones peri\u00f3dicas<\/h2>\n<p>La necesidad real de recalibraci\u00f3n depende de c\u00f3mo se ha usado el instrumento, sus condiciones y tambi\u00e9n las condiciones del entorno de trabajo. Sin embargo, es esencial efectuar con regularidad las operaciones de mantenimiento y recalibraci\u00f3n para asegurar las prestaciones y precisi\u00f3n de los instrumentos. Laboratorios internacionales de metrolog\u00eda, como el NIST y el PTB, recomiendan una recalibraci\u00f3n anual. A fin de que los instrumentos reciban la asistencia adecuada, las unidades deben enviarse a Laser Point, donde ser\u00e1n sometidos a un procedimiento general de control y de recalibraci\u00f3n completa.   <\/p>\n<h2>Capacidades de calibraci\u00f3n en LaserPoint<\/h2>\n<p>Laser Point cuenta con toda una serie de recursos l\u00e1ser que se usan para calibraciones en f\u00e1brica; estas fuentes cubren potencias de hasta 300 W e incluyen l\u00e1seres pulsados. L\u00e1ser Point tambi\u00e9n se apoya en contratos para el uso de l\u00e1seres de muchos kilovatios con Institutos Cient\u00edficos locales para pruebas y calibraciones est\u00e1ndar para cabezales de alta potencia. Una serie de cabezales detectores, calibrados en el NIST y el PTB a diferentes longitudes de onda, se usan internamente como est\u00e1ndares de referencia de los procedimientos de calibraci\u00f3n. Para trazar la linealidad de los sensores en toda su escala, algunos de estos est\u00e1ndares de referencia se han calibrado en todo su rango de funcionamiento, hasta <x id=\"gid_0\"><\/x> 1 KW para CO<g id=\"gid_1\">2<\/g> y 300 W para Yag. Todas las mediciones hechas por el PTB y el NIST, muestran la excepcional linealidad de los sensores Laser Point.    <\/p>\n<h2>Procedimientos de recalibraci\u00f3n y temporizaci\u00f3n<\/h2>\n<ul>\n<li>Env\u00ede a Laser Point una Orden de compra espec\u00edfica para recalibraci\u00f3n: no se necesita n\u00famero RMA.<\/li>\n<li>Env\u00ede los productos asegur\u00e1ndose de que en los documentos de env\u00edo se incluya su n\u00famero de Orden de Compra (PO).<\/li>\n<\/ul>\n<p>Es obligatorio que la Orden de Compra incluya, para cada art\u00edculo enviado, la siguiente informaci\u00f3n: recalibraci\u00f3n de longitud de onda\/s, si hay que efectuar la recalibraci\u00f3n para Potencia o Potencia + Energ\u00eda; Modelos de los productos; N\u00fameros de serie de los productos. Las Ordenes de compra (PO) con informaci\u00f3n incompleta no podr\u00e1n ser procesadas correctamente, y los tiempos de respuesta se retrasar\u00e1n. Los costes de env\u00edo a Laser Point, ida y vuelta, corren siempre a cargo del cliente.<\/p>\n<h2>Servicio de recalibraci\u00f3n r\u00e1pida:<\/h2>\n<p>Siguiendo este procedimiento, los tiempos t\u00edpicos para obtener la calibraci\u00f3n se reducir\u00e1n a 5 d\u00edas h\u00e1biles.<\/p>\n<ul>\n<li style=\"list-style-type: none;\">\n<ul>\n<li type=\"a\">Para reservar un espacio para la recalibraci\u00f3n en tiempos m\u00e1s m\u00e1s r\u00e1pidos, contacte a: sales@laserpoint.it y solicite el primer espacio disponible que se pueda reservar para la calibraci\u00f3n de instrumentos;<\/li>\n<li type=\"a\">Incluya la siguiente informaci\u00f3n en la solicitud: longitud de onda\/s de recalibraci\u00f3n, si la recalibraci\u00f3n tiene que hacerse para Potencia o Potencia + Energ\u00eda; Modelos de producto; N\u00fameros de serie de producto<\/li>\n<li type=\"a\">Laser Point le comunicar\u00e1 el primer espacio disponible; se pide al cliente que se asegure de que los productos lleguen antes de la fecha acordada.<\/li>\n<li type=\"a\">Los elementos que no respondan al procedimiento de recalibraci\u00f3n r\u00e1pida se gestionar\u00e1n en una secuencia de calibraci\u00f3n por turno de llegada.<\/li>\n<\/ul>\n<\/li>\n<\/ul>\n<p>[\/vc_column_text][\/vc_column][\/vc_row]<\/p>\n<\/section>","protected":false},"excerpt":{"rendered":"<p>[vc_row][vc_column][vc_column_text] Calibraciones certificadas Los sensores Laser Point cuentan con Certificados de Calibraci\u00f3n con trazabilidad de los Laboratorios del Instituto Nacional de Est\u00e1ndares y Tecnolog\u00eda (NIST) en Boulder, Colorado (EE.UU.) o del Physicalisch-Technische Bundesanstalt (PTB) de Berl\u00edn (Alemania). Recalibraciones peri\u00f3dicas La necesidad real de recalibraci\u00f3n depende de c\u00f3mo se ha usado el instrumento, sus condiciones y&hellip;<\/p>\n","protected":false},"author":1,"featured_media":0,"parent":18182,"menu_order":0,"comment_status":"closed","ping_status":"closed","template":"","meta":{"footnotes":""},"acf":[],"yoast_head":"<!-- This site is optimized with the Yoast SEO plugin v21.3 - https:\/\/yoast.com\/wordpress\/plugins\/seo\/ -->\n<title>Calibraciones - Laserpoint<\/title>\n<meta name=\"robots\" content=\"noindex, follow, max-snippet:-1, max-image-preview:large, max-video-preview:-1\" \/>\n<meta property=\"og:locale\" content=\"es_ES\" \/>\n<meta property=\"og:type\" content=\"article\" \/>\n<meta property=\"og:title\" content=\"Calibraciones - Laserpoint\" \/>\n<meta property=\"og:description\" content=\"[vc_row][vc_column][vc_column_text] Calibraciones certificadas Los sensores Laser Point cuentan con Certificados de Calibraci\u00f3n con trazabilidad de los Laboratorios del Instituto Nacional de Est\u00e1ndares y Tecnolog\u00eda (NIST) en Boulder, Colorado (EE.UU.) o del Physicalisch-Technische Bundesanstalt (PTB) de Berl\u00edn (Alemania). Recalibraciones peri\u00f3dicas La necesidad real de recalibraci\u00f3n depende de c\u00f3mo se ha usado el instrumento, sus condiciones y&hellip;\" \/>\n<meta property=\"og:url\" content=\"https:\/\/new.laserpoint.eu\/es\/asistencia\/calibraciones\/\" \/>\n<meta property=\"og:site_name\" content=\"Laserpoint\" \/>\n<meta property=\"article:modified_time\" content=\"2021-01-07T16:07:44+00:00\" \/>\n<meta name=\"twitter:card\" content=\"summary_large_image\" \/>\n<meta name=\"twitter:label1\" content=\"Tiempo de lectura\" \/>\n\t<meta name=\"twitter:data1\" content=\"3 minutos\" \/>\n<script type=\"application\/ld+json\" class=\"yoast-schema-graph\">{\"@context\":\"https:\/\/schema.org\",\"@graph\":[{\"@type\":\"WebPage\",\"@id\":\"https:\/\/new.laserpoint.eu\/es\/asistencia\/calibraciones\/\",\"url\":\"https:\/\/new.laserpoint.eu\/es\/asistencia\/calibraciones\/\",\"name\":\"Calibraciones - Laserpoint\",\"isPartOf\":{\"@id\":\"https:\/\/new.laserpoint.eu\/es\/#website\"},\"datePublished\":\"2020-12-08T11:03:28+00:00\",\"dateModified\":\"2021-01-07T16:07:44+00:00\",\"breadcrumb\":{\"@id\":\"https:\/\/new.laserpoint.eu\/es\/asistencia\/calibraciones\/#breadcrumb\"},\"inLanguage\":\"es\",\"potentialAction\":[{\"@type\":\"ReadAction\",\"target\":[\"https:\/\/new.laserpoint.eu\/es\/asistencia\/calibraciones\/\"]}]},{\"@type\":\"BreadcrumbList\",\"@id\":\"https:\/\/new.laserpoint.eu\/es\/asistencia\/calibraciones\/#breadcrumb\",\"itemListElement\":[{\"@type\":\"ListItem\",\"position\":1,\"name\":\"Home\",\"item\":\"https:\/\/new.laserpoint.eu\/es\/\"},{\"@type\":\"ListItem\",\"position\":2,\"name\":\"Asistencia\",\"item\":\"https:\/\/new.laserpoint.eu\/es\/support\/\"},{\"@type\":\"ListItem\",\"position\":3,\"name\":\"Calibraciones\"}]},{\"@type\":\"WebSite\",\"@id\":\"https:\/\/new.laserpoint.eu\/es\/#website\",\"url\":\"https:\/\/new.laserpoint.eu\/es\/\",\"name\":\"Laserpoint\",\"description\":\"Development and manufacturing of laser measurement instruments\",\"publisher\":{\"@id\":\"https:\/\/new.laserpoint.eu\/es\/#organization\"},\"potentialAction\":[{\"@type\":\"SearchAction\",\"target\":{\"@type\":\"EntryPoint\",\"urlTemplate\":\"https:\/\/new.laserpoint.eu\/es\/?s={search_term_string}\"},\"query-input\":\"required name=search_term_string\"}],\"inLanguage\":\"es\"},{\"@type\":\"Organization\",\"@id\":\"https:\/\/new.laserpoint.eu\/es\/#organization\",\"name\":\"Laserpoint\",\"url\":\"https:\/\/new.laserpoint.eu\/es\/\",\"logo\":{\"@type\":\"ImageObject\",\"inLanguage\":\"es\",\"@id\":\"https:\/\/new.laserpoint.eu\/es\/#\/schema\/logo\/image\/\",\"url\":\"https:\/\/www.laserpoint.eu\/wp-content\/uploads\/laserpoint-logo.png\",\"contentUrl\":\"https:\/\/www.laserpoint.eu\/wp-content\/uploads\/laserpoint-logo.png\",\"width\":520,\"height\":84,\"caption\":\"Laserpoint\"},\"image\":{\"@id\":\"https:\/\/new.laserpoint.eu\/es\/#\/schema\/logo\/image\/\"}}]}<\/script>\n<!-- \/ Yoast SEO plugin. -->","yoast_head_json":{"title":"Calibraciones - Laserpoint","robots":{"index":"noindex","follow":"follow","max-snippet":"max-snippet:-1","max-image-preview":"max-image-preview:large","max-video-preview":"max-video-preview:-1"},"og_locale":"es_ES","og_type":"article","og_title":"Calibraciones - Laserpoint","og_description":"[vc_row][vc_column][vc_column_text] Calibraciones certificadas Los sensores Laser Point cuentan con Certificados de Calibraci\u00f3n con trazabilidad de los Laboratorios del Instituto Nacional de Est\u00e1ndares y Tecnolog\u00eda (NIST) en Boulder, Colorado (EE.UU.) o del Physicalisch-Technische Bundesanstalt (PTB) de Berl\u00edn (Alemania). Recalibraciones peri\u00f3dicas La necesidad real de recalibraci\u00f3n depende de c\u00f3mo se ha usado el instrumento, sus condiciones y&hellip;","og_url":"https:\/\/new.laserpoint.eu\/es\/asistencia\/calibraciones\/","og_site_name":"Laserpoint","article_modified_time":"2021-01-07T16:07:44+00:00","twitter_card":"summary_large_image","twitter_misc":{"Tiempo de lectura":"3 minutos"},"schema":{"@context":"https:\/\/schema.org","@graph":[{"@type":"WebPage","@id":"https:\/\/new.laserpoint.eu\/es\/asistencia\/calibraciones\/","url":"https:\/\/new.laserpoint.eu\/es\/asistencia\/calibraciones\/","name":"Calibraciones - Laserpoint","isPartOf":{"@id":"https:\/\/new.laserpoint.eu\/es\/#website"},"datePublished":"2020-12-08T11:03:28+00:00","dateModified":"2021-01-07T16:07:44+00:00","breadcrumb":{"@id":"https:\/\/new.laserpoint.eu\/es\/asistencia\/calibraciones\/#breadcrumb"},"inLanguage":"es","potentialAction":[{"@type":"ReadAction","target":["https:\/\/new.laserpoint.eu\/es\/asistencia\/calibraciones\/"]}]},{"@type":"BreadcrumbList","@id":"https:\/\/new.laserpoint.eu\/es\/asistencia\/calibraciones\/#breadcrumb","itemListElement":[{"@type":"ListItem","position":1,"name":"Home","item":"https:\/\/new.laserpoint.eu\/es\/"},{"@type":"ListItem","position":2,"name":"Asistencia","item":"https:\/\/new.laserpoint.eu\/es\/support\/"},{"@type":"ListItem","position":3,"name":"Calibraciones"}]},{"@type":"WebSite","@id":"https:\/\/new.laserpoint.eu\/es\/#website","url":"https:\/\/new.laserpoint.eu\/es\/","name":"Laserpoint","description":"Development and manufacturing of laser measurement instruments","publisher":{"@id":"https:\/\/new.laserpoint.eu\/es\/#organization"},"potentialAction":[{"@type":"SearchAction","target":{"@type":"EntryPoint","urlTemplate":"https:\/\/new.laserpoint.eu\/es\/?s={search_term_string}"},"query-input":"required name=search_term_string"}],"inLanguage":"es"},{"@type":"Organization","@id":"https:\/\/new.laserpoint.eu\/es\/#organization","name":"Laserpoint","url":"https:\/\/new.laserpoint.eu\/es\/","logo":{"@type":"ImageObject","inLanguage":"es","@id":"https:\/\/new.laserpoint.eu\/es\/#\/schema\/logo\/image\/","url":"https:\/\/www.laserpoint.eu\/wp-content\/uploads\/laserpoint-logo.png","contentUrl":"https:\/\/www.laserpoint.eu\/wp-content\/uploads\/laserpoint-logo.png","width":520,"height":84,"caption":"Laserpoint"},"image":{"@id":"https:\/\/new.laserpoint.eu\/es\/#\/schema\/logo\/image\/"}}]}},"_links":{"self":[{"href":"https:\/\/new.laserpoint.eu\/es\/wp-json\/wp\/v2\/pages\/16722"}],"collection":[{"href":"https:\/\/new.laserpoint.eu\/es\/wp-json\/wp\/v2\/pages"}],"about":[{"href":"https:\/\/new.laserpoint.eu\/es\/wp-json\/wp\/v2\/types\/page"}],"author":[{"embeddable":true,"href":"https:\/\/new.laserpoint.eu\/es\/wp-json\/wp\/v2\/users\/1"}],"replies":[{"embeddable":true,"href":"https:\/\/new.laserpoint.eu\/es\/wp-json\/wp\/v2\/comments?post=16722"}],"version-history":[{"count":7,"href":"https:\/\/new.laserpoint.eu\/es\/wp-json\/wp\/v2\/pages\/16722\/revisions"}],"predecessor-version":[{"id":18221,"href":"https:\/\/new.laserpoint.eu\/es\/wp-json\/wp\/v2\/pages\/16722\/revisions\/18221"}],"up":[{"embeddable":true,"href":"https:\/\/new.laserpoint.eu\/es\/wp-json\/wp\/v2\/pages\/18182"}],"wp:attachment":[{"href":"https:\/\/new.laserpoint.eu\/es\/wp-json\/wp\/v2\/media?parent=16722"}],"curies":[{"name":"wp","href":"https:\/\/api.w.org\/{rel}","templated":true}]}}