{"id":16628,"date":"2020-04-06T17:06:06","date_gmt":"2020-04-06T15:06:06","guid":{"rendered":"https:\/\/www.laserpoint.eu\/personas\/"},"modified":"2023-06-29T12:24:32","modified_gmt":"2023-06-29T10:24:32","slug":"personas","status":"publish","type":"page","link":"https:\/\/new.laserpoint.eu\/es\/quienes-somos\/personas\/","title":{"rendered":"Personas"},"content":{"rendered":"<section class=\"wpb-content-wrapper\"><p>[vc_row][vc_column]<div id=\"ultimate-heading-475569f2726482dbb\" class=\"uvc-heading ult-adjust-bottom-margin ultimate-heading-475569f2726482dbb uvc-292 titolo-doppio\" data-hspacer=\"no_spacer\"  data-halign=\"center\" style=\"text-align:center\"><div class=\"uvc-heading-spacer no_spacer\" style=\"top\"><\/div><div class=\"uvc-main-heading ult-responsive\"  data-ultimate-target='.uvc-heading.ultimate-heading-475569f2726482dbb h2'  data-responsive-json-new='{\"font-size\":\"desktop:80px;\",\"line-height\":\"\"}' ><h2 style=\"--font-weight:theme;color:#777777;margin-top:50px;\">EL EQUIPO DE LASER POINT<\/h2><\/div><div class=\"uvc-sub-heading ult-responsive\"  data-ultimate-target='.uvc-heading.ultimate-heading-475569f2726482dbb .uvc-sub-heading '  data-responsive-json-new='{\"font-size\":\"desktop:80px;\",\"line-height\":\"\"}'  style=\"font-weight:bold;color:#e9312b;margin-bottom:50px;\"><\/p>\n<h2><strong>EXPERTOS<\/strong> <strong>DEL SECTOR<\/strong><\/h2>\n<p><\/div><\/div>[\/vc_column][\/vc_row][vc_row type=\u00bbvc_default\u00bb full_width=\u00bbstretch_row\u00bb full_width_row=\u00bbtrue\u00bb][vc_column width=\u00bb1\/6&#8243;][\/vc_column][vc_column width=\u00bb1\/3&#8243;][vc_single_image image=\u00bb61320&#8243; img_size=\u00bblarge\u00bb alignment=\u00bbcenter\u00bb][vc_column_text css=\u00bb.vc_custom_1583919006409{padding-right: 30px !important;padding-bottom: 30px !important;padding-left: 30px !important;}\u00bb]<\/p>\n<h4 style=\"text-align: center;\">Sergio Pellegrino<\/h4>\n<p style=\"text-align: center;\">Partner \/ R&amp;D Manager. 25 Years in R&amp;D, PhD in Phisical &#8211; chemistry, MBA in Engineering, 70 Journal Papers, 8 Patents.<\/p>\n<p>[\/vc_column_text][\/vc_column][vc_column width=\u00bb1\/3&#8243;][vc_single_image image=\u00bb61312&#8243; img_size=\u00bblarge\u00bb alignment=\u00bbcenter\u00bb][vc_column_text css=\u00bb.vc_custom_1583919012440{padding-right: 30px !important;padding-bottom: 30px !important;padding-left: 30px !important;}\u00bb]<\/p>\n<h4 style=\"text-align: center;\">Andrea Brinciotti<\/h4>\n<p style=\"text-align: center;\">Partner \/ Managing director MS in Physics, 25 Years in R&amp;D, 20 Journal Papers.<\/p>\n<p>[\/vc_column_text][\/vc_column][vc_column width=\u00bb1\/6&#8243;][\/vc_column][\/vc_row][vc_row type=\u00bbvc_default\u00bb full_width=\u00bbstretch_row\u00bb bg_type=\u00bbbg_color\u00bb bg_override=\u00bbfull\u00bb css=\u00bb.vc_custom_1587057888644{background-color: #f7f7f7 !important;}\u00bb][vc_column css=\u00bb.vc_custom_1586851323286{background-color: #f7f7f7 !important;}\u00bb][vc_column_text css=\u00bb.vc_custom_1586852592747{padding-top: 100px !important;padding-right: 30px !important;padding-bottom: 100px !important;padding-left: 30px !important;}\u00bb]<\/p>\n<p style=\"text-align: center; font-size: 30px; line-height: 40px;\">Los socios administradores est\u00e1n plenamente integrados en la actividad del d\u00eda a d\u00eda, ofreciendo a la empresa y al n\u00facleo del equipo una combinaci\u00f3n \u00fanica de capacitaciones y experiencias. As\u00ed es c\u00f3mo trabajamos: personas expertas, organizaci\u00f3n flexible, capacidades tecnol\u00f3gicas y estrat\u00e9gicas internas.<\/p>\n<p>[\/vc_column_text][vc_empty_space height=\u00bb50&#8243;][\/vc_column][\/vc_row][vc_row type=\u00bbvc_default\u00bb full_width=\u00bbstretch_row_content\u00bb bg_type=\u00bbbg_color\u00bb][vc_column][vc_cta h2=\u00bbContacto Laser Point\u00bb h4=\u00bbCont\u00e1ctenos para hablar de su aplicaci\u00f3n\u00bb style=\u00bbflat\u00bb color=\u00bbjuicy-pink\u00bb add_icon=\u00bbleft\u00bb i_icon_fontawesome=\u00bbfas fa-long-arrow-alt-right\u00bb i_color=\u00bbcustom\u00bb i_background_style=\u00bbrounded-less\u00bb i_background_color=\u00bbcustom\u00bb i_size=\u00bblg\u00bb css_animation=\u00bbbounceInUp\u00bb i_custom_color=\u00bb#ffffff\u00bb i_custom_background_color=\u00bb#333333&#8243; css=\u00bb.vc_custom_1591773379545{padding-top: 20px !important;padding-bottom: 20px !important;}\u00bb i_link=\u00bburl:https%3A%2F%2Fwww.laserpoint.eu%2Fes%2Fformulario-de-contacto%2F|title:Formulario%20de%20contacto|\u00bb][\/vc_cta][\/vc_column][\/vc_row]<\/p>\n<\/section>","protected":false},"excerpt":{"rendered":"<p>[vc_row][vc_column][\/vc_column][\/vc_row][vc_row type=\u00bbvc_default\u00bb full_width=\u00bbstretch_row\u00bb full_width_row=\u00bbtrue\u00bb][vc_column width=\u00bb1\/6&#8243;][\/vc_column][vc_column width=\u00bb1\/3&#8243;][vc_single_image image=\u00bb61320&#8243; img_size=\u00bblarge\u00bb alignment=\u00bbcenter\u00bb][vc_column_text css=\u00bb.vc_custom_1583919006409{padding-right: 30px !important;padding-bottom: 30px !important;padding-left: 30px !important;}\u00bb] Sergio Pellegrino Partner \/ R&amp;D Manager. 25 Years in R&amp;D, PhD in Phisical &#8211; chemistry, MBA in Engineering, 70 Journal Papers, 8 Patents. [\/vc_column_text][\/vc_column][vc_column width=\u00bb1\/3&#8243;][vc_single_image image=\u00bb61312&#8243; img_size=\u00bblarge\u00bb alignment=\u00bbcenter\u00bb][vc_column_text css=\u00bb.vc_custom_1583919012440{padding-right: 30px !important;padding-bottom: 30px !important;padding-left: 30px !important;}\u00bb] Andrea Brinciotti Partner \/&hellip;<\/p>\n","protected":false},"author":1,"featured_media":0,"parent":18162,"menu_order":2,"comment_status":"closed","ping_status":"closed","template":"","meta":{"footnotes":""},"acf":[],"yoast_head":"<!-- This site is optimized with the Yoast SEO plugin v21.3 - https:\/\/yoast.com\/wordpress\/plugins\/seo\/ -->\n<title>Personas - Laserpoint<\/title>\n<meta name=\"robots\" content=\"noindex, follow, max-snippet:-1, max-image-preview:large, max-video-preview:-1\" \/>\n<meta property=\"og:locale\" content=\"es_ES\" \/>\n<meta property=\"og:type\" content=\"article\" \/>\n<meta property=\"og:title\" content=\"Personas - Laserpoint\" \/>\n<meta property=\"og:description\" content=\"[vc_row][vc_column][\/vc_column][\/vc_row][vc_row type=\u00bbvc_default\u00bb full_width=\u00bbstretch_row\u00bb full_width_row=\u00bbtrue\u00bb][vc_column width=\u00bb1\/6&#8243;][\/vc_column][vc_column width=\u00bb1\/3&#8243;][vc_single_image image=\u00bb61320&#8243; img_size=\u00bblarge\u00bb alignment=\u00bbcenter\u00bb][vc_column_text css=\u00bb.vc_custom_1583919006409{padding-right: 30px !important;padding-bottom: 30px !important;padding-left: 30px !important;}\u00bb] Sergio Pellegrino Partner \/ R&amp;D Manager. 25 Years in R&amp;D, PhD in Phisical &#8211; chemistry, MBA in Engineering, 70 Journal Papers, 8 Patents. [\/vc_column_text][\/vc_column][vc_column width=\u00bb1\/3&#8243;][vc_single_image image=\u00bb61312&#8243; img_size=\u00bblarge\u00bb alignment=\u00bbcenter\u00bb][vc_column_text css=\u00bb.vc_custom_1583919012440{padding-right: 30px !important;padding-bottom: 30px !important;padding-left: 30px !important;}\u00bb] Andrea Brinciotti Partner \/&hellip;\" \/>\n<meta property=\"og:url\" content=\"https:\/\/new.laserpoint.eu\/es\/quienes-somos\/personas\/\" \/>\n<meta property=\"og:site_name\" content=\"Laserpoint\" \/>\n<meta property=\"article:modified_time\" content=\"2023-06-29T10:24:32+00:00\" \/>\n<meta name=\"twitter:card\" content=\"summary_large_image\" \/>\n<meta name=\"twitter:label1\" content=\"Tiempo de lectura\" \/>\n\t<meta name=\"twitter:data1\" content=\"1 minuto\" \/>\n<script type=\"application\/ld+json\" class=\"yoast-schema-graph\">{\"@context\":\"https:\/\/schema.org\",\"@graph\":[{\"@type\":\"WebPage\",\"@id\":\"https:\/\/new.laserpoint.eu\/es\/quienes-somos\/personas\/\",\"url\":\"https:\/\/new.laserpoint.eu\/es\/quienes-somos\/personas\/\",\"name\":\"Personas - Laserpoint\",\"isPartOf\":{\"@id\":\"https:\/\/new.laserpoint.eu\/es\/#website\"},\"datePublished\":\"2020-04-06T15:06:06+00:00\",\"dateModified\":\"2023-06-29T10:24:32+00:00\",\"breadcrumb\":{\"@id\":\"https:\/\/new.laserpoint.eu\/es\/quienes-somos\/personas\/#breadcrumb\"},\"inLanguage\":\"es\",\"potentialAction\":[{\"@type\":\"ReadAction\",\"target\":[\"https:\/\/new.laserpoint.eu\/es\/quienes-somos\/personas\/\"]}]},{\"@type\":\"BreadcrumbList\",\"@id\":\"https:\/\/new.laserpoint.eu\/es\/quienes-somos\/personas\/#breadcrumb\",\"itemListElement\":[{\"@type\":\"ListItem\",\"position\":1,\"name\":\"Home\",\"item\":\"https:\/\/new.laserpoint.eu\/es\/\"},{\"@type\":\"ListItem\",\"position\":2,\"name\":\"Quienes somos\",\"item\":\"https:\/\/new.laserpoint.eu\/es\/about-us\/\"},{\"@type\":\"ListItem\",\"position\":3,\"name\":\"Personas\"}]},{\"@type\":\"WebSite\",\"@id\":\"https:\/\/new.laserpoint.eu\/es\/#website\",\"url\":\"https:\/\/new.laserpoint.eu\/es\/\",\"name\":\"Laserpoint\",\"description\":\"Development and manufacturing of laser measurement instruments\",\"publisher\":{\"@id\":\"https:\/\/new.laserpoint.eu\/es\/#organization\"},\"potentialAction\":[{\"@type\":\"SearchAction\",\"target\":{\"@type\":\"EntryPoint\",\"urlTemplate\":\"https:\/\/new.laserpoint.eu\/es\/?s={search_term_string}\"},\"query-input\":\"required name=search_term_string\"}],\"inLanguage\":\"es\"},{\"@type\":\"Organization\",\"@id\":\"https:\/\/new.laserpoint.eu\/es\/#organization\",\"name\":\"Laserpoint\",\"url\":\"https:\/\/new.laserpoint.eu\/es\/\",\"logo\":{\"@type\":\"ImageObject\",\"inLanguage\":\"es\",\"@id\":\"https:\/\/new.laserpoint.eu\/es\/#\/schema\/logo\/image\/\",\"url\":\"https:\/\/www.laserpoint.eu\/wp-content\/uploads\/laserpoint-logo.png\",\"contentUrl\":\"https:\/\/www.laserpoint.eu\/wp-content\/uploads\/laserpoint-logo.png\",\"width\":520,\"height\":84,\"caption\":\"Laserpoint\"},\"image\":{\"@id\":\"https:\/\/new.laserpoint.eu\/es\/#\/schema\/logo\/image\/\"}}]}<\/script>\n<!-- \/ Yoast SEO plugin. -->","yoast_head_json":{"title":"Personas - Laserpoint","robots":{"index":"noindex","follow":"follow","max-snippet":"max-snippet:-1","max-image-preview":"max-image-preview:large","max-video-preview":"max-video-preview:-1"},"og_locale":"es_ES","og_type":"article","og_title":"Personas - Laserpoint","og_description":"[vc_row][vc_column][\/vc_column][\/vc_row][vc_row type=\u00bbvc_default\u00bb full_width=\u00bbstretch_row\u00bb full_width_row=\u00bbtrue\u00bb][vc_column width=\u00bb1\/6&#8243;][\/vc_column][vc_column width=\u00bb1\/3&#8243;][vc_single_image image=\u00bb61320&#8243; img_size=\u00bblarge\u00bb alignment=\u00bbcenter\u00bb][vc_column_text css=\u00bb.vc_custom_1583919006409{padding-right: 30px !important;padding-bottom: 30px !important;padding-left: 30px !important;}\u00bb] Sergio Pellegrino Partner \/ R&amp;D Manager. 25 Years in R&amp;D, PhD in Phisical &#8211; chemistry, MBA in Engineering, 70 Journal Papers, 8 Patents. [\/vc_column_text][\/vc_column][vc_column width=\u00bb1\/3&#8243;][vc_single_image image=\u00bb61312&#8243; img_size=\u00bblarge\u00bb alignment=\u00bbcenter\u00bb][vc_column_text css=\u00bb.vc_custom_1583919012440{padding-right: 30px !important;padding-bottom: 30px !important;padding-left: 30px !important;}\u00bb] Andrea Brinciotti Partner \/&hellip;","og_url":"https:\/\/new.laserpoint.eu\/es\/quienes-somos\/personas\/","og_site_name":"Laserpoint","article_modified_time":"2023-06-29T10:24:32+00:00","twitter_card":"summary_large_image","twitter_misc":{"Tiempo de lectura":"1 minuto"},"schema":{"@context":"https:\/\/schema.org","@graph":[{"@type":"WebPage","@id":"https:\/\/new.laserpoint.eu\/es\/quienes-somos\/personas\/","url":"https:\/\/new.laserpoint.eu\/es\/quienes-somos\/personas\/","name":"Personas - Laserpoint","isPartOf":{"@id":"https:\/\/new.laserpoint.eu\/es\/#website"},"datePublished":"2020-04-06T15:06:06+00:00","dateModified":"2023-06-29T10:24:32+00:00","breadcrumb":{"@id":"https:\/\/new.laserpoint.eu\/es\/quienes-somos\/personas\/#breadcrumb"},"inLanguage":"es","potentialAction":[{"@type":"ReadAction","target":["https:\/\/new.laserpoint.eu\/es\/quienes-somos\/personas\/"]}]},{"@type":"BreadcrumbList","@id":"https:\/\/new.laserpoint.eu\/es\/quienes-somos\/personas\/#breadcrumb","itemListElement":[{"@type":"ListItem","position":1,"name":"Home","item":"https:\/\/new.laserpoint.eu\/es\/"},{"@type":"ListItem","position":2,"name":"Quienes somos","item":"https:\/\/new.laserpoint.eu\/es\/about-us\/"},{"@type":"ListItem","position":3,"name":"Personas"}]},{"@type":"WebSite","@id":"https:\/\/new.laserpoint.eu\/es\/#website","url":"https:\/\/new.laserpoint.eu\/es\/","name":"Laserpoint","description":"Development and manufacturing of laser measurement instruments","publisher":{"@id":"https:\/\/new.laserpoint.eu\/es\/#organization"},"potentialAction":[{"@type":"SearchAction","target":{"@type":"EntryPoint","urlTemplate":"https:\/\/new.laserpoint.eu\/es\/?s={search_term_string}"},"query-input":"required name=search_term_string"}],"inLanguage":"es"},{"@type":"Organization","@id":"https:\/\/new.laserpoint.eu\/es\/#organization","name":"Laserpoint","url":"https:\/\/new.laserpoint.eu\/es\/","logo":{"@type":"ImageObject","inLanguage":"es","@id":"https:\/\/new.laserpoint.eu\/es\/#\/schema\/logo\/image\/","url":"https:\/\/www.laserpoint.eu\/wp-content\/uploads\/laserpoint-logo.png","contentUrl":"https:\/\/www.laserpoint.eu\/wp-content\/uploads\/laserpoint-logo.png","width":520,"height":84,"caption":"Laserpoint"},"image":{"@id":"https:\/\/new.laserpoint.eu\/es\/#\/schema\/logo\/image\/"}}]}},"_links":{"self":[{"href":"https:\/\/new.laserpoint.eu\/es\/wp-json\/wp\/v2\/pages\/16628"}],"collection":[{"href":"https:\/\/new.laserpoint.eu\/es\/wp-json\/wp\/v2\/pages"}],"about":[{"href":"https:\/\/new.laserpoint.eu\/es\/wp-json\/wp\/v2\/types\/page"}],"author":[{"embeddable":true,"href":"https:\/\/new.laserpoint.eu\/es\/wp-json\/wp\/v2\/users\/1"}],"replies":[{"embeddable":true,"href":"https:\/\/new.laserpoint.eu\/es\/wp-json\/wp\/v2\/comments?post=16628"}],"version-history":[{"count":7,"href":"https:\/\/new.laserpoint.eu\/es\/wp-json\/wp\/v2\/pages\/16628\/revisions"}],"predecessor-version":[{"id":63306,"href":"https:\/\/new.laserpoint.eu\/es\/wp-json\/wp\/v2\/pages\/16628\/revisions\/63306"}],"up":[{"embeddable":true,"href":"https:\/\/new.laserpoint.eu\/es\/wp-json\/wp\/v2\/pages\/18162"}],"wp:attachment":[{"href":"https:\/\/new.laserpoint.eu\/es\/wp-json\/wp\/v2\/media?parent=16628"}],"curies":[{"name":"wp","href":"https:\/\/api.w.org\/{rel}","templated":true}]}}