{"id":49440,"date":"2021-04-16T08:19:59","date_gmt":"2021-07-08T08:26:36","guid":{"rendered":"https:\/\/www.laserpoint.eu\/unkategorisiert\/hsm-1000\/"},"modified":"2021-07-08T10:27:38","modified_gmt":"2021-07-08T08:27:38","slug":"hsm-1000","status":"publish","type":"product","link":"https:\/\/new.laserpoint.eu\/de\/produkt\/sensor-messgerate\/hsm-1000\/","title":{"rendered":"HSM-1000"},"content":{"rendered":"<section class=\"wpb-content-wrapper\"><p>[vc_row][vc_column width=&#8220;2\/3&#8243;][vc_column_text]<strong>High Speed Meter (HSM)<\/strong><\/p>\n<p>HSM ist ein Hochgeschwindigkeitsmessger\u00e4t, das speziell entwickelt wurde, um den High Speed Sensor Blink HS \u00fcber Ethernet mit einem PC zu verbinden, um Daten von Laserpulsfolgen zu erfassen und anzuzeigen und Statistiken \u00fcber viele Laserparameter wie Energie, Leistung, Wiederholrate, Spitzenenergie durchzuf\u00fchren.<\/p>\n<p>Das HSM ist in der Lage, Daten mit einer Abtastrate von bis zu 500 Msamples\/s abzutasten, um eine pr\u00e4zise Energiemessung jedes einzelnen ultrakurzen Pulses mit einer Wiederholrate von bis zu 1 MHz zu erm\u00f6glichen. Es eignet sich f\u00fcr ultrakurz gepulste Laser bis hinunter zu einer Pulsdauer von Femtosekunden. It is suitable for ultrashort pulsed lasers down to femtosecond pulse duration.<\/p>\n<p>Das HSM kann nach zwei verschiedenen Modi arbeiten; dem \u201eOszilloskop-Modus\u201c, der es erm\u00f6glicht, die erfasste Laserpulsfolge auf dem PC anzuzeigen, und den \u201eIn Time Parameters\u201c, bei denen der Benutzer das Verhalten vieler verschiedener Parameter der erfassten Laserpulsfolge wie die Energie jedes Pulses, Leistung, Wiederholungsrate und Spitzenleistung \u00fcberwachen kann. Eine benutzerfreundliche grafische Benutzeroberfl\u00e4che (Blink-HS-GUI) wird mit dem HSM geliefert, um die Daten mit Hilfe der beiden Modi einfach auf dem PC anzuzeigen. Die externe Stromversorgung f\u00fcr das HSM betr\u00e4gt 12 V mit maximal 2 A Stromst\u00e4rke. Der BlinkHS-Sensor wird \u00fcber ein spezielles Mikrowellenkabel, das mit dem Sensor geliefert wird, an das HSM angeschlossen. Die Messaufl\u00f6sung des HSM (%, Skalenendwert) betr\u00e4gt 0,1% mit einer Messgenauigkeit von +\/- 1%. Trigger IN und Trigger OUT SMA-Anschl\u00fcsse sind an der Frontplatte des HSM verf\u00fcgbar, um die Triggerung von HSM-Messungen von einer externen Triggerquelle zu erm\u00f6glichen bzw. ein internes Triggersignal zu liefern.[\/vc_column_text][\/vc_column][vc_column width=&#8220;1\/3&#8243;][vc_single_image image=&#8220;6988&#8243; img_size=&#8220;large&#8220;][vc_empty_space][vc_single_image image=&#8220;6490&#8243; img_size=&#8220;large&#8220; onclick=&#8220;link_image&#8220;][\/vc_column][\/vc_row][vc_row][vc_column width=&#8220;1\/3&#8243;][vc_single_image image=&#8220;7000&#8243; img_size=&#8220;large&#8220; onclick=&#8220;link_image&#8220;][\/vc_column][vc_column width=&#8220;1\/3&#8243;][vc_single_image image=&#8220;7006&#8243; img_size=&#8220;large&#8220; onclick=&#8220;link_image&#8220;][\/vc_column][vc_column width=&#8220;1\/3&#8243;][vc_single_image image=&#8220;7048&#8243; img_size=&#8220;large&#8220; onclick=&#8220;link_image&#8220;][\/vc_column][\/vc_row][vc_row][vc_column][vc_empty_space][vc_single_image image=&#8220;17934&#8243; img_size=&#8220;large&#8220;][\/vc_column][\/vc_row]<\/p>\n<\/section>","protected":false},"excerpt":{"rendered":"<p>[vc_row][vc_column width=&#8220;2\/3&#8243;][vc_column_text]High Speed Meter (HSM) HSM ist ein Hochgeschwindigkeitsmessger\u00e4t, das speziell entwickelt wurde, um den High Speed Sensor Blink HS \u00fcber Ethernet mit einem PC zu verbinden, um Daten von Laserpulsfolgen zu erfassen und anzuzeigen und Statistiken \u00fcber viele Laserparameter wie Energie, Leistung, Wiederholrate, Spitzenenergie durchzuf\u00fchren. Das HSM ist in der Lage, Daten mit einer&hellip;<\/p>\n","protected":false},"featured_media":6988,"menu_order":0,"template":"","meta":[],"product_cat":[660],"product_tag":[],"acf":[],"yoast_head":"<!-- This site is optimized with the Yoast SEO plugin v21.3 - https:\/\/yoast.com\/wordpress\/plugins\/seo\/ -->\n<title>HSM-1000 - Laserpoint<\/title>\n<meta name=\"robots\" content=\"noindex, follow, max-snippet:-1, max-image-preview:large, max-video-preview:-1\" \/>\n<meta property=\"og:locale\" content=\"de_DE\" \/>\n<meta property=\"og:type\" content=\"article\" \/>\n<meta property=\"og:title\" content=\"HSM-1000 - Laserpoint\" \/>\n<meta property=\"og:description\" content=\"[vc_row][vc_column width=&#8220;2\/3&#8243;][vc_column_text]High Speed Meter (HSM) HSM ist ein Hochgeschwindigkeitsmessger\u00e4t, das speziell entwickelt wurde, um den High Speed Sensor Blink HS \u00fcber Ethernet mit einem PC zu verbinden, um Daten von Laserpulsfolgen zu erfassen und anzuzeigen und Statistiken \u00fcber viele Laserparameter wie Energie, Leistung, Wiederholrate, Spitzenenergie durchzuf\u00fchren. Das HSM ist in der Lage, Daten mit einer&hellip;\" \/>\n<meta property=\"og:url\" content=\"https:\/\/new.laserpoint.eu\/de\/produkt\/sensor-messgerate\/hsm-1000\/\" \/>\n<meta property=\"og:site_name\" content=\"Laserpoint\" \/>\n<meta property=\"article:modified_time\" content=\"2021-07-08T08:27:38+00:00\" \/>\n<meta property=\"og:image\" content=\"https:\/\/new.laserpoint.eu\/wp-content\/uploads\/HSM_Immagine_sfondo-bianco.jpg\" \/>\n\t<meta property=\"og:image:width\" content=\"646\" \/>\n\t<meta property=\"og:image:height\" content=\"329\" \/>\n\t<meta property=\"og:image:type\" content=\"image\/jpeg\" \/>\n<meta name=\"twitter:card\" content=\"summary_large_image\" \/>\n<meta name=\"twitter:label1\" content=\"Gesch\u00e4tzte Lesezeit\" \/>\n\t<meta name=\"twitter:data1\" content=\"2 Minuten\" \/>\n<script type=\"application\/ld+json\" class=\"yoast-schema-graph\">{\"@context\":\"https:\/\/schema.org\",\"@graph\":[{\"@type\":\"WebPage\",\"@id\":\"https:\/\/new.laserpoint.eu\/de\/produkt\/sensor-messgerate\/hsm-1000\/\",\"url\":\"https:\/\/new.laserpoint.eu\/de\/produkt\/sensor-messgerate\/hsm-1000\/\",\"name\":\"HSM-1000 - Laserpoint\",\"isPartOf\":{\"@id\":\"https:\/\/new.laserpoint.eu\/de\/#website\"},\"datePublished\":\"2021-07-08T08:26:36+00:00\",\"dateModified\":\"2021-07-08T08:27:38+00:00\",\"breadcrumb\":{\"@id\":\"https:\/\/new.laserpoint.eu\/de\/produkt\/sensor-messgerate\/hsm-1000\/#breadcrumb\"},\"inLanguage\":\"de-DE\",\"potentialAction\":[{\"@type\":\"ReadAction\",\"target\":[\"https:\/\/new.laserpoint.eu\/de\/produkt\/sensor-messgerate\/hsm-1000\/\"]}]},{\"@type\":\"BreadcrumbList\",\"@id\":\"https:\/\/new.laserpoint.eu\/de\/produkt\/sensor-messgerate\/hsm-1000\/#breadcrumb\",\"itemListElement\":[{\"@type\":\"ListItem\",\"position\":1,\"name\":\"Home\",\"item\":\"https:\/\/new.laserpoint.eu\/de\/\"},{\"@type\":\"ListItem\",\"position\":2,\"name\":\"Produkte finden\",\"item\":\"https:\/\/new.laserpoint.eu\/find-products\/\"},{\"@type\":\"ListItem\",\"position\":3,\"name\":\"HSM-1000\"}]},{\"@type\":\"WebSite\",\"@id\":\"https:\/\/new.laserpoint.eu\/de\/#website\",\"url\":\"https:\/\/new.laserpoint.eu\/de\/\",\"name\":\"Laserpoint\",\"description\":\"Development and manufacturing of laser measurement instruments\",\"publisher\":{\"@id\":\"https:\/\/new.laserpoint.eu\/de\/#organization\"},\"potentialAction\":[{\"@type\":\"SearchAction\",\"target\":{\"@type\":\"EntryPoint\",\"urlTemplate\":\"https:\/\/new.laserpoint.eu\/de\/?s={search_term_string}\"},\"query-input\":\"required name=search_term_string\"}],\"inLanguage\":\"de-DE\"},{\"@type\":\"Organization\",\"@id\":\"https:\/\/new.laserpoint.eu\/de\/#organization\",\"name\":\"Laserpoint\",\"url\":\"https:\/\/new.laserpoint.eu\/de\/\",\"logo\":{\"@type\":\"ImageObject\",\"inLanguage\":\"de-DE\",\"@id\":\"https:\/\/new.laserpoint.eu\/de\/#\/schema\/logo\/image\/\",\"url\":\"https:\/\/www.laserpoint.eu\/wp-content\/uploads\/laserpoint-logo.png\",\"contentUrl\":\"https:\/\/www.laserpoint.eu\/wp-content\/uploads\/laserpoint-logo.png\",\"width\":520,\"height\":84,\"caption\":\"Laserpoint\"},\"image\":{\"@id\":\"https:\/\/new.laserpoint.eu\/de\/#\/schema\/logo\/image\/\"}}]}<\/script>\n<!-- \/ Yoast SEO plugin. -->","yoast_head_json":{"title":"HSM-1000 - Laserpoint","robots":{"index":"noindex","follow":"follow","max-snippet":"max-snippet:-1","max-image-preview":"max-image-preview:large","max-video-preview":"max-video-preview:-1"},"og_locale":"de_DE","og_type":"article","og_title":"HSM-1000 - Laserpoint","og_description":"[vc_row][vc_column width=&#8220;2\/3&#8243;][vc_column_text]High Speed Meter (HSM) HSM ist ein Hochgeschwindigkeitsmessger\u00e4t, das speziell entwickelt wurde, um den High Speed Sensor Blink HS \u00fcber Ethernet mit einem PC zu verbinden, um Daten von Laserpulsfolgen zu erfassen und anzuzeigen und Statistiken \u00fcber viele Laserparameter wie Energie, Leistung, Wiederholrate, Spitzenenergie durchzuf\u00fchren. Das HSM ist in der Lage, Daten mit einer&hellip;","og_url":"https:\/\/new.laserpoint.eu\/de\/produkt\/sensor-messgerate\/hsm-1000\/","og_site_name":"Laserpoint","article_modified_time":"2021-07-08T08:27:38+00:00","og_image":[{"width":646,"height":329,"url":"https:\/\/new.laserpoint.eu\/wp-content\/uploads\/HSM_Immagine_sfondo-bianco.jpg","type":"image\/jpeg"}],"twitter_card":"summary_large_image","twitter_misc":{"Gesch\u00e4tzte Lesezeit":"2 Minuten"},"schema":{"@context":"https:\/\/schema.org","@graph":[{"@type":"WebPage","@id":"https:\/\/new.laserpoint.eu\/de\/produkt\/sensor-messgerate\/hsm-1000\/","url":"https:\/\/new.laserpoint.eu\/de\/produkt\/sensor-messgerate\/hsm-1000\/","name":"HSM-1000 - Laserpoint","isPartOf":{"@id":"https:\/\/new.laserpoint.eu\/de\/#website"},"datePublished":"2021-07-08T08:26:36+00:00","dateModified":"2021-07-08T08:27:38+00:00","breadcrumb":{"@id":"https:\/\/new.laserpoint.eu\/de\/produkt\/sensor-messgerate\/hsm-1000\/#breadcrumb"},"inLanguage":"de-DE","potentialAction":[{"@type":"ReadAction","target":["https:\/\/new.laserpoint.eu\/de\/produkt\/sensor-messgerate\/hsm-1000\/"]}]},{"@type":"BreadcrumbList","@id":"https:\/\/new.laserpoint.eu\/de\/produkt\/sensor-messgerate\/hsm-1000\/#breadcrumb","itemListElement":[{"@type":"ListItem","position":1,"name":"Home","item":"https:\/\/new.laserpoint.eu\/de\/"},{"@type":"ListItem","position":2,"name":"Produkte finden","item":"https:\/\/new.laserpoint.eu\/find-products\/"},{"@type":"ListItem","position":3,"name":"HSM-1000"}]},{"@type":"WebSite","@id":"https:\/\/new.laserpoint.eu\/de\/#website","url":"https:\/\/new.laserpoint.eu\/de\/","name":"Laserpoint","description":"Development and manufacturing of laser measurement instruments","publisher":{"@id":"https:\/\/new.laserpoint.eu\/de\/#organization"},"potentialAction":[{"@type":"SearchAction","target":{"@type":"EntryPoint","urlTemplate":"https:\/\/new.laserpoint.eu\/de\/?s={search_term_string}"},"query-input":"required name=search_term_string"}],"inLanguage":"de-DE"},{"@type":"Organization","@id":"https:\/\/new.laserpoint.eu\/de\/#organization","name":"Laserpoint","url":"https:\/\/new.laserpoint.eu\/de\/","logo":{"@type":"ImageObject","inLanguage":"de-DE","@id":"https:\/\/new.laserpoint.eu\/de\/#\/schema\/logo\/image\/","url":"https:\/\/www.laserpoint.eu\/wp-content\/uploads\/laserpoint-logo.png","contentUrl":"https:\/\/www.laserpoint.eu\/wp-content\/uploads\/laserpoint-logo.png","width":520,"height":84,"caption":"Laserpoint"},"image":{"@id":"https:\/\/new.laserpoint.eu\/de\/#\/schema\/logo\/image\/"}}]}},"_links":{"self":[{"href":"https:\/\/new.laserpoint.eu\/de\/wp-json\/wp\/v2\/product\/49440"}],"collection":[{"href":"https:\/\/new.laserpoint.eu\/de\/wp-json\/wp\/v2\/product"}],"about":[{"href":"https:\/\/new.laserpoint.eu\/de\/wp-json\/wp\/v2\/types\/product"}],"wp:featuredmedia":[{"embeddable":true,"href":"https:\/\/new.laserpoint.eu\/de\/wp-json\/wp\/v2\/media\/6988"}],"wp:attachment":[{"href":"https:\/\/new.laserpoint.eu\/de\/wp-json\/wp\/v2\/media?parent=49440"}],"wp:term":[{"taxonomy":"product_cat","embeddable":true,"href":"https:\/\/new.laserpoint.eu\/de\/wp-json\/wp\/v2\/product_cat?post=49440"},{"taxonomy":"product_tag","embeddable":true,"href":"https:\/\/new.laserpoint.eu\/de\/wp-json\/wp\/v2\/product_tag?post=49440"}],"curies":[{"name":"wp","href":"https:\/\/api.w.org\/{rel}","templated":true}]}}