{"id":50462,"date":"2021-11-06T11:52:32","date_gmt":"2021-11-06T10:52:32","guid":{"rendered":"https:\/\/www.laserpoint.eu\/rohs-and-weee\/"},"modified":"2021-11-06T12:16:49","modified_gmt":"2021-11-06T11:16:49","slug":"laserpoint-und-die-umwelt-rohs-and-weee","status":"publish","type":"page","link":"https:\/\/new.laserpoint.eu\/de\/laserpoint-und-die-umwelt-rohs-and-weee\/","title":{"rendered":"LaserPoint und die Umwelt: RoHS and WEEE"},"content":{"rendered":"<section class=\"wpb-content-wrapper\"><p>[vc_row][vc_column][vc_column_text]LaserPoint ist extrem umweltbewusst und erf\u00fcllt als europ\u00e4ischer Hersteller seit jeher s\u00e4mtliche Richtlinien, seit diese von der Europ\u00e4ischen Union verabschiedet wurden.<br \/>\nAlle LaserPoint-Produkte sind RoHS-konform.<br \/>\nDie RoHS-Richtlinie (Restriction of Hazardous Substances) zur Beschr\u00e4nkung der Verwendung bestimmter gef\u00e4hrlicher Stoffe in Elektro- und Elektronikger\u00e4ten wurde von der Europ\u00e4ischen Union verabschiedet, um den Einsatz von vier Schwermetallen (Blei, Cadmium, Quecksilber, sechswertiges Chrom) und zwei Arten von bromierten Flammschutzmitteln (PBB und PBDE) zu begrenzen. Die RoHS-Richtlinie legt die zul\u00e4ssigen H\u00f6chstwerte f\u00fcr die sechs oben genannten Stoffe fest.<\/p>\n<p><img decoding=\"async\" loading=\"lazy\" class=\"alignleft\" src=\"https:\/\/www.laserpoint.eu\/wp-content\/uploads\/cert-rohs-compliant.png\" alt=\"ROHS-Zertifikat\" width=\"190\" height=\"280\">Die RoHS-Richtlinie verhindert, dass jedes Jahr viele Tausend Tonnen verbotener Stoffe entsorgt und m\u00f6glicherweise in der Umwelt freigesetzt werden, und tr\u00e4gt somit zu einer erheblichen Verbesserung des Schutzes der menschlichen Gesundheit bei. Gleichzeitig hat sie das Bewusstsein der Hersteller f\u00fcr die Zusammensetzung und Giftigkeit von Produkten gesch\u00e4rft und damit wichtige Ver\u00e4nderungen bei der Entwicklung von elektrischen und elektronischen Ger\u00e4ten ausgel\u00f6st. <\/p>\n<p>WEEE ist das K\u00fcrzel f\u00fcr Waste from Electrical and Electronic Equipment und bezeichnet die Richtlinie 2002\/96\/EG des Europ\u00e4ischen Parlaments zur Vermeidung von Abf\u00e4llen von Elektro- und Elektronikger\u00e4ten.<br \/>\nDie WEEE-Richtlinie regelt die Aufbereitung, die R\u00fcckgewinnung und das Recycling von Elektro- und Elektronikger\u00e4ten und will die Entwicklung elektronischer Produkte im Hinblick auf umweltschonendes Recycling und R\u00fcckgewinnung vorantreiben.<br \/>\nAlle auf dem EU-Markt erh\u00e4ltlichen Elektroger\u00e4te m\u00fcssen die WEEE-Richtlinien erf\u00fcllen und den &#8222;Wheelie Bin&#8220;-Aufkleber tragen.<br \/>\nRoHS regelt den Umgang mit den in Elektro- und Elektronikger\u00e4ten verwendeten gef\u00e4hrlichen Stoffen, w\u00e4hrend WEEE die Entsorgung dieser Ger\u00e4te vorschreibt.[\/vc_column_text][\/vc_column][\/vc_row]<\/p>\n<\/section>","protected":false},"excerpt":{"rendered":"<p>[vc_row][vc_column][vc_column_text]LaserPoint ist extrem umweltbewusst und erf\u00fcllt als europ\u00e4ischer Hersteller seit jeher s\u00e4mtliche Richtlinien, seit diese von der Europ\u00e4ischen Union verabschiedet wurden. Alle LaserPoint-Produkte sind RoHS-konform. Die RoHS-Richtlinie (Restriction of Hazardous Substances) zur Beschr\u00e4nkung der Verwendung bestimmter gef\u00e4hrlicher Stoffe in Elektro- und Elektronikger\u00e4ten wurde von der Europ\u00e4ischen Union verabschiedet, um den Einsatz von vier Schwermetallen (Blei,&hellip;<\/p>\n","protected":false},"author":1,"featured_media":0,"parent":0,"menu_order":0,"comment_status":"closed","ping_status":"closed","template":"","meta":{"footnotes":""},"acf":[],"yoast_head":"<!-- This site is optimized with the Yoast SEO plugin v21.3 - https:\/\/yoast.com\/wordpress\/plugins\/seo\/ -->\n<title>LaserPoint und die Umwelt: RoHS and WEEE - Laserpoint<\/title>\n<meta name=\"robots\" content=\"noindex, follow, max-snippet:-1, max-image-preview:large, max-video-preview:-1\" \/>\n<meta property=\"og:locale\" content=\"de_DE\" \/>\n<meta property=\"og:type\" content=\"article\" \/>\n<meta property=\"og:title\" content=\"LaserPoint und die Umwelt: RoHS and WEEE - Laserpoint\" \/>\n<meta property=\"og:description\" content=\"[vc_row][vc_column][vc_column_text]LaserPoint ist extrem umweltbewusst und erf\u00fcllt als europ\u00e4ischer Hersteller seit jeher s\u00e4mtliche Richtlinien, seit diese von der Europ\u00e4ischen Union verabschiedet wurden. Alle LaserPoint-Produkte sind RoHS-konform. Die RoHS-Richtlinie (Restriction of Hazardous Substances) zur Beschr\u00e4nkung der Verwendung bestimmter gef\u00e4hrlicher Stoffe in Elektro- und Elektronikger\u00e4ten wurde von der Europ\u00e4ischen Union verabschiedet, um den Einsatz von vier Schwermetallen (Blei,&hellip;\" \/>\n<meta property=\"og:url\" content=\"https:\/\/new.laserpoint.eu\/de\/laserpoint-und-die-umwelt-rohs-and-weee\/\" \/>\n<meta property=\"og:site_name\" content=\"Laserpoint\" \/>\n<meta property=\"article:modified_time\" content=\"2021-11-06T11:16:49+00:00\" \/>\n<meta property=\"og:image\" content=\"https:\/\/www.laserpoint.eu\/wp-content\/uploads\/cert-rohs-compliant.png\" \/>\n<meta name=\"twitter:card\" content=\"summary_large_image\" \/>\n<meta name=\"twitter:label1\" content=\"Gesch\u00e4tzte Lesezeit\" \/>\n\t<meta name=\"twitter:data1\" content=\"1 Minute\" \/>\n<script type=\"application\/ld+json\" class=\"yoast-schema-graph\">{\"@context\":\"https:\/\/schema.org\",\"@graph\":[{\"@type\":\"WebPage\",\"@id\":\"https:\/\/new.laserpoint.eu\/de\/laserpoint-und-die-umwelt-rohs-and-weee\/\",\"url\":\"https:\/\/new.laserpoint.eu\/de\/laserpoint-und-die-umwelt-rohs-and-weee\/\",\"name\":\"LaserPoint und die Umwelt: RoHS and WEEE - Laserpoint\",\"isPartOf\":{\"@id\":\"https:\/\/new.laserpoint.eu\/de\/#website\"},\"datePublished\":\"2021-11-06T10:52:32+00:00\",\"dateModified\":\"2021-11-06T11:16:49+00:00\",\"breadcrumb\":{\"@id\":\"https:\/\/new.laserpoint.eu\/de\/laserpoint-und-die-umwelt-rohs-and-weee\/#breadcrumb\"},\"inLanguage\":\"de-DE\",\"potentialAction\":[{\"@type\":\"ReadAction\",\"target\":[\"https:\/\/new.laserpoint.eu\/de\/laserpoint-und-die-umwelt-rohs-and-weee\/\"]}]},{\"@type\":\"BreadcrumbList\",\"@id\":\"https:\/\/new.laserpoint.eu\/de\/laserpoint-und-die-umwelt-rohs-and-weee\/#breadcrumb\",\"itemListElement\":[{\"@type\":\"ListItem\",\"position\":1,\"name\":\"Home\",\"item\":\"https:\/\/new.laserpoint.eu\/de\/\"},{\"@type\":\"ListItem\",\"position\":2,\"name\":\"LaserPoint und die Umwelt: RoHS and WEEE\"}]},{\"@type\":\"WebSite\",\"@id\":\"https:\/\/new.laserpoint.eu\/de\/#website\",\"url\":\"https:\/\/new.laserpoint.eu\/de\/\",\"name\":\"Laserpoint\",\"description\":\"Development and manufacturing of laser measurement instruments\",\"publisher\":{\"@id\":\"https:\/\/new.laserpoint.eu\/de\/#organization\"},\"potentialAction\":[{\"@type\":\"SearchAction\",\"target\":{\"@type\":\"EntryPoint\",\"urlTemplate\":\"https:\/\/new.laserpoint.eu\/de\/?s={search_term_string}\"},\"query-input\":\"required name=search_term_string\"}],\"inLanguage\":\"de-DE\"},{\"@type\":\"Organization\",\"@id\":\"https:\/\/new.laserpoint.eu\/de\/#organization\",\"name\":\"Laserpoint\",\"url\":\"https:\/\/new.laserpoint.eu\/de\/\",\"logo\":{\"@type\":\"ImageObject\",\"inLanguage\":\"de-DE\",\"@id\":\"https:\/\/new.laserpoint.eu\/de\/#\/schema\/logo\/image\/\",\"url\":\"https:\/\/www.laserpoint.eu\/wp-content\/uploads\/laserpoint-logo.png\",\"contentUrl\":\"https:\/\/www.laserpoint.eu\/wp-content\/uploads\/laserpoint-logo.png\",\"width\":520,\"height\":84,\"caption\":\"Laserpoint\"},\"image\":{\"@id\":\"https:\/\/new.laserpoint.eu\/de\/#\/schema\/logo\/image\/\"}}]}<\/script>\n<!-- \/ Yoast SEO plugin. -->","yoast_head_json":{"title":"LaserPoint und die Umwelt: RoHS and WEEE - Laserpoint","robots":{"index":"noindex","follow":"follow","max-snippet":"max-snippet:-1","max-image-preview":"max-image-preview:large","max-video-preview":"max-video-preview:-1"},"og_locale":"de_DE","og_type":"article","og_title":"LaserPoint und die Umwelt: RoHS and WEEE - Laserpoint","og_description":"[vc_row][vc_column][vc_column_text]LaserPoint ist extrem umweltbewusst und erf\u00fcllt als europ\u00e4ischer Hersteller seit jeher s\u00e4mtliche Richtlinien, seit diese von der Europ\u00e4ischen Union verabschiedet wurden. Alle LaserPoint-Produkte sind RoHS-konform. Die RoHS-Richtlinie (Restriction of Hazardous Substances) zur Beschr\u00e4nkung der Verwendung bestimmter gef\u00e4hrlicher Stoffe in Elektro- und Elektronikger\u00e4ten wurde von der Europ\u00e4ischen Union verabschiedet, um den Einsatz von vier Schwermetallen (Blei,&hellip;","og_url":"https:\/\/new.laserpoint.eu\/de\/laserpoint-und-die-umwelt-rohs-and-weee\/","og_site_name":"Laserpoint","article_modified_time":"2021-11-06T11:16:49+00:00","og_image":[{"url":"https:\/\/www.laserpoint.eu\/wp-content\/uploads\/cert-rohs-compliant.png"}],"twitter_card":"summary_large_image","twitter_misc":{"Gesch\u00e4tzte Lesezeit":"1 Minute"},"schema":{"@context":"https:\/\/schema.org","@graph":[{"@type":"WebPage","@id":"https:\/\/new.laserpoint.eu\/de\/laserpoint-und-die-umwelt-rohs-and-weee\/","url":"https:\/\/new.laserpoint.eu\/de\/laserpoint-und-die-umwelt-rohs-and-weee\/","name":"LaserPoint und die Umwelt: RoHS and WEEE - Laserpoint","isPartOf":{"@id":"https:\/\/new.laserpoint.eu\/de\/#website"},"datePublished":"2021-11-06T10:52:32+00:00","dateModified":"2021-11-06T11:16:49+00:00","breadcrumb":{"@id":"https:\/\/new.laserpoint.eu\/de\/laserpoint-und-die-umwelt-rohs-and-weee\/#breadcrumb"},"inLanguage":"de-DE","potentialAction":[{"@type":"ReadAction","target":["https:\/\/new.laserpoint.eu\/de\/laserpoint-und-die-umwelt-rohs-and-weee\/"]}]},{"@type":"BreadcrumbList","@id":"https:\/\/new.laserpoint.eu\/de\/laserpoint-und-die-umwelt-rohs-and-weee\/#breadcrumb","itemListElement":[{"@type":"ListItem","position":1,"name":"Home","item":"https:\/\/new.laserpoint.eu\/de\/"},{"@type":"ListItem","position":2,"name":"LaserPoint und die Umwelt: RoHS and WEEE"}]},{"@type":"WebSite","@id":"https:\/\/new.laserpoint.eu\/de\/#website","url":"https:\/\/new.laserpoint.eu\/de\/","name":"Laserpoint","description":"Development and manufacturing of laser measurement instruments","publisher":{"@id":"https:\/\/new.laserpoint.eu\/de\/#organization"},"potentialAction":[{"@type":"SearchAction","target":{"@type":"EntryPoint","urlTemplate":"https:\/\/new.laserpoint.eu\/de\/?s={search_term_string}"},"query-input":"required name=search_term_string"}],"inLanguage":"de-DE"},{"@type":"Organization","@id":"https:\/\/new.laserpoint.eu\/de\/#organization","name":"Laserpoint","url":"https:\/\/new.laserpoint.eu\/de\/","logo":{"@type":"ImageObject","inLanguage":"de-DE","@id":"https:\/\/new.laserpoint.eu\/de\/#\/schema\/logo\/image\/","url":"https:\/\/www.laserpoint.eu\/wp-content\/uploads\/laserpoint-logo.png","contentUrl":"https:\/\/www.laserpoint.eu\/wp-content\/uploads\/laserpoint-logo.png","width":520,"height":84,"caption":"Laserpoint"},"image":{"@id":"https:\/\/new.laserpoint.eu\/de\/#\/schema\/logo\/image\/"}}]}},"_links":{"self":[{"href":"https:\/\/new.laserpoint.eu\/de\/wp-json\/wp\/v2\/pages\/50462"}],"collection":[{"href":"https:\/\/new.laserpoint.eu\/de\/wp-json\/wp\/v2\/pages"}],"about":[{"href":"https:\/\/new.laserpoint.eu\/de\/wp-json\/wp\/v2\/types\/page"}],"author":[{"embeddable":true,"href":"https:\/\/new.laserpoint.eu\/de\/wp-json\/wp\/v2\/users\/1"}],"replies":[{"embeddable":true,"href":"https:\/\/new.laserpoint.eu\/de\/wp-json\/wp\/v2\/comments?post=50462"}],"version-history":[{"count":7,"href":"https:\/\/new.laserpoint.eu\/de\/wp-json\/wp\/v2\/pages\/50462\/revisions"}],"predecessor-version":[{"id":50473,"href":"https:\/\/new.laserpoint.eu\/de\/wp-json\/wp\/v2\/pages\/50462\/revisions\/50473"}],"wp:attachment":[{"href":"https:\/\/new.laserpoint.eu\/de\/wp-json\/wp\/v2\/media?parent=50462"}],"curies":[{"name":"wp","href":"https:\/\/api.w.org\/{rel}","templated":true}]}}