{"id":12476,"date":"2020-04-06T17:06:06","date_gmt":"2020-04-06T15:06:06","guid":{"rendered":"https:\/\/www.laserpoint.eu\/menschen\/"},"modified":"2023-06-29T12:23:47","modified_gmt":"2023-06-29T10:23:47","slug":"menschen","status":"publish","type":"page","link":"https:\/\/new.laserpoint.eu\/de\/ueber-uns\/menschen\/","title":{"rendered":"Menschen"},"content":{"rendered":"<section class=\"wpb-content-wrapper\"><p>[vc_row][vc_column]<div id=\"ultimate-heading-485469f2724f6ebe2\" class=\"uvc-heading ult-adjust-bottom-margin ultimate-heading-485469f2724f6ebe2 uvc-6090 titolo-doppio\" data-hspacer=\"no_spacer\"  data-halign=\"center\" style=\"text-align:center\"><div class=\"uvc-heading-spacer no_spacer\" style=\"top\"><\/div><div class=\"uvc-main-heading ult-responsive\"  data-ultimate-target='.uvc-heading.ultimate-heading-485469f2724f6ebe2 h2'  data-responsive-json-new='{\"font-size\":\"desktop:80px;\",\"line-height\":\"\"}' ><h2 style=\"--font-weight:theme;color:#777777;margin-top:50px;\">LASERPOINT TEAM<\/h2><\/div><div class=\"uvc-sub-heading ult-responsive\"  data-ultimate-target='.uvc-heading.ultimate-heading-485469f2724f6ebe2 .uvc-sub-heading '  data-responsive-json-new='{\"font-size\":\"desktop:80px;\",\"line-height\":\"\"}'  style=\"font-weight:bold;color:#e9312b;margin-bottom:50px;\"><\/p>\n<h2><strong>EXPERTEN<\/strong> <strong>DER BRANCHE<\/strong><\/h2>\n<p><\/div><\/div>[\/vc_column][\/vc_row][vc_row type=&#8220;vc_default&#8220; full_width=&#8220;stretch_row&#8220; full_width_row=&#8220;true&#8220;][vc_column width=&#8220;1\/6&#8243;][\/vc_column][vc_column width=&#8220;1\/3&#8243;][vc_single_image image=&#8220;6052&#8243; img_size=&#8220;large&#8220; alignment=&#8220;center&#8220;][vc_column_text css=&#8220;.vc_custom_1583919006409{padding-right: 30px !important;padding-bottom: 30px !important;padding-left: 30px !important;}&#8220;]<\/p>\n<h4 style=\"text-align: center;\">Sergio Pellegrino<\/h4>\n<p style=\"text-align: center;\">Partner \/ R&amp;D Manager. 25 Years in R&amp;D, PhD in Phisical &#8211; chemistry, MBA in Engineering, 70 Journal Papers, 8 Patents.<\/p>\n<p>[\/vc_column_text][\/vc_column][vc_column width=&#8220;1\/3&#8243;][vc_single_image image=&#8220;6040&#8243; img_size=&#8220;large&#8220; alignment=&#8220;center&#8220;][vc_column_text css=&#8220;.vc_custom_1583919012440{padding-right: 30px !important;padding-bottom: 30px !important;padding-left: 30px !important;}&#8220;]<\/p>\n<h4 style=\"text-align: center;\">Andrea Brinciotti<\/h4>\n<p style=\"text-align: center;\">Partner \/ Managing director MS in Physics, 25 Years in R&amp;D, 20 Journal Papers.<\/p>\n<p>[\/vc_column_text][\/vc_column][vc_column width=&#8220;1\/6&#8243;][\/vc_column][\/vc_row][vc_row type=&#8220;vc_default&#8220; full_width=&#8220;stretch_row&#8220; bg_type=&#8220;bg_color&#8220; bg_override=&#8220;full&#8220; css=&#8220;.vc_custom_1587057888644{background-color: #f7f7f7 !important;}&#8220;][vc_column css=&#8220;.vc_custom_1586851323286{background-color: #f7f7f7 !important;}&#8220;][vc_column_text css=&#8220;.vc_custom_1586852592747{padding-top: 100px !important;padding-right: 30px !important;padding-bottom: 100px !important;padding-left: 30px !important;}&#8220;]<\/p>\n<p style=\"text-align: center; font-size: 30px; line-height: 40px;\">Die gesch\u00e4ftsf\u00fchrenden Partner sind voll in die t\u00e4gliche Arbeit eingebunden und bieten dem Unternehmen und dem Kernteam eine einzigartige Kombination von Kompetenzen und Erfahrungen.<br \/>\nSo arbeiten wir: <strong>qualifizierte Mitarbeiter, flexible Organisation, interne strategische und technologische<\/strong><\/p>\n<p>[\/vc_column_text][vc_empty_space height=&#8220;50&#8243;][\/vc_column][\/vc_row][vc_row type=&#8220;vc_default&#8220; full_width=&#8220;stretch_row_content&#8220; bg_type=&#8220;bg_color&#8220;][vc_column][vc_cta h2=&#8220;Kontakt LaserPoint&#8220; h4=&#8220;Kontaktieren Sie uns, um Ihre Anwendung zu besprechen&#8220; style=&#8220;flat&#8220; color=&#8220;juicy-pink&#8220; add_icon=&#8220;left&#8220; i_icon_fontawesome=&#8220;fas fa-long-arrow-alt-right&#8220; i_color=&#8220;custom&#8220; i_background_style=&#8220;rounded-less&#8220; i_background_color=&#8220;custom&#8220; i_size=&#8220;lg&#8220; css_animation=&#8220;bounceInUp&#8220; i_custom_color=&#8220;#ffffff&#8220; i_custom_background_color=&#8220;#333333&#8243; css=&#8220;.vc_custom_1591773379545{padding-top: 20px !important;padding-bottom: 20px !important;}&#8220; i_link=&#8220;url:https%3A%2F%2Fwww.laserpoint.eu%2Fde%2Fkontaktieren-sie-uns%2Fkontakt-formular%2F|title:Kontakt%20Formular|&#8220;][\/vc_cta][\/vc_column][\/vc_row]<\/p>\n<\/section>","protected":false},"excerpt":{"rendered":"<p>[vc_row][vc_column][\/vc_column][\/vc_row][vc_row type=&#8220;vc_default&#8220; full_width=&#8220;stretch_row&#8220; full_width_row=&#8220;true&#8220;][vc_column width=&#8220;1\/6&#8243;][\/vc_column][vc_column width=&#8220;1\/3&#8243;][vc_single_image image=&#8220;6052&#8243; img_size=&#8220;large&#8220; alignment=&#8220;center&#8220;][vc_column_text css=&#8220;.vc_custom_1583919006409{padding-right: 30px !important;padding-bottom: 30px !important;padding-left: 30px !important;}&#8220;] Sergio Pellegrino Partner \/ R&amp;D Manager. 25 Years in R&amp;D, PhD in Phisical &#8211; chemistry, MBA in Engineering, 70 Journal Papers, 8 Patents. [\/vc_column_text][\/vc_column][vc_column width=&#8220;1\/3&#8243;][vc_single_image image=&#8220;6040&#8243; img_size=&#8220;large&#8220; alignment=&#8220;center&#8220;][vc_column_text css=&#8220;.vc_custom_1583919012440{padding-right: 30px !important;padding-bottom: 30px !important;padding-left: 30px !important;}&#8220;] Andrea Brinciotti Partner \/&hellip;<\/p>\n","protected":false},"author":1,"featured_media":0,"parent":12764,"menu_order":2,"comment_status":"closed","ping_status":"closed","template":"","meta":{"footnotes":""},"acf":[],"yoast_head":"<!-- This site is optimized with the Yoast SEO plugin v21.3 - https:\/\/yoast.com\/wordpress\/plugins\/seo\/ -->\n<title>Menschen - Laserpoint<\/title>\n<meta name=\"robots\" content=\"noindex, follow, max-snippet:-1, max-image-preview:large, max-video-preview:-1\" \/>\n<meta property=\"og:locale\" content=\"de_DE\" \/>\n<meta property=\"og:type\" content=\"article\" \/>\n<meta property=\"og:title\" content=\"Menschen - Laserpoint\" \/>\n<meta property=\"og:description\" content=\"[vc_row][vc_column][\/vc_column][\/vc_row][vc_row type=&#8220;vc_default&#8220; full_width=&#8220;stretch_row&#8220; full_width_row=&#8220;true&#8220;][vc_column width=&#8220;1\/6&#8243;][\/vc_column][vc_column width=&#8220;1\/3&#8243;][vc_single_image image=&#8220;6052&#8243; img_size=&#8220;large&#8220; alignment=&#8220;center&#8220;][vc_column_text css=&#8220;.vc_custom_1583919006409{padding-right: 30px !important;padding-bottom: 30px !important;padding-left: 30px !important;}&#8220;] Sergio Pellegrino Partner \/ R&amp;D Manager. 25 Years in R&amp;D, PhD in Phisical &#8211; chemistry, MBA in Engineering, 70 Journal Papers, 8 Patents. [\/vc_column_text][\/vc_column][vc_column width=&#8220;1\/3&#8243;][vc_single_image image=&#8220;6040&#8243; img_size=&#8220;large&#8220; alignment=&#8220;center&#8220;][vc_column_text css=&#8220;.vc_custom_1583919012440{padding-right: 30px !important;padding-bottom: 30px !important;padding-left: 30px !important;}&#8220;] Andrea Brinciotti Partner \/&hellip;\" \/>\n<meta property=\"og:url\" content=\"https:\/\/new.laserpoint.eu\/de\/ueber-uns\/menschen\/\" \/>\n<meta property=\"og:site_name\" content=\"Laserpoint\" \/>\n<meta property=\"article:modified_time\" content=\"2023-06-29T10:23:47+00:00\" \/>\n<meta name=\"twitter:card\" content=\"summary_large_image\" \/>\n<meta name=\"twitter:label1\" content=\"Gesch\u00e4tzte Lesezeit\" \/>\n\t<meta name=\"twitter:data1\" content=\"1 Minute\" \/>\n<script type=\"application\/ld+json\" class=\"yoast-schema-graph\">{\"@context\":\"https:\/\/schema.org\",\"@graph\":[{\"@type\":\"WebPage\",\"@id\":\"https:\/\/new.laserpoint.eu\/de\/ueber-uns\/menschen\/\",\"url\":\"https:\/\/new.laserpoint.eu\/de\/ueber-uns\/menschen\/\",\"name\":\"Menschen - Laserpoint\",\"isPartOf\":{\"@id\":\"https:\/\/new.laserpoint.eu\/de\/#website\"},\"datePublished\":\"2020-04-06T15:06:06+00:00\",\"dateModified\":\"2023-06-29T10:23:47+00:00\",\"breadcrumb\":{\"@id\":\"https:\/\/new.laserpoint.eu\/de\/ueber-uns\/menschen\/#breadcrumb\"},\"inLanguage\":\"de-DE\",\"potentialAction\":[{\"@type\":\"ReadAction\",\"target\":[\"https:\/\/new.laserpoint.eu\/de\/ueber-uns\/menschen\/\"]}]},{\"@type\":\"BreadcrumbList\",\"@id\":\"https:\/\/new.laserpoint.eu\/de\/ueber-uns\/menschen\/#breadcrumb\",\"itemListElement\":[{\"@type\":\"ListItem\",\"position\":1,\"name\":\"Home\",\"item\":\"https:\/\/new.laserpoint.eu\/de\/\"},{\"@type\":\"ListItem\",\"position\":2,\"name\":\"\u00dcber uns\",\"item\":\"https:\/\/new.laserpoint.eu\/de\/about-us\/\"},{\"@type\":\"ListItem\",\"position\":3,\"name\":\"Menschen\"}]},{\"@type\":\"WebSite\",\"@id\":\"https:\/\/new.laserpoint.eu\/de\/#website\",\"url\":\"https:\/\/new.laserpoint.eu\/de\/\",\"name\":\"Laserpoint\",\"description\":\"Development and manufacturing of laser measurement instruments\",\"publisher\":{\"@id\":\"https:\/\/new.laserpoint.eu\/de\/#organization\"},\"potentialAction\":[{\"@type\":\"SearchAction\",\"target\":{\"@type\":\"EntryPoint\",\"urlTemplate\":\"https:\/\/new.laserpoint.eu\/de\/?s={search_term_string}\"},\"query-input\":\"required name=search_term_string\"}],\"inLanguage\":\"de-DE\"},{\"@type\":\"Organization\",\"@id\":\"https:\/\/new.laserpoint.eu\/de\/#organization\",\"name\":\"Laserpoint\",\"url\":\"https:\/\/new.laserpoint.eu\/de\/\",\"logo\":{\"@type\":\"ImageObject\",\"inLanguage\":\"de-DE\",\"@id\":\"https:\/\/new.laserpoint.eu\/de\/#\/schema\/logo\/image\/\",\"url\":\"https:\/\/www.laserpoint.eu\/wp-content\/uploads\/laserpoint-logo.png\",\"contentUrl\":\"https:\/\/www.laserpoint.eu\/wp-content\/uploads\/laserpoint-logo.png\",\"width\":520,\"height\":84,\"caption\":\"Laserpoint\"},\"image\":{\"@id\":\"https:\/\/new.laserpoint.eu\/de\/#\/schema\/logo\/image\/\"}}]}<\/script>\n<!-- \/ Yoast SEO plugin. -->","yoast_head_json":{"title":"Menschen - Laserpoint","robots":{"index":"noindex","follow":"follow","max-snippet":"max-snippet:-1","max-image-preview":"max-image-preview:large","max-video-preview":"max-video-preview:-1"},"og_locale":"de_DE","og_type":"article","og_title":"Menschen - Laserpoint","og_description":"[vc_row][vc_column][\/vc_column][\/vc_row][vc_row type=&#8220;vc_default&#8220; full_width=&#8220;stretch_row&#8220; full_width_row=&#8220;true&#8220;][vc_column width=&#8220;1\/6&#8243;][\/vc_column][vc_column width=&#8220;1\/3&#8243;][vc_single_image image=&#8220;6052&#8243; img_size=&#8220;large&#8220; alignment=&#8220;center&#8220;][vc_column_text css=&#8220;.vc_custom_1583919006409{padding-right: 30px !important;padding-bottom: 30px !important;padding-left: 30px !important;}&#8220;] Sergio Pellegrino Partner \/ R&amp;D Manager. 25 Years in R&amp;D, PhD in Phisical &#8211; chemistry, MBA in Engineering, 70 Journal Papers, 8 Patents. [\/vc_column_text][\/vc_column][vc_column width=&#8220;1\/3&#8243;][vc_single_image image=&#8220;6040&#8243; img_size=&#8220;large&#8220; alignment=&#8220;center&#8220;][vc_column_text css=&#8220;.vc_custom_1583919012440{padding-right: 30px !important;padding-bottom: 30px !important;padding-left: 30px !important;}&#8220;] Andrea Brinciotti Partner \/&hellip;","og_url":"https:\/\/new.laserpoint.eu\/de\/ueber-uns\/menschen\/","og_site_name":"Laserpoint","article_modified_time":"2023-06-29T10:23:47+00:00","twitter_card":"summary_large_image","twitter_misc":{"Gesch\u00e4tzte Lesezeit":"1 Minute"},"schema":{"@context":"https:\/\/schema.org","@graph":[{"@type":"WebPage","@id":"https:\/\/new.laserpoint.eu\/de\/ueber-uns\/menschen\/","url":"https:\/\/new.laserpoint.eu\/de\/ueber-uns\/menschen\/","name":"Menschen - Laserpoint","isPartOf":{"@id":"https:\/\/new.laserpoint.eu\/de\/#website"},"datePublished":"2020-04-06T15:06:06+00:00","dateModified":"2023-06-29T10:23:47+00:00","breadcrumb":{"@id":"https:\/\/new.laserpoint.eu\/de\/ueber-uns\/menschen\/#breadcrumb"},"inLanguage":"de-DE","potentialAction":[{"@type":"ReadAction","target":["https:\/\/new.laserpoint.eu\/de\/ueber-uns\/menschen\/"]}]},{"@type":"BreadcrumbList","@id":"https:\/\/new.laserpoint.eu\/de\/ueber-uns\/menschen\/#breadcrumb","itemListElement":[{"@type":"ListItem","position":1,"name":"Home","item":"https:\/\/new.laserpoint.eu\/de\/"},{"@type":"ListItem","position":2,"name":"\u00dcber uns","item":"https:\/\/new.laserpoint.eu\/de\/about-us\/"},{"@type":"ListItem","position":3,"name":"Menschen"}]},{"@type":"WebSite","@id":"https:\/\/new.laserpoint.eu\/de\/#website","url":"https:\/\/new.laserpoint.eu\/de\/","name":"Laserpoint","description":"Development and manufacturing of laser measurement instruments","publisher":{"@id":"https:\/\/new.laserpoint.eu\/de\/#organization"},"potentialAction":[{"@type":"SearchAction","target":{"@type":"EntryPoint","urlTemplate":"https:\/\/new.laserpoint.eu\/de\/?s={search_term_string}"},"query-input":"required name=search_term_string"}],"inLanguage":"de-DE"},{"@type":"Organization","@id":"https:\/\/new.laserpoint.eu\/de\/#organization","name":"Laserpoint","url":"https:\/\/new.laserpoint.eu\/de\/","logo":{"@type":"ImageObject","inLanguage":"de-DE","@id":"https:\/\/new.laserpoint.eu\/de\/#\/schema\/logo\/image\/","url":"https:\/\/www.laserpoint.eu\/wp-content\/uploads\/laserpoint-logo.png","contentUrl":"https:\/\/www.laserpoint.eu\/wp-content\/uploads\/laserpoint-logo.png","width":520,"height":84,"caption":"Laserpoint"},"image":{"@id":"https:\/\/new.laserpoint.eu\/de\/#\/schema\/logo\/image\/"}}]}},"_links":{"self":[{"href":"https:\/\/new.laserpoint.eu\/de\/wp-json\/wp\/v2\/pages\/12476"}],"collection":[{"href":"https:\/\/new.laserpoint.eu\/de\/wp-json\/wp\/v2\/pages"}],"about":[{"href":"https:\/\/new.laserpoint.eu\/de\/wp-json\/wp\/v2\/types\/page"}],"author":[{"embeddable":true,"href":"https:\/\/new.laserpoint.eu\/de\/wp-json\/wp\/v2\/users\/1"}],"replies":[{"embeddable":true,"href":"https:\/\/new.laserpoint.eu\/de\/wp-json\/wp\/v2\/comments?post=12476"}],"version-history":[{"count":7,"href":"https:\/\/new.laserpoint.eu\/de\/wp-json\/wp\/v2\/pages\/12476\/revisions"}],"predecessor-version":[{"id":63298,"href":"https:\/\/new.laserpoint.eu\/de\/wp-json\/wp\/v2\/pages\/12476\/revisions\/63298"}],"up":[{"embeddable":true,"href":"https:\/\/new.laserpoint.eu\/de\/wp-json\/wp\/v2\/pages\/12764"}],"wp:attachment":[{"href":"https:\/\/new.laserpoint.eu\/de\/wp-json\/wp\/v2\/media?parent=12476"}],"curies":[{"name":"wp","href":"https:\/\/api.w.org\/{rel}","templated":true}]}}