{"id":12430,"date":"2020-09-01T14:57:23","date_gmt":"2020-09-01T12:57:23","guid":{"rendered":"https:\/\/www.laserpoint.eu\/kalibrierungen\/"},"modified":"2020-09-01T15:02:11","modified_gmt":"2020-09-01T13:02:11","slug":"kalibrierungen","status":"publish","type":"page","link":"https:\/\/new.laserpoint.eu\/de\/support\/kalibrierungen\/","title":{"rendered":"Kalibrierungen"},"content":{"rendered":"<section class=\"wpb-content-wrapper\"><p>[vc_row][vc_column][vc_column_text]<\/p>\n<h2>Zertifizierte Kalibrierungen<\/h2>\n<p>LaserPoint Sensoren sind mit einem Kalibrierzertifikat mit R\u00fcckf\u00fchrbarkeit auf die Laboratorien des National Institute of Standards and Technology (NIST) in Boulder, Colorado (USA) oder der Physikalisch-Technischen Bundesanstalt (PTB) in Berlin (Deutschland) versehen.<\/p>\n<h2>Periodische Rekalibrierungen<\/h2>\n<p>Die tats\u00e4chliche Notwendigkeit einer Rekalibrierung h\u00e4ngt von der Art und Weise ab, wie das Ger\u00e4t verwendet wurde, von seinen Bedingungen und auch von den Bedingungen der Arbeitsumgebung. Eine regelm\u00e4\u00dfige Wartung und Rekalibrierung sind jedoch unerl\u00e4sslich, um die Leistung und Genauigkeit der Instrumente zu gew\u00e4hrleisten. Internationale Metrologie-Laboratorien, wie das NIST und die PTB, empfehlen eine j\u00e4hrliche Rekalibrierung. Damit Ihre Instrumente ordnungsgem\u00e4\u00df gewartet werden k\u00f6nnen, m\u00fcssen die Ger\u00e4te an LaserPoint zur\u00fcckgeschickt werden, wo sie einer allgemeinen \u00dcberpr\u00fcfung und einem vollst\u00e4ndigen Rekalibrierungsverfahren unterzogen werden.   <\/p>\n<h2>Kalibrierf\u00e4higkeiten in LaserPoint<\/h2>\n<p>LaserPoint besitzt eine Reihe von Laserquellen, die f\u00fcr hausinterne Kalibrierungen verwendet werden; diese Quellen decken Leistungen bis zu 300 W ab und umfassen gepulste Laser. LaserPoint st\u00fctzt sich auch auf Vertr\u00e4ge f\u00fcr die Verwendung von Multi-Kilowatt-Lasern mit lokalen wissenschaftlichen Instituten f\u00fcr Tests und Standardkalibrierungen f\u00fcr seine Hochleistungsk\u00f6pfe. Eine Reihe von Detektork\u00f6pfen, die am NIST und in der PTB bei verschiedenen Wellenl\u00e4ngen kalibriert werden, werden intern als Goldstandards f\u00fcr Kalibrierverfahren verwendet. Um die Linearit\u00e4t der Sensoren auf ihren vollen Skalenbereich zur\u00fcckzuf\u00fchren, wurden einige dieser Goldstandards \u00fcber ihren gesamten Arbeitsbereich kalibriert, bis zu <x id=\"gid_0\"><\/x>&gt; 1 KW f\u00fcr CO<g id=\"gid_1\">2<\/g> und 300 W f\u00fcr Yag. Alle von der PTB und NIST durchgef\u00fchrten Messungen zeigen eine hervorragende Linearit\u00e4t der LaserPoint-Sensoren.    <\/p>\n<h2>Re-Kalibrierungsverfahren<\/h2>\n<ul>\n<li>Leiten Sie eine Bestellung zur Rekalibrierung an LaserPoint\/ den Distributor weiter: eine RMA-Nummer ist nicht erforderlich.<\/li>\n<li>Versenden Sie die Produkte und achten Sie darauf, dass die Versanddokumente Ihre Bestellnummer enthalten.<\/li>\n<\/ul>\n<p>Es ist obligatorisch, dass der Bestellschein f\u00fcr jeden gesendeten Artikel die folgenden Informationen enth\u00e4lt: Wellenl\u00e4nge(n) der Rekalibrierung, ob die Rekalibrierung f\u00fcr Power oder Power+ Energy durchgef\u00fchrt werden muss; Produktmodelle; Seriennummern der Produkte. POs mit unvollst\u00e4ndigen Informationen k\u00f6nnen nicht korrekt verarbeitet werden und die Durchlaufzeiten verz\u00f6gern sich. Die Versandkosten an und zur\u00fcck LaserPoint, hat der Kunde zu tragen.<\/p>\n<h2>Schneller Rekalibrierungsdienst:<\/h2>\n<p>Durch dieses Verfahren werden die typischen Durchlaufzeiten f\u00fcr Kalibrierungen auf 5 Arbeitstage reduziert.<\/p>\n<ul>\n<li style=\"list-style-type: none;\">\n<ul>\n<li type=\"a\">Zur Buchung eines Zeitfensters f\u00fcr eine schnellere Rekalibrierung wenden Sie sich an: sales@laserpoint.it und fragen Sie nach dem ersten verf\u00fcgbaren Zeitfenster, das f\u00fcr die Kalibrierung von Instrumenten reserviert werden kann;<\/li>\n<li type=\"a\">F\u00fcgen Sie der Anfrage folgende Informationen bei: Rekalibrierungswellenl\u00e4nge(n), ob die Rekalibrierung f\u00fcr Power oder Power+ Energy durchgef\u00fchrt werden muss; Produktmodelle; Seriennummern der Produkte<\/li>\n<li type=\"a\">LaserPoint teilt das erste verf\u00fcgbare Zeitfenster mit, und die Kunden werden gebeten, daf\u00fcr Sorge zu tragen, dass die Waren rechtzeitig zum vereinbarten Termin eintreffen.<\/li>\n<li type=\"a\">Artikel, die nicht dem schnellen Rekalibrierungsverfahren entsprechen, werden in einer First-in-first-out-Kalibrierungssequenz behandelt.<\/li>\n<\/ul>\n<\/li>\n<\/ul>\n<p>[\/vc_column_text][\/vc_column][\/vc_row]<\/p>\n<\/section>","protected":false},"excerpt":{"rendered":"<p>[vc_row][vc_column][vc_column_text] Zertifizierte Kalibrierungen LaserPoint Sensoren sind mit einem Kalibrierzertifikat mit R\u00fcckf\u00fchrbarkeit auf die Laboratorien des National Institute of Standards and Technology (NIST) in Boulder, Colorado (USA) oder der Physikalisch-Technischen Bundesanstalt (PTB) in Berlin (Deutschland) versehen. Periodische Rekalibrierungen Die tats\u00e4chliche Notwendigkeit einer Rekalibrierung h\u00e4ngt von der Art und Weise ab, wie das Ger\u00e4t verwendet wurde, von&hellip;<\/p>\n","protected":false},"author":1,"featured_media":0,"parent":12815,"menu_order":0,"comment_status":"closed","ping_status":"closed","template":"","meta":{"footnotes":""},"acf":[],"yoast_head":"<!-- This site is optimized with the Yoast SEO plugin v21.3 - https:\/\/yoast.com\/wordpress\/plugins\/seo\/ -->\n<title>Kalibrierungen - Laserpoint<\/title>\n<meta name=\"robots\" content=\"noindex, follow, max-snippet:-1, max-image-preview:large, max-video-preview:-1\" \/>\n<meta property=\"og:locale\" content=\"de_DE\" \/>\n<meta property=\"og:type\" content=\"article\" \/>\n<meta property=\"og:title\" content=\"Kalibrierungen - Laserpoint\" \/>\n<meta property=\"og:description\" content=\"[vc_row][vc_column][vc_column_text] Zertifizierte Kalibrierungen LaserPoint Sensoren sind mit einem Kalibrierzertifikat mit R\u00fcckf\u00fchrbarkeit auf die Laboratorien des National Institute of Standards and Technology (NIST) in Boulder, Colorado (USA) oder der Physikalisch-Technischen Bundesanstalt (PTB) in Berlin (Deutschland) versehen. Periodische Rekalibrierungen Die tats\u00e4chliche Notwendigkeit einer Rekalibrierung h\u00e4ngt von der Art und Weise ab, wie das Ger\u00e4t verwendet wurde, von&hellip;\" \/>\n<meta property=\"og:url\" content=\"https:\/\/new.laserpoint.eu\/de\/support\/kalibrierungen\/\" \/>\n<meta property=\"og:site_name\" content=\"Laserpoint\" \/>\n<meta property=\"article:modified_time\" content=\"2020-09-01T13:02:11+00:00\" \/>\n<meta name=\"twitter:card\" content=\"summary_large_image\" \/>\n<meta name=\"twitter:label1\" content=\"Gesch\u00e4tzte Lesezeit\" \/>\n\t<meta name=\"twitter:data1\" content=\"2 Minuten\" \/>\n<script type=\"application\/ld+json\" class=\"yoast-schema-graph\">{\"@context\":\"https:\/\/schema.org\",\"@graph\":[{\"@type\":\"WebPage\",\"@id\":\"https:\/\/new.laserpoint.eu\/de\/support\/kalibrierungen\/\",\"url\":\"https:\/\/new.laserpoint.eu\/de\/support\/kalibrierungen\/\",\"name\":\"Kalibrierungen - Laserpoint\",\"isPartOf\":{\"@id\":\"https:\/\/new.laserpoint.eu\/de\/#website\"},\"datePublished\":\"2020-09-01T12:57:23+00:00\",\"dateModified\":\"2020-09-01T13:02:11+00:00\",\"breadcrumb\":{\"@id\":\"https:\/\/new.laserpoint.eu\/de\/support\/kalibrierungen\/#breadcrumb\"},\"inLanguage\":\"de-DE\",\"potentialAction\":[{\"@type\":\"ReadAction\",\"target\":[\"https:\/\/new.laserpoint.eu\/de\/support\/kalibrierungen\/\"]}]},{\"@type\":\"BreadcrumbList\",\"@id\":\"https:\/\/new.laserpoint.eu\/de\/support\/kalibrierungen\/#breadcrumb\",\"itemListElement\":[{\"@type\":\"ListItem\",\"position\":1,\"name\":\"Home\",\"item\":\"https:\/\/new.laserpoint.eu\/de\/\"},{\"@type\":\"ListItem\",\"position\":2,\"name\":\"Support\",\"item\":\"https:\/\/new.laserpoint.eu\/de\/support\/\"},{\"@type\":\"ListItem\",\"position\":3,\"name\":\"Kalibrierungen\"}]},{\"@type\":\"WebSite\",\"@id\":\"https:\/\/new.laserpoint.eu\/de\/#website\",\"url\":\"https:\/\/new.laserpoint.eu\/de\/\",\"name\":\"Laserpoint\",\"description\":\"Development and manufacturing of laser measurement instruments\",\"publisher\":{\"@id\":\"https:\/\/new.laserpoint.eu\/de\/#organization\"},\"potentialAction\":[{\"@type\":\"SearchAction\",\"target\":{\"@type\":\"EntryPoint\",\"urlTemplate\":\"https:\/\/new.laserpoint.eu\/de\/?s={search_term_string}\"},\"query-input\":\"required name=search_term_string\"}],\"inLanguage\":\"de-DE\"},{\"@type\":\"Organization\",\"@id\":\"https:\/\/new.laserpoint.eu\/de\/#organization\",\"name\":\"Laserpoint\",\"url\":\"https:\/\/new.laserpoint.eu\/de\/\",\"logo\":{\"@type\":\"ImageObject\",\"inLanguage\":\"de-DE\",\"@id\":\"https:\/\/new.laserpoint.eu\/de\/#\/schema\/logo\/image\/\",\"url\":\"https:\/\/www.laserpoint.eu\/wp-content\/uploads\/laserpoint-logo.png\",\"contentUrl\":\"https:\/\/www.laserpoint.eu\/wp-content\/uploads\/laserpoint-logo.png\",\"width\":520,\"height\":84,\"caption\":\"Laserpoint\"},\"image\":{\"@id\":\"https:\/\/new.laserpoint.eu\/de\/#\/schema\/logo\/image\/\"}}]}<\/script>\n<!-- \/ Yoast SEO plugin. -->","yoast_head_json":{"title":"Kalibrierungen - Laserpoint","robots":{"index":"noindex","follow":"follow","max-snippet":"max-snippet:-1","max-image-preview":"max-image-preview:large","max-video-preview":"max-video-preview:-1"},"og_locale":"de_DE","og_type":"article","og_title":"Kalibrierungen - Laserpoint","og_description":"[vc_row][vc_column][vc_column_text] Zertifizierte Kalibrierungen LaserPoint Sensoren sind mit einem Kalibrierzertifikat mit R\u00fcckf\u00fchrbarkeit auf die Laboratorien des National Institute of Standards and Technology (NIST) in Boulder, Colorado (USA) oder der Physikalisch-Technischen Bundesanstalt (PTB) in Berlin (Deutschland) versehen. Periodische Rekalibrierungen Die tats\u00e4chliche Notwendigkeit einer Rekalibrierung h\u00e4ngt von der Art und Weise ab, wie das Ger\u00e4t verwendet wurde, von&hellip;","og_url":"https:\/\/new.laserpoint.eu\/de\/support\/kalibrierungen\/","og_site_name":"Laserpoint","article_modified_time":"2020-09-01T13:02:11+00:00","twitter_card":"summary_large_image","twitter_misc":{"Gesch\u00e4tzte Lesezeit":"2 Minuten"},"schema":{"@context":"https:\/\/schema.org","@graph":[{"@type":"WebPage","@id":"https:\/\/new.laserpoint.eu\/de\/support\/kalibrierungen\/","url":"https:\/\/new.laserpoint.eu\/de\/support\/kalibrierungen\/","name":"Kalibrierungen - Laserpoint","isPartOf":{"@id":"https:\/\/new.laserpoint.eu\/de\/#website"},"datePublished":"2020-09-01T12:57:23+00:00","dateModified":"2020-09-01T13:02:11+00:00","breadcrumb":{"@id":"https:\/\/new.laserpoint.eu\/de\/support\/kalibrierungen\/#breadcrumb"},"inLanguage":"de-DE","potentialAction":[{"@type":"ReadAction","target":["https:\/\/new.laserpoint.eu\/de\/support\/kalibrierungen\/"]}]},{"@type":"BreadcrumbList","@id":"https:\/\/new.laserpoint.eu\/de\/support\/kalibrierungen\/#breadcrumb","itemListElement":[{"@type":"ListItem","position":1,"name":"Home","item":"https:\/\/new.laserpoint.eu\/de\/"},{"@type":"ListItem","position":2,"name":"Support","item":"https:\/\/new.laserpoint.eu\/de\/support\/"},{"@type":"ListItem","position":3,"name":"Kalibrierungen"}]},{"@type":"WebSite","@id":"https:\/\/new.laserpoint.eu\/de\/#website","url":"https:\/\/new.laserpoint.eu\/de\/","name":"Laserpoint","description":"Development and manufacturing of laser measurement instruments","publisher":{"@id":"https:\/\/new.laserpoint.eu\/de\/#organization"},"potentialAction":[{"@type":"SearchAction","target":{"@type":"EntryPoint","urlTemplate":"https:\/\/new.laserpoint.eu\/de\/?s={search_term_string}"},"query-input":"required name=search_term_string"}],"inLanguage":"de-DE"},{"@type":"Organization","@id":"https:\/\/new.laserpoint.eu\/de\/#organization","name":"Laserpoint","url":"https:\/\/new.laserpoint.eu\/de\/","logo":{"@type":"ImageObject","inLanguage":"de-DE","@id":"https:\/\/new.laserpoint.eu\/de\/#\/schema\/logo\/image\/","url":"https:\/\/www.laserpoint.eu\/wp-content\/uploads\/laserpoint-logo.png","contentUrl":"https:\/\/www.laserpoint.eu\/wp-content\/uploads\/laserpoint-logo.png","width":520,"height":84,"caption":"Laserpoint"},"image":{"@id":"https:\/\/new.laserpoint.eu\/de\/#\/schema\/logo\/image\/"}}]}},"_links":{"self":[{"href":"https:\/\/new.laserpoint.eu\/de\/wp-json\/wp\/v2\/pages\/12430"}],"collection":[{"href":"https:\/\/new.laserpoint.eu\/de\/wp-json\/wp\/v2\/pages"}],"about":[{"href":"https:\/\/new.laserpoint.eu\/de\/wp-json\/wp\/v2\/types\/page"}],"author":[{"embeddable":true,"href":"https:\/\/new.laserpoint.eu\/de\/wp-json\/wp\/v2\/users\/1"}],"replies":[{"embeddable":true,"href":"https:\/\/new.laserpoint.eu\/de\/wp-json\/wp\/v2\/comments?post=12430"}],"version-history":[{"count":5,"href":"https:\/\/new.laserpoint.eu\/de\/wp-json\/wp\/v2\/pages\/12430\/revisions"}],"predecessor-version":[{"id":12438,"href":"https:\/\/new.laserpoint.eu\/de\/wp-json\/wp\/v2\/pages\/12430\/revisions\/12438"}],"up":[{"embeddable":true,"href":"https:\/\/new.laserpoint.eu\/de\/wp-json\/wp\/v2\/pages\/12815"}],"wp:attachment":[{"href":"https:\/\/new.laserpoint.eu\/de\/wp-json\/wp\/v2\/media?parent=12430"}],"curies":[{"name":"wp","href":"https:\/\/api.w.org\/{rel}","templated":true}]}}