{"id":12427,"date":"2020-09-01T14:51:38","date_gmt":"2020-09-01T12:51:38","guid":{"rendered":"https:\/\/www.laserpoint.eu\/kalorimeter\/"},"modified":"2020-09-01T14:51:38","modified_gmt":"2020-09-01T12:51:38","slug":"kalorimeter","status":"publish","type":"page","link":"https:\/\/new.laserpoint.eu\/de\/technologien\/kalorimeter\/","title":{"rendered":"Kalorimeter"},"content":{"rendered":"<section class=\"wpb-content-wrapper\"><p>[vc_row][vc_column width=&#8220;2\/3&#8243;][vc_column_text]<strong>Kalorimeter<\/strong><\/p>\n<p>LaserPoint stellt dieses neue, auf kalorimetrischer Messung der Laserleistung basierende Instrument vor, das den extrem hohen Leistungsdichten der heutigen Laser sicher gewachsen ist. Bei diesem Instrument f\u00fchrt das Vorhandensein des Super Hard Coating als Strahlungsabsorber zu einer h\u00f6heren absoluten Leistungsmessf\u00e4higkeit bei sehr kompakten Abmessungen, verbunden mit einer hohen Zerst\u00f6rschwelle. <\/p>\n<p>Dieses Kalorimeter erm\u00f6glicht die Messung von Laserleistungen bis zu 12kW: Es ist das Ergebnis der F\u00e4higkeit des Unternehmens, neue Materialien zu erforschen, thermisches Design zu verwalten und innovative Produkte zu entwickeln.<\/p>\n<p>Das neue W-12K-D55-SHC-U Kalorimeter ist im Vergleich zu alternativen Instrumenten derselben Klasse extrem kompakt und leicht und erfordert keine Defokussierungsoptik im Absorptionshohlraum.<\/p>\n<p>Dieser Detektor hat eine Linearit\u00e4t von \u00b1 2% zum Skalenendwert und wird mit einer auf PTB\/NIST-Standards r\u00fcckf\u00fchrbaren Kalibriergenauigkeit von \u00b15% geliefert.<\/p>\n<p>Die Apertur betr\u00e4gt 55 mm, Abmessungen L140xP200xH180 mm, Gewicht 6 kg.[\/vc_column_text][\/vc_column][vc_column width=&#8220;1\/3&#8243;][vc_single_image image=&#8220;2890&#8243; img_size=&#8220;large&#8220;][\/vc_column][\/vc_row]<\/p>\n<\/section>","protected":false},"excerpt":{"rendered":"<p>[vc_row][vc_column width=&#8220;2\/3&#8243;][vc_column_text]Kalorimeter LaserPoint stellt dieses neue, auf kalorimetrischer Messung der Laserleistung basierende Instrument vor, das den extrem hohen Leistungsdichten der heutigen Laser sicher gewachsen ist. Bei diesem Instrument f\u00fchrt das Vorhandensein des Super Hard Coating als Strahlungsabsorber zu einer h\u00f6heren absoluten Leistungsmessf\u00e4higkeit bei sehr kompakten Abmessungen, verbunden mit einer hohen Zerst\u00f6rschwelle. Dieses Kalorimeter erm\u00f6glicht die&hellip;<\/p>\n","protected":false},"author":1,"featured_media":0,"parent":12788,"menu_order":0,"comment_status":"closed","ping_status":"closed","template":"","meta":{"footnotes":""},"acf":[],"yoast_head":"<!-- This site is optimized with the Yoast SEO plugin v21.3 - https:\/\/yoast.com\/wordpress\/plugins\/seo\/ -->\n<title>Kalorimeter - Laserpoint<\/title>\n<meta name=\"robots\" content=\"noindex, follow, max-snippet:-1, max-image-preview:large, max-video-preview:-1\" \/>\n<meta property=\"og:locale\" content=\"de_DE\" \/>\n<meta property=\"og:type\" content=\"article\" \/>\n<meta property=\"og:title\" content=\"Kalorimeter - Laserpoint\" \/>\n<meta property=\"og:description\" content=\"[vc_row][vc_column width=&#8220;2\/3&#8243;][vc_column_text]Kalorimeter LaserPoint stellt dieses neue, auf kalorimetrischer Messung der Laserleistung basierende Instrument vor, das den extrem hohen Leistungsdichten der heutigen Laser sicher gewachsen ist. Bei diesem Instrument f\u00fchrt das Vorhandensein des Super Hard Coating als Strahlungsabsorber zu einer h\u00f6heren absoluten Leistungsmessf\u00e4higkeit bei sehr kompakten Abmessungen, verbunden mit einer hohen Zerst\u00f6rschwelle. Dieses Kalorimeter erm\u00f6glicht die&hellip;\" \/>\n<meta property=\"og:url\" content=\"https:\/\/new.laserpoint.eu\/de\/technologien\/kalorimeter\/\" \/>\n<meta property=\"og:site_name\" content=\"Laserpoint\" \/>\n<meta name=\"twitter:card\" content=\"summary_large_image\" \/>\n<meta name=\"twitter:label1\" content=\"Gesch\u00e4tzte Lesezeit\" \/>\n\t<meta name=\"twitter:data1\" content=\"1 Minute\" \/>\n<script type=\"application\/ld+json\" class=\"yoast-schema-graph\">{\"@context\":\"https:\/\/schema.org\",\"@graph\":[{\"@type\":\"WebPage\",\"@id\":\"https:\/\/new.laserpoint.eu\/de\/technologien\/kalorimeter\/\",\"url\":\"https:\/\/new.laserpoint.eu\/de\/technologien\/kalorimeter\/\",\"name\":\"Kalorimeter - Laserpoint\",\"isPartOf\":{\"@id\":\"https:\/\/new.laserpoint.eu\/de\/#website\"},\"datePublished\":\"2020-09-01T12:51:38+00:00\",\"dateModified\":\"2020-09-01T12:51:38+00:00\",\"breadcrumb\":{\"@id\":\"https:\/\/new.laserpoint.eu\/de\/technologien\/kalorimeter\/#breadcrumb\"},\"inLanguage\":\"de-DE\",\"potentialAction\":[{\"@type\":\"ReadAction\",\"target\":[\"https:\/\/new.laserpoint.eu\/de\/technologien\/kalorimeter\/\"]}]},{\"@type\":\"BreadcrumbList\",\"@id\":\"https:\/\/new.laserpoint.eu\/de\/technologien\/kalorimeter\/#breadcrumb\",\"itemListElement\":[{\"@type\":\"ListItem\",\"position\":1,\"name\":\"Home\",\"item\":\"https:\/\/new.laserpoint.eu\/de\/\"},{\"@type\":\"ListItem\",\"position\":2,\"name\":\"Technologien\",\"item\":\"https:\/\/new.laserpoint.eu\/de\/technologies\/\"},{\"@type\":\"ListItem\",\"position\":3,\"name\":\"Kalorimeter\"}]},{\"@type\":\"WebSite\",\"@id\":\"https:\/\/new.laserpoint.eu\/de\/#website\",\"url\":\"https:\/\/new.laserpoint.eu\/de\/\",\"name\":\"Laserpoint\",\"description\":\"Development and manufacturing of laser measurement instruments\",\"publisher\":{\"@id\":\"https:\/\/new.laserpoint.eu\/de\/#organization\"},\"potentialAction\":[{\"@type\":\"SearchAction\",\"target\":{\"@type\":\"EntryPoint\",\"urlTemplate\":\"https:\/\/new.laserpoint.eu\/de\/?s={search_term_string}\"},\"query-input\":\"required name=search_term_string\"}],\"inLanguage\":\"de-DE\"},{\"@type\":\"Organization\",\"@id\":\"https:\/\/new.laserpoint.eu\/de\/#organization\",\"name\":\"Laserpoint\",\"url\":\"https:\/\/new.laserpoint.eu\/de\/\",\"logo\":{\"@type\":\"ImageObject\",\"inLanguage\":\"de-DE\",\"@id\":\"https:\/\/new.laserpoint.eu\/de\/#\/schema\/logo\/image\/\",\"url\":\"https:\/\/www.laserpoint.eu\/wp-content\/uploads\/laserpoint-logo.png\",\"contentUrl\":\"https:\/\/www.laserpoint.eu\/wp-content\/uploads\/laserpoint-logo.png\",\"width\":520,\"height\":84,\"caption\":\"Laserpoint\"},\"image\":{\"@id\":\"https:\/\/new.laserpoint.eu\/de\/#\/schema\/logo\/image\/\"}}]}<\/script>\n<!-- \/ Yoast SEO plugin. -->","yoast_head_json":{"title":"Kalorimeter - Laserpoint","robots":{"index":"noindex","follow":"follow","max-snippet":"max-snippet:-1","max-image-preview":"max-image-preview:large","max-video-preview":"max-video-preview:-1"},"og_locale":"de_DE","og_type":"article","og_title":"Kalorimeter - Laserpoint","og_description":"[vc_row][vc_column width=&#8220;2\/3&#8243;][vc_column_text]Kalorimeter LaserPoint stellt dieses neue, auf kalorimetrischer Messung der Laserleistung basierende Instrument vor, das den extrem hohen Leistungsdichten der heutigen Laser sicher gewachsen ist. Bei diesem Instrument f\u00fchrt das Vorhandensein des Super Hard Coating als Strahlungsabsorber zu einer h\u00f6heren absoluten Leistungsmessf\u00e4higkeit bei sehr kompakten Abmessungen, verbunden mit einer hohen Zerst\u00f6rschwelle. Dieses Kalorimeter erm\u00f6glicht die&hellip;","og_url":"https:\/\/new.laserpoint.eu\/de\/technologien\/kalorimeter\/","og_site_name":"Laserpoint","twitter_card":"summary_large_image","twitter_misc":{"Gesch\u00e4tzte Lesezeit":"1 Minute"},"schema":{"@context":"https:\/\/schema.org","@graph":[{"@type":"WebPage","@id":"https:\/\/new.laserpoint.eu\/de\/technologien\/kalorimeter\/","url":"https:\/\/new.laserpoint.eu\/de\/technologien\/kalorimeter\/","name":"Kalorimeter - Laserpoint","isPartOf":{"@id":"https:\/\/new.laserpoint.eu\/de\/#website"},"datePublished":"2020-09-01T12:51:38+00:00","dateModified":"2020-09-01T12:51:38+00:00","breadcrumb":{"@id":"https:\/\/new.laserpoint.eu\/de\/technologien\/kalorimeter\/#breadcrumb"},"inLanguage":"de-DE","potentialAction":[{"@type":"ReadAction","target":["https:\/\/new.laserpoint.eu\/de\/technologien\/kalorimeter\/"]}]},{"@type":"BreadcrumbList","@id":"https:\/\/new.laserpoint.eu\/de\/technologien\/kalorimeter\/#breadcrumb","itemListElement":[{"@type":"ListItem","position":1,"name":"Home","item":"https:\/\/new.laserpoint.eu\/de\/"},{"@type":"ListItem","position":2,"name":"Technologien","item":"https:\/\/new.laserpoint.eu\/de\/technologies\/"},{"@type":"ListItem","position":3,"name":"Kalorimeter"}]},{"@type":"WebSite","@id":"https:\/\/new.laserpoint.eu\/de\/#website","url":"https:\/\/new.laserpoint.eu\/de\/","name":"Laserpoint","description":"Development and manufacturing of laser measurement instruments","publisher":{"@id":"https:\/\/new.laserpoint.eu\/de\/#organization"},"potentialAction":[{"@type":"SearchAction","target":{"@type":"EntryPoint","urlTemplate":"https:\/\/new.laserpoint.eu\/de\/?s={search_term_string}"},"query-input":"required name=search_term_string"}],"inLanguage":"de-DE"},{"@type":"Organization","@id":"https:\/\/new.laserpoint.eu\/de\/#organization","name":"Laserpoint","url":"https:\/\/new.laserpoint.eu\/de\/","logo":{"@type":"ImageObject","inLanguage":"de-DE","@id":"https:\/\/new.laserpoint.eu\/de\/#\/schema\/logo\/image\/","url":"https:\/\/www.laserpoint.eu\/wp-content\/uploads\/laserpoint-logo.png","contentUrl":"https:\/\/www.laserpoint.eu\/wp-content\/uploads\/laserpoint-logo.png","width":520,"height":84,"caption":"Laserpoint"},"image":{"@id":"https:\/\/new.laserpoint.eu\/de\/#\/schema\/logo\/image\/"}}]}},"_links":{"self":[{"href":"https:\/\/new.laserpoint.eu\/de\/wp-json\/wp\/v2\/pages\/12427"}],"collection":[{"href":"https:\/\/new.laserpoint.eu\/de\/wp-json\/wp\/v2\/pages"}],"about":[{"href":"https:\/\/new.laserpoint.eu\/de\/wp-json\/wp\/v2\/types\/page"}],"author":[{"embeddable":true,"href":"https:\/\/new.laserpoint.eu\/de\/wp-json\/wp\/v2\/users\/1"}],"replies":[{"embeddable":true,"href":"https:\/\/new.laserpoint.eu\/de\/wp-json\/wp\/v2\/comments?post=12427"}],"version-history":[{"count":2,"href":"https:\/\/new.laserpoint.eu\/de\/wp-json\/wp\/v2\/pages\/12427\/revisions"}],"predecessor-version":[{"id":12429,"href":"https:\/\/new.laserpoint.eu\/de\/wp-json\/wp\/v2\/pages\/12427\/revisions\/12429"}],"up":[{"embeddable":true,"href":"https:\/\/new.laserpoint.eu\/de\/wp-json\/wp\/v2\/pages\/12788"}],"wp:attachment":[{"href":"https:\/\/new.laserpoint.eu\/de\/wp-json\/wp\/v2\/media?parent=12427"}],"curies":[{"name":"wp","href":"https:\/\/api.w.org\/{rel}","templated":true}]}}