{"id":12421,"date":"2020-09-01T14:38:47","date_gmt":"2020-09-01T12:38:47","guid":{"rendered":"https:\/\/www.laserpoint.eu\/thermopiles\/shc-beschichtung\/"},"modified":"2020-09-01T14:38:47","modified_gmt":"2020-09-01T12:38:47","slug":"shc-beschichtung","status":"publish","type":"page","link":"https:\/\/new.laserpoint.eu\/de\/technologien\/thermopiles\/shc-beschichtung\/","title":{"rendered":"SHC-Beschichtung"},"content":{"rendered":"<section class=\"wpb-content-wrapper\"><p>[vc_row][vc_column][vc_column_text]<\/p>\n<h2>Die st\u00e4rksten Laserabsorbers: das Super Hard Coating (SHC)<\/h2>\n<p>Die SHC-Beschichtung von LaserPoint ist eine echte Hochleistungsbeschichtung. Die Leistungen der SHC-Beschichtung sind atemberaubend und machen sie definitiv zur besten auf dem Markt erh\u00e4ltlichen Laserbeschichtung. Die Spezifikationskurven und -werte f\u00fcr die SHC-Beschichtung basieren auf Testkampagnen, die mit unseren Kunden unter extremen Bedingungen durchgef\u00fchrt wurden, und zeigen, dass die Eigenschaften der SHC-Beschichtung allen anderen Beschichtungen weit \u00fcbertreffen: Sie h\u00e4lt Leistungsdichten von mehr als 12KW\/cm<g id=\"gid_0\">2<\/g> im CW-Betrieb aus, bzw. bei einer effektiven Leistung von 1KW Yag-Laser oder 40J\/cm<g id=\"gid_1\">2<\/g> bei Laserdioden-Spitzenleistungen von 3,2 KW @1 ms![\/vc_column_text][vc_single_image image=&#8220;610&#8243; img_size=&#8220;large&#8220; alignment=&#8220;center&#8220; css=&#8220;.vc_custom_1591773842238{padding-top: 20px !important;}&#8220;][vc_column_text]Im Vergleich zu anderen Absorbern f\u00fcr hohe Leistungen, die nur in begrenzten Spektralbereichen eingesetzt werden k\u00f6nnen, hat der SHC auch einen erweiterten Arbeitsbereich ( 0,25\u03bc bis 11\u03bc) und ein sehr hohes Absorptionsverh\u00e4ltnis, wodurch er f\u00fcr einen sicheren Einsatz in fast allen Laseranwendungen geeignet ist. Die Grafik zeigt einen Vergleich der Schadensschwellenwerte des SHC-Absorbers von LaserPoint mit verschiedenen Typen kommerzieller Hochleistungs-Laserabsorber. Die obere Graphik zeigt das SHC-Verhalten unter verschiedenen Laserpulsbedingungen bis hin zu CW. Das untere Diagramm zeigt die Ergebnisse, die erzielt wurden, wenn ein 6KW-Kopf von LaserPoint, der mit SHC beschichtet ist, unter Multi-Kilowatt-Strahlen mit \u00e4hnlichen K\u00f6pfen unserer Wettbewerber, die ihre beste Beschichtung tragen, verglichen wurde.[\/vc_column_text][vc_single_image image=&#8220;595&#8243; img_size=&#8220;large&#8220; alignment=&#8220;center&#8220; css=&#8220;.vc_custom_1591773845254{padding-top: 20px !important;}&#8220;][\/vc_column][\/vc_row]<\/p>\n<\/section>","protected":false},"excerpt":{"rendered":"<p>[vc_row][vc_column][vc_column_text] Die st\u00e4rksten Laserabsorbers: das Super Hard Coating (SHC) Die SHC-Beschichtung von LaserPoint ist eine echte Hochleistungsbeschichtung. Die Leistungen der SHC-Beschichtung sind atemberaubend und machen sie definitiv zur besten auf dem Markt erh\u00e4ltlichen Laserbeschichtung. Die Spezifikationskurven und -werte f\u00fcr die SHC-Beschichtung basieren auf Testkampagnen, die mit unseren Kunden unter extremen Bedingungen durchgef\u00fchrt wurden, und zeigen,&hellip;<\/p>\n","protected":false},"author":1,"featured_media":0,"parent":12409,"menu_order":0,"comment_status":"closed","ping_status":"closed","template":"","meta":{"footnotes":""},"acf":[],"yoast_head":"<!-- This site is optimized with the Yoast SEO plugin v21.3 - https:\/\/yoast.com\/wordpress\/plugins\/seo\/ -->\n<title>SHC-Beschichtung - Laserpoint<\/title>\n<meta name=\"robots\" content=\"noindex, follow, max-snippet:-1, max-image-preview:large, max-video-preview:-1\" \/>\n<meta property=\"og:locale\" content=\"de_DE\" \/>\n<meta property=\"og:type\" content=\"article\" \/>\n<meta property=\"og:title\" content=\"SHC-Beschichtung - Laserpoint\" \/>\n<meta property=\"og:description\" content=\"[vc_row][vc_column][vc_column_text] Die st\u00e4rksten Laserabsorbers: das Super Hard Coating (SHC) Die SHC-Beschichtung von LaserPoint ist eine echte Hochleistungsbeschichtung. Die Leistungen der SHC-Beschichtung sind atemberaubend und machen sie definitiv zur besten auf dem Markt erh\u00e4ltlichen Laserbeschichtung. Die Spezifikationskurven und -werte f\u00fcr die SHC-Beschichtung basieren auf Testkampagnen, die mit unseren Kunden unter extremen Bedingungen durchgef\u00fchrt wurden, und zeigen,&hellip;\" \/>\n<meta property=\"og:url\" content=\"https:\/\/new.laserpoint.eu\/de\/technologien\/thermopiles\/shc-beschichtung\/\" \/>\n<meta property=\"og:site_name\" content=\"Laserpoint\" \/>\n<meta name=\"twitter:card\" content=\"summary_large_image\" \/>\n<meta name=\"twitter:label1\" content=\"Gesch\u00e4tzte Lesezeit\" \/>\n\t<meta name=\"twitter:data1\" content=\"1 Minute\" \/>\n<script type=\"application\/ld+json\" class=\"yoast-schema-graph\">{\"@context\":\"https:\/\/schema.org\",\"@graph\":[{\"@type\":\"WebPage\",\"@id\":\"https:\/\/new.laserpoint.eu\/de\/technologien\/thermopiles\/shc-beschichtung\/\",\"url\":\"https:\/\/new.laserpoint.eu\/de\/technologien\/thermopiles\/shc-beschichtung\/\",\"name\":\"SHC-Beschichtung - Laserpoint\",\"isPartOf\":{\"@id\":\"https:\/\/new.laserpoint.eu\/de\/#website\"},\"datePublished\":\"2020-09-01T12:38:47+00:00\",\"dateModified\":\"2020-09-01T12:38:47+00:00\",\"breadcrumb\":{\"@id\":\"https:\/\/new.laserpoint.eu\/de\/technologien\/thermopiles\/shc-beschichtung\/#breadcrumb\"},\"inLanguage\":\"de-DE\",\"potentialAction\":[{\"@type\":\"ReadAction\",\"target\":[\"https:\/\/new.laserpoint.eu\/de\/technologien\/thermopiles\/shc-beschichtung\/\"]}]},{\"@type\":\"BreadcrumbList\",\"@id\":\"https:\/\/new.laserpoint.eu\/de\/technologien\/thermopiles\/shc-beschichtung\/#breadcrumb\",\"itemListElement\":[{\"@type\":\"ListItem\",\"position\":1,\"name\":\"Home\",\"item\":\"https:\/\/new.laserpoint.eu\/de\/\"},{\"@type\":\"ListItem\",\"position\":2,\"name\":\"Technologien\",\"item\":\"https:\/\/new.laserpoint.eu\/de\/technologies\/\"},{\"@type\":\"ListItem\",\"position\":3,\"name\":\"Thermopiles\",\"item\":\"https:\/\/new.laserpoint.eu\/de\/technologies\/thermopiles\/\"},{\"@type\":\"ListItem\",\"position\":4,\"name\":\"SHC-Beschichtung\"}]},{\"@type\":\"WebSite\",\"@id\":\"https:\/\/new.laserpoint.eu\/de\/#website\",\"url\":\"https:\/\/new.laserpoint.eu\/de\/\",\"name\":\"Laserpoint\",\"description\":\"Development and manufacturing of laser measurement instruments\",\"publisher\":{\"@id\":\"https:\/\/new.laserpoint.eu\/de\/#organization\"},\"potentialAction\":[{\"@type\":\"SearchAction\",\"target\":{\"@type\":\"EntryPoint\",\"urlTemplate\":\"https:\/\/new.laserpoint.eu\/de\/?s={search_term_string}\"},\"query-input\":\"required name=search_term_string\"}],\"inLanguage\":\"de-DE\"},{\"@type\":\"Organization\",\"@id\":\"https:\/\/new.laserpoint.eu\/de\/#organization\",\"name\":\"Laserpoint\",\"url\":\"https:\/\/new.laserpoint.eu\/de\/\",\"logo\":{\"@type\":\"ImageObject\",\"inLanguage\":\"de-DE\",\"@id\":\"https:\/\/new.laserpoint.eu\/de\/#\/schema\/logo\/image\/\",\"url\":\"https:\/\/www.laserpoint.eu\/wp-content\/uploads\/laserpoint-logo.png\",\"contentUrl\":\"https:\/\/www.laserpoint.eu\/wp-content\/uploads\/laserpoint-logo.png\",\"width\":520,\"height\":84,\"caption\":\"Laserpoint\"},\"image\":{\"@id\":\"https:\/\/new.laserpoint.eu\/de\/#\/schema\/logo\/image\/\"}}]}<\/script>\n<!-- \/ Yoast SEO plugin. -->","yoast_head_json":{"title":"SHC-Beschichtung - Laserpoint","robots":{"index":"noindex","follow":"follow","max-snippet":"max-snippet:-1","max-image-preview":"max-image-preview:large","max-video-preview":"max-video-preview:-1"},"og_locale":"de_DE","og_type":"article","og_title":"SHC-Beschichtung - Laserpoint","og_description":"[vc_row][vc_column][vc_column_text] Die st\u00e4rksten Laserabsorbers: das Super Hard Coating (SHC) Die SHC-Beschichtung von LaserPoint ist eine echte Hochleistungsbeschichtung. Die Leistungen der SHC-Beschichtung sind atemberaubend und machen sie definitiv zur besten auf dem Markt erh\u00e4ltlichen Laserbeschichtung. Die Spezifikationskurven und -werte f\u00fcr die SHC-Beschichtung basieren auf Testkampagnen, die mit unseren Kunden unter extremen Bedingungen durchgef\u00fchrt wurden, und zeigen,&hellip;","og_url":"https:\/\/new.laserpoint.eu\/de\/technologien\/thermopiles\/shc-beschichtung\/","og_site_name":"Laserpoint","twitter_card":"summary_large_image","twitter_misc":{"Gesch\u00e4tzte Lesezeit":"1 Minute"},"schema":{"@context":"https:\/\/schema.org","@graph":[{"@type":"WebPage","@id":"https:\/\/new.laserpoint.eu\/de\/technologien\/thermopiles\/shc-beschichtung\/","url":"https:\/\/new.laserpoint.eu\/de\/technologien\/thermopiles\/shc-beschichtung\/","name":"SHC-Beschichtung - Laserpoint","isPartOf":{"@id":"https:\/\/new.laserpoint.eu\/de\/#website"},"datePublished":"2020-09-01T12:38:47+00:00","dateModified":"2020-09-01T12:38:47+00:00","breadcrumb":{"@id":"https:\/\/new.laserpoint.eu\/de\/technologien\/thermopiles\/shc-beschichtung\/#breadcrumb"},"inLanguage":"de-DE","potentialAction":[{"@type":"ReadAction","target":["https:\/\/new.laserpoint.eu\/de\/technologien\/thermopiles\/shc-beschichtung\/"]}]},{"@type":"BreadcrumbList","@id":"https:\/\/new.laserpoint.eu\/de\/technologien\/thermopiles\/shc-beschichtung\/#breadcrumb","itemListElement":[{"@type":"ListItem","position":1,"name":"Home","item":"https:\/\/new.laserpoint.eu\/de\/"},{"@type":"ListItem","position":2,"name":"Technologien","item":"https:\/\/new.laserpoint.eu\/de\/technologies\/"},{"@type":"ListItem","position":3,"name":"Thermopiles","item":"https:\/\/new.laserpoint.eu\/de\/technologies\/thermopiles\/"},{"@type":"ListItem","position":4,"name":"SHC-Beschichtung"}]},{"@type":"WebSite","@id":"https:\/\/new.laserpoint.eu\/de\/#website","url":"https:\/\/new.laserpoint.eu\/de\/","name":"Laserpoint","description":"Development and manufacturing of laser measurement instruments","publisher":{"@id":"https:\/\/new.laserpoint.eu\/de\/#organization"},"potentialAction":[{"@type":"SearchAction","target":{"@type":"EntryPoint","urlTemplate":"https:\/\/new.laserpoint.eu\/de\/?s={search_term_string}"},"query-input":"required name=search_term_string"}],"inLanguage":"de-DE"},{"@type":"Organization","@id":"https:\/\/new.laserpoint.eu\/de\/#organization","name":"Laserpoint","url":"https:\/\/new.laserpoint.eu\/de\/","logo":{"@type":"ImageObject","inLanguage":"de-DE","@id":"https:\/\/new.laserpoint.eu\/de\/#\/schema\/logo\/image\/","url":"https:\/\/www.laserpoint.eu\/wp-content\/uploads\/laserpoint-logo.png","contentUrl":"https:\/\/www.laserpoint.eu\/wp-content\/uploads\/laserpoint-logo.png","width":520,"height":84,"caption":"Laserpoint"},"image":{"@id":"https:\/\/new.laserpoint.eu\/de\/#\/schema\/logo\/image\/"}}]}},"_links":{"self":[{"href":"https:\/\/new.laserpoint.eu\/de\/wp-json\/wp\/v2\/pages\/12421"}],"collection":[{"href":"https:\/\/new.laserpoint.eu\/de\/wp-json\/wp\/v2\/pages"}],"about":[{"href":"https:\/\/new.laserpoint.eu\/de\/wp-json\/wp\/v2\/types\/page"}],"author":[{"embeddable":true,"href":"https:\/\/new.laserpoint.eu\/de\/wp-json\/wp\/v2\/users\/1"}],"replies":[{"embeddable":true,"href":"https:\/\/new.laserpoint.eu\/de\/wp-json\/wp\/v2\/comments?post=12421"}],"version-history":[{"count":2,"href":"https:\/\/new.laserpoint.eu\/de\/wp-json\/wp\/v2\/pages\/12421\/revisions"}],"predecessor-version":[{"id":12423,"href":"https:\/\/new.laserpoint.eu\/de\/wp-json\/wp\/v2\/pages\/12421\/revisions\/12423"}],"up":[{"embeddable":true,"href":"https:\/\/new.laserpoint.eu\/de\/wp-json\/wp\/v2\/pages\/12409"}],"wp:attachment":[{"href":"https:\/\/new.laserpoint.eu\/de\/wp-json\/wp\/v2\/media?parent=12421"}],"curies":[{"name":"wp","href":"https:\/\/api.w.org\/{rel}","templated":true}]}}