{"id":12409,"date":"2020-09-01T14:13:56","date_gmt":"2020-09-01T12:13:56","guid":{"rendered":"https:\/\/www.laserpoint.eu\/thermopiles\/"},"modified":"2020-09-01T14:13:56","modified_gmt":"2020-09-01T12:13:56","slug":"thermopiles","status":"publish","type":"page","link":"https:\/\/new.laserpoint.eu\/de\/technologien\/thermopiles\/","title":{"rendered":"Thermopiles"},"content":{"rendered":"<section class=\"wpb-content-wrapper\"><p>[vc_row][vc_column width=&#8220;2\/3&#8243;][vc_column_text]<strong>Thermopile-Technologie f\u00fcr thermische Sensoren zur Messung von Laserleistung und -energie.<\/strong><\/p>\n<p>Thermische Verfahren zur Leistungs- und Energiemessung sind solche, bei denen Strahlungsenergie absorbiert und in W\u00e4rme umgewandelt wird, was zu einem Temperaturanstieg im Absorber f\u00fchrt. Die absorbierte Energie wird dann durch eine Funktion gemessen, die den Temperaturgradienten zwischen dem hei\u00dfen Bereich (wo der Laser auftrifft) und einem k\u00fchlen Bereich (wo die erzeugte W\u00e4rme abgef\u00fchrt wird) ber\u00fccksichtigt. Diese Messung kann mit Hilfe von Thermoelement-Arrays (Thermos\u00e4ule) durchgef\u00fchrt werden. Die Temperaturdifferenz erzeugt eine Spannung am Ende jedes einzelnen Thermoelements, und wenn das Array ordnungsgem\u00e4\u00df \u00fcber die Oberfl\u00e4che des Sensors verteilt ist, ist die resultierende Gesamtspannung proportional zur einfallenden Leistung oder Energie.   <\/p>\n<p>Ein gro\u00dfer Vorteil dieses Ansatzes besteht darin, dass es keinen Einfluss von Umgebungstemperaturschwankungen auf die Messung gibt, da die erzeugte Spannung nur von der Temperaturdifferenz zwischen dem hei\u00dfen und dem kalten Bereich abh\u00e4ngt.<\/p>\n<p>Um die erzeugte W\u00e4rme abzuf\u00fchren, muss ein thermischer Sensor in einem Geh\u00e4use platziert werden, der je nach der abzuf\u00fchrenden W\u00e4rmemenge durch einfache Konvektion, mit elektrischen Niederspannungsl\u00fcftern oder wassergek\u00fchlt abgef\u00fchrt werden kann.<\/p>\n<p>Die endg\u00fcltige Form und die Abmessungen der K\u00f6pfe m\u00fcssen sorgf\u00e4ltig entworfen werden, um die Temperatur des Sensors innerhalb seiner Betriebsgrenzen zu halten.<\/p>\n<p>Thermische Detektoren haben auch ein hohes Ma\u00df an inh\u00e4rent linearem Ansprechverhalten bei der Erh\u00f6hung der Leistungspegel (Linearit\u00e4t). Eine Kompensation der geringf\u00fcgigen Linearit\u00e4tsabf\u00e4lle, die an den Arbeitsextremen auftreten, wird im Allgemeinen durch die Verwendung von Thermistoren erreicht.<\/p>\n<p>Die Linearit\u00e4t der LaserPoint-Detektoren ist, dank ihres optimierten thermischen Designs, ausgezeichnet: Das Bild zeigt die Linearit\u00e4t eines nicht kompensierten, luftgek\u00fchlten 600-W-Kopfes (Mod A-600-D60-HPB), der bis zu 850 W arbeitet, im Vergleich zu einer NIST-Referenz. Er zeigt nur einen Abfall von 3% bei den Extremwerten, weit \u00fcber den Spezifikationen. <\/p>\n<p>Ein weiterer starker Punkt, der f\u00fcr thermische Detektoren spricht, ist ihre nahezu vollst\u00e4ndige Unabh\u00e4ngigkeit von der Gr\u00f6\u00dfe und Position des Laserstrahls. Da die erzeugte W\u00e4rme vollst\u00e4ndig durch die Thermoelemente flie\u00dft, unabh\u00e4ngig davon, ob sie kreisf\u00f6rmig (radiale Thermos\u00e4ulen) oder linear angeordnet sind, wobei die hei\u00dfen und kalten Bereiche einander gegen\u00fcberliegen (axiale Thermos\u00e4ulen), ergibt sich das Gesamtsignal (Laserleistung) aus der Summe der Beitr\u00e4ge aller Thermoelemente. <\/p>\n<p>Die Ansprechzeit wird durch die thermischen Widerst\u00e4nde, durch die thermischen Kapazit\u00e4ten und vor allem durch die geometrischen Gr\u00f6\u00dfen der Sensorscheiben bestimmt. Die intrinsischen Ansprechzeiten der Detektoren werden durch geeignete Beschleunigungsalgorithmen mit LaserPoint Messger\u00e4ten deutlich reduziert.[\/vc_column_text][vc_empty_space][\/vc_column][vc_column width=&#8220;1\/3&#8243;][vc_single_image image=&#8220;2868&#8243; img_size=&#8220;medium&#8220;][vc_empty_space][vc_empty_space][vc_empty_space][vc_single_image image=&#8220;780&#8243; img_size=&#8220;medium&#8220;][\/vc_column][\/vc_row][vc_row][vc_column width=&#8220;2\/3&#8243;][vc_column_text]<strong>Ein einzigartiges thermisches Design<\/strong><\/p>\n<p>Ein thermischer Sensor besteht im Wesentlichen aus einer Sensorscheibe und einem Geh\u00e4use mit seinem K\u00fchlk\u00f6rper oder K\u00fchlvorrichtungen. Jede dieser Baugruppen ist im Hinblick auf die endg\u00fcltige Leistung des Systems von entscheidender Bedeutung. Parameter wie thermische Stabilit\u00e4t, Linearit\u00e4t, r\u00e4umliche Homogenit\u00e4t, W\u00e4rmeableitung werden von den Ingenieuren von LaserPoint berechnet, und es werden umfangreiche thermische Designmodelle verwendet, um das Verhalten der Sensoren vorherzusagen und ihre h\u00f6chste Zuverl\u00e4ssigkeit zu erreichen.  <\/p>\n<p>&nbsp;<\/p>\n<p><strong>Strahlungsabsorber<\/strong><\/p>\n<p>Strahlungsabsorber sind ein weiteres wichtiges Kapitel in der Konstruktion thermischer Sensoren auf der Basis von Thermos\u00e4ulen. Insbesondere m\u00fcssen sie hohen Schadensschwellen in Abh\u00e4ngigkeit von der verwendeten Wellenl\u00e4nge standhalten. LaserPoint verwendet verschiedene Arten von Strahlungsabsorbern, die unter strengsten Spezifikationen aufgebracht werden, um extremen thermischen und mechanischen Belastungen zu widerstehen.  <\/p>\n<p>Abh\u00e4ngig vom Leistungs- und Energiebereich des Lasers und von seiner Leistungsdichte werden verschiedene Arten von Strahlungsabsorbern verwendet: Volumenabsorber, Oberfl\u00e4chenabsorber, Super Hard Coating-Absorber.[\/vc_column_text][\/vc_column][vc_column width=&#8220;1\/3&#8243;][vc_single_image image=&#8220;779&#8243; img_size=&#8220;medium&#8220;][vc_single_image image=&#8220;782&#8243; img_size=&#8220;medium&#8220;][\/vc_column][\/vc_row]<\/p>\n<\/section>","protected":false},"excerpt":{"rendered":"<p>[vc_row][vc_column width=&#8220;2\/3&#8243;][vc_column_text]Thermopile-Technologie f\u00fcr thermische Sensoren zur Messung von Laserleistung und -energie. Thermische Verfahren zur Leistungs- und Energiemessung sind solche, bei denen Strahlungsenergie absorbiert und in W\u00e4rme umgewandelt wird, was zu einem Temperaturanstieg im Absorber f\u00fchrt. Die absorbierte Energie wird dann durch eine Funktion gemessen, die den Temperaturgradienten zwischen dem hei\u00dfen Bereich (wo der Laser auftrifft)&hellip;<\/p>\n","protected":false},"author":1,"featured_media":0,"parent":12788,"menu_order":0,"comment_status":"closed","ping_status":"closed","template":"","meta":{"footnotes":""},"acf":[],"yoast_head":"<!-- This site is optimized with the Yoast SEO plugin v21.3 - https:\/\/yoast.com\/wordpress\/plugins\/seo\/ -->\n<title>Thermopiles - Laserpoint<\/title>\n<meta name=\"robots\" content=\"noindex, follow, max-snippet:-1, max-image-preview:large, max-video-preview:-1\" \/>\n<meta property=\"og:locale\" content=\"de_DE\" \/>\n<meta property=\"og:type\" content=\"article\" \/>\n<meta property=\"og:title\" content=\"Thermopiles - Laserpoint\" \/>\n<meta property=\"og:description\" content=\"[vc_row][vc_column width=&#8220;2\/3&#8243;][vc_column_text]Thermopile-Technologie f\u00fcr thermische Sensoren zur Messung von Laserleistung und -energie. Thermische Verfahren zur Leistungs- und Energiemessung sind solche, bei denen Strahlungsenergie absorbiert und in W\u00e4rme umgewandelt wird, was zu einem Temperaturanstieg im Absorber f\u00fchrt. Die absorbierte Energie wird dann durch eine Funktion gemessen, die den Temperaturgradienten zwischen dem hei\u00dfen Bereich (wo der Laser auftrifft)&hellip;\" \/>\n<meta property=\"og:url\" content=\"https:\/\/new.laserpoint.eu\/de\/technologien\/thermopiles\/\" \/>\n<meta property=\"og:site_name\" content=\"Laserpoint\" \/>\n<meta name=\"twitter:card\" content=\"summary_large_image\" \/>\n<meta name=\"twitter:label1\" content=\"Gesch\u00e4tzte Lesezeit\" \/>\n\t<meta name=\"twitter:data1\" content=\"3 Minuten\" \/>\n<script type=\"application\/ld+json\" class=\"yoast-schema-graph\">{\"@context\":\"https:\/\/schema.org\",\"@graph\":[{\"@type\":\"WebPage\",\"@id\":\"https:\/\/new.laserpoint.eu\/de\/technologien\/thermopiles\/\",\"url\":\"https:\/\/new.laserpoint.eu\/de\/technologien\/thermopiles\/\",\"name\":\"Thermopiles - Laserpoint\",\"isPartOf\":{\"@id\":\"https:\/\/new.laserpoint.eu\/de\/#website\"},\"datePublished\":\"2020-09-01T12:13:56+00:00\",\"dateModified\":\"2020-09-01T12:13:56+00:00\",\"breadcrumb\":{\"@id\":\"https:\/\/new.laserpoint.eu\/de\/technologien\/thermopiles\/#breadcrumb\"},\"inLanguage\":\"de-DE\",\"potentialAction\":[{\"@type\":\"ReadAction\",\"target\":[\"https:\/\/new.laserpoint.eu\/de\/technologien\/thermopiles\/\"]}]},{\"@type\":\"BreadcrumbList\",\"@id\":\"https:\/\/new.laserpoint.eu\/de\/technologien\/thermopiles\/#breadcrumb\",\"itemListElement\":[{\"@type\":\"ListItem\",\"position\":1,\"name\":\"Home\",\"item\":\"https:\/\/new.laserpoint.eu\/de\/\"},{\"@type\":\"ListItem\",\"position\":2,\"name\":\"Technologien\",\"item\":\"https:\/\/new.laserpoint.eu\/de\/technologies\/\"},{\"@type\":\"ListItem\",\"position\":3,\"name\":\"Thermopiles\"}]},{\"@type\":\"WebSite\",\"@id\":\"https:\/\/new.laserpoint.eu\/de\/#website\",\"url\":\"https:\/\/new.laserpoint.eu\/de\/\",\"name\":\"Laserpoint\",\"description\":\"Development and manufacturing of laser measurement instruments\",\"publisher\":{\"@id\":\"https:\/\/new.laserpoint.eu\/de\/#organization\"},\"potentialAction\":[{\"@type\":\"SearchAction\",\"target\":{\"@type\":\"EntryPoint\",\"urlTemplate\":\"https:\/\/new.laserpoint.eu\/de\/?s={search_term_string}\"},\"query-input\":\"required name=search_term_string\"}],\"inLanguage\":\"de-DE\"},{\"@type\":\"Organization\",\"@id\":\"https:\/\/new.laserpoint.eu\/de\/#organization\",\"name\":\"Laserpoint\",\"url\":\"https:\/\/new.laserpoint.eu\/de\/\",\"logo\":{\"@type\":\"ImageObject\",\"inLanguage\":\"de-DE\",\"@id\":\"https:\/\/new.laserpoint.eu\/de\/#\/schema\/logo\/image\/\",\"url\":\"https:\/\/www.laserpoint.eu\/wp-content\/uploads\/laserpoint-logo.png\",\"contentUrl\":\"https:\/\/www.laserpoint.eu\/wp-content\/uploads\/laserpoint-logo.png\",\"width\":520,\"height\":84,\"caption\":\"Laserpoint\"},\"image\":{\"@id\":\"https:\/\/new.laserpoint.eu\/de\/#\/schema\/logo\/image\/\"}}]}<\/script>\n<!-- \/ Yoast SEO plugin. -->","yoast_head_json":{"title":"Thermopiles - Laserpoint","robots":{"index":"noindex","follow":"follow","max-snippet":"max-snippet:-1","max-image-preview":"max-image-preview:large","max-video-preview":"max-video-preview:-1"},"og_locale":"de_DE","og_type":"article","og_title":"Thermopiles - Laserpoint","og_description":"[vc_row][vc_column width=&#8220;2\/3&#8243;][vc_column_text]Thermopile-Technologie f\u00fcr thermische Sensoren zur Messung von Laserleistung und -energie. Thermische Verfahren zur Leistungs- und Energiemessung sind solche, bei denen Strahlungsenergie absorbiert und in W\u00e4rme umgewandelt wird, was zu einem Temperaturanstieg im Absorber f\u00fchrt. Die absorbierte Energie wird dann durch eine Funktion gemessen, die den Temperaturgradienten zwischen dem hei\u00dfen Bereich (wo der Laser auftrifft)&hellip;","og_url":"https:\/\/new.laserpoint.eu\/de\/technologien\/thermopiles\/","og_site_name":"Laserpoint","twitter_card":"summary_large_image","twitter_misc":{"Gesch\u00e4tzte Lesezeit":"3 Minuten"},"schema":{"@context":"https:\/\/schema.org","@graph":[{"@type":"WebPage","@id":"https:\/\/new.laserpoint.eu\/de\/technologien\/thermopiles\/","url":"https:\/\/new.laserpoint.eu\/de\/technologien\/thermopiles\/","name":"Thermopiles - Laserpoint","isPartOf":{"@id":"https:\/\/new.laserpoint.eu\/de\/#website"},"datePublished":"2020-09-01T12:13:56+00:00","dateModified":"2020-09-01T12:13:56+00:00","breadcrumb":{"@id":"https:\/\/new.laserpoint.eu\/de\/technologien\/thermopiles\/#breadcrumb"},"inLanguage":"de-DE","potentialAction":[{"@type":"ReadAction","target":["https:\/\/new.laserpoint.eu\/de\/technologien\/thermopiles\/"]}]},{"@type":"BreadcrumbList","@id":"https:\/\/new.laserpoint.eu\/de\/technologien\/thermopiles\/#breadcrumb","itemListElement":[{"@type":"ListItem","position":1,"name":"Home","item":"https:\/\/new.laserpoint.eu\/de\/"},{"@type":"ListItem","position":2,"name":"Technologien","item":"https:\/\/new.laserpoint.eu\/de\/technologies\/"},{"@type":"ListItem","position":3,"name":"Thermopiles"}]},{"@type":"WebSite","@id":"https:\/\/new.laserpoint.eu\/de\/#website","url":"https:\/\/new.laserpoint.eu\/de\/","name":"Laserpoint","description":"Development and manufacturing of laser measurement instruments","publisher":{"@id":"https:\/\/new.laserpoint.eu\/de\/#organization"},"potentialAction":[{"@type":"SearchAction","target":{"@type":"EntryPoint","urlTemplate":"https:\/\/new.laserpoint.eu\/de\/?s={search_term_string}"},"query-input":"required name=search_term_string"}],"inLanguage":"de-DE"},{"@type":"Organization","@id":"https:\/\/new.laserpoint.eu\/de\/#organization","name":"Laserpoint","url":"https:\/\/new.laserpoint.eu\/de\/","logo":{"@type":"ImageObject","inLanguage":"de-DE","@id":"https:\/\/new.laserpoint.eu\/de\/#\/schema\/logo\/image\/","url":"https:\/\/www.laserpoint.eu\/wp-content\/uploads\/laserpoint-logo.png","contentUrl":"https:\/\/www.laserpoint.eu\/wp-content\/uploads\/laserpoint-logo.png","width":520,"height":84,"caption":"Laserpoint"},"image":{"@id":"https:\/\/new.laserpoint.eu\/de\/#\/schema\/logo\/image\/"}}]}},"_links":{"self":[{"href":"https:\/\/new.laserpoint.eu\/de\/wp-json\/wp\/v2\/pages\/12409"}],"collection":[{"href":"https:\/\/new.laserpoint.eu\/de\/wp-json\/wp\/v2\/pages"}],"about":[{"href":"https:\/\/new.laserpoint.eu\/de\/wp-json\/wp\/v2\/types\/page"}],"author":[{"embeddable":true,"href":"https:\/\/new.laserpoint.eu\/de\/wp-json\/wp\/v2\/users\/1"}],"replies":[{"embeddable":true,"href":"https:\/\/new.laserpoint.eu\/de\/wp-json\/wp\/v2\/comments?post=12409"}],"version-history":[{"count":2,"href":"https:\/\/new.laserpoint.eu\/de\/wp-json\/wp\/v2\/pages\/12409\/revisions"}],"predecessor-version":[{"id":12411,"href":"https:\/\/new.laserpoint.eu\/de\/wp-json\/wp\/v2\/pages\/12409\/revisions\/12411"}],"up":[{"embeddable":true,"href":"https:\/\/new.laserpoint.eu\/de\/wp-json\/wp\/v2\/pages\/12788"}],"wp:attachment":[{"href":"https:\/\/new.laserpoint.eu\/de\/wp-json\/wp\/v2\/media?parent=12409"}],"curies":[{"name":"wp","href":"https:\/\/api.w.org\/{rel}","templated":true}]}}