{"id":12406,"date":"2020-09-01T14:08:51","date_gmt":"2020-09-01T12:08:51","guid":{"rendered":"https:\/\/www.laserpoint.eu\/fotodioden\/"},"modified":"2020-09-01T14:08:51","modified_gmt":"2020-09-01T12:08:51","slug":"fotodioden","status":"publish","type":"page","link":"https:\/\/new.laserpoint.eu\/de\/technologien\/fotodioden\/","title":{"rendered":"Fotodioden"},"content":{"rendered":"<section class=\"wpb-content-wrapper\"><p>[vc_row type=&#8220;vc_default&#8220;][vc_column width=&#8220;1\/2&#8243;][vc_custom_heading text=&#8220;Fotodioden-Sensoren&#8220; use_theme_fonts=&#8220;yes&#8220;][vc_column_text]Fotodioden-Sensoren wandeln einfallende Laserphotonen in Ladungstr\u00e4ger (Elektronen und L\u00f6cher) um, die anschlie\u00dfend als Spannung oder Strom gemessen werden. Ihr Verhalten mit geringem Rauschen und hoher Empfindlichkeit erm\u00f6glicht es Fotodioden, sehr niedrige Lichtpegel zu erkennen, und macht sie ideal f\u00fcr Messungen niedriger Leistungen von CW-Lasern. Im Vergleich zu thermischen Sensoren haben Fotodioden einen deutlich kleineren Spektralbereich und eine geringere Homogenit\u00e4t, was die Messwiederholbarkeit von sehr kleinen Strahlen oder von Strahlen, die auf der Detektoroberfl\u00e4che nicht stabil sind, beeintr\u00e4chtigen kann. Im Allgemeinen sind Fotodiodensensoren die beste Wahl, wenn sehr kleine Leistungen gemessen werden und wenn eine schnelle Ansprechzeit erforderlich ist. <\/p>\n<p>Fotodiodensensoren haben eine S\u00e4ttigungsgrenze bei etwa 1 mW \/ cm<sup>2<\/sup>. Um mit h\u00f6heren Leistungen zu arbeiten, m\u00fcssen dann D\u00e4mpfungsfilter verwendet werden. Die Serie der Fotodiodensensoren von LaserPoint f\u00fcr die Laserleistungsmessung wurde entwickelt, um einen Leistungsbereich bis 500 mW und einen Wellenl\u00e4ngenbereich vom UV bis zum nahen IR abzudecken. Diese Sensoren werden in einem schlanken Geh\u00e4use angeboten, das eine verbesserte Abschirmung gegen EM-St\u00f6rungen bietet, und k\u00f6nnen mit einem Satz von Faseradaptern geliefert werden, um sie an Standard-Glasfaserkabel anzuschlie\u00dfen.[\/vc_column_text][\/vc_column][vc_column width=&#8220;1\/2&#8243;][vc_single_image image=&#8220;824&#8243; img_size=&#8220;large&#8220; alignment=&#8220;center&#8220; css=&#8220;.vc_custom_1591784193868{padding-top: 20px !important;padding-bottom: 20px !important;}&#8220;][\/vc_column][\/vc_row][vc_row][vc_column][vc_custom_heading text=&#8220;Allgemeine Absorptionskurven f\u00fcr Fotodiodensensoren&#8220; use_theme_fonts=&#8220;yes&#8220;][vc_single_image image=&#8220;601&#8243; img_size=&#8220;large&#8220; alignment=&#8220;center&#8220;][vc_single_image image=&#8220;602&#8243; img_size=&#8220;large&#8220; alignment=&#8220;center&#8220;][vc_single_image image=&#8220;603&#8243; img_size=&#8220;large&#8220; alignment=&#8220;center&#8220;][\/vc_column][\/vc_row]<\/p>\n<\/section>","protected":false},"excerpt":{"rendered":"<p>[vc_row type=&#8220;vc_default&#8220;][vc_column width=&#8220;1\/2&#8243;][vc_custom_heading text=&#8220;Fotodioden-Sensoren&#8220; use_theme_fonts=&#8220;yes&#8220;][vc_column_text]Fotodioden-Sensoren wandeln einfallende Laserphotonen in Ladungstr\u00e4ger (Elektronen und L\u00f6cher) um, die anschlie\u00dfend als Spannung oder Strom gemessen werden. Ihr Verhalten mit geringem Rauschen und hoher Empfindlichkeit erm\u00f6glicht es Fotodioden, sehr niedrige Lichtpegel zu erkennen, und macht sie ideal f\u00fcr Messungen niedriger Leistungen von CW-Lasern. Im Vergleich zu thermischen Sensoren haben Fotodioden&hellip;<\/p>\n","protected":false},"author":1,"featured_media":5956,"parent":12788,"menu_order":0,"comment_status":"closed","ping_status":"closed","template":"","meta":{"footnotes":""},"acf":[],"yoast_head":"<!-- This site is optimized with the Yoast SEO plugin v21.3 - https:\/\/yoast.com\/wordpress\/plugins\/seo\/ -->\n<title>Fotodioden - Laserpoint<\/title>\n<meta name=\"robots\" content=\"noindex, follow, max-snippet:-1, max-image-preview:large, max-video-preview:-1\" \/>\n<meta property=\"og:locale\" content=\"de_DE\" \/>\n<meta property=\"og:type\" content=\"article\" \/>\n<meta property=\"og:title\" content=\"Fotodioden - Laserpoint\" \/>\n<meta property=\"og:description\" content=\"[vc_row type=&#8220;vc_default&#8220;][vc_column width=&#8220;1\/2&#8243;][vc_custom_heading text=&#8220;Fotodioden-Sensoren&#8220; use_theme_fonts=&#8220;yes&#8220;][vc_column_text]Fotodioden-Sensoren wandeln einfallende Laserphotonen in Ladungstr\u00e4ger (Elektronen und L\u00f6cher) um, die anschlie\u00dfend als Spannung oder Strom gemessen werden. Ihr Verhalten mit geringem Rauschen und hoher Empfindlichkeit erm\u00f6glicht es Fotodioden, sehr niedrige Lichtpegel zu erkennen, und macht sie ideal f\u00fcr Messungen niedriger Leistungen von CW-Lasern. Im Vergleich zu thermischen Sensoren haben Fotodioden&hellip;\" \/>\n<meta property=\"og:url\" content=\"https:\/\/new.laserpoint.eu\/de\/technologien\/fotodioden\/\" \/>\n<meta property=\"og:site_name\" content=\"Laserpoint\" \/>\n<meta property=\"og:image\" content=\"https:\/\/new.laserpoint.eu\/wp-content\/uploads\/Product-2.jpg\" \/>\n\t<meta property=\"og:image:width\" content=\"960\" \/>\n\t<meta property=\"og:image:height\" content=\"960\" \/>\n\t<meta property=\"og:image:type\" content=\"image\/jpeg\" \/>\n<meta name=\"twitter:card\" content=\"summary_large_image\" \/>\n<meta name=\"twitter:label1\" content=\"Gesch\u00e4tzte Lesezeit\" \/>\n\t<meta name=\"twitter:data1\" content=\"1 Minute\" \/>\n<script type=\"application\/ld+json\" class=\"yoast-schema-graph\">{\"@context\":\"https:\/\/schema.org\",\"@graph\":[{\"@type\":\"WebPage\",\"@id\":\"https:\/\/new.laserpoint.eu\/de\/technologien\/fotodioden\/\",\"url\":\"https:\/\/new.laserpoint.eu\/de\/technologien\/fotodioden\/\",\"name\":\"Fotodioden - Laserpoint\",\"isPartOf\":{\"@id\":\"https:\/\/new.laserpoint.eu\/de\/#website\"},\"datePublished\":\"2020-09-01T12:08:51+00:00\",\"dateModified\":\"2020-09-01T12:08:51+00:00\",\"breadcrumb\":{\"@id\":\"https:\/\/new.laserpoint.eu\/de\/technologien\/fotodioden\/#breadcrumb\"},\"inLanguage\":\"de-DE\",\"potentialAction\":[{\"@type\":\"ReadAction\",\"target\":[\"https:\/\/new.laserpoint.eu\/de\/technologien\/fotodioden\/\"]}]},{\"@type\":\"BreadcrumbList\",\"@id\":\"https:\/\/new.laserpoint.eu\/de\/technologien\/fotodioden\/#breadcrumb\",\"itemListElement\":[{\"@type\":\"ListItem\",\"position\":1,\"name\":\"Home\",\"item\":\"https:\/\/new.laserpoint.eu\/de\/\"},{\"@type\":\"ListItem\",\"position\":2,\"name\":\"Technologien\",\"item\":\"https:\/\/new.laserpoint.eu\/de\/technologies\/\"},{\"@type\":\"ListItem\",\"position\":3,\"name\":\"Fotodioden\"}]},{\"@type\":\"WebSite\",\"@id\":\"https:\/\/new.laserpoint.eu\/de\/#website\",\"url\":\"https:\/\/new.laserpoint.eu\/de\/\",\"name\":\"Laserpoint\",\"description\":\"Development and manufacturing of laser measurement instruments\",\"publisher\":{\"@id\":\"https:\/\/new.laserpoint.eu\/de\/#organization\"},\"potentialAction\":[{\"@type\":\"SearchAction\",\"target\":{\"@type\":\"EntryPoint\",\"urlTemplate\":\"https:\/\/new.laserpoint.eu\/de\/?s={search_term_string}\"},\"query-input\":\"required name=search_term_string\"}],\"inLanguage\":\"de-DE\"},{\"@type\":\"Organization\",\"@id\":\"https:\/\/new.laserpoint.eu\/de\/#organization\",\"name\":\"Laserpoint\",\"url\":\"https:\/\/new.laserpoint.eu\/de\/\",\"logo\":{\"@type\":\"ImageObject\",\"inLanguage\":\"de-DE\",\"@id\":\"https:\/\/new.laserpoint.eu\/de\/#\/schema\/logo\/image\/\",\"url\":\"https:\/\/www.laserpoint.eu\/wp-content\/uploads\/laserpoint-logo.png\",\"contentUrl\":\"https:\/\/www.laserpoint.eu\/wp-content\/uploads\/laserpoint-logo.png\",\"width\":520,\"height\":84,\"caption\":\"Laserpoint\"},\"image\":{\"@id\":\"https:\/\/new.laserpoint.eu\/de\/#\/schema\/logo\/image\/\"}}]}<\/script>\n<!-- \/ Yoast SEO plugin. -->","yoast_head_json":{"title":"Fotodioden - Laserpoint","robots":{"index":"noindex","follow":"follow","max-snippet":"max-snippet:-1","max-image-preview":"max-image-preview:large","max-video-preview":"max-video-preview:-1"},"og_locale":"de_DE","og_type":"article","og_title":"Fotodioden - Laserpoint","og_description":"[vc_row type=&#8220;vc_default&#8220;][vc_column width=&#8220;1\/2&#8243;][vc_custom_heading text=&#8220;Fotodioden-Sensoren&#8220; use_theme_fonts=&#8220;yes&#8220;][vc_column_text]Fotodioden-Sensoren wandeln einfallende Laserphotonen in Ladungstr\u00e4ger (Elektronen und L\u00f6cher) um, die anschlie\u00dfend als Spannung oder Strom gemessen werden. Ihr Verhalten mit geringem Rauschen und hoher Empfindlichkeit erm\u00f6glicht es Fotodioden, sehr niedrige Lichtpegel zu erkennen, und macht sie ideal f\u00fcr Messungen niedriger Leistungen von CW-Lasern. Im Vergleich zu thermischen Sensoren haben Fotodioden&hellip;","og_url":"https:\/\/new.laserpoint.eu\/de\/technologien\/fotodioden\/","og_site_name":"Laserpoint","og_image":[{"width":960,"height":960,"url":"https:\/\/new.laserpoint.eu\/wp-content\/uploads\/Product-2.jpg","type":"image\/jpeg"}],"twitter_card":"summary_large_image","twitter_misc":{"Gesch\u00e4tzte Lesezeit":"1 Minute"},"schema":{"@context":"https:\/\/schema.org","@graph":[{"@type":"WebPage","@id":"https:\/\/new.laserpoint.eu\/de\/technologien\/fotodioden\/","url":"https:\/\/new.laserpoint.eu\/de\/technologien\/fotodioden\/","name":"Fotodioden - Laserpoint","isPartOf":{"@id":"https:\/\/new.laserpoint.eu\/de\/#website"},"datePublished":"2020-09-01T12:08:51+00:00","dateModified":"2020-09-01T12:08:51+00:00","breadcrumb":{"@id":"https:\/\/new.laserpoint.eu\/de\/technologien\/fotodioden\/#breadcrumb"},"inLanguage":"de-DE","potentialAction":[{"@type":"ReadAction","target":["https:\/\/new.laserpoint.eu\/de\/technologien\/fotodioden\/"]}]},{"@type":"BreadcrumbList","@id":"https:\/\/new.laserpoint.eu\/de\/technologien\/fotodioden\/#breadcrumb","itemListElement":[{"@type":"ListItem","position":1,"name":"Home","item":"https:\/\/new.laserpoint.eu\/de\/"},{"@type":"ListItem","position":2,"name":"Technologien","item":"https:\/\/new.laserpoint.eu\/de\/technologies\/"},{"@type":"ListItem","position":3,"name":"Fotodioden"}]},{"@type":"WebSite","@id":"https:\/\/new.laserpoint.eu\/de\/#website","url":"https:\/\/new.laserpoint.eu\/de\/","name":"Laserpoint","description":"Development and manufacturing of laser measurement instruments","publisher":{"@id":"https:\/\/new.laserpoint.eu\/de\/#organization"},"potentialAction":[{"@type":"SearchAction","target":{"@type":"EntryPoint","urlTemplate":"https:\/\/new.laserpoint.eu\/de\/?s={search_term_string}"},"query-input":"required name=search_term_string"}],"inLanguage":"de-DE"},{"@type":"Organization","@id":"https:\/\/new.laserpoint.eu\/de\/#organization","name":"Laserpoint","url":"https:\/\/new.laserpoint.eu\/de\/","logo":{"@type":"ImageObject","inLanguage":"de-DE","@id":"https:\/\/new.laserpoint.eu\/de\/#\/schema\/logo\/image\/","url":"https:\/\/www.laserpoint.eu\/wp-content\/uploads\/laserpoint-logo.png","contentUrl":"https:\/\/www.laserpoint.eu\/wp-content\/uploads\/laserpoint-logo.png","width":520,"height":84,"caption":"Laserpoint"},"image":{"@id":"https:\/\/new.laserpoint.eu\/de\/#\/schema\/logo\/image\/"}}]}},"_links":{"self":[{"href":"https:\/\/new.laserpoint.eu\/de\/wp-json\/wp\/v2\/pages\/12406"}],"collection":[{"href":"https:\/\/new.laserpoint.eu\/de\/wp-json\/wp\/v2\/pages"}],"about":[{"href":"https:\/\/new.laserpoint.eu\/de\/wp-json\/wp\/v2\/types\/page"}],"author":[{"embeddable":true,"href":"https:\/\/new.laserpoint.eu\/de\/wp-json\/wp\/v2\/users\/1"}],"replies":[{"embeddable":true,"href":"https:\/\/new.laserpoint.eu\/de\/wp-json\/wp\/v2\/comments?post=12406"}],"version-history":[{"count":2,"href":"https:\/\/new.laserpoint.eu\/de\/wp-json\/wp\/v2\/pages\/12406\/revisions"}],"predecessor-version":[{"id":12408,"href":"https:\/\/new.laserpoint.eu\/de\/wp-json\/wp\/v2\/pages\/12406\/revisions\/12408"}],"up":[{"embeddable":true,"href":"https:\/\/new.laserpoint.eu\/de\/wp-json\/wp\/v2\/pages\/12788"}],"wp:featuredmedia":[{"embeddable":true,"href":"https:\/\/new.laserpoint.eu\/de\/wp-json\/wp\/v2\/media\/5956"}],"wp:attachment":[{"href":"https:\/\/new.laserpoint.eu\/de\/wp-json\/wp\/v2\/media?parent=12406"}],"curies":[{"name":"wp","href":"https:\/\/api.w.org\/{rel}","templated":true}]}}