{"id":12403,"date":"2020-09-01T14:06:45","date_gmt":"2020-09-01T12:06:45","guid":{"rendered":"https:\/\/www.laserpoint.eu\/produkte\/so-lesen-sie-den-bestellcode\/"},"modified":"2020-09-01T14:06:45","modified_gmt":"2020-09-01T12:06:45","slug":"so-lesen-sie-den-bestellcode","status":"publish","type":"page","link":"https:\/\/new.laserpoint.eu\/de\/so-lesen-sie-den-bestellcode\/","title":{"rendered":"So lesen Sie den Bestellcode"},"content":{"rendered":"<section class=\"wpb-content-wrapper\"><p>[vc_row][vc_column][vc_column_text]Um die Auswahl der Sensoren zu erleichtern und zu beschleunigen, haben wir Codes zusammengestellt, die sie zusammenfassend beschreiben. Der vollst\u00e4ndige Code, der bei Angebotsanfragen oder Bestellungen verwendet werden kann, ist sofort verf\u00fcgbar und liefert eine genaue, zusammenfassende und zweifelsfreie Beschreibung der K\u00f6pfe und der Art und Weise, wie sie verwendet werden. Dies hilft LaserPoint, Sie besser und schneller zu bedienen. Sensorcodes, wie Sie sie im Katalog finden oder vom LP-Explorer vergeben werden, geben eine Zeichenfolge an, die die Sensorbasis zusammenfasst.[\/vc_column_text][vc_empty_space][vc_column_text]<\/p>\n<h2>THERMISCHE SENSOR-K\u00d6PFE<\/h2>\n<p>[\/vc_column_text][vc_single_image image=&#8220;4015&#8243; img_size=&#8220;large&#8220; alignment=&#8220;center&#8220; css=&#8220;.vc_custom_1591775082113{padding-top: 30px !important;}&#8220;][\/vc_column][\/vc_row][vc_row][vc_column][vc_column_text]<\/p>\n<h2>BLINK SERIES &#8211; HIGH SPEED SENSOR-K\u00d6PFE<\/h2>\n<p>[\/vc_column_text][vc_single_image image=&#8220;4017&#8243; img_size=&#8220;large&#8220;][\/vc_column][\/vc_row]<\/p>\n<\/section>","protected":false},"excerpt":{"rendered":"<p>[vc_row][vc_column][vc_column_text]Um die Auswahl der Sensoren zu erleichtern und zu beschleunigen, haben wir Codes zusammengestellt, die sie zusammenfassend beschreiben. Der vollst\u00e4ndige Code, der bei Angebotsanfragen oder Bestellungen verwendet werden kann, ist sofort verf\u00fcgbar und liefert eine genaue, zusammenfassende und zweifelsfreie Beschreibung der K\u00f6pfe und der Art und Weise, wie sie verwendet werden. Dies hilft LaserPoint, Sie&hellip;<\/p>\n","protected":false},"author":1,"featured_media":0,"parent":0,"menu_order":0,"comment_status":"closed","ping_status":"closed","template":"","meta":{"footnotes":""},"acf":[],"yoast_head":"<!-- This site is optimized with the Yoast SEO plugin v21.3 - https:\/\/yoast.com\/wordpress\/plugins\/seo\/ -->\n<title>So lesen Sie den Bestellcode - Laserpoint<\/title>\n<meta name=\"robots\" content=\"noindex, nofollow\" \/>\n<meta property=\"og:locale\" content=\"de_DE\" \/>\n<meta property=\"og:type\" content=\"article\" \/>\n<meta property=\"og:title\" content=\"So lesen Sie den Bestellcode - Laserpoint\" \/>\n<meta property=\"og:description\" content=\"[vc_row][vc_column][vc_column_text]Um die Auswahl der Sensoren zu erleichtern und zu beschleunigen, haben wir Codes zusammengestellt, die sie zusammenfassend beschreiben. Der vollst\u00e4ndige Code, der bei Angebotsanfragen oder Bestellungen verwendet werden kann, ist sofort verf\u00fcgbar und liefert eine genaue, zusammenfassende und zweifelsfreie Beschreibung der K\u00f6pfe und der Art und Weise, wie sie verwendet werden. Dies hilft LaserPoint, Sie&hellip;\" \/>\n<meta property=\"og:url\" content=\"https:\/\/new.laserpoint.eu\/de\/so-lesen-sie-den-bestellcode\/\" \/>\n<meta property=\"og:site_name\" content=\"Laserpoint\" \/>\n<meta name=\"twitter:card\" content=\"summary_large_image\" \/>\n<meta name=\"twitter:label1\" content=\"Gesch\u00e4tzte Lesezeit\" \/>\n\t<meta name=\"twitter:data1\" content=\"1 Minute\" \/>\n<script type=\"application\/ld+json\" class=\"yoast-schema-graph\">{\"@context\":\"https:\/\/schema.org\",\"@graph\":[{\"@type\":\"WebPage\",\"@id\":\"https:\/\/new.laserpoint.eu\/de\/so-lesen-sie-den-bestellcode\/\",\"url\":\"https:\/\/new.laserpoint.eu\/de\/so-lesen-sie-den-bestellcode\/\",\"name\":\"So lesen Sie den Bestellcode - Laserpoint\",\"isPartOf\":{\"@id\":\"https:\/\/new.laserpoint.eu\/de\/#website\"},\"datePublished\":\"2020-09-01T12:06:45+00:00\",\"dateModified\":\"2020-09-01T12:06:45+00:00\",\"breadcrumb\":{\"@id\":\"https:\/\/new.laserpoint.eu\/de\/so-lesen-sie-den-bestellcode\/#breadcrumb\"},\"inLanguage\":\"de-DE\",\"potentialAction\":[{\"@type\":\"ReadAction\",\"target\":[\"https:\/\/new.laserpoint.eu\/de\/so-lesen-sie-den-bestellcode\/\"]}]},{\"@type\":\"BreadcrumbList\",\"@id\":\"https:\/\/new.laserpoint.eu\/de\/so-lesen-sie-den-bestellcode\/#breadcrumb\",\"itemListElement\":[{\"@type\":\"ListItem\",\"position\":1,\"name\":\"Home\",\"item\":\"https:\/\/new.laserpoint.eu\/de\/\"},{\"@type\":\"ListItem\",\"position\":2,\"name\":\"So lesen Sie den Bestellcode\"}]},{\"@type\":\"WebSite\",\"@id\":\"https:\/\/new.laserpoint.eu\/de\/#website\",\"url\":\"https:\/\/new.laserpoint.eu\/de\/\",\"name\":\"Laserpoint\",\"description\":\"Development and manufacturing of laser measurement instruments\",\"publisher\":{\"@id\":\"https:\/\/new.laserpoint.eu\/de\/#organization\"},\"potentialAction\":[{\"@type\":\"SearchAction\",\"target\":{\"@type\":\"EntryPoint\",\"urlTemplate\":\"https:\/\/new.laserpoint.eu\/de\/?s={search_term_string}\"},\"query-input\":\"required name=search_term_string\"}],\"inLanguage\":\"de-DE\"},{\"@type\":\"Organization\",\"@id\":\"https:\/\/new.laserpoint.eu\/de\/#organization\",\"name\":\"Laserpoint\",\"url\":\"https:\/\/new.laserpoint.eu\/de\/\",\"logo\":{\"@type\":\"ImageObject\",\"inLanguage\":\"de-DE\",\"@id\":\"https:\/\/new.laserpoint.eu\/de\/#\/schema\/logo\/image\/\",\"url\":\"https:\/\/www.laserpoint.eu\/wp-content\/uploads\/laserpoint-logo.png\",\"contentUrl\":\"https:\/\/www.laserpoint.eu\/wp-content\/uploads\/laserpoint-logo.png\",\"width\":520,\"height\":84,\"caption\":\"Laserpoint\"},\"image\":{\"@id\":\"https:\/\/new.laserpoint.eu\/de\/#\/schema\/logo\/image\/\"}}]}<\/script>\n<!-- \/ Yoast SEO plugin. -->","yoast_head_json":{"title":"So lesen Sie den Bestellcode - Laserpoint","robots":{"index":"noindex","follow":"nofollow"},"og_locale":"de_DE","og_type":"article","og_title":"So lesen Sie den Bestellcode - Laserpoint","og_description":"[vc_row][vc_column][vc_column_text]Um die Auswahl der Sensoren zu erleichtern und zu beschleunigen, haben wir Codes zusammengestellt, die sie zusammenfassend beschreiben. Der vollst\u00e4ndige Code, der bei Angebotsanfragen oder Bestellungen verwendet werden kann, ist sofort verf\u00fcgbar und liefert eine genaue, zusammenfassende und zweifelsfreie Beschreibung der K\u00f6pfe und der Art und Weise, wie sie verwendet werden. Dies hilft LaserPoint, Sie&hellip;","og_url":"https:\/\/new.laserpoint.eu\/de\/so-lesen-sie-den-bestellcode\/","og_site_name":"Laserpoint","twitter_card":"summary_large_image","twitter_misc":{"Gesch\u00e4tzte Lesezeit":"1 Minute"},"schema":{"@context":"https:\/\/schema.org","@graph":[{"@type":"WebPage","@id":"https:\/\/new.laserpoint.eu\/de\/so-lesen-sie-den-bestellcode\/","url":"https:\/\/new.laserpoint.eu\/de\/so-lesen-sie-den-bestellcode\/","name":"So lesen Sie den Bestellcode - Laserpoint","isPartOf":{"@id":"https:\/\/new.laserpoint.eu\/de\/#website"},"datePublished":"2020-09-01T12:06:45+00:00","dateModified":"2020-09-01T12:06:45+00:00","breadcrumb":{"@id":"https:\/\/new.laserpoint.eu\/de\/so-lesen-sie-den-bestellcode\/#breadcrumb"},"inLanguage":"de-DE","potentialAction":[{"@type":"ReadAction","target":["https:\/\/new.laserpoint.eu\/de\/so-lesen-sie-den-bestellcode\/"]}]},{"@type":"BreadcrumbList","@id":"https:\/\/new.laserpoint.eu\/de\/so-lesen-sie-den-bestellcode\/#breadcrumb","itemListElement":[{"@type":"ListItem","position":1,"name":"Home","item":"https:\/\/new.laserpoint.eu\/de\/"},{"@type":"ListItem","position":2,"name":"So lesen Sie den Bestellcode"}]},{"@type":"WebSite","@id":"https:\/\/new.laserpoint.eu\/de\/#website","url":"https:\/\/new.laserpoint.eu\/de\/","name":"Laserpoint","description":"Development and manufacturing of laser measurement instruments","publisher":{"@id":"https:\/\/new.laserpoint.eu\/de\/#organization"},"potentialAction":[{"@type":"SearchAction","target":{"@type":"EntryPoint","urlTemplate":"https:\/\/new.laserpoint.eu\/de\/?s={search_term_string}"},"query-input":"required name=search_term_string"}],"inLanguage":"de-DE"},{"@type":"Organization","@id":"https:\/\/new.laserpoint.eu\/de\/#organization","name":"Laserpoint","url":"https:\/\/new.laserpoint.eu\/de\/","logo":{"@type":"ImageObject","inLanguage":"de-DE","@id":"https:\/\/new.laserpoint.eu\/de\/#\/schema\/logo\/image\/","url":"https:\/\/www.laserpoint.eu\/wp-content\/uploads\/laserpoint-logo.png","contentUrl":"https:\/\/www.laserpoint.eu\/wp-content\/uploads\/laserpoint-logo.png","width":520,"height":84,"caption":"Laserpoint"},"image":{"@id":"https:\/\/new.laserpoint.eu\/de\/#\/schema\/logo\/image\/"}}]}},"_links":{"self":[{"href":"https:\/\/new.laserpoint.eu\/de\/wp-json\/wp\/v2\/pages\/12403"}],"collection":[{"href":"https:\/\/new.laserpoint.eu\/de\/wp-json\/wp\/v2\/pages"}],"about":[{"href":"https:\/\/new.laserpoint.eu\/de\/wp-json\/wp\/v2\/types\/page"}],"author":[{"embeddable":true,"href":"https:\/\/new.laserpoint.eu\/de\/wp-json\/wp\/v2\/users\/1"}],"replies":[{"embeddable":true,"href":"https:\/\/new.laserpoint.eu\/de\/wp-json\/wp\/v2\/comments?post=12403"}],"version-history":[{"count":2,"href":"https:\/\/new.laserpoint.eu\/de\/wp-json\/wp\/v2\/pages\/12403\/revisions"}],"predecessor-version":[{"id":12405,"href":"https:\/\/new.laserpoint.eu\/de\/wp-json\/wp\/v2\/pages\/12403\/revisions\/12405"}],"wp:attachment":[{"href":"https:\/\/new.laserpoint.eu\/de\/wp-json\/wp\/v2\/media?parent=12403"}],"curies":[{"name":"wp","href":"https:\/\/api.w.org\/{rel}","templated":true}]}}